{"id":56,"date":"2018-12-07T15:29:09","date_gmt":"2018-12-07T14:29:09","guid":{"rendered":"https:\/\/pb.edu.pl\/niesamowitamaszyna\/?page_id=56"},"modified":"2018-12-20T21:00:34","modified_gmt":"2018-12-20T20:00:34","slug":"aktualnosci","status":"publish","type":"page","link":"https:\/\/pb.edu.pl\/niesamowitamaszyna\/aktualnosci\/","title":{"rendered":"Aktualno\u015bci"},"content":{"rendered":"<p><img decoding=\"async\" src=\"https:\/\/pb.edu.pl\/niesamowitamaszyna\/wp-content\/uploads\/sites\/25\/2018\/12\/maszyna_naglowki_aktualnosci_560.png\" alt=\"Aktualno\u015bci\" class=\"title-img\" \/><br \/>\n\t\t<div class=\"box news-box \">\n\t\t<div class=\"row\">\n\t\t\t\n\t\t\t\n\t\t\t\t\n\t\t\t\t\t\t\t\t\t\t<div class=\"col-sm-3\">\n\t\t\t\t\t\t\t\n<article class=\"format-standard\">\n    <span class=\"date text-right\"><i class=\"fal fa-calendar-alt\"><\/i> 18-03-2026<\/span>\n    <a href=\"https:\/\/pb.edu.pl\/niesamowitamaszyna\/2026\/03\/18\/niesamowita-maszyna-2026-wyniki-konkursu-o-indeks\/\">\n      <div class=\"article-image\">\n        <img loading=\"lazy\" decoding=\"async\" width=\"480\" height=\"300\" src=\"https:\/\/pb.edu.pl\/niesamowitamaszyna\/wp-content\/uploads\/sites\/25\/2026\/03\/2026-03-18-Niesamowita-maszyna-fot-Iryna-Mikhno-PB-2-480x300.jpg\" class=\"attachment-medium-image-16x10 size-medium-image-16x10 wp-post-image\" alt=\"\" srcset=\"https:\/\/pb.edu.pl\/niesamowitamaszyna\/wp-content\/uploads\/sites\/25\/2026\/03\/2026-03-18-Niesamowita-maszyna-fot-Iryna-Mikhno-PB-2-480x300.jpg 480w, https:\/\/pb.edu.pl\/niesamowitamaszyna\/wp-content\/uploads\/sites\/25\/2026\/03\/2026-03-18-Niesamowita-maszyna-fot-Iryna-Mikhno-PB-2-300x188.jpg 300w, https:\/\/pb.edu.pl\/niesamowitamaszyna\/wp-content\/uploads\/sites\/25\/2026\/03\/2026-03-18-Niesamowita-maszyna-fot-Iryna-Mikhno-PB-2-1024x640.jpg 1024w, https:\/\/pb.edu.pl\/niesamowitamaszyna\/wp-content\/uploads\/sites\/25\/2026\/03\/2026-03-18-Niesamowita-maszyna-fot-Iryna-Mikhno-PB-2-768x480.jpg 768w, https:\/\/pb.edu.pl\/niesamowitamaszyna\/wp-content\/uploads\/sites\/25\/2026\/03\/2026-03-18-Niesamowita-maszyna-fot-Iryna-Mikhno-PB-2-1536x960.jpg 1536w, https:\/\/pb.edu.pl\/niesamowitamaszyna\/wp-content\/uploads\/sites\/25\/2026\/03\/2026-03-18-Niesamowita-maszyna-fot-Iryna-Mikhno-PB-2-2048x1280.jpg 2048w\" sizes=\"auto, (max-width: 480px) 100vw, 480px\" \/>      <\/div>\n      <h3>Niesamowita Maszyna 2026. Wyniki konkursu o indeks<\/h3>\n      Zwyci\u0119ska konstrukcja uczni\u00f3w z I Liceum Og\u00f3lnokszta\u0142c\u0105cego w Bia\u0142ymstoku przynios\u0142a jej    <\/a>\n<\/article>\t\t\t\t\t\t<\/div>\n\t\t\t\t\t\t\t\t\t\t\t<div class=\"col-sm-3\">\n\t\t\t\t\t\t\t\n<article class=\"format-standard\">\n    <span class=\"date text-right\"><i class=\"fal fa-calendar-alt\"><\/i> 03-03-2026<\/span>\n    <a href=\"https:\/\/pb.edu.pl\/niesamowitamaszyna\/2026\/03\/03\/viii-niesamowita-maszyna-2026-finalowe-konstrukcje-konkursu-o-indeks-politechniki-bialostockiej\/\">\n      <div class=\"article-image\">\n        <img loading=\"lazy\" decoding=\"async\" width=\"480\" height=\"300\" src=\"https:\/\/pb.edu.pl\/niesamowitamaszyna\/wp-content\/uploads\/sites\/25\/2026\/03\/2026-03-niesamowita-maszyna-finalisci-www-480x300.jpg\" class=\"attachment-medium-image-16x10 size-medium-image-16x10 wp-post-image\" alt=\"\" srcset=\"https:\/\/pb.edu.pl\/niesamowitamaszyna\/wp-content\/uploads\/sites\/25\/2026\/03\/2026-03-niesamowita-maszyna-finalisci-www-480x300.jpg 480w, https:\/\/pb.edu.pl\/niesamowitamaszyna\/wp-content\/uploads\/sites\/25\/2026\/03\/2026-03-niesamowita-maszyna-finalisci-www-300x188.jpg 300w, https:\/\/pb.edu.pl\/niesamowitamaszyna\/wp-content\/uploads\/sites\/25\/2026\/03\/2026-03-niesamowita-maszyna-finalisci-www-1024x640.jpg 1024w, https:\/\/pb.edu.pl\/niesamowitamaszyna\/wp-content\/uploads\/sites\/25\/2026\/03\/2026-03-niesamowita-maszyna-finalisci-www-768x480.jpg 768w, https:\/\/pb.edu.pl\/niesamowitamaszyna\/wp-content\/uploads\/sites\/25\/2026\/03\/2026-03-niesamowita-maszyna-finalisci-www-1536x960.jpg 1536w, https:\/\/pb.edu.pl\/niesamowitamaszyna\/wp-content\/uploads\/sites\/25\/2026\/03\/2026-03-niesamowita-maszyna-finalisci-www-2048x1280.jpg 2048w\" sizes=\"auto, (max-width: 480px) 100vw, 480px\" \/>      <\/div>\n      <h3>Finali\u015bci konkursu Niesamowita Maszyna 2026<\/h3>\n      Jury zakwalifikowa\u0142o 10 konstrukcji    <\/a>\n<\/article>\t\t\t\t\t\t<\/div>\n\t\t\t\t\t\t\t\t\t\t\t<div class=\"col-sm-3\">\n\t\t\t\t\t\t\t\n<article class=\"format-standard\">\n    <span class=\"date text-right\"><i class=\"fal fa-calendar-alt\"><\/i> 23-02-2026<\/span>\n    <a href=\"https:\/\/pb.edu.pl\/niesamowitamaszyna\/2026\/02\/23\/niesamowita-maszyna-2026-rekordowa-liczba-zgloszen\/\">\n      <div class=\"article-image\">\n        <img loading=\"lazy\" decoding=\"async\" width=\"480\" height=\"300\" src=\"https:\/\/pb.edu.pl\/niesamowitamaszyna\/wp-content\/uploads\/sites\/25\/2026\/02\/2026-02-niesamowita-maszyna-rekordowa-liczba-zgloszen-www-480x300.jpg\" class=\"attachment-medium-image-16x10 size-medium-image-16x10 wp-post-image\" alt=\"\" srcset=\"https:\/\/pb.edu.pl\/niesamowitamaszyna\/wp-content\/uploads\/sites\/25\/2026\/02\/2026-02-niesamowita-maszyna-rekordowa-liczba-zgloszen-www-480x300.jpg 480w, https:\/\/pb.edu.pl\/niesamowitamaszyna\/wp-content\/uploads\/sites\/25\/2026\/02\/2026-02-niesamowita-maszyna-rekordowa-liczba-zgloszen-www-300x188.jpg 300w, https:\/\/pb.edu.pl\/niesamowitamaszyna\/wp-content\/uploads\/sites\/25\/2026\/02\/2026-02-niesamowita-maszyna-rekordowa-liczba-zgloszen-www-1024x640.jpg 1024w, https:\/\/pb.edu.pl\/niesamowitamaszyna\/wp-content\/uploads\/sites\/25\/2026\/02\/2026-02-niesamowita-maszyna-rekordowa-liczba-zgloszen-www-768x480.jpg 768w, https:\/\/pb.edu.pl\/niesamowitamaszyna\/wp-content\/uploads\/sites\/25\/2026\/02\/2026-02-niesamowita-maszyna-rekordowa-liczba-zgloszen-www.jpg 1080w\" sizes=\"auto, (max-width: 480px) 100vw, 480px\" \/>      <\/div>\n      <h3>Rekordowa liczba zg\u0142osze\u0144<\/h3>\n      Do konkursu zg\u0142osi\u0142o si\u0119 37 uczni\u00f3w    <\/a>\n<\/article>\t\t\t\t\t\t<\/div>\n\t\t\t\t\t\t\t\t\t\t\t<div class=\"col-sm-3\">\n\t\t\t\t\t\t\t\n<article class=\"format-standard\">\n    <span class=\"date text-right\"><i class=\"fal fa-calendar-alt\"><\/i> 14-10-2025<\/span>\n    <a href=\"https:\/\/pb.edu.pl\/niesamowitamaszyna\/2025\/10\/14\/niesamowita-maszyna-2026-politechnika-bialostocka-uruchomila-konkurs-o-indeks-i-5-000-zl\/\">\n      <div class=\"article-image\">\n        <img loading=\"lazy\" decoding=\"async\" width=\"480\" height=\"300\" src=\"https:\/\/pb.edu.pl\/niesamowitamaszyna\/wp-content\/uploads\/sites\/25\/2025\/10\/2024-10_niesamowita-maszyna_VII-edycja_ogolna_www-kopia-480x300.jpg\" class=\"attachment-medium-image-16x10 size-medium-image-16x10 wp-post-image\" alt=\"\" srcset=\"https:\/\/pb.edu.pl\/niesamowitamaszyna\/wp-content\/uploads\/sites\/25\/2025\/10\/2024-10_niesamowita-maszyna_VII-edycja_ogolna_www-kopia-480x300.jpg 480w, https:\/\/pb.edu.pl\/niesamowitamaszyna\/wp-content\/uploads\/sites\/25\/2025\/10\/2024-10_niesamowita-maszyna_VII-edycja_ogolna_www-kopia-300x188.jpg 300w, https:\/\/pb.edu.pl\/niesamowitamaszyna\/wp-content\/uploads\/sites\/25\/2025\/10\/2024-10_niesamowita-maszyna_VII-edycja_ogolna_www-kopia-1024x640.jpg 1024w, https:\/\/pb.edu.pl\/niesamowitamaszyna\/wp-content\/uploads\/sites\/25\/2025\/10\/2024-10_niesamowita-maszyna_VII-edycja_ogolna_www-kopia-768x480.jpg 768w, https:\/\/pb.edu.pl\/niesamowitamaszyna\/wp-content\/uploads\/sites\/25\/2025\/10\/2024-10_niesamowita-maszyna_VII-edycja_ogolna_www-kopia-1536x960.jpg 1536w, https:\/\/pb.edu.pl\/niesamowitamaszyna\/wp-content\/uploads\/sites\/25\/2025\/10\/2024-10_niesamowita-maszyna_VII-edycja_ogolna_www-kopia-2048x1280.jpg 2048w\" sizes=\"auto, (max-width: 480px) 100vw, 480px\" \/>      <\/div>\n      <h3>Niesamowita Maszyna 2026 - VIII konkurs o indeks<\/h3>\n      G\u0142\u00f3wna wygrana to 5 000 z\u0142 oraz indeksy na wybrane wydzia\u0142y    <\/a>\n<\/article>\t\t\t\t\t\t<\/div>\n\t\t\t\t\t\t\t\t\t\t\t<div class=\"col-sm-3\">\n\t\t\t\t\t\t\t\n<article class=\"format-standard\">\n    <span class=\"date text-right\"><i class=\"fal fa-calendar-alt\"><\/i> 16-04-2025<\/span>\n    <a href=\"https:\/\/pb.edu.pl\/niesamowitamaszyna\/2025\/04\/16\/niesamowita-maszyna-envirosaver-wygrala-konkurs-o-indeks-politechniki-bialostockiej\/\">\n      <div class=\"article-image\">\n        <img loading=\"lazy\" decoding=\"async\" width=\"480\" height=\"300\" src=\"https:\/\/pb.edu.pl\/niesamowitamaszyna\/wp-content\/uploads\/sites\/25\/2025\/04\/2025-04-16-Niesamowita-Maszyna-final-konkursu-fot-Dariusz-Piekut-PB-153-480x300.jpg\" class=\"attachment-medium-image-16x10 size-medium-image-16x10 wp-post-image\" alt=\"\" srcset=\"https:\/\/pb.edu.pl\/niesamowitamaszyna\/wp-content\/uploads\/sites\/25\/2025\/04\/2025-04-16-Niesamowita-Maszyna-final-konkursu-fot-Dariusz-Piekut-PB-153-480x300.jpg 480w, https:\/\/pb.edu.pl\/niesamowitamaszyna\/wp-content\/uploads\/sites\/25\/2025\/04\/2025-04-16-Niesamowita-Maszyna-final-konkursu-fot-Dariusz-Piekut-PB-153-300x188.jpg 300w, https:\/\/pb.edu.pl\/niesamowitamaszyna\/wp-content\/uploads\/sites\/25\/2025\/04\/2025-04-16-Niesamowita-Maszyna-final-konkursu-fot-Dariusz-Piekut-PB-153-1024x640.jpg 1024w, https:\/\/pb.edu.pl\/niesamowitamaszyna\/wp-content\/uploads\/sites\/25\/2025\/04\/2025-04-16-Niesamowita-Maszyna-final-konkursu-fot-Dariusz-Piekut-PB-153-768x480.jpg 768w, https:\/\/pb.edu.pl\/niesamowitamaszyna\/wp-content\/uploads\/sites\/25\/2025\/04\/2025-04-16-Niesamowita-Maszyna-final-konkursu-fot-Dariusz-Piekut-PB-153-1536x960.jpg 1536w, https:\/\/pb.edu.pl\/niesamowitamaszyna\/wp-content\/uploads\/sites\/25\/2025\/04\/2025-04-16-Niesamowita-Maszyna-final-konkursu-fot-Dariusz-Piekut-PB-153-2048x1280.jpg 2048w\" sizes=\"auto, (max-width: 480px) 100vw, 480px\" \/>      <\/div>\n      <h3>Niesamowita Maszyna Envirosaver wygra\u0142a konkurs o indeks Politechniki Bia\u0142ostockiej<\/h3>\n      Niesamowita Maszyna zbudowana wy\u0142\u0105cznie z materia\u0142\u00f3w z odzysku i wykorzystuj\u0105ca niezliczone    <\/a>\n<\/article>\t\t\t\t\t\t<\/div>\n\t\t\t\t\t\t\t\t\t\t\t<div class=\"col-sm-3\">\n\t\t\t\t\t\t\t\n<article class=\"format-standard\">\n    <span class=\"date text-right\"><i class=\"fal fa-calendar-alt\"><\/i> 28-03-2025<\/span>\n    <a href=\"https:\/\/pb.edu.pl\/niesamowitamaszyna\/2025\/03\/28\/niesamowita-maszyna-konkurs-o-indeks-politechniki-bialostockiej-finalowe-konstrukcje\/\">\n      <div class=\"article-image\">\n        <img loading=\"lazy\" decoding=\"async\" width=\"480\" height=\"300\" src=\"https:\/\/pb.edu.pl\/niesamowitamaszyna\/wp-content\/uploads\/sites\/25\/2025\/03\/2024-10_niesamowita-maszyna_VII-edycja_final_www-480x300.jpg\" class=\"attachment-medium-image-16x10 size-medium-image-16x10 wp-post-image\" alt=\"\" srcset=\"https:\/\/pb.edu.pl\/niesamowitamaszyna\/wp-content\/uploads\/sites\/25\/2025\/03\/2024-10_niesamowita-maszyna_VII-edycja_final_www-480x300.jpg 480w, https:\/\/pb.edu.pl\/niesamowitamaszyna\/wp-content\/uploads\/sites\/25\/2025\/03\/2024-10_niesamowita-maszyna_VII-edycja_final_www-300x188.jpg 300w, https:\/\/pb.edu.pl\/niesamowitamaszyna\/wp-content\/uploads\/sites\/25\/2025\/03\/2024-10_niesamowita-maszyna_VII-edycja_final_www-1024x640.jpg 1024w, https:\/\/pb.edu.pl\/niesamowitamaszyna\/wp-content\/uploads\/sites\/25\/2025\/03\/2024-10_niesamowita-maszyna_VII-edycja_final_www-768x480.jpg 768w, https:\/\/pb.edu.pl\/niesamowitamaszyna\/wp-content\/uploads\/sites\/25\/2025\/03\/2024-10_niesamowita-maszyna_VII-edycja_final_www-1536x960.jpg 1536w, https:\/\/pb.edu.pl\/niesamowitamaszyna\/wp-content\/uploads\/sites\/25\/2025\/03\/2024-10_niesamowita-maszyna_VII-edycja_final_www-2048x1280.jpg 2048w\" sizes=\"auto, (max-width: 480px) 100vw, 480px\" \/>      <\/div>\n      <h3>Finali\u015bci konkursu o indeks Niesamowita Maszyna<\/h3>\n      Komisja konkursowa wy\u0142oni\u0142a 6 konstrukcji. Przed nimi fina\u0142 - 16 kwietnia    <\/a>\n<\/article>\t\t\t\t\t\t<\/div>\n\t\t\t\t\t\t\t\t\t\t\t<div class=\"col-sm-3\">\n\t\t\t\t\t\t\t\n<article class=\"format-standard\">\n    <span class=\"date text-right\"><i class=\"fal fa-calendar-alt\"><\/i> 13-01-2025<\/span>\n    <a href=\"https:\/\/pb.edu.pl\/niesamowitamaszyna\/2025\/01\/13\/niesamowita-maszyna-politechnika-bialostocka-zaprasza-do-udzialu-w-vii-edycji-konkursu-o-indeks-i-5-000-zl\/\">\n      <div class=\"article-image\">\n        <img loading=\"lazy\" decoding=\"async\" width=\"480\" height=\"300\" src=\"https:\/\/pb.edu.pl\/niesamowitamaszyna\/wp-content\/uploads\/sites\/25\/2025\/01\/2024-10_niesamowita-maszyna_VII-edycja_ogolna_www-480x300.jpg\" class=\"attachment-medium-image-16x10 size-medium-image-16x10 wp-post-image\" alt=\"\" srcset=\"https:\/\/pb.edu.pl\/niesamowitamaszyna\/wp-content\/uploads\/sites\/25\/2025\/01\/2024-10_niesamowita-maszyna_VII-edycja_ogolna_www-480x300.jpg 480w, https:\/\/pb.edu.pl\/niesamowitamaszyna\/wp-content\/uploads\/sites\/25\/2025\/01\/2024-10_niesamowita-maszyna_VII-edycja_ogolna_www-300x188.jpg 300w, https:\/\/pb.edu.pl\/niesamowitamaszyna\/wp-content\/uploads\/sites\/25\/2025\/01\/2024-10_niesamowita-maszyna_VII-edycja_ogolna_www-1024x640.jpg 1024w, https:\/\/pb.edu.pl\/niesamowitamaszyna\/wp-content\/uploads\/sites\/25\/2025\/01\/2024-10_niesamowita-maszyna_VII-edycja_ogolna_www-768x480.jpg 768w, https:\/\/pb.edu.pl\/niesamowitamaszyna\/wp-content\/uploads\/sites\/25\/2025\/01\/2024-10_niesamowita-maszyna_VII-edycja_ogolna_www-1536x960.jpg 1536w, https:\/\/pb.edu.pl\/niesamowitamaszyna\/wp-content\/uploads\/sites\/25\/2025\/01\/2024-10_niesamowita-maszyna_VII-edycja_ogolna_www-2048x1280.jpg 2048w\" sizes=\"auto, (max-width: 480px) 100vw, 480px\" \/>      <\/div>\n      <h3>Niesamowita Maszyna. VII konkurs o indeks<\/h3>\n      \u201eNiesamowita maszyna\u201d to konkurs dla uczni\u00f3w szk\u00f3\u0142 ponadpodstawowych, w szczeg\u00f3lno\u015bci maturzyst\u00f3w.    <\/a>\n<\/article>\t\t\t\t\t\t<\/div>\n\t\t\t\t\t\t\t\t\t\t\t<div class=\"col-sm-3\">\n\t\t\t\t\t\t\t\n<article class=\"format-standard\">\n    <span class=\"date text-right\"><i class=\"fal fa-calendar-alt\"><\/i> 25-04-2024<\/span>\n    <a href=\"https:\/\/pb.edu.pl\/niesamowitamaszyna\/2024\/04\/25\/najbardziej-niesamowita-maszyne-skonstruowali-uczniowie-z-sokolowa-podlaskiego-wygrali-5000-zl-i-indeks-na-studia\/\">\n      <div class=\"article-image\">\n        <img loading=\"lazy\" decoding=\"async\" width=\"480\" height=\"300\" src=\"https:\/\/pb.edu.pl\/niesamowitamaszyna\/wp-content\/uploads\/sites\/25\/2024\/04\/2024-04-25-Final-konkursu-Niesamowita-Maszyna-fot-Dariusz-Piekut-4-480x300.jpg\" class=\"attachment-medium-image-16x10 size-medium-image-16x10 wp-post-image\" alt=\"\" srcset=\"https:\/\/pb.edu.pl\/niesamowitamaszyna\/wp-content\/uploads\/sites\/25\/2024\/04\/2024-04-25-Final-konkursu-Niesamowita-Maszyna-fot-Dariusz-Piekut-4-480x300.jpg 480w, https:\/\/pb.edu.pl\/niesamowitamaszyna\/wp-content\/uploads\/sites\/25\/2024\/04\/2024-04-25-Final-konkursu-Niesamowita-Maszyna-fot-Dariusz-Piekut-4-300x188.jpg 300w, https:\/\/pb.edu.pl\/niesamowitamaszyna\/wp-content\/uploads\/sites\/25\/2024\/04\/2024-04-25-Final-konkursu-Niesamowita-Maszyna-fot-Dariusz-Piekut-4-1024x640.jpg 1024w, https:\/\/pb.edu.pl\/niesamowitamaszyna\/wp-content\/uploads\/sites\/25\/2024\/04\/2024-04-25-Final-konkursu-Niesamowita-Maszyna-fot-Dariusz-Piekut-4-768x480.jpg 768w, https:\/\/pb.edu.pl\/niesamowitamaszyna\/wp-content\/uploads\/sites\/25\/2024\/04\/2024-04-25-Final-konkursu-Niesamowita-Maszyna-fot-Dariusz-Piekut-4-1536x960.jpg 1536w, https:\/\/pb.edu.pl\/niesamowitamaszyna\/wp-content\/uploads\/sites\/25\/2024\/04\/2024-04-25-Final-konkursu-Niesamowita-Maszyna-fot-Dariusz-Piekut-4-2048x1280.jpg 2048w\" sizes=\"auto, (max-width: 480px) 100vw, 480px\" \/>      <\/div>\n      <h3>Uczniowie z Soko\u0142owa Podlaskiego wygrali 5000 z\u0142 i indeks na studia<\/h3>\n      Fina\u0142 konkursu odby\u0142 si\u0119 25 kwietnia 2024 r.    <\/a>\n<\/article>\t\t\t\t\t\t<\/div>\n\t\t\t\t\t\t\t\t\t\t\t<div class=\"col-sm-3\">\n\t\t\t\t\t\t\t\n<article class=\"format-standard\">\n    <span class=\"date text-right\"><i class=\"fal fa-calendar-alt\"><\/i> 09-04-2024<\/span>\n    <a href=\"https:\/\/pb.edu.pl\/niesamowitamaszyna\/2024\/04\/09\/vi-niesamowita-maszyna-zmierza-do-finalu\/\">\n      <div class=\"article-image\">\n        <img loading=\"lazy\" decoding=\"async\" width=\"480\" height=\"300\" src=\"https:\/\/pb.edu.pl\/niesamowitamaszyna\/wp-content\/uploads\/sites\/25\/2024\/04\/2024_03_NM_VI-edycja_znamy-finalistow_www_2160x1350px-480x300.jpg\" class=\"attachment-medium-image-16x10 size-medium-image-16x10 wp-post-image\" alt=\"\" srcset=\"https:\/\/pb.edu.pl\/niesamowitamaszyna\/wp-content\/uploads\/sites\/25\/2024\/04\/2024_03_NM_VI-edycja_znamy-finalistow_www_2160x1350px-480x300.jpg 480w, https:\/\/pb.edu.pl\/niesamowitamaszyna\/wp-content\/uploads\/sites\/25\/2024\/04\/2024_03_NM_VI-edycja_znamy-finalistow_www_2160x1350px-300x188.jpg 300w, https:\/\/pb.edu.pl\/niesamowitamaszyna\/wp-content\/uploads\/sites\/25\/2024\/04\/2024_03_NM_VI-edycja_znamy-finalistow_www_2160x1350px-1024x640.jpg 1024w, https:\/\/pb.edu.pl\/niesamowitamaszyna\/wp-content\/uploads\/sites\/25\/2024\/04\/2024_03_NM_VI-edycja_znamy-finalistow_www_2160x1350px-768x480.jpg 768w, https:\/\/pb.edu.pl\/niesamowitamaszyna\/wp-content\/uploads\/sites\/25\/2024\/04\/2024_03_NM_VI-edycja_znamy-finalistow_www_2160x1350px-1536x960.jpg 1536w, https:\/\/pb.edu.pl\/niesamowitamaszyna\/wp-content\/uploads\/sites\/25\/2024\/04\/2024_03_NM_VI-edycja_znamy-finalistow_www_2160x1350px-2048x1280.jpg 2048w\" sizes=\"auto, (max-width: 480px) 100vw, 480px\" \/>      <\/div>\n      <h3>10. finalist\u00f3w VI konkursu Niesamowita Maszyna<\/h3>\n      Wielki fina\u0142 25 kwietnia 2024 roku w Centrum Nowoczesnego Kszta\u0142cenia Politechniki    <\/a>\n<\/article>\t\t\t\t\t\t<\/div>\n\t\t\t\t\t\t\t\t\t\t\t<div class=\"col-sm-3\">\n\t\t\t\t\t\t\t\n<article class=\"format-standard\">\n    <span class=\"date text-right\"><i class=\"fal fa-calendar-alt\"><\/i> 03-04-2024<\/span>\n    <a href=\"https:\/\/pb.edu.pl\/niesamowitamaszyna\/2024\/04\/03\/12-niesamowitych-maszyn-walczy-w-konkursie-o-indeks-politechniki-bialostockiej-zobaczcie-wideo-i-zaglosujcie-na-najlepsza-prace\/\">\n      <div class=\"article-image\">\n        <img loading=\"lazy\" decoding=\"async\" width=\"480\" height=\"300\" src=\"https:\/\/pb.edu.pl\/niesamowitamaszyna\/wp-content\/uploads\/sites\/25\/2024\/04\/2024_03_NM_VI-edycja_GLOSUJCIE_www_2160-1350-480x300.jpg\" class=\"attachment-medium-image-16x10 size-medium-image-16x10 wp-post-image\" alt=\"\" srcset=\"https:\/\/pb.edu.pl\/niesamowitamaszyna\/wp-content\/uploads\/sites\/25\/2024\/04\/2024_03_NM_VI-edycja_GLOSUJCIE_www_2160-1350-480x300.jpg 480w, https:\/\/pb.edu.pl\/niesamowitamaszyna\/wp-content\/uploads\/sites\/25\/2024\/04\/2024_03_NM_VI-edycja_GLOSUJCIE_www_2160-1350-300x188.jpg 300w, https:\/\/pb.edu.pl\/niesamowitamaszyna\/wp-content\/uploads\/sites\/25\/2024\/04\/2024_03_NM_VI-edycja_GLOSUJCIE_www_2160-1350-1024x640.jpg 1024w, https:\/\/pb.edu.pl\/niesamowitamaszyna\/wp-content\/uploads\/sites\/25\/2024\/04\/2024_03_NM_VI-edycja_GLOSUJCIE_www_2160-1350-768x480.jpg 768w, https:\/\/pb.edu.pl\/niesamowitamaszyna\/wp-content\/uploads\/sites\/25\/2024\/04\/2024_03_NM_VI-edycja_GLOSUJCIE_www_2160-1350-1536x960.jpg 1536w, https:\/\/pb.edu.pl\/niesamowitamaszyna\/wp-content\/uploads\/sites\/25\/2024\/04\/2024_03_NM_VI-edycja_GLOSUJCIE_www_2160-1350-2048x1280.jpg 2048w\" sizes=\"auto, (max-width: 480px) 100vw, 480px\" \/>      <\/div>\n      <h3>12 niesamowitych maszyn walczy w konkursie o indeks Politechniki Bia\u0142ostockiej. Zobaczcie wideo i zag\u0142osujcie na najlepsz\u0105 prac\u0119<\/h3>\n      Polubienia zbieramy do 8 kwietnia, do godz. 9.00    <\/a>\n<\/article>\t\t\t\t\t\t<\/div>\n\t\t\t\t\t\t\t\t\t\t\t<div class=\"col-sm-3\">\n\t\t\t\t\t\t\t\n<article class=\"format-standard\">\n    <span class=\"date text-right\"><i class=\"fal fa-calendar-alt\"><\/i> 10-12-2023<\/span>\n    <a href=\"https:\/\/pb.edu.pl\/niesamowitamaszyna\/2023\/12\/10\/niesamowita-maszyna-rusza-vi-edycja-konkursu-o-indeks\/\">\n      <div class=\"article-image\">\n        <img loading=\"lazy\" decoding=\"async\" width=\"480\" height=\"300\" src=\"https:\/\/pb.edu.pl\/niesamowitamaszyna\/wp-content\/uploads\/sites\/25\/2023\/12\/2023-11_niesamowita-maszyna_VI-edycja_ogolna_www_2160-1350-480x300.jpg\" class=\"attachment-medium-image-16x10 size-medium-image-16x10 wp-post-image\" alt=\"\" srcset=\"https:\/\/pb.edu.pl\/niesamowitamaszyna\/wp-content\/uploads\/sites\/25\/2023\/12\/2023-11_niesamowita-maszyna_VI-edycja_ogolna_www_2160-1350-480x300.jpg 480w, https:\/\/pb.edu.pl\/niesamowitamaszyna\/wp-content\/uploads\/sites\/25\/2023\/12\/2023-11_niesamowita-maszyna_VI-edycja_ogolna_www_2160-1350-300x188.jpg 300w, https:\/\/pb.edu.pl\/niesamowitamaszyna\/wp-content\/uploads\/sites\/25\/2023\/12\/2023-11_niesamowita-maszyna_VI-edycja_ogolna_www_2160-1350-1024x640.jpg 1024w, https:\/\/pb.edu.pl\/niesamowitamaszyna\/wp-content\/uploads\/sites\/25\/2023\/12\/2023-11_niesamowita-maszyna_VI-edycja_ogolna_www_2160-1350-768x480.jpg 768w, https:\/\/pb.edu.pl\/niesamowitamaszyna\/wp-content\/uploads\/sites\/25\/2023\/12\/2023-11_niesamowita-maszyna_VI-edycja_ogolna_www_2160-1350-1536x960.jpg 1536w, https:\/\/pb.edu.pl\/niesamowitamaszyna\/wp-content\/uploads\/sites\/25\/2023\/12\/2023-11_niesamowita-maszyna_VI-edycja_ogolna_www_2160-1350-2048x1280.jpg 2048w\" sizes=\"auto, (max-width: 480px) 100vw, 480px\" \/>      <\/div>\n      <h3>Niesamowita Maszyna \u2013 rusza VI edycja konkursu o indeks<\/h3>\n      \u201eNiesamowita maszyna\u201d to konkurs dla uczni\u00f3w szk\u00f3\u0142 ponadpodstawowych, w szczeg\u00f3lno\u015bci maturzyst\u00f3w.    <\/a>\n<\/article>\t\t\t\t\t\t<\/div>\n\t\t\t\t\t\t\t\t\t\t\t<div class=\"col-sm-3\">\n\t\t\t\t\t\t\t\n<article class=\"format-standard\">\n    <span class=\"date text-right\"><i class=\"fal fa-calendar-alt\"><\/i> 31-05-2023<\/span>\n    <a href=\"https:\/\/pb.edu.pl\/niesamowitamaszyna\/2023\/05\/31\/konkurs-niesamowita-maszyna-rozstrzygniety-5000-zl-i-indeks-na-politechnike-bialostocka-wygrali-uczniowie-z-sokolki\/\">\n      <div class=\"article-image\">\n        <img loading=\"lazy\" decoding=\"async\" width=\"450\" height=\"300\" src=\"https:\/\/pb.edu.pl\/niesamowitamaszyna\/wp-content\/uploads\/sites\/25\/2023\/05\/2023.05.31_final-Niesamowita-Maszyna_I-nagroda_fot.Pawel-Jankowski_PB-8.jpg\" class=\"attachment-medium-image-16x10 size-medium-image-16x10 wp-post-image\" alt=\"\" srcset=\"https:\/\/pb.edu.pl\/niesamowitamaszyna\/wp-content\/uploads\/sites\/25\/2023\/05\/2023.05.31_final-Niesamowita-Maszyna_I-nagroda_fot.Pawel-Jankowski_PB-8.jpg 1200w, https:\/\/pb.edu.pl\/niesamowitamaszyna\/wp-content\/uploads\/sites\/25\/2023\/05\/2023.05.31_final-Niesamowita-Maszyna_I-nagroda_fot.Pawel-Jankowski_PB-8-300x200.jpg 300w, https:\/\/pb.edu.pl\/niesamowitamaszyna\/wp-content\/uploads\/sites\/25\/2023\/05\/2023.05.31_final-Niesamowita-Maszyna_I-nagroda_fot.Pawel-Jankowski_PB-8-1024x683.jpg 1024w, https:\/\/pb.edu.pl\/niesamowitamaszyna\/wp-content\/uploads\/sites\/25\/2023\/05\/2023.05.31_final-Niesamowita-Maszyna_I-nagroda_fot.Pawel-Jankowski_PB-8-768x512.jpg 768w, https:\/\/pb.edu.pl\/niesamowitamaszyna\/wp-content\/uploads\/sites\/25\/2023\/05\/2023.05.31_final-Niesamowita-Maszyna_I-nagroda_fot.Pawel-Jankowski_PB-8-480x320.jpg 480w\" sizes=\"auto, (max-width: 450px) 100vw, 450px\" \/>      <\/div>\n      <h3>Konkurs \u201eNiesamowita Maszyna\u201d rozstrzygni\u0119ty \u2013 5000 z\u0142 i indeks na Politechnik\u0119 Bia\u0142ostock\u0105 wygrali uczniowie z Sok\u00f3\u0142ki!<\/h3>\n      31 maja 2023 r. podczas fina\u0142owych zobaczyli\u015bmy maszyny zbudowane przez uczni\u00f3w    <\/a>\n<\/article>\t\t\t\t\t\t<\/div>\n\t\t\t\t\t\n\t\t\t\t\n\t\t\t\t\t<\/div>\n\t\t\n\t<nav class=\"navigation pagination\" aria-label=\"Stronicowanie wpis\u00f3w\">\n\t\t<h2 class=\"screen-reader-text\">Stronicowanie wpis\u00f3w<\/h2>\n\t\t<div class=\"nav-links\"><span aria-current=\"page\" class=\"page-numbers current\">1<\/span>\n<a class=\"page-numbers\" href=\"https:\/\/pb.edu.pl\/niesamowitamaszyna\/wp-json\/wp\/v2\/pages\/56\/page\/2\/\">2<\/a>\n<a class=\"page-numbers\" href=\"https:\/\/pb.edu.pl\/niesamowitamaszyna\/wp-json\/wp\/v2\/pages\/56\/page\/3\/\">3<\/a>\n<span class=\"page-numbers dots\">&hellip;<\/span>\n<a class=\"page-numbers\" href=\"https:\/\/pb.edu.pl\/niesamowitamaszyna\/wp-json\/wp\/v2\/pages\/56\/page\/5\/\">5<\/a>\n<a class=\"next page-numbers\" href=\"https:\/\/pb.edu.pl\/niesamowitamaszyna\/wp-json\/wp\/v2\/pages\/56\/page\/2\/\">Nast\u0119pne<\/a><\/div>\n\t<\/nav>\t\t\t<\/div>\n\n","protected":false},"excerpt":{"rendered":"","protected":false},"author":2,"featured_media":0,"parent":0,"menu_order":1,"comment_status":"closed","ping_status":"closed","template":"","meta":{"_acf_changed":false,"ngg_post_thumbnail":0,"footnotes":""},"class_list":["post-56","page","type-page","status-publish","hentry"],"acf":[],"_links":{"self":[{"href":"https:\/\/pb.edu.pl\/niesamowitamaszyna\/wp-json\/wp\/v2\/pages\/56","targetHints":{"allow":["GET"]}}],"collection":[{"href":"https:\/\/pb.edu.pl\/niesamowitamaszyna\/wp-json\/wp\/v2\/pages"}],"about":[{"href":"https:\/\/pb.edu.pl\/niesamowitamaszyna\/wp-json\/wp\/v2\/types\/page"}],"author":[{"embeddable":true,"href":"https:\/\/pb.edu.pl\/niesamowitamaszyna\/wp-json\/wp\/v2\/users\/2"}],"replies":[{"embeddable":true,"href":"https:\/\/pb.edu.pl\/niesamowitamaszyna\/wp-json\/wp\/v2\/comments?post=56"}],"version-history":[{"count":0,"href":"https:\/\/pb.edu.pl\/niesamowitamaszyna\/wp-json\/wp\/v2\/pages\/56\/revisions"}],"wp:attachment":[{"href":"https:\/\/pb.edu.pl\/niesamowitamaszyna\/wp-json\/wp\/v2\/media?parent=56"}],"curies":[{"name":"wp","href":"https:\/\/api.w.org\/{rel}","templated":true}]}}