{"id":54,"date":"2018-12-07T15:28:29","date_gmt":"2018-12-07T14:28:29","guid":{"rendered":"https:\/\/pb.edu.pl\/niesamowitamaszyna\/?page_id=54"},"modified":"2025-01-13T14:54:44","modified_gmt":"2025-01-13T13:54:44","slug":"kontakt","status":"publish","type":"page","link":"https:\/\/pb.edu.pl\/niesamowitamaszyna\/kontakt\/","title":{"rendered":"Kontakt"},"content":{"rendered":"<p><img decoding=\"async\" class=\"title-img\" src=\"https:\/\/pb.edu.pl\/niesamowitamaszyna\/wp-content\/uploads\/sites\/25\/2018\/12\/maszyna_naglowki_kontakt_560.png\" alt=\"\"><\/p>\n<div class=\"row\">\n<div class=\"col-sm-7 text-left\">\n<div class=\"h2\">Masz pytanie dotycz\u0105ce konkursu?<br \/>\nW\u0105tpliwo\u015bci natury merytorycznej lub technicznej?<\/div>\n<p>Skontaktuj si\u0119 z nami:<\/p>\n<p>Dzia\u0142 Promocji Politechniki Bia\u0142ostockiej<br \/>\nul. Wiejska 45A, pok. A-029<br \/>\n15-351 Bia\u0142ystok<\/p>\n<i class=\"fa fa-phone\" aria-hidden=\"true\"><\/i> 85 746 97 27<br \/>\n<i class=\"fa fa-mobile\" aria-hidden=\"true\"><\/i> +48 506 776 303<\/p>\n<i class=\"fa fal\" aria-hidden=\"true\"><\/i> <a href=\"#\" rel=\"nofollow\"  onclick=\"this.href='mailto:' + 'promocja' + '@' + 'pb.edu.pl'\">promocja [at] pb.edu.pl<\/a>\n&nbsp;<\/p>\n<div class=\"h2\">Czekamy w\u0142a\u015bnie na Ciebie!<\/div>\n<\/div>\n<div class=\"col-sm-5\"><img decoding=\"async\" src=\"https:\/\/pb.edu.pl\/niesamowitamaszyna\/wp-content\/uploads\/sites\/25\/2018\/12\/kontakt_big.png\" alt=\"robot\"><\/div>\n<\/div>\n<p>&nbsp;<br \/>\n&nbsp;<br \/>\n<iframe loading=\"lazy\" src=\"https:\/\/www.google.com\/maps\/embed?pb=!1m18!1m12!1m3!1d2394.5820368667146!2d23.147048380139474!3d53.117696664615885!2m3!1f0!2f0!3f0!3m2!1i1024!2i768!4f13.1!3m3!1m2!1s0x471ffbfb9415aee5%3A0x1f6449ccc6c966f7!2sPolitechnika+Bia%C5%82ostocka!5e0!3m2!1spl!2spl!4v1544203452780\" width=\"100%\" height=\"380\"><\/iframe>\n&nbsp;<br \/>\n&nbsp;<\/p>\n","protected":false},"excerpt":{"rendered":"<p>Masz pytanie dotycz\u0105ce konkursu? W\u0105tpliwo\u015bci natury merytorycznej lub technicznej? Skontaktuj si\u0119 z nami: Dzia\u0142 Promocji<\/p>\n","protected":false},"author":2,"featured_media":0,"parent":0,"menu_order":7,"comment_status":"closed","ping_status":"closed","template":"","meta":{"_acf_changed":false,"ngg_post_thumbnail":0,"footnotes":""},"class_list":["post-54","page","type-page","status-publish","hentry"],"acf":[],"_links":{"self":[{"href":"https:\/\/pb.edu.pl\/niesamowitamaszyna\/wp-json\/wp\/v2\/pages\/54","targetHints":{"allow":["GET"]}}],"collection":[{"href":"https:\/\/pb.edu.pl\/niesamowitamaszyna\/wp-json\/wp\/v2\/pages"}],"about":[{"href":"https:\/\/pb.edu.pl\/niesamowitamaszyna\/wp-json\/wp\/v2\/types\/page"}],"author":[{"embeddable":true,"href":"https:\/\/pb.edu.pl\/niesamowitamaszyna\/wp-json\/wp\/v2\/users\/2"}],"replies":[{"embeddable":true,"href":"https:\/\/pb.edu.pl\/niesamowitamaszyna\/wp-json\/wp\/v2\/comments?post=54"}],"version-history":[{"count":0,"href":"https:\/\/pb.edu.pl\/niesamowitamaszyna\/wp-json\/wp\/v2\/pages\/54\/revisions"}],"wp:attachment":[{"href":"https:\/\/pb.edu.pl\/niesamowitamaszyna\/wp-json\/wp\/v2\/media?parent=54"}],"curies":[{"name":"wp","href":"https:\/\/api.w.org\/{rel}","templated":true}]}}