{"id":50,"date":"2018-12-07T15:27:38","date_gmt":"2018-12-07T14:27:38","guid":{"rendered":"https:\/\/pb.edu.pl\/niesamowitamaszyna\/?page_id=50"},"modified":"2026-01-21T12:18:01","modified_gmt":"2026-01-21T11:18:01","slug":"patronaty","status":"publish","type":"page","link":"https:\/\/pb.edu.pl\/niesamowitamaszyna\/patronaty\/","title":{"rendered":"Patronaty"},"content":{"rendered":"<p><img decoding=\"async\" class=\"title-img\" src=\"https:\/\/pb.edu.pl\/niesamowitamaszyna\/wp-content\/uploads\/sites\/25\/2018\/12\/maszyna_naglowki_patronaty_560.png\" alt=\"Patronaty\"><\/p>\n<div class=\"h2 text-center\" style=\"font-size: 3rem\">Patronat Rektor Politechniki Bia\u0142ostockiej<\/div>\n<div class=\"row\">\n<div class=\"col-sm-9\">\n<blockquote><p><span style=\"font-size: 14pt\"><em>Nasza uczelnia jest otwarta na m\u0142odych ludzi, kt\u00f3rzy nie boj\u0105 si\u0119 wyzwa\u0144. Dlatego zach\u0119cam m\u0142odzie\u017c do tworzenia konstrukcji inspirowanych maszyn\u0105 Rube\u2019a Goldberga.<\/em><\/span><\/p>\n<p><span style=\"font-size: 14pt\"><em><br \/>\nTen eksperyment pozwoli Wam rozwin\u0105\u0107 swoj\u0105 kreatywno\u015b\u0107, wynalazczo\u015b\u0107, pasj\u0119 do nauk technicznych, a tak\u017ce nauczy\u0107 si\u0119 pracy w grupie. Wasz trud w\u0142o\u017cony w skonstruowanie skomplikowanego urz\u0105dzenia, kt\u00f3rego elementy musz\u0105 ze sob\u0105 \u015bci\u015ble wsp\u00f3\u0142pracowa\u0107, <\/em><\/span><em>a tak\u017ce <\/em><span style=\"font-size: 14pt\"><em>potrzeba, by praktycznie wykorzysta\u0107 wiedz\u0119 z zakresu matematyki, fizyki, czy chemii, przypomina prac\u0119 in\u017cyniera! Dlatego laureat\u00f3w konkursu nagradzamy zaproszeniem do studiowania na wybranych kierunkach studi\u00f3w w Politechnice Bia\u0142ostockiej.<\/em><\/span><\/p><\/blockquote>\n<div class=\"text-right\"><strong>dr hab. in\u017c. Marta Kosior-Kazberuk, prof. PB<\/strong><br \/>\n<strong>Rektor Politechniki Bia\u0142ostockiej<\/strong><\/div>\n<\/div>\n<div class=\"col-sm-3\"><img loading=\"lazy\" decoding=\"async\" class=\"alignleft wp-image-897 size-full\" src=\"https:\/\/pb.edu.pl\/niesamowitamaszyna\/wp-content\/uploads\/sites\/25\/2023\/02\/M-Kosior_Kazberuk_fot.-Maciej-Giedrojc-Juraha-scaled.jpg\" alt=\"JM Rektor Politechniki Bia\u0142ostockiej Marta Kosior-Kazberuk\" width=\"197\" height=\"215\"><\/div>\n<\/div>\n<p>&nbsp;<br \/>\n&nbsp;<\/p>\n<div>&nbsp;<\/div>\n<div class=\"h2 text-center\" style=\"font-size: 3rem\">Patronat honorowy<\/div>\n<div>&nbsp;<\/div>\n<div><img decoding=\"async\" class=\"size-full wp-image-1075 aligncenter\" src=\"https:\/\/pb.edu.pl\/niesamowitamaszyna\/wp-content\/uploads\/sites\/25\/2023\/12\/logo-Patronat-Rektor-PB-kolor-podstawowy-na-bialym_200px.jpg\" alt=\"Patronat Rektor Politechniki Bia\u0142ostockiej\" width=\"500\"><\/div>\n<p>&nbsp;<\/p>\n<div class=\"h2 text-center\" style=\"font-size: 3rem\">Patronaty<\/div>\n<div class=\"row\">\n<div class=\"col-sm-2\">&nbsp;<\/div>\n<div class=\"col-sm-4\">\n<div class=\"image\"><img decoding=\"async\" class=\"aligncenter\" src=\"https:\/\/pb.edu.pl\/niesamowitamaszyna\/wp-content\/uploads\/sites\/25\/2025\/04\/logo-Bialystok.png\" alt=\"Miasto Bia\u0142ystok\"><\/div>\n<\/div>\n<div class=\"col-sm-4\">\n<div class=\"image\"><a href=\"#geekstok\" data-toggle=\"collapse\"><img decoding=\"async\" class=\"aligncenter\" style=\"padding: 80px 100px 100px 100px\" src=\"https:\/\/pb.edu.pl\/niesamowitamaszyna\/wp-content\/uploads\/sites\/25\/2020\/01\/2020_01_PB_342x323-logo-Geekstok.jpg\" alt=\"Geekstok\"><\/a><\/div>\n<\/div>\n<div class=\"col-sm-2\">&nbsp;<\/div>\n<\/div>\n<p>&nbsp;<\/p>\n<div id=\"geekstok\" class=\"collapse collapse-acc\">\n<h2 style=\"font-size: 3rem\">Geekstok.pl &#8211; ludzie, odkrycia, projekty i fakty z Podlasia<\/h2>\n<p>Geekstok.pl to nowatorski portal popularnonaukowy, skupiony wok\u00f3\u0142 wojew\u00f3dztwa podlaskiego i Bia\u0142egostoku.<\/p>\n<p>Misj\u0105 tw\u00f3rc\u00f3w medium jest \u201emarketing nauki\u201d \u2013 ukazanie innowacyjnych projekt\u00f3w, inspiruj\u0105cych ludzi i potencja\u0142u Podlasia. Realizuj\u0105 to za po\u015brednictwem strony internetowej, gdzie mo\u017cna znale\u017a\u0107 artyku\u0142y b\u0119d\u0105ce owocem wsp\u00f3\u0142pracy student\u00f3w bia\u0142ostockich uczelni z do\u015bwiadczonymi dziennikarzami.<\/p>\n<p>Geekstok.pl to tak\u017ce materia\u0142y video, dzi\u0119ki kt\u00f3rym mo\u017cna zobaczy\u0107 i us\u0142ysze\u0107 najlepszych z najlepszych \u2013 naukowc\u00f3w, tw\u00f3rc\u00f3w, in\u017cynier\u00f3w, biznesmen\u00f3w, pasjonat\u00f3w. \u0141\u0105czy ich wsp\u00f3lny mianownik: s\u0105 liderami innowacji w swoich dziedzinach, a ich projekty niejednokrotnie odwiedzaj\u0105 najdalsze zak\u0105tki \u015bwiata.<\/p>\n<p>Portal Geekstok jako ca\u0142o\u015b\u0107 jest wyci\u0105gni\u0119ciem r\u0119ki w kierunku m\u0142odych ludzi \u2013 zaspokaja potrzeby intelektualne i zapewnia rozw\u00f3j w lekkiej, nieznanej szerzej w nauce, formule.<\/p>\n<p>Si\u0142a medium to po\u0142\u0105czenie do\u015bwiadczenia koordynator\u00f3w ze \u015bwie\u017co\u015bci\u0105 umys\u0142\u00f3w i kreatywno\u015bci\u0105 student\u00f3w. Portal rozpocz\u0105\u0142 swoj\u0105 dzia\u0142alno\u015b\u0107 w marcu 2019, obecnie wsp\u00f3\u0142pracuje przy nim kilkadziesi\u0105t os\u00f3b.<\/p>\n<p>Macierzyst\u0105 struktur\u0105 organizacyjn\u0105 oraz g\u0142\u00f3wnym promotorem Geekstok jest <a href=\"https:\/\/pb.edu.pl\/\">Politechnika Bia\u0142ostocka<\/a>.<\/p>\n<p>Przejd\u017a do serwisu www: <a href=\"https:\/\/geekstok.pl\/\" target=\"_blank\" rel=\"noopener noreferrer\">Geekstok.pl<\/a><br \/>\n&nbsp;<\/p>\n<\/div>\n<p>&nbsp;<\/p>\n<div class=\"h2 text-center\" style=\"font-size: 3rem\">Patronat medialny<\/div>\n<p>&nbsp;<br \/>\n&nbsp;<\/p>\n<div class=\"row\">\n<div class=\"col-sm-3\">\n<div class=\"image\"><a title=\"Przejd\u017a do serwisu bialystok.tvp.pl, otworzy si\u0119 w nowej karcie\" href=\"https:\/\/bialystok.tvp.pl\/\" target=\"_blank\" rel=\"noopener noreferrer\"><img loading=\"lazy\" decoding=\"async\" class=\" wp-image-164 alignnone\" src=\"https:\/\/pb.edu.pl\/niesamowitamaszyna\/wp-content\/uploads\/sites\/25\/2021\/04\/TVP3_Bialystok_logo.jpg\" alt=\"\" width=\"238\" height=\"142\"><\/a><\/div>\n<\/div>\n<div class=\"col-sm-3\">\n<div class=\"image\"><a title=\"Przejd\u017a do serwisu www Polskiego Radia Bia\u0142ystok, otworzy si\u0119 w nowej karcie\" href=\"https:\/\/www.radio.bialystok.pl\/\" target=\"_blank\" rel=\"noopener\"><img loading=\"lazy\" decoding=\"async\" class=\"aligncenter size-full wp-image-953\" src=\"https:\/\/pb.edu.pl\/niesamowitamaszyna\/wp-content\/uploads\/sites\/25\/2021\/04\/Polskie-Radio-Bialystok_logo.jpg\" alt=\"\" width=\"800\" height=\"500\" srcset=\"https:\/\/pb.edu.pl\/niesamowitamaszyna\/wp-content\/uploads\/sites\/25\/2021\/04\/Polskie-Radio-Bialystok_logo.jpg 800w, https:\/\/pb.edu.pl\/niesamowitamaszyna\/wp-content\/uploads\/sites\/25\/2021\/04\/Polskie-Radio-Bialystok_logo-300x188.jpg 300w, https:\/\/pb.edu.pl\/niesamowitamaszyna\/wp-content\/uploads\/sites\/25\/2021\/04\/Polskie-Radio-Bialystok_logo-768x480.jpg 768w\" sizes=\"auto, (max-width: 800px) 100vw, 800px\" \/><\/a><\/div>\n<\/div>\n<div class=\"col-sm-3\">\n<div class=\"image\"><a title=\"Przejd\u017a do serwisu www Radia Akadera, otworzy si\u0119 w nowej karcie\" href=\"http:\/\/akadera.bialystok.pl\/\" target=\"_blank\" rel=\"noopener noreferrer\"><img loading=\"lazy\" decoding=\"async\" class=\" wp-image-164 alignnone\" style=\"padding-top: 50px\" src=\"https:\/\/pb.edu.pl\/niesamowitamaszyna\/wp-content\/uploads\/sites\/25\/2018\/12\/akadera.png\" alt=\"\" width=\"441\" height=\"111\"><\/a><\/div>\n<\/div>\n<div class=\"col-sm-3\">\n<div class=\"image\"><a title=\"Przejd\u017a do serwisu www Platon TV, otworzy si\u0119 w nowej karcie\" href=\"http:\/\/platontv.pl\/\" target=\"_blank\" rel=\"noopener noreferrer\"><img loading=\"lazy\" decoding=\"async\" class=\"size-full wp-image-163 alignnone\" style=\"padding-top: 50px\" src=\"https:\/\/pb.edu.pl\/niesamowitamaszyna\/wp-content\/uploads\/sites\/25\/2018\/12\/platonTV_logo.png\" alt=\"\" width=\"300\" height=\"75\"><\/a><\/div>\n<\/div>\n<\/div>\n<p>&nbsp;<\/p>\n<div class=\"row\">\n<div class=\"col-sm-4\">&nbsp;<\/div>\n<div class=\"col-sm-4\">\n<div class=\"image\">&nbsp;<\/div>\n<\/div>\n<div class=\"col-sm-4\">&nbsp;<\/div>\n<\/div>\n<p>&nbsp;<\/p>\n<div class=\"row\">\n<p>&nbsp;&nbsp;&nbsp;<\/p>\n<p><img loading=\"lazy\" decoding=\"async\" class=\"size-full wp-image-1722 aligncenter\" src=\"https:\/\/pb.edu.pl\/niesamowitamaszyna\/wp-content\/uploads\/sites\/25\/2026\/01\/Niesamowita-maszyna-PB-patronat-medialny-2026.png\" alt=\"\" width=\"1171\" height=\"83\" srcset=\"https:\/\/pb.edu.pl\/niesamowitamaszyna\/wp-content\/uploads\/sites\/25\/2026\/01\/Niesamowita-maszyna-PB-patronat-medialny-2026.png 1171w, https:\/\/pb.edu.pl\/niesamowitamaszyna\/wp-content\/uploads\/sites\/25\/2026\/01\/Niesamowita-maszyna-PB-patronat-medialny-2026-300x21.png 300w, https:\/\/pb.edu.pl\/niesamowitamaszyna\/wp-content\/uploads\/sites\/25\/2026\/01\/Niesamowita-maszyna-PB-patronat-medialny-2026-1024x73.png 1024w, https:\/\/pb.edu.pl\/niesamowitamaszyna\/wp-content\/uploads\/sites\/25\/2026\/01\/Niesamowita-maszyna-PB-patronat-medialny-2026-768x54.png 768w\" sizes=\"auto, (max-width: 1171px) 100vw, 1171px\" \/><\/p>\n<div class=\"h2\">Zobacz Maszyn\u0119 PB i dowiedz si\u0119 wi\u0119cej o jej budowie<\/div>\n<p>&nbsp;<\/p>\n<div class=\"row\">\n<div class=\"col-sm-6\">\n<div class=\"embed-responsive embed-responsive-16by9\"><iframe loading=\"lazy\" title=\"&quot;Maszyna PB - making of&quot; czyli jak powstawa\u0142a Maszyna Politechniki Bia\u0142ostockiej\" width=\"500\" height=\"281\" src=\"https:\/\/www.youtube.com\/embed\/280Kaj3IYfU?start=4&#038;feature=oembed\" frameborder=\"0\" allow=\"accelerometer; autoplay; clipboard-write; encrypted-media; gyroscope; picture-in-picture; web-share\" referrerpolicy=\"strict-origin-when-cross-origin\" allowfullscreen><\/iframe><\/div>\n<\/div>\n<div class=\"col-sm-6\">\n<div class=\"embed-responsive embed-responsive-16by9\"><iframe loading=\"lazy\" title=\"Maszyna PB - zobacz dzie\u0142o student\u00f3w i pracownik\u00f3w\" width=\"500\" height=\"281\" src=\"https:\/\/www.youtube.com\/embed\/tXzt-PKipe4?feature=oembed\" frameborder=\"0\" allow=\"accelerometer; autoplay; clipboard-write; encrypted-media; gyroscope; picture-in-picture; web-share\" referrerpolicy=\"strict-origin-when-cross-origin\" allowfullscreen><\/iframe><\/div>\n<\/div>\n<\/div>\n<p>&nbsp;<br \/>\n&nbsp;<\/p>\n<\/div>\n","protected":false},"excerpt":{"rendered":"<p>Patronat Rektor Politechniki Bia\u0142ostockiej Nasza uczelnia jest otwarta na m\u0142odych ludzi, kt\u00f3rzy nie boj\u0105 si\u0119<\/p>\n","protected":false},"author":2,"featured_media":0,"parent":0,"menu_order":4,"comment_status":"closed","ping_status":"closed","template":"","meta":{"_acf_changed":false,"ngg_post_thumbnail":0,"footnotes":""},"class_list":["post-50","page","type-page","status-publish","hentry"],"acf":[],"_links":{"self":[{"href":"https:\/\/pb.edu.pl\/niesamowitamaszyna\/wp-json\/wp\/v2\/pages\/50","targetHints":{"allow":["GET"]}}],"collection":[{"href":"https:\/\/pb.edu.pl\/niesamowitamaszyna\/wp-json\/wp\/v2\/pages"}],"about":[{"href":"https:\/\/pb.edu.pl\/niesamowitamaszyna\/wp-json\/wp\/v2\/types\/page"}],"author":[{"embeddable":true,"href":"https:\/\/pb.edu.pl\/niesamowitamaszyna\/wp-json\/wp\/v2\/users\/2"}],"replies":[{"embeddable":true,"href":"https:\/\/pb.edu.pl\/niesamowitamaszyna\/wp-json\/wp\/v2\/comments?post=50"}],"version-history":[{"count":0,"href":"https:\/\/pb.edu.pl\/niesamowitamaszyna\/wp-json\/wp\/v2\/pages\/50\/revisions"}],"wp:attachment":[{"href":"https:\/\/pb.edu.pl\/niesamowitamaszyna\/wp-json\/wp\/v2\/media?parent=50"}],"curies":[{"name":"wp","href":"https:\/\/api.w.org\/{rel}","templated":true}]}}