{"id":12,"date":"2018-12-07T12:12:04","date_gmt":"2018-12-07T11:12:04","guid":{"rendered":"https:\/\/pb.edu.pl\/niesamowitamaszyna\/?page_id=12"},"modified":"2026-03-14T00:23:17","modified_gmt":"2026-03-13T23:23:17","slug":"12-2","status":"publish","type":"page","link":"https:\/\/pb.edu.pl\/niesamowitamaszyna\/","title":{"rendered":""},"content":{"rendered":"<p><a name=\"tu-skacz\"><\/a><\/p>\n<div id=\"aktualnosci\" class=\"href\">&nbsp;<\/div>\n<p>&nbsp;<\/p>\n<div class=\"image\"><a href=\"\/niesamowitamaszyna\/aktualnosci\"><img loading=\"lazy\" decoding=\"async\" class=\"alignleft size-full wp-image-35\" src=\"https:\/\/pb.edu.pl\/niesamowitamaszyna\/wp-content\/uploads\/sites\/25\/2018\/12\/maszyna_naglowki_aktualnosci_560.png\" alt=\"Aktualno\u015bci\" width=\"560\" height=\"126\" srcset=\"https:\/\/pb.edu.pl\/niesamowitamaszyna\/wp-content\/uploads\/sites\/25\/2018\/12\/maszyna_naglowki_aktualnosci_560.png 560w, https:\/\/pb.edu.pl\/niesamowitamaszyna\/wp-content\/uploads\/sites\/25\/2018\/12\/maszyna_naglowki_aktualnosci_560-300x68.png 300w\" sizes=\"auto, (max-width: 560px) 100vw, 560px\" \/><\/a><\/div>\n\t\t<div class=\"box news-box \">\n\t\t<div class=\"row\">\n\t\t\t\n\t\t\t\n\t\t\t\t\n\t\t\t\t\t\t\t\t\t\t<div class=\"col-sm-3\">\n\t\t\t\t\t\t\t\n<article class=\"format-standard\">\n    <span class=\"date text-right\"><i class=\"fal fa-calendar-alt\"><\/i> 18-03-2026<\/span>\n    <a href=\"https:\/\/pb.edu.pl\/niesamowitamaszyna\/2026\/03\/18\/niesamowita-maszyna-2026-wyniki-konkursu-o-indeks\/\">\n      <div class=\"article-image\">\n        <img loading=\"lazy\" decoding=\"async\" width=\"480\" height=\"300\" src=\"https:\/\/pb.edu.pl\/niesamowitamaszyna\/wp-content\/uploads\/sites\/25\/2026\/03\/2026-03-18-Niesamowita-maszyna-fot-Iryna-Mikhno-PB-2-480x300.jpg\" class=\"attachment-medium-image-16x10 size-medium-image-16x10 wp-post-image\" alt=\"\" srcset=\"https:\/\/pb.edu.pl\/niesamowitamaszyna\/wp-content\/uploads\/sites\/25\/2026\/03\/2026-03-18-Niesamowita-maszyna-fot-Iryna-Mikhno-PB-2-480x300.jpg 480w, https:\/\/pb.edu.pl\/niesamowitamaszyna\/wp-content\/uploads\/sites\/25\/2026\/03\/2026-03-18-Niesamowita-maszyna-fot-Iryna-Mikhno-PB-2-300x188.jpg 300w, https:\/\/pb.edu.pl\/niesamowitamaszyna\/wp-content\/uploads\/sites\/25\/2026\/03\/2026-03-18-Niesamowita-maszyna-fot-Iryna-Mikhno-PB-2-1024x640.jpg 1024w, https:\/\/pb.edu.pl\/niesamowitamaszyna\/wp-content\/uploads\/sites\/25\/2026\/03\/2026-03-18-Niesamowita-maszyna-fot-Iryna-Mikhno-PB-2-768x480.jpg 768w, https:\/\/pb.edu.pl\/niesamowitamaszyna\/wp-content\/uploads\/sites\/25\/2026\/03\/2026-03-18-Niesamowita-maszyna-fot-Iryna-Mikhno-PB-2-1536x960.jpg 1536w, https:\/\/pb.edu.pl\/niesamowitamaszyna\/wp-content\/uploads\/sites\/25\/2026\/03\/2026-03-18-Niesamowita-maszyna-fot-Iryna-Mikhno-PB-2-2048x1280.jpg 2048w\" sizes=\"auto, (max-width: 480px) 100vw, 480px\" \/>      <\/div>\n      <h3>Niesamowita Maszyna 2026. Wyniki konkursu o indeks<\/h3>\n      Zwyci\u0119ska konstrukcja uczni\u00f3w z I Liceum Og\u00f3lnokszta\u0142c\u0105cego w Bia\u0142ymstoku przynios\u0142a jej    <\/a>\n<\/article>\t\t\t\t\t\t<\/div>\n\t\t\t\t\t\t\t\t\t\t\t<div class=\"col-sm-3\">\n\t\t\t\t\t\t\t\n<article class=\"format-standard\">\n    <span class=\"date text-right\"><i class=\"fal fa-calendar-alt\"><\/i> 03-03-2026<\/span>\n    <a href=\"https:\/\/pb.edu.pl\/niesamowitamaszyna\/2026\/03\/03\/viii-niesamowita-maszyna-2026-finalowe-konstrukcje-konkursu-o-indeks-politechniki-bialostockiej\/\">\n      <div class=\"article-image\">\n        <img loading=\"lazy\" decoding=\"async\" width=\"480\" height=\"300\" src=\"https:\/\/pb.edu.pl\/niesamowitamaszyna\/wp-content\/uploads\/sites\/25\/2026\/03\/2026-03-niesamowita-maszyna-finalisci-www-480x300.jpg\" class=\"attachment-medium-image-16x10 size-medium-image-16x10 wp-post-image\" alt=\"\" srcset=\"https:\/\/pb.edu.pl\/niesamowitamaszyna\/wp-content\/uploads\/sites\/25\/2026\/03\/2026-03-niesamowita-maszyna-finalisci-www-480x300.jpg 480w, https:\/\/pb.edu.pl\/niesamowitamaszyna\/wp-content\/uploads\/sites\/25\/2026\/03\/2026-03-niesamowita-maszyna-finalisci-www-300x188.jpg 300w, https:\/\/pb.edu.pl\/niesamowitamaszyna\/wp-content\/uploads\/sites\/25\/2026\/03\/2026-03-niesamowita-maszyna-finalisci-www-1024x640.jpg 1024w, https:\/\/pb.edu.pl\/niesamowitamaszyna\/wp-content\/uploads\/sites\/25\/2026\/03\/2026-03-niesamowita-maszyna-finalisci-www-768x480.jpg 768w, https:\/\/pb.edu.pl\/niesamowitamaszyna\/wp-content\/uploads\/sites\/25\/2026\/03\/2026-03-niesamowita-maszyna-finalisci-www-1536x960.jpg 1536w, https:\/\/pb.edu.pl\/niesamowitamaszyna\/wp-content\/uploads\/sites\/25\/2026\/03\/2026-03-niesamowita-maszyna-finalisci-www-2048x1280.jpg 2048w\" sizes=\"auto, (max-width: 480px) 100vw, 480px\" \/>      <\/div>\n      <h3>Finali\u015bci konkursu Niesamowita Maszyna 2026<\/h3>\n      Jury zakwalifikowa\u0142o 10 konstrukcji    <\/a>\n<\/article>\t\t\t\t\t\t<\/div>\n\t\t\t\t\t\t\t\t\t\t\t<div class=\"col-sm-3\">\n\t\t\t\t\t\t\t\n<article class=\"format-standard\">\n    <span class=\"date text-right\"><i class=\"fal fa-calendar-alt\"><\/i> 23-02-2026<\/span>\n    <a href=\"https:\/\/pb.edu.pl\/niesamowitamaszyna\/2026\/02\/23\/niesamowita-maszyna-2026-rekordowa-liczba-zgloszen\/\">\n      <div class=\"article-image\">\n        <img loading=\"lazy\" decoding=\"async\" width=\"480\" height=\"300\" src=\"https:\/\/pb.edu.pl\/niesamowitamaszyna\/wp-content\/uploads\/sites\/25\/2026\/02\/2026-02-niesamowita-maszyna-rekordowa-liczba-zgloszen-www-480x300.jpg\" class=\"attachment-medium-image-16x10 size-medium-image-16x10 wp-post-image\" alt=\"\" srcset=\"https:\/\/pb.edu.pl\/niesamowitamaszyna\/wp-content\/uploads\/sites\/25\/2026\/02\/2026-02-niesamowita-maszyna-rekordowa-liczba-zgloszen-www-480x300.jpg 480w, https:\/\/pb.edu.pl\/niesamowitamaszyna\/wp-content\/uploads\/sites\/25\/2026\/02\/2026-02-niesamowita-maszyna-rekordowa-liczba-zgloszen-www-300x188.jpg 300w, https:\/\/pb.edu.pl\/niesamowitamaszyna\/wp-content\/uploads\/sites\/25\/2026\/02\/2026-02-niesamowita-maszyna-rekordowa-liczba-zgloszen-www-1024x640.jpg 1024w, https:\/\/pb.edu.pl\/niesamowitamaszyna\/wp-content\/uploads\/sites\/25\/2026\/02\/2026-02-niesamowita-maszyna-rekordowa-liczba-zgloszen-www-768x480.jpg 768w, https:\/\/pb.edu.pl\/niesamowitamaszyna\/wp-content\/uploads\/sites\/25\/2026\/02\/2026-02-niesamowita-maszyna-rekordowa-liczba-zgloszen-www.jpg 1080w\" sizes=\"auto, (max-width: 480px) 100vw, 480px\" \/>      <\/div>\n      <h3>Rekordowa liczba zg\u0142osze\u0144<\/h3>\n      Do konkursu zg\u0142osi\u0142o si\u0119 37 uczni\u00f3w    <\/a>\n<\/article>\t\t\t\t\t\t<\/div>\n\t\t\t\t\t\t\t\t\t\t\t<div class=\"col-sm-3\">\n\t\t\t\t\t\t\t\n<article class=\"format-standard\">\n    <span class=\"date text-right\"><i class=\"fal fa-calendar-alt\"><\/i> 14-10-2025<\/span>\n    <a href=\"https:\/\/pb.edu.pl\/niesamowitamaszyna\/2025\/10\/14\/niesamowita-maszyna-2026-politechnika-bialostocka-uruchomila-konkurs-o-indeks-i-5-000-zl\/\">\n      <div class=\"article-image\">\n        <img loading=\"lazy\" decoding=\"async\" width=\"480\" height=\"300\" src=\"https:\/\/pb.edu.pl\/niesamowitamaszyna\/wp-content\/uploads\/sites\/25\/2025\/10\/2024-10_niesamowita-maszyna_VII-edycja_ogolna_www-kopia-480x300.jpg\" class=\"attachment-medium-image-16x10 size-medium-image-16x10 wp-post-image\" alt=\"\" srcset=\"https:\/\/pb.edu.pl\/niesamowitamaszyna\/wp-content\/uploads\/sites\/25\/2025\/10\/2024-10_niesamowita-maszyna_VII-edycja_ogolna_www-kopia-480x300.jpg 480w, https:\/\/pb.edu.pl\/niesamowitamaszyna\/wp-content\/uploads\/sites\/25\/2025\/10\/2024-10_niesamowita-maszyna_VII-edycja_ogolna_www-kopia-300x188.jpg 300w, https:\/\/pb.edu.pl\/niesamowitamaszyna\/wp-content\/uploads\/sites\/25\/2025\/10\/2024-10_niesamowita-maszyna_VII-edycja_ogolna_www-kopia-1024x640.jpg 1024w, https:\/\/pb.edu.pl\/niesamowitamaszyna\/wp-content\/uploads\/sites\/25\/2025\/10\/2024-10_niesamowita-maszyna_VII-edycja_ogolna_www-kopia-768x480.jpg 768w, https:\/\/pb.edu.pl\/niesamowitamaszyna\/wp-content\/uploads\/sites\/25\/2025\/10\/2024-10_niesamowita-maszyna_VII-edycja_ogolna_www-kopia-1536x960.jpg 1536w, https:\/\/pb.edu.pl\/niesamowitamaszyna\/wp-content\/uploads\/sites\/25\/2025\/10\/2024-10_niesamowita-maszyna_VII-edycja_ogolna_www-kopia-2048x1280.jpg 2048w\" sizes=\"auto, (max-width: 480px) 100vw, 480px\" \/>      <\/div>\n      <h3>Niesamowita Maszyna 2026 - VIII konkurs o indeks<\/h3>\n      G\u0142\u00f3wna wygrana to 5 000 z\u0142 oraz indeksy na wybrane wydzia\u0142y    <\/a>\n<\/article>\t\t\t\t\t\t<\/div>\n\t\t\t\t\t\n\t\t\t\t\n\t\t\t\t\t<\/div>\n\t\t\t\t\t<\/div>\n\n&nbsp;<\/p>\n<div id=\"box-menu\" class=\"href\">&nbsp;<\/div>\n<div class=\"row\">\n<div class=\"col-sm-4\">\n<div class=\"button maszyna image\"><a href=\"\/niesamowitamaszyna\/o-konkursie\/\"><img loading=\"lazy\" decoding=\"async\" width=\"560\" height=\"126\" class=\"aligncenter size-full wp-image-64\" src=\"https:\/\/pb.edu.pl\/niesamowitamaszyna\/wp-content\/uploads\/sites\/25\/2018\/12\/box_o_konkursie.png\" alt=\"ikona \u017car\u00f3wka\" srcset=\"https:\/\/pb.edu.pl\/niesamowitamaszyna\/wp-content\/uploads\/sites\/25\/2018\/12\/box_o_konkursie.png 560w, https:\/\/pb.edu.pl\/niesamowitamaszyna\/wp-content\/uploads\/sites\/25\/2018\/12\/box_o_konkursie-300x68.png 300w\" sizes=\"auto, (max-width: 560px) 100vw, 560px\" \/><img decoding=\"async\" class=\"aligncenter size-full wp-image-64\" src=\"https:\/\/pb.edu.pl\/niesamowitamaszyna\/wp-content\/uploads\/sites\/25\/2018\/12\/box_o_konkursie_w.png\" alt=\"O konkursie\"><\/a><\/div>\n<\/div>\n<div class=\"col-sm-4\">\n<div class=\"button maszyna image\"><a href=\"\/niesamowitamaszyna\/nagrody\/\"><img loading=\"lazy\" decoding=\"async\" class=\"aligncenter size-full wp-image-63\" src=\"https:\/\/pb.edu.pl\/niesamowitamaszyna\/wp-content\/uploads\/sites\/25\/2018\/12\/box_nagrody.png\" alt=\"ikona klocek\" width=\"560\" height=\"126\" srcset=\"https:\/\/pb.edu.pl\/niesamowitamaszyna\/wp-content\/uploads\/sites\/25\/2018\/12\/box_nagrody.png 560w, https:\/\/pb.edu.pl\/niesamowitamaszyna\/wp-content\/uploads\/sites\/25\/2018\/12\/box_nagrody-300x68.png 300w\" sizes=\"auto, (max-width: 560px) 100vw, 560px\" \/><img loading=\"lazy\" decoding=\"async\" class=\"aligncenter size-full wp-image-63\" src=\"https:\/\/pb.edu.pl\/niesamowitamaszyna\/wp-content\/uploads\/sites\/25\/2018\/12\/box_nagrody_w.png\" alt=\"Nagrody\" width=\"560\" height=\"126\"><\/a><\/div>\n<\/div>\n<div class=\"col-sm-4\">\n<div class=\"button maszyna image\"><a href=\"\/niesamowitamaszyna\/patronaty\/\"><img loading=\"lazy\" decoding=\"async\" class=\"aligncenter size-full wp-image-67\" src=\"https:\/\/pb.edu.pl\/niesamowitamaszyna\/wp-content\/uploads\/sites\/25\/2018\/12\/box_patronaty.png\" alt=\"ikona rakieta i ko\u0142a z\u0119bate\" width=\"560\" height=\"126\" srcset=\"https:\/\/pb.edu.pl\/niesamowitamaszyna\/wp-content\/uploads\/sites\/25\/2018\/12\/box_patronaty.png 560w, https:\/\/pb.edu.pl\/niesamowitamaszyna\/wp-content\/uploads\/sites\/25\/2018\/12\/box_patronaty-300x68.png 300w\" sizes=\"auto, (max-width: 560px) 100vw, 560px\" \/><img loading=\"lazy\" decoding=\"async\" class=\"aligncenter size-full wp-image-67\" src=\"https:\/\/pb.edu.pl\/niesamowitamaszyna\/wp-content\/uploads\/sites\/25\/2018\/12\/box_patronaty_w.png\" alt=\"Patronaty\" width=\"560\" height=\"126\"><\/a><\/div>\n<\/div>\n<\/div>\n<p>&nbsp;<\/p>\n<div class=\"row\">\n<div class=\"col-sm-2\">&nbsp;<\/div>\n<div class=\"col-sm-4\">\n<div class=\"button maszyna image\"><a href=\"\/niesamowitamaszyna\/regulaminy\/\"><img loading=\"lazy\" decoding=\"async\" class=\"aligncenter size-full wp-image-68\" src=\"https:\/\/pb.edu.pl\/niesamowitamaszyna\/wp-content\/uploads\/sites\/25\/2018\/12\/box_regulaminy.png\" alt=\"ikona rura\" width=\"560\" height=\"126\" srcset=\"https:\/\/pb.edu.pl\/niesamowitamaszyna\/wp-content\/uploads\/sites\/25\/2018\/12\/box_regulaminy.png 560w, https:\/\/pb.edu.pl\/niesamowitamaszyna\/wp-content\/uploads\/sites\/25\/2018\/12\/box_regulaminy-300x68.png 300w\" sizes=\"auto, (max-width: 560px) 100vw, 560px\" \/><img loading=\"lazy\" decoding=\"async\" class=\"aligncenter size-full wp-image-68\" src=\"https:\/\/pb.edu.pl\/niesamowitamaszyna\/wp-content\/uploads\/sites\/25\/2018\/12\/box_regulaminy_w.png\" alt=\"Regulaminy\" width=\"560\" height=\"126\"><\/a><\/div>\n<\/div>\n<div class=\"col-sm-4\">\n<div class=\"button maszyna image\"><a href=\"\/niesamowitamaszyna\/kontakt\/\"><img loading=\"lazy\" decoding=\"async\" class=\"aligncenter size-full wp-image-68\" src=\"https:\/\/pb.edu.pl\/niesamowitamaszyna\/wp-content\/uploads\/sites\/25\/2018\/12\/box_kontakt.png\" alt=\"ikona robot\" width=\"560\" height=\"126\"><img loading=\"lazy\" decoding=\"async\" class=\"aligncenter size-full wp-image-68\" src=\"https:\/\/pb.edu.pl\/niesamowitamaszyna\/wp-content\/uploads\/sites\/25\/2018\/12\/box_kontakt_w.png\" alt=\"Kontakt\" width=\"560\" height=\"126\"><\/a><\/div>\n<\/div>\n<div class=\"col-sm-2\">&nbsp;<\/div>\n<\/div>\n<p>&nbsp;<\/p>\n<p>&nbsp;<\/p>\n<p><img loading=\"lazy\" decoding=\"async\" class=\"size-full wp-image-1722 aligncenter\" src=\"https:\/\/pb.edu.pl\/niesamowitamaszyna\/wp-content\/uploads\/sites\/25\/2026\/01\/Niesamowita-maszyna-PB-patronat-medialny-2026.png\" alt=\"\" width=\"1171\" height=\"83\" srcset=\"https:\/\/pb.edu.pl\/niesamowitamaszyna\/wp-content\/uploads\/sites\/25\/2026\/01\/Niesamowita-maszyna-PB-patronat-medialny-2026.png 1171w, https:\/\/pb.edu.pl\/niesamowitamaszyna\/wp-content\/uploads\/sites\/25\/2026\/01\/Niesamowita-maszyna-PB-patronat-medialny-2026-300x21.png 300w, https:\/\/pb.edu.pl\/niesamowitamaszyna\/wp-content\/uploads\/sites\/25\/2026\/01\/Niesamowita-maszyna-PB-patronat-medialny-2026-1024x73.png 1024w, https:\/\/pb.edu.pl\/niesamowitamaszyna\/wp-content\/uploads\/sites\/25\/2026\/01\/Niesamowita-maszyna-PB-patronat-medialny-2026-768x54.png 768w\" sizes=\"auto, (max-width: 1171px) 100vw, 1171px\" \/><\/p>\n<div class=\"h1 text-center\" style=\"font-weight: 500;color: #0064af;font-size: 5rem\">Odwa\u017cysz si\u0119 do nas do\u0142\u0105czy\u0107?<\/div>\n<p>&nbsp;<\/p>\n<div class=\"row\">\n<div class=\"col-sm-4\">\n<div class=\"embed-responsive embed-responsive-16by9\"><iframe loading=\"lazy\" title=\"Maszyna PB - zobacz dzie\u0142o student\u00f3w i pracownik\u00f3w\" width=\"500\" height=\"281\" src=\"https:\/\/www.youtube.com\/embed\/tXzt-PKipe4?feature=oembed\" frameborder=\"0\" allow=\"accelerometer; autoplay; clipboard-write; encrypted-media; gyroscope; picture-in-picture; web-share\" referrerpolicy=\"strict-origin-when-cross-origin\" allowfullscreen><\/iframe><\/div>\n<\/div>\n<div class=\"col-sm-4\">\n<div class=\"embed-responsive embed-responsive-16by9\"><iframe loading=\"lazy\" title=\"&quot;Maszyna PB - making of&quot; czyli jak powstawa\u0142a Maszyna Politechniki Bia\u0142ostockiej\" width=\"500\" height=\"281\" src=\"https:\/\/www.youtube.com\/embed\/280Kaj3IYfU?feature=oembed\" frameborder=\"0\" allow=\"accelerometer; autoplay; clipboard-write; encrypted-media; gyroscope; picture-in-picture; web-share\" referrerpolicy=\"strict-origin-when-cross-origin\" allowfullscreen><\/iframe><\/div>\n<\/div>\n<div class=\"col-sm-4\">\n<div class=\"embed-responsive embed-responsive-16by9\"><iframe loading=\"lazy\" title=\"Konkurs Niesamowita Maszyna PB 2023. Jak z wyzwaniem poradzili sobie uczniowie z Moniek?\" width=\"500\" height=\"281\" src=\"https:\/\/www.youtube.com\/embed\/4B8FkwfuIoc?feature=oembed\" frameborder=\"0\" allow=\"accelerometer; autoplay; clipboard-write; encrypted-media; gyroscope; picture-in-picture; web-share\" referrerpolicy=\"strict-origin-when-cross-origin\" allowfullscreen><\/iframe><\/div>\n<\/div>\n<\/div>\n<p>&nbsp;<\/p>\n<div class=\"row\">\n<div class=\"col-sm-4\">\n<div class=\"embed-responsive embed-responsive-16by9\"><iframe loading=\"lazy\" title=\"Konkurs Niesamowita Maszyna Politechniki Bia\u0142ostockiej 2023. Na czym polega rywalizacja?\" width=\"500\" height=\"281\" src=\"https:\/\/www.youtube.com\/embed\/wK2gL5hpnl4?feature=oembed\" frameborder=\"0\" allow=\"accelerometer; autoplay; clipboard-write; encrypted-media; gyroscope; picture-in-picture; web-share\" referrerpolicy=\"strict-origin-when-cross-origin\" allowfullscreen><\/iframe><\/div>\n<\/div>\n<div class=\"col-sm-4\">\n<div class=\"embed-responsive embed-responsive-16by9\"><iframe loading=\"lazy\" title=\"Konkurs Niesamowita Maszyna Politechniki Bia\u0142ostockiej 2023. Miejsce trzecie!\" width=\"500\" height=\"281\" src=\"https:\/\/www.youtube.com\/embed\/LGPKMMaDtIM?feature=oembed\" frameborder=\"0\" allow=\"accelerometer; autoplay; clipboard-write; encrypted-media; gyroscope; picture-in-picture; web-share\" referrerpolicy=\"strict-origin-when-cross-origin\" allowfullscreen><\/iframe><\/div>\n<\/div>\n<div class=\"col-sm-4\">\n<div class=\"embed-responsive embed-responsive-16by9\"><iframe loading=\"lazy\" title=\"Konkurs Niesamowita Maszyna Politechniki Bia\u0142ostockiej 2023. Miejsce drugie!\" width=\"500\" height=\"281\" src=\"https:\/\/www.youtube.com\/embed\/ZdUwE583QDk?feature=oembed\" frameborder=\"0\" allow=\"accelerometer; autoplay; clipboard-write; encrypted-media; gyroscope; picture-in-picture; web-share\" referrerpolicy=\"strict-origin-when-cross-origin\" allowfullscreen><\/iframe><\/div>\n<\/div>\n<\/div>\n<p>&nbsp;<\/p>\n<div class=\"row\">\n<div class=\"col-sm-4\">\n<div class=\"embed-responsive embed-responsive-16by9\"><iframe loading=\"lazy\" title=\"Wygrali konkurs Niesamowita Maszyna Politechniki Bia\u0142ostockiej 2023 i uczcili urodziny Kopernika!\" width=\"500\" height=\"281\" src=\"https:\/\/www.youtube.com\/embed\/-CXThH6BBBg?feature=oembed\" frameborder=\"0\" allow=\"accelerometer; autoplay; clipboard-write; encrypted-media; gyroscope; picture-in-picture; web-share\" referrerpolicy=\"strict-origin-when-cross-origin\" allowfullscreen><\/iframe><\/div>\n<\/div>\n<div class=\"col-sm-4\">\n<div class=\"embed-responsive embed-responsive-16by9\"><iframe loading=\"lazy\" title=\"Fina\u0142 V edycji konkursu Niesamowita Maszyna\" width=\"500\" height=\"281\" src=\"https:\/\/www.youtube.com\/embed\/O0KOivRMxaU?feature=oembed\" frameborder=\"0\" allow=\"accelerometer; autoplay; clipboard-write; encrypted-media; gyroscope; picture-in-picture; web-share\" referrerpolicy=\"strict-origin-when-cross-origin\" allowfullscreen><\/iframe><\/div>\n<\/div>\n<div class=\"col-sm-4\">\n<div class=\"embed-responsive embed-responsive-16by9\"><iframe loading=\"lazy\" title=\"Filip Kisiel wygra\u0142 indeks na Wydzia\u0142 Mechaniczny w konkursie Niesamowita Maszyna 2023\" width=\"500\" height=\"281\" src=\"https:\/\/www.youtube.com\/embed\/WPpewdsgChs?feature=oembed\" frameborder=\"0\" allow=\"accelerometer; autoplay; clipboard-write; encrypted-media; gyroscope; picture-in-picture; web-share\" referrerpolicy=\"strict-origin-when-cross-origin\" allowfullscreen><\/iframe><\/div>\n<\/div>\n<\/div>\n<p>&nbsp;<\/p>\n<div class=\"row\">\n<div class=\"col-sm-6\">\n<div class=\"embed-responsive embed-responsive-16by9\"><iframe loading=\"lazy\" title=\"Tymoteusz Biziuk, student Wydzia\u0142u Informatyki, wygra\u0142 konkurs Niesamowita Maszyna 2023\" width=\"500\" height=\"281\" src=\"https:\/\/www.youtube.com\/embed\/ab9JchN5zFw?feature=oembed\" frameborder=\"0\" allow=\"accelerometer; autoplay; clipboard-write; encrypted-media; gyroscope; picture-in-picture; web-share\" referrerpolicy=\"strict-origin-when-cross-origin\" allowfullscreen><\/iframe><\/div>\n<\/div>\n<div class=\"col-sm-6\">\n<div class=\"embed-responsive embed-responsive-16by9\"><iframe loading=\"lazy\" title=\"Niesamowita Maszyna przepustk\u0105 na Wydzia\u0142 Mechaniczny Politechniki Bia\u0142ostockiej\" width=\"500\" height=\"281\" src=\"https:\/\/www.youtube.com\/embed\/FHQLKwO5siE?feature=oembed\" frameborder=\"0\" allow=\"accelerometer; autoplay; clipboard-write; encrypted-media; gyroscope; picture-in-picture; web-share\" referrerpolicy=\"strict-origin-when-cross-origin\" allowfullscreen><\/iframe><\/div>\n<\/div>\n<\/div>\n<div class=\"h1\" style=\"font-weight: 500;color: #0064af\">IV edycja Konkursu Niesamowita Maszyna<\/div>\n<div id=\"more\" class=\"collapse\">\n<div class=\"row\">\n<div class=\"col-sm-3\">\n<div class=\"embed-responsive embed-responsive-16by9\"><iframe loading=\"lazy\" title=\"Fina\u0142 4. edycji Niesamowitej Maszyny!\" width=\"500\" height=\"281\" src=\"https:\/\/www.youtube.com\/embed\/cJvWiJD3beU?feature=oembed\" frameborder=\"0\" allow=\"accelerometer; autoplay; clipboard-write; encrypted-media; gyroscope; picture-in-picture; web-share\" referrerpolicy=\"strict-origin-when-cross-origin\" allowfullscreen><\/iframe><\/div>\n<\/div>\n<div class=\"col-sm-3\">\n<div class=\"embed-responsive embed-responsive-16by9\"><iframe loading=\"lazy\" title=\"Pomys\u0142, kt\u00f3ry oszo\u0142omi\u0142 jury! Laureatki I. edycji Niesamowitej Maszyny Politechniki Bia\u0142ostockiej!\" width=\"500\" height=\"281\" src=\"https:\/\/www.youtube.com\/embed\/2O-FmPGMa10?feature=oembed\" frameborder=\"0\" allow=\"accelerometer; autoplay; clipboard-write; encrypted-media; gyroscope; picture-in-picture; web-share\" referrerpolicy=\"strict-origin-when-cross-origin\" allowfullscreen><\/iframe><\/div>\n<\/div>\n<div class=\"col-sm-3\">\n<div class=\"embed-responsive embed-responsive-16by9\"><iframe loading=\"lazy\" title=\"Uwolnij kreatywno\u015b\u0107! Laureaci II. edycji konkursu Niesamowita Maszyna Politechniki Bia\u0142ostockiej\" width=\"500\" height=\"281\" src=\"https:\/\/www.youtube.com\/embed\/lrc8uTXAtFY?feature=oembed\" frameborder=\"0\" allow=\"accelerometer; autoplay; clipboard-write; encrypted-media; gyroscope; picture-in-picture; web-share\" referrerpolicy=\"strict-origin-when-cross-origin\" allowfullscreen><\/iframe><\/div>\n<\/div>\n<div class=\"col-sm-3\">\n<div class=\"embed-responsive embed-responsive-16by9\"><iframe loading=\"lazy\" title=\"Nagrali filmik w gara\u017cu i wygrali. Laureaci Niesamowitej Maszyny Politechniki Bia\u0142ostockiej\" width=\"500\" height=\"281\" src=\"https:\/\/www.youtube.com\/embed\/ZJEngMvxbbE?feature=oembed\" frameborder=\"0\" allow=\"accelerometer; autoplay; clipboard-write; encrypted-media; gyroscope; picture-in-picture; web-share\" referrerpolicy=\"strict-origin-when-cross-origin\" allowfullscreen><\/iframe><\/div>\n<\/div>\n<\/div>\n<p>&nbsp;<\/p>\n<div class=\"row\">\n<div class=\"col-sm-4\">\n<div class=\"embed-responsive embed-responsive-16by9\"><iframe loading=\"lazy\" title=\"Fina\u0142 4. edycji Niesamowitej Maszyny! Miejsce I\" width=\"500\" height=\"281\" src=\"https:\/\/www.youtube.com\/embed\/_ABHmykCBhU?feature=oembed\" frameborder=\"0\" allow=\"accelerometer; autoplay; clipboard-write; encrypted-media; gyroscope; picture-in-picture; web-share\" referrerpolicy=\"strict-origin-when-cross-origin\" allowfullscreen><\/iframe><\/div>\n<\/div>\n<div class=\"col-sm-4\">\n<div class=\"embed-responsive embed-responsive-16by9\"><iframe loading=\"lazy\" title=\"Fina\u0142 4. edycji Niesamowitej Maszyny! Miejsce II\" width=\"500\" height=\"281\" src=\"https:\/\/www.youtube.com\/embed\/Rn5nCyoC_0Y?feature=oembed\" frameborder=\"0\" allow=\"accelerometer; autoplay; clipboard-write; encrypted-media; gyroscope; picture-in-picture; web-share\" referrerpolicy=\"strict-origin-when-cross-origin\" allowfullscreen><\/iframe><\/div>\n<\/div>\n<div class=\"col-sm-4\">\n<div class=\"embed-responsive embed-responsive-16by9\"><iframe loading=\"lazy\" title=\"Fina\u0142 4. edycji Niesamowitej Maszyny! Miejsce III\" width=\"500\" height=\"281\" src=\"https:\/\/www.youtube.com\/embed\/-dKL1Mmgcuk?feature=oembed\" frameborder=\"0\" allow=\"accelerometer; autoplay; clipboard-write; encrypted-media; gyroscope; picture-in-picture; web-share\" referrerpolicy=\"strict-origin-when-cross-origin\" allowfullscreen><\/iframe><\/div>\n<\/div>\n<\/div>\n<p>&nbsp;<\/p>\n<\/div>\n<p><a class=\"link\" role=\"button\" href=\"#more\" data-toggle=\"collapse\"><span class=\"more\">wi\u0119cej<\/span><span class=\"less\">mniej<\/span><\/a><\/p>\n","protected":false},"excerpt":{"rendered":"<p>&nbsp; &nbsp; &nbsp; &nbsp; &nbsp; &nbsp; &nbsp; &nbsp; &nbsp; Odwa\u017cysz si\u0119 do nas do\u0142\u0105czy\u0107? &nbsp;<\/p>\n","protected":false},"author":2,"featured_media":29,"parent":0,"menu_order":0,"comment_status":"closed","ping_status":"closed","template":"templates\/reprezentacyjna-4_8.php","meta":{"_acf_changed":false,"ngg_post_thumbnail":0,"footnotes":""},"class_list":["post-12","page","type-page","status-publish","has-post-thumbnail","hentry"],"acf":[],"_links":{"self":[{"href":"https:\/\/pb.edu.pl\/niesamowitamaszyna\/wp-json\/wp\/v2\/pages\/12","targetHints":{"allow":["GET"]}}],"collection":[{"href":"https:\/\/pb.edu.pl\/niesamowitamaszyna\/wp-json\/wp\/v2\/pages"}],"about":[{"href":"https:\/\/pb.edu.pl\/niesamowitamaszyna\/wp-json\/wp\/v2\/types\/page"}],"author":[{"embeddable":true,"href":"https:\/\/pb.edu.pl\/niesamowitamaszyna\/wp-json\/wp\/v2\/users\/2"}],"replies":[{"embeddable":true,"href":"https:\/\/pb.edu.pl\/niesamowitamaszyna\/wp-json\/wp\/v2\/comments?post=12"}],"version-history":[{"count":2,"href":"https:\/\/pb.edu.pl\/niesamowitamaszyna\/wp-json\/wp\/v2\/pages\/12\/revisions"}],"predecessor-version":[{"id":1741,"href":"https:\/\/pb.edu.pl\/niesamowitamaszyna\/wp-json\/wp\/v2\/pages\/12\/revisions\/1741"}],"wp:featuredmedia":[{"embeddable":true,"href":"https:\/\/pb.edu.pl\/niesamowitamaszyna\/wp-json\/wp\/v2\/media\/29"}],"wp:attachment":[{"href":"https:\/\/pb.edu.pl\/niesamowitamaszyna\/wp-json\/wp\/v2\/media?parent=12"}],"curies":[{"name":"wp","href":"https:\/\/api.w.org\/{rel}","templated":true}]}}