{"id":2201,"date":"2024-03-15T11:15:54","date_gmt":"2024-03-15T10:15:54","guid":{"rendered":"https:\/\/pb.edu.pl\/mzbo\/?page_id=2201"},"modified":"2024-03-29T10:07:28","modified_gmt":"2024-03-29T09:07:28","slug":"program-konferencji","status":"publish","type":"page","link":"https:\/\/pb.edu.pl\/mzbo\/program-konferencji\/","title":{"rendered":"Program Konferencji"},"content":{"rendered":"<p>Zach\u0119camy Pa\u0144stwa do zapoznania si\u0119 z najnowsz\u0105 wersj\u0105 <a title=\"otworzy si\u0119 w nowej karcie\" href=\"https:\/\/pb.edu.pl\/mzbo\/wp-content\/uploads\/sites\/126\/2024\/03\/Program_wersja-15.10.pdf\" target=\"_blank\" rel=\"noopener\">programu (PDF, 302KB, otworzy si\u0119 w nowej karcie)<\/a><\/p>\n","protected":false},"excerpt":{"rendered":"<p>Zach\u0119camy Pa\u0144stwa do zapoznania si\u0119 z najnowsz\u0105 wersj\u0105 programu (PDF, 302KB, otworzy si\u0119 w nowej<\/p>\n","protected":false},"author":161,"featured_media":0,"parent":0,"menu_order":0,"comment_status":"closed","ping_status":"closed","template":"","meta":{"_acf_changed":false,"ngg_post_thumbnail":0,"footnotes":""},"class_list":["post-2201","page","type-page","status-publish","hentry"],"acf":[],"_links":{"self":[{"href":"https:\/\/pb.edu.pl\/mzbo\/wp-json\/wp\/v2\/pages\/2201","targetHints":{"allow":["GET"]}}],"collection":[{"href":"https:\/\/pb.edu.pl\/mzbo\/wp-json\/wp\/v2\/pages"}],"about":[{"href":"https:\/\/pb.edu.pl\/mzbo\/wp-json\/wp\/v2\/types\/page"}],"author":[{"embeddable":true,"href":"https:\/\/pb.edu.pl\/mzbo\/wp-json\/wp\/v2\/users\/161"}],"replies":[{"embeddable":true,"href":"https:\/\/pb.edu.pl\/mzbo\/wp-json\/wp\/v2\/comments?post=2201"}],"version-history":[{"count":0,"href":"https:\/\/pb.edu.pl\/mzbo\/wp-json\/wp\/v2\/pages\/2201\/revisions"}],"wp:attachment":[{"href":"https:\/\/pb.edu.pl\/mzbo\/wp-json\/wp\/v2\/media?parent=2201"}],"curies":[{"name":"wp","href":"https:\/\/api.w.org\/{rel}","templated":true}]}}