{"id":2164,"date":"2024-03-15T10:33:14","date_gmt":"2024-03-15T09:33:14","guid":{"rendered":"https:\/\/pb.edu.pl\/mzbo\/?page_id=2164"},"modified":"2024-03-15T10:33:14","modified_gmt":"2024-03-15T09:33:14","slug":"konkurs-na-najlepszy-referat-konferencji-mzbo-2023","status":"publish","type":"page","link":"https:\/\/pb.edu.pl\/mzbo\/konkurs-na-najlepszy-referat-konferencji-mzbo-2023\/","title":{"rendered":"Konkurs na najlepszy referat konferencji MZBO 2023"},"content":{"rendered":"<h4>Zgodnie z kilkuletni\u0105 tradycj\u0105 konferencji MZBO organizatorzy przewiduj\u0105 Konkurs na najlepszy referat w ramach XLI konferencji \u201eMetody i Zastosowania Bada\u0144 Operacyjnych&nbsp; im. Profesora W\u0142adys\u0142awa Bukiety\u0144skiego\u201d.<\/h4>\n<ul>\n<li>Organizatorem Konkursu jest Wydzia\u0142 Informatyki Politechniki Bia\u0142ostockiej.<\/li>\n<li>W Konkursie bior\u0105 udzia\u0142 wszystkie zg\u0142oszone do konkursu przez autora\/autor\u00f3w w formularzu rejestracyjnym referaty prezentowane i wyg\u0142aszane w j\u0119zyku polskim na sesjach naukowych.<\/li>\n<li>Autorzy referat\u00f3w, kt\u00f3rzy zrezygnuj\u0105 z udzia\u0142u w Konkursie proszeni s\u0105 o poinformowanie o tym Organizatora przed rozpocz\u0119ciem obrad.<\/li>\n<li>Organizatorzy przewiduj\u0105 dla laureat\u00f3w Konkursu b\u0119d\u0105cych uczestnikami konferencji jedn\u0105 nagrod\u0119 g\u0142\u00f3wn\u0105 oraz dwa wyr\u00f3\u017cnienia.<\/li>\n<li>W celu zapewnienia prawid\u0142owego przebiegu Konkursu, a w szczeg\u00f3lno\u015bci w celu dokonania oceny referat\u00f3w oraz wy\u0142onienia laureat\u00f3w, Organizator powo\u0142a Kapitu\u0142\u0119 Konkursu z\u0142o\u017con\u0105 z pi\u0119ciu ekspert\u00f3w.<\/li>\n<li>Ka\u017cde wyst\u0105pienie bior\u0105ce udzia\u0142 w konkursie zostanie ocenione przez co najmniej dw\u00f3ch niezale\u017cnych ekspert\u00f3w w zakresie poziomu merytorycznego, aktualno\u015bci problematyki, innowacyjno\u015bci problematyki oraz jako\u015bci prezentacji.<\/li>\n<li>Uroczyste og\u0142oszenie wynik\u00f3w i wr\u0119czenie nagr\u00f3d laureatom odb\u0119dzie si\u0119 podczas zako\u0144czenia konferencji.<\/li>\n<\/ul>\n","protected":false},"excerpt":{"rendered":"<p>Zgodnie z kilkuletni\u0105 tradycj\u0105 konferencji MZBO organizatorzy przewiduj\u0105 Konkurs na najlepszy referat w ramach XLI<\/p>\n","protected":false},"author":161,"featured_media":0,"parent":0,"menu_order":0,"comment_status":"closed","ping_status":"closed","template":"","meta":{"_acf_changed":false,"ngg_post_thumbnail":0,"footnotes":""},"class_list":["post-2164","page","type-page","status-publish","hentry"],"acf":[],"_links":{"self":[{"href":"https:\/\/pb.edu.pl\/mzbo\/wp-json\/wp\/v2\/pages\/2164","targetHints":{"allow":["GET"]}}],"collection":[{"href":"https:\/\/pb.edu.pl\/mzbo\/wp-json\/wp\/v2\/pages"}],"about":[{"href":"https:\/\/pb.edu.pl\/mzbo\/wp-json\/wp\/v2\/types\/page"}],"author":[{"embeddable":true,"href":"https:\/\/pb.edu.pl\/mzbo\/wp-json\/wp\/v2\/users\/161"}],"replies":[{"embeddable":true,"href":"https:\/\/pb.edu.pl\/mzbo\/wp-json\/wp\/v2\/comments?post=2164"}],"version-history":[{"count":0,"href":"https:\/\/pb.edu.pl\/mzbo\/wp-json\/wp\/v2\/pages\/2164\/revisions"}],"wp:attachment":[{"href":"https:\/\/pb.edu.pl\/mzbo\/wp-json\/wp\/v2\/media?parent=2164"}],"curies":[{"name":"wp","href":"https:\/\/api.w.org\/{rel}","templated":true}]}}