{"id":2162,"date":"2024-03-15T10:32:48","date_gmt":"2024-03-15T09:32:48","guid":{"rendered":"https:\/\/pb.edu.pl\/mzbo\/?page_id=2162"},"modified":"2024-03-22T13:41:27","modified_gmt":"2024-03-22T12:41:27","slug":"tematyka","status":"publish","type":"page","link":"https:\/\/pb.edu.pl\/mzbo\/tematyka\/","title":{"rendered":"Tematyka"},"content":{"rendered":"<div class=\"entry-content\">\n<h4>Tematyka konferencji obejmuje zagadnienia matematycznego modelowania problem\u00f3w decyzyjnych, teoretycznych i aplikacyjnych aspekt\u00f3w bada\u0144 operacyjnych, w tym min:<\/h4>\n<ul>\n<li>klasyczne metody bada\u0144 operacyjnych,<\/li>\n<li>mi\u0119kkie i behawioralne badania operacyjne,<\/li>\n<li>systemy wspomagania decyzji i systemy eksperckie,<\/li>\n<li>modele optymalizacyjne,<\/li>\n<li>wielokryterialne wspomaganie decyzji,<\/li>\n<li>data science i data mining,<\/li>\n<li>sztuczn\u0105 inteligencj\u0119 i sieci neuronowe,<\/li>\n<li>algorytmy ewolucyjne, systemy rozmyte,<\/li>\n<li>zastosowania bada\u0144 operacyjnych,<\/li>\n<li>i inne powi\u0105zane tematy.<\/li>\n<\/ul>\n<p>&nbsp;<\/p>\n<p><a class=\"h4\" href=\"https:\/\/mzbo.ue.katowice.pl\/historia-konferencji\/\">Historia konferencji<\/a><\/p>\n<p>&nbsp;<\/p>\n<p><a class=\"h4\" href=\"http:\/\/kbo.ue.wroc.pl\/index.php?option=com_content&amp;view=article&amp;id=4&amp;Itemid=18\">Informacja o Profesorze W\u0142adys\u0142awie Zygmuncie Bukiety\u0144skim<\/a><\/p>\n<\/div>\n<footer class=\"zak-entry-footer\"><span class=\"edit-link\"><a class=\"post-edit-link\" href=\"https:\/\/mzbo2023.wi.pb.edu.pl\/wp-admin\/post.php?post=87&amp;action=edit\">Edytuj<\/a><\/span><\/footer>\n","protected":false},"excerpt":{"rendered":"<p>Tematyka konferencji obejmuje zagadnienia matematycznego modelowania problem\u00f3w decyzyjnych, teoretycznych i aplikacyjnych aspekt\u00f3w bada\u0144 operacyjnych, w<\/p>\n","protected":false},"author":161,"featured_media":0,"parent":0,"menu_order":0,"comment_status":"closed","ping_status":"closed","template":"","meta":{"_acf_changed":false,"ngg_post_thumbnail":0,"footnotes":""},"class_list":["post-2162","page","type-page","status-publish","hentry"],"acf":[],"_links":{"self":[{"href":"https:\/\/pb.edu.pl\/mzbo\/wp-json\/wp\/v2\/pages\/2162","targetHints":{"allow":["GET"]}}],"collection":[{"href":"https:\/\/pb.edu.pl\/mzbo\/wp-json\/wp\/v2\/pages"}],"about":[{"href":"https:\/\/pb.edu.pl\/mzbo\/wp-json\/wp\/v2\/types\/page"}],"author":[{"embeddable":true,"href":"https:\/\/pb.edu.pl\/mzbo\/wp-json\/wp\/v2\/users\/161"}],"replies":[{"embeddable":true,"href":"https:\/\/pb.edu.pl\/mzbo\/wp-json\/wp\/v2\/comments?post=2162"}],"version-history":[{"count":0,"href":"https:\/\/pb.edu.pl\/mzbo\/wp-json\/wp\/v2\/pages\/2162\/revisions"}],"wp:attachment":[{"href":"https:\/\/pb.edu.pl\/mzbo\/wp-json\/wp\/v2\/media?parent=2162"}],"curies":[{"name":"wp","href":"https:\/\/api.w.org\/{rel}","templated":true}]}}