{"id":2159,"date":"2024-03-15T10:32:21","date_gmt":"2024-03-15T09:32:21","guid":{"rendered":"https:\/\/pb.edu.pl\/mzbo\/?page_id=2159"},"modified":"2024-03-22T13:02:09","modified_gmt":"2024-03-22T12:02:09","slug":"publikacje","status":"publish","type":"page","link":"https:\/\/pb.edu.pl\/mzbo\/publikacje\/","title":{"rendered":"Publikacje"},"content":{"rendered":"<h5>Organizatorzy konferencji uzgodnili mo\u017cliwo\u015b\u0107 publikacji prac przedstawionych na konferencji MZBO 2023 w wydawnictwach angloj\u0119zycznych:<\/h5>\n<ul>\n<li><a href=\"https:\/\/ord.pwr.edu.pl\/\">Operation Reseach and Decision<\/a><\/li>\n<li><a href=\"https:\/\/www.empas.pb.edu.pl\/\">Engineering Management in Production and Services<\/a><\/li>\n<li><a href=\"https:\/\/sciendo.com\/journal\/FOLI.\">Folia Oeconomica Stetinensia<\/a><\/li>\n<li><a href=\"https:\/\/ps.stat.gov.pl\/\">Przegl\u0105d Statystyczny (Statistical Review)&nbsp;<\/a>&nbsp;<\/li>\n<li><a href=\"https:\/\/mcdm.ue.katowice.pl\/\">Multiple Criteria Decision Making<\/a><\/li>\n<\/ul>\n","protected":false},"excerpt":{"rendered":"<p>Organizatorzy konferencji uzgodnili mo\u017cliwo\u015b\u0107 publikacji prac przedstawionych na konferencji MZBO 2023 w wydawnictwach angloj\u0119zycznych: Operation<\/p>\n","protected":false},"author":161,"featured_media":0,"parent":0,"menu_order":0,"comment_status":"closed","ping_status":"closed","template":"","meta":{"_acf_changed":false,"ngg_post_thumbnail":0,"footnotes":""},"class_list":["post-2159","page","type-page","status-publish","hentry"],"acf":[],"_links":{"self":[{"href":"https:\/\/pb.edu.pl\/mzbo\/wp-json\/wp\/v2\/pages\/2159","targetHints":{"allow":["GET"]}}],"collection":[{"href":"https:\/\/pb.edu.pl\/mzbo\/wp-json\/wp\/v2\/pages"}],"about":[{"href":"https:\/\/pb.edu.pl\/mzbo\/wp-json\/wp\/v2\/types\/page"}],"author":[{"embeddable":true,"href":"https:\/\/pb.edu.pl\/mzbo\/wp-json\/wp\/v2\/users\/161"}],"replies":[{"embeddable":true,"href":"https:\/\/pb.edu.pl\/mzbo\/wp-json\/wp\/v2\/comments?post=2159"}],"version-history":[{"count":0,"href":"https:\/\/pb.edu.pl\/mzbo\/wp-json\/wp\/v2\/pages\/2159\/revisions"}],"wp:attachment":[{"href":"https:\/\/pb.edu.pl\/mzbo\/wp-json\/wp\/v2\/media?parent=2159"}],"curies":[{"name":"wp","href":"https:\/\/api.w.org\/{rel}","templated":true}]}}