{"id":2145,"date":"2024-03-15T10:25:51","date_gmt":"2024-03-15T09:25:51","guid":{"rendered":"https:\/\/pb.edu.pl\/mzbo\/?page_id=2145"},"modified":"2024-03-29T10:05:03","modified_gmt":"2024-03-29T09:05:03","slug":"komitet-organizacyjny","status":"publish","type":"page","link":"https:\/\/pb.edu.pl\/mzbo\/komitet-organizacyjny\/","title":{"rendered":"Komitet organizacyjny"},"content":{"rendered":"<h4>Organizator<\/h4>\n<p>Organizatorem XLI Og\u00f3lnopolskiej Konferencji im. Profesora W\u0142adys\u0142awa Bukiety\u0144skiego \u201e<em>Metody i zastosowania bada\u0144 operacyjnych<\/em>\u201d jest Polskie Towarzystwo Matematyczne Oddzia\u0142 Bia\u0142ostocki i Wydzia\u0142 Informatyki Politechniki Bia\u0142ostockiej.<\/p>\n<h4>Komitet Organizacyjny<\/h4>\n<table class=\"table table-bordered\" style=\"width: 100%;height: 114px\">\n<tbody>\n<tr style=\"height: 38px\">\n<td style=\"width: 36.4312%;height: 38px\">Marzena Filipowicz-Chomko<\/td>\n<td style=\"width: 32.1561%;height: 38px\">Politechnika Bia\u0142ostocka<\/td>\n<td style=\"width: 36.6171%;height: 38px\">Przewodnicz\u0105ca<\/td>\n<\/tr>\n<tr style=\"height: 38px\">\n<td style=\"width: 36.4312%;height: 38px\">Dariusz Kacprzak<\/td>\n<td style=\"width: 32.1561%;height: 38px\">Politechnika Bia\u0142ostocka<\/td>\n<td style=\"width: 36.6171%;height: 38px\">Sekretarz<\/td>\n<\/tr>\n<tr style=\"height: 38px\">\n<td style=\"width: 36.4312%;height: 38px\">Rafa\u0142 Korzi\u0144ski<\/td>\n<td style=\"width: 32.1561%;height: 38px\">Politechnika Bia\u0142ostocka<\/td>\n<td style=\"width: 10.4089%;height: 38px\">Cz\u0142onek<\/td>\n<\/tr>\n<\/tbody>\n<\/table>\n<h4>Kontakt:<\/h4>\n<p>Wydzia\u0142 Informatyki<br \/>\nPolitechnika Bia\u0142ostocka<br \/>\nul. Wiejska 45A<br \/>\n15-351 Bia\u0142ystok<\/p>\n<p>e-mail: mzbo23@pb.edu.pl<\/p>\n<p>&nbsp;<\/p>\n<h1>&nbsp;<\/h1>\n","protected":false},"excerpt":{"rendered":"<p>Organizator Organizatorem XLI Og\u00f3lnopolskiej Konferencji im. Profesora W\u0142adys\u0142awa Bukiety\u0144skiego \u201eMetody i zastosowania bada\u0144 operacyjnych\u201d jest<\/p>\n","protected":false},"author":161,"featured_media":0,"parent":0,"menu_order":0,"comment_status":"closed","ping_status":"closed","template":"","meta":{"_acf_changed":false,"ngg_post_thumbnail":0,"footnotes":""},"class_list":["post-2145","page","type-page","status-publish","hentry"],"acf":[],"_links":{"self":[{"href":"https:\/\/pb.edu.pl\/mzbo\/wp-json\/wp\/v2\/pages\/2145","targetHints":{"allow":["GET"]}}],"collection":[{"href":"https:\/\/pb.edu.pl\/mzbo\/wp-json\/wp\/v2\/pages"}],"about":[{"href":"https:\/\/pb.edu.pl\/mzbo\/wp-json\/wp\/v2\/types\/page"}],"author":[{"embeddable":true,"href":"https:\/\/pb.edu.pl\/mzbo\/wp-json\/wp\/v2\/users\/161"}],"replies":[{"embeddable":true,"href":"https:\/\/pb.edu.pl\/mzbo\/wp-json\/wp\/v2\/comments?post=2145"}],"version-history":[{"count":0,"href":"https:\/\/pb.edu.pl\/mzbo\/wp-json\/wp\/v2\/pages\/2145\/revisions"}],"wp:attachment":[{"href":"https:\/\/pb.edu.pl\/mzbo\/wp-json\/wp\/v2\/media?parent=2145"}],"curies":[{"name":"wp","href":"https:\/\/api.w.org\/{rel}","templated":true}]}}