{"id":2138,"date":"2024-03-15T10:24:11","date_gmt":"2024-03-15T09:24:11","guid":{"rendered":"https:\/\/pb.edu.pl\/mzbo\/?page_id=2138"},"modified":"2024-03-15T10:25:01","modified_gmt":"2024-03-15T09:25:01","slug":"terminy-i-oploaty","status":"publish","type":"page","link":"https:\/\/pb.edu.pl\/mzbo\/terminy-i-oploaty\/","title":{"rendered":"Terminy i op\u0142aty"},"content":{"rendered":"<h4>Wa\u017cne terminy:<\/h4>\n<table>\n<tbody>\n<tr>\n<td>Zg\u0142oszenie udzia\u0142u:<\/td>\n<td style=\"text-align: right\"><del><span style=\"color: #ff0000\">25.06.2023<\/span> <\/del>30.06.2023<del><br \/>\n<\/del><\/td>\n<\/tr>\n<tr>\n<td>Zg\u0142oszenie referatu i przes\u0142anie streszczenia:<\/td>\n<td style=\"text-align: right\"><span style=\"color: #ff0000\"><del>25.06.2023<\/del><\/span>30.06.2023<\/td>\n<\/tr>\n<tr>\n<td>Akceptacja referatu:<\/td>\n<td style=\"text-align: right\">1.07.2023<\/td>\n<\/tr>\n<tr>\n<td>Wniesienie op\u0142aty konferencyjnej:<\/td>\n<td style=\"text-align: right\">15.07.2023<\/td>\n<\/tr>\n<tr>\n<td>Konferencja:<\/td>\n<td style=\"text-align: right\">15-17.10.2023<\/td>\n<\/tr>\n<\/tbody>\n<\/table>\n<h4>Op\u0142ata konferencyjna:<\/h4>\n<p>Op\u0142ata konferencyjna wynosi 1650 z\u0142 i obejmuje koszt materia\u0142\u00f3w konferencyjnych, nocleg\u00f3w i wy\u017cywienia.<br \/>\nOp\u0142at\u0119 nale\u017cy wnie\u015b\u0107 na konto Polskiego Towarzystwa Matematycznego Oddzia\u0142 Bia\u0142ostocki.<br \/>\nNr konta: 47 1500 1777 1217 7009 1435 0000<br \/>\nOdbiorca:<br \/>\nPolskie Towarzystwo Matematyczne Oddzia\u0142 Bia\u0142ostocki<br \/>\nul. Konstantego Cio\u0142kowskiego 1M<br \/>\n15-245 Bia\u0142ystok<br \/>\nTytu\u0142em: MZBO 2023,<em> imi\u0119 i nazwisko uczestnika<\/em><\/p>\n","protected":false},"excerpt":{"rendered":"<p>Wa\u017cne terminy: Zg\u0142oszenie udzia\u0142u: 25.06.2023 30.06.2023 Zg\u0142oszenie referatu i przes\u0142anie streszczenia: 25.06.202330.06.2023 Akceptacja referatu: 1.07.2023<\/p>\n","protected":false},"author":161,"featured_media":0,"parent":0,"menu_order":0,"comment_status":"closed","ping_status":"closed","template":"","meta":{"_acf_changed":false,"ngg_post_thumbnail":0,"footnotes":""},"class_list":["post-2138","page","type-page","status-publish","hentry"],"acf":[],"_links":{"self":[{"href":"https:\/\/pb.edu.pl\/mzbo\/wp-json\/wp\/v2\/pages\/2138","targetHints":{"allow":["GET"]}}],"collection":[{"href":"https:\/\/pb.edu.pl\/mzbo\/wp-json\/wp\/v2\/pages"}],"about":[{"href":"https:\/\/pb.edu.pl\/mzbo\/wp-json\/wp\/v2\/types\/page"}],"author":[{"embeddable":true,"href":"https:\/\/pb.edu.pl\/mzbo\/wp-json\/wp\/v2\/users\/161"}],"replies":[{"embeddable":true,"href":"https:\/\/pb.edu.pl\/mzbo\/wp-json\/wp\/v2\/comments?post=2138"}],"version-history":[{"count":0,"href":"https:\/\/pb.edu.pl\/mzbo\/wp-json\/wp\/v2\/pages\/2138\/revisions"}],"wp:attachment":[{"href":"https:\/\/pb.edu.pl\/mzbo\/wp-json\/wp\/v2\/media?parent=2138"}],"curies":[{"name":"wp","href":"https:\/\/api.w.org\/{rel}","templated":true}]}}