{"id":2131,"date":"2024-03-15T10:17:17","date_gmt":"2024-03-15T09:17:17","guid":{"rendered":"https:\/\/pb.edu.pl\/mzbo\/?page_id=2131"},"modified":"2024-03-22T12:54:31","modified_gmt":"2024-03-22T11:54:31","slug":"atrakcje-turystyczne","status":"publish","type":"page","link":"https:\/\/pb.edu.pl\/mzbo\/atrakcje-turystyczne\/","title":{"rendered":"Atrakcje turystyczne"},"content":{"rendered":"<p>Konferencja MZBO charakteryzuje si\u0119 napi\u0119tym planem wydarze\u0144. Zach\u0119camy jednak wszystkich uczestnik\u00f3w do wykorzystania niedzieli lub wtorkowego popo\u0142udnia do obejrzenia kilku atrakcji w okolicach Lipowego Mostu lub zaplanowania spaceru po pi\u0119knej Puszczy Knyszy\u0144skiej.<\/p>\n<p>Warto zobaczy\u0107:<\/p>\n<ol>\n<li>SUPRA\u015aL<\/li>\n<\/ol>\n<ul>\n<li><a href=\"https:\/\/monaster-suprasl.pl\/\">Monaster Zwiastowania Przenaj\u015bwi\u0119tszej Bogurodzicy<\/a><\/li>\n<li><a href=\"http:\/\/muzeum.bialystok.pl\/muzeum-ikon-w-supraslu\/wydarzenia\/\">Muzeum Ikon<\/a><\/li>\n<li><a href=\"https:\/\/hasajacezajace.com\/suprasl-atrakcje-podlasie\/\">inne atrakcje<\/a><\/li>\n<\/ul>\n<p>2. BIA\u0141YSTOK<\/p>\n<ul>\n<li><a href=\"https:\/\/zabytek.pl\/pl\/obiekty\/bialystok-palac-branickich\">Pa\u0142ac Branickich<\/a><\/li>\n<li><a href=\"http:\/\/pmkl.pl\/\">Podlaskie Muzeum Kultury Ludowej&nbsp;<\/a><\/li>\n<li><a href=\"https:\/\/sybir.bialystok.pl\/\">Muzeum Pami\u0119ci Sybiru<\/a>&nbsp;<\/li>\n<\/ul>\n<p>Zach\u0119camy do obejrzenia wzruszaj\u0105cego filmu <a href=\"https:\/\/www.youtube.com\/watch?v=3fzXazslqf8\">\u201eWnuczka Sybiru\u201d<\/a><\/p>\n<ul>\n<li><a href=\"https:\/\/hasajacezajace.com\/bialystok-atrakcje\/\">inne atrakcje<\/a><\/li>\n<\/ul>\n<p>3. <a href=\"https:\/\/polskapogodzinach.pl\/tykocin-atrakcje-synagoga-zamek\/\">TYKOCIN<\/a><\/p>\n<p>4. <a href=\"https:\/\/centrumkruszyniany.pl\/szlak-tatarski\/\">KRUSZYNIANY i SZLAK TATARSK<\/a>I&nbsp;<\/p>\n<p>5.&nbsp; <a href=\"https:\/\/krynki.bialystok.lasy.gov.pl\/silvarium1\">SILVARIUM \u2013 PARK LE\u015aNY w POCZOPKU<\/a><\/p>\n<p>6. <a href=\"https:\/\/npn.pl\/\">NARWIA\u0143SKI PARK NARODOWY \u2013 AMAZONKA PODLASIA<\/a><\/p>\n<p><strong>Zapraszamy te\u017c do obejrzenia filmu Tomasza Poskrobko:<\/strong><\/p>\n<blockquote class=\"wp-embedded-content\" data-secret=\"pSPyzlQ7l9\"><p><a href=\"https:\/\/krainabugu.pl\/tomasz-poskrobko\/\">Tomasz Poskrobko \u2013 Magia Podlasia<\/a><\/p><\/blockquote>\n<p><strong>Mamy nadziej\u0119, \u017ce magia Podlasia Pa\u0144stwa oczaruje!<\/strong><\/p>\n<p>&nbsp;<\/p>\n","protected":false},"excerpt":{"rendered":"<p>Konferencja MZBO charakteryzuje si\u0119 napi\u0119tym planem wydarze\u0144. Zach\u0119camy jednak wszystkich uczestnik\u00f3w do wykorzystania niedzieli lub<\/p>\n","protected":false},"author":161,"featured_media":0,"parent":0,"menu_order":0,"comment_status":"closed","ping_status":"closed","template":"","meta":{"_acf_changed":false,"ngg_post_thumbnail":0,"footnotes":""},"class_list":["post-2131","page","type-page","status-publish","hentry"],"acf":[],"_links":{"self":[{"href":"https:\/\/pb.edu.pl\/mzbo\/wp-json\/wp\/v2\/pages\/2131","targetHints":{"allow":["GET"]}}],"collection":[{"href":"https:\/\/pb.edu.pl\/mzbo\/wp-json\/wp\/v2\/pages"}],"about":[{"href":"https:\/\/pb.edu.pl\/mzbo\/wp-json\/wp\/v2\/types\/page"}],"author":[{"embeddable":true,"href":"https:\/\/pb.edu.pl\/mzbo\/wp-json\/wp\/v2\/users\/161"}],"replies":[{"embeddable":true,"href":"https:\/\/pb.edu.pl\/mzbo\/wp-json\/wp\/v2\/comments?post=2131"}],"version-history":[{"count":0,"href":"https:\/\/pb.edu.pl\/mzbo\/wp-json\/wp\/v2\/pages\/2131\/revisions"}],"wp:attachment":[{"href":"https:\/\/pb.edu.pl\/mzbo\/wp-json\/wp\/v2\/media?parent=2131"}],"curies":[{"name":"wp","href":"https:\/\/api.w.org\/{rel}","templated":true}]}}