{"id":13,"date":"2020-05-18T14:40:41","date_gmt":"2020-05-18T12:40:41","guid":{"rendered":"https:\/\/pb.edu.pl\/mzbo\/?page_id=13"},"modified":"2024-03-29T13:20:59","modified_gmt":"2024-03-29T12:20:59","slug":"home","status":"publish","type":"page","link":"https:\/\/pb.edu.pl\/mzbo\/","title":{"rendered":""},"content":{"rendered":"<div class=\"img-full\">\n<p><img decoding=\"async\" src=\"https:\/\/pb.edu.pl\/mzbo\/wp-content\/uploads\/sites\/126\/2023\/07\/baner-glowny_1920x590.jpg\" alt=\"\"><\/p>\n<div class=\"img-full-text\">\n<div class=\"img-full-title\">MZBO 2023<\/div>\n<div style=\"color:lightblue\" class=\"img-full-button\">Lipowy Most, 15-17 pa\u017adziernika 2023 r.<\/div>\n<div class=\"img-full-pb\">Politechnika Bia\u0142ostocka<\/div>\n<\/div>\n<\/div>\n<p>&nbsp;<\/p>\n<div class=\"row\">\n<div class=\"col-sm-3 text-center\"><a class=\"button\" style=\"width: 100%;padding: 0px 5px 10px 5px\" title=\"Aktualno\u015bci\" href=\"https:\/\/pb.edu.pl\/mzbo\/category\/aktualnosci\"><img loading=\"lazy\" decoding=\"async\" class=\"aligncenter size-full wp-image-251\" src=\"https:\/\/pb.edu.pl\/mzbo\/wp-content\/uploads\/sites\/126\/2024\/03\/Screenshot-2024-03-29-131106.png\" alt=\"\" width=\"800\" height=\"536\"><span class=\"lead\">Aktualno\u015bci<\/span><\/a><\/div>\n<div class=\"col-sm-3 text-center\"><a class=\"button\" style=\"width: 100%;padding: 0px 5px 10px 5px\" title=\"Kontakt\" href=\"https:\/\/pb.edu.pl\/mzbo\/mzbo-2023\"><img loading=\"lazy\" decoding=\"async\" class=\"aligncenter size-full wp-image-250\" src=\"https:\/\/pb.edu.pl\/mzbo\/wp-content\/uploads\/sites\/126\/2024\/03\/Screenshot-2024-03-29-131836.png\" alt=\"\" width=\"800\" height=\"536\"><span class=\"lead\">MZBO 2023<\/span><\/a><\/div>\n<div class=\"col-sm-3 text-center\"><a class=\"button\" style=\"width: 100%;padding: 0px 5px 10px 5px\" title=\"Ulotka\" href=\"https:\/\/pb.edu.pl\/mzbo\/ulotka\/\"><img loading=\"lazy\" decoding=\"async\" class=\"aligncenter size-full wp-image-250\" src=\"https:\/\/pb.edu.pl\/mzbo\/wp-content\/uploads\/sites\/126\/2024\/03\/Screenshot-2024-03-29-124819.png\" alt=\"\" width=\"800\" height=\"536\"><span class=\"lead\">Ulotka<\/span><\/a><\/div>\n<div class=\"col-sm-3 text-center\"><a class=\"button\" style=\"width: 100%;padding: 0px 5px 10px 5px\" title=\"Streszczenia MZBO 2023\" href=\"https:\/\/pb.edu.pl\/mzbo\/streszczenia-mzbo-2023\/\"><img loading=\"lazy\" decoding=\"async\" class=\"aligncenter size-full wp-image-250\" src=\"https:\/\/pb.edu.pl\/mzbo\/wp-content\/uploads\/sites\/126\/2024\/03\/Screenshot-2024-03-29-125018.png\" alt=\"\" width=\"800\" height=\"536\"><span class=\"lead\">Streszczenia MZBO 2023<\/span><\/a><\/div>\n<\/div>\n<p>&nbsp;<\/p>\n<div class=\"row\">\n<div class=\"col-sm-6 text-center\"><a class=\"button text-center animated zoomIn lead\" style=\"width: 100%;font-weight: 400;letter-spacing: 2px\" title=\"Komitet Naukowy\" href=\"https:\/\/pb.edu.pl\/mzbo\/komitet-naukowy\/\">Komitet Naukowy<\/a><\/div>\n<div class=\"col-sm-6 text-center\"><a class=\"button text-center animated zoomIn lead\" style=\"width: 100%;font-weight: 400;letter-spacing: 2px\" title=\"Komitet organizacyjny\" href=\"https:\/\/pb.edu.pl\/mzbo\/komitet-organizacyjny\/\">Komitet Organizacyjny<\/a><\/div>\n<div class=\"col-sm-12 text-center\"><a class=\"button text-center animated zoomIn lead\" style=\"width: 100%;font-weight: 400;letter-spacing: 2px\" title=\"Program Konferencji\" href=\"https:\/\/pb.edu.pl\/mzbo\/program-konferencji\/\">Program<\/a><\/div>\n<\/div>\n<div class=\"h1 text-center\"><span style=\"font-size: 24pt\">Organizatorzy<\/span><\/div>\n<p>&nbsp;<\/p>\n<div class=\"organizer-logos col-sm-6\"><a class=\"organizer-logos-item\" href=\"https:\/\/wi.pb.edu.pl\/\" target=\"_blank\" rel=\"noopener\"><img decoding=\"async\" class=\"\" src=\"https:\/\/pb.edu.pl\/mzbo\/wp-content\/uploads\/sites\/126\/2023\/08\/logo-WI-PB-wersja-pelna-kolor-czarny-zoom-2.webp\" alt=\"Wydzia\u0142 Informatyki Politechnika Bia\u0142ostocka logo\"><\/a><\/div>\n<div class=\"organizer-logos col-sm-6\"><a class=\"organizer-logos-item\" href=\"https:\/\/www.ptm.org.pl\/\" target=\"_blank\" rel=\"noopener\"><img decoding=\"async\" class=\"\" src=\"https:\/\/pb.edu.pl\/mzbo\/wp-content\/uploads\/sites\/126\/2024\/03\/ptm-logo.png\" alt=\"Polskie Towarzystwo Matematyczne logo\"><\/a><\/div>\n<div class=\"h1 text-center\"><span style=\"font-size: 24pt\">Patroni honorowi<\/span><\/div>\n<div class=\"organizer-logos\"><a class=\"organizer-logos-item\" href=\"https:\/\/pb.edu.pl\/\" target=\"_blank\" rel=\"noopener\"><img decoding=\"async\" src=\"https:\/\/pb.edu.pl\/mzbo\/wp-content\/uploads\/sites\/126\/2023\/07\/logo-Patronat-Rektor-PB-kolor-podstawowy-na-bialym_200px.jpg\" alt=\"Rektor Politechniki Bia\u0142ostockiej\"><\/a><\/div>\n<div class=\"organizer-logos\"><a class=\"organizer-logos-item\" href=\"https:\/\/ksie.pan.pl\/pl\/\" target=\"_blank\" rel=\"noopener\"><img decoding=\"async\" src=\"https:\/\/pb.edu.pl\/mzbo\/wp-content\/uploads\/sites\/126\/2024\/03\/LOGO-PAN.png\" alt=\"Komitet Statystki i Ekonometrii PAN\"><\/a><\/div>\n<div class=\"organizer-logos\"><a class=\"organizer-logos-item\" href=\"https:\/\/stat.gov.pl\/\" target=\"_blank\" rel=\"noopener\"><img decoding=\"async\" src=\"https:\/\/pb.edu.pl\/mzbo\/wp-content\/uploads\/sites\/126\/2024\/03\/logo-urzad-statystyczny.png\" alt=\"Urz\u0105d Statystyczny w Bia\u0142ymstoku\"><\/a><\/div>\n<div class=\"organizer-logos\"><a class=\"organizer-logos-item\" href=\"https:\/\/viking.ibspan.waw.pl\/informs\/home.htm\" target=\"_blank\" rel=\"noopener\"><img decoding=\"async\" src=\"https:\/\/pb.edu.pl\/mzbo\/wp-content\/uploads\/sites\/126\/2024\/03\/patronat2.jpg\" alt=\"Polska Sekcja informs\"><\/a><\/div>\n<div class=\"row ministerstwo\">\n<div class=\"col-sm-2 text-center\" style=\"margin-top: 0px\"><img loading=\"lazy\" decoding=\"async\" class=\"alignnone wp-image-1535\" src=\"https:\/\/pb.edu.pl\/science-kultura\/wp-content\/uploads\/sites\/98\/2023\/03\/znaki_strona_www.png\" alt=\"\" width=\"180\" height=\"60\"><\/div>\n<div class=\"col-sm-2 text-center\" style=\"margin-top: 0px\"><img loading=\"lazy\" decoding=\"async\" class=\"alignnone wp-image-1534\" src=\"https:\/\/pb.edu.pl\/science-kultura\/wp-content\/uploads\/sites\/98\/2023\/03\/01_znak_podstawowy_kolor_biale_tlo.png\" alt=\"\" width=\"148\" height=\"60\"><\/div>\n<div class=\"col-sm-8 text-center\">Lorem ipsum dolor sit amet, consectetur adipiscing elit. Phasellus nec nisi dolor.<br \/>\nNam ac lectus et felis lacinia commodo pulvinar accumsan neque. Integer efficitur.<\/div>\n<\/div>\n","protected":false},"excerpt":{"rendered":"<p>MZBO 2023 Lipowy Most, 15-17 pa\u017adziernika 2023 r. Politechnika Bia\u0142ostocka &nbsp; Aktualno\u015bci MZBO 2023 Ulotka<\/p>\n","protected":false},"author":2,"featured_media":0,"parent":0,"menu_order":0,"comment_status":"closed","ping_status":"closed","template":"templates\/dzial.php","meta":{"_acf_changed":false,"ngg_post_thumbnail":0,"footnotes":""},"class_list":["post-13","page","type-page","status-publish","hentry"],"acf":[],"_links":{"self":[{"href":"https:\/\/pb.edu.pl\/mzbo\/wp-json\/wp\/v2\/pages\/13","targetHints":{"allow":["GET"]}}],"collection":[{"href":"https:\/\/pb.edu.pl\/mzbo\/wp-json\/wp\/v2\/pages"}],"about":[{"href":"https:\/\/pb.edu.pl\/mzbo\/wp-json\/wp\/v2\/types\/page"}],"author":[{"embeddable":true,"href":"https:\/\/pb.edu.pl\/mzbo\/wp-json\/wp\/v2\/users\/2"}],"replies":[{"embeddable":true,"href":"https:\/\/pb.edu.pl\/mzbo\/wp-json\/wp\/v2\/comments?post=13"}],"version-history":[{"count":0,"href":"https:\/\/pb.edu.pl\/mzbo\/wp-json\/wp\/v2\/pages\/13\/revisions"}],"wp:attachment":[{"href":"https:\/\/pb.edu.pl\/mzbo\/wp-json\/wp\/v2\/media?parent=13"}],"curies":[{"name":"wp","href":"https:\/\/api.w.org\/{rel}","templated":true}]}}