{"id":23,"date":"2019-09-25T00:05:45","date_gmt":"2019-09-24T22:05:45","guid":{"rendered":"https:\/\/pb.edu.pl\/msca4east0\/?page_id=23"},"modified":"2025-11-05T09:10:04","modified_gmt":"2025-11-05T08:10:04","slug":"kontakt","status":"publish","type":"page","link":"https:\/\/pb.edu.pl\/msca4east\/kontakt\/","title":{"rendered":"Kontakt"},"content":{"rendered":"<p><img loading=\"lazy\" decoding=\"async\" class=\"aligncenter size-full wp-image-1031\" src=\"https:\/\/pb.edu.pl\/msca4east\/wp-content\/uploads\/sites\/157\/2025\/08\/FERS-RP-UE-NAWA-poziom-kolor.png\" alt=\"loga zwi\u0105zane z projektem\" width=\"2500\" height=\"266\" srcset=\"https:\/\/pb.edu.pl\/msca4east\/wp-content\/uploads\/sites\/157\/2025\/08\/FERS-RP-UE-NAWA-poziom-kolor.png 2500w, https:\/\/pb.edu.pl\/msca4east\/wp-content\/uploads\/sites\/157\/2025\/08\/FERS-RP-UE-NAWA-poziom-kolor-300x32.png 300w, https:\/\/pb.edu.pl\/msca4east\/wp-content\/uploads\/sites\/157\/2025\/08\/FERS-RP-UE-NAWA-poziom-kolor-1024x109.png 1024w, https:\/\/pb.edu.pl\/msca4east\/wp-content\/uploads\/sites\/157\/2025\/08\/FERS-RP-UE-NAWA-poziom-kolor-768x82.png 768w, https:\/\/pb.edu.pl\/msca4east\/wp-content\/uploads\/sites\/157\/2025\/08\/FERS-RP-UE-NAWA-poziom-kolor-1536x163.png 1536w, https:\/\/pb.edu.pl\/msca4east\/wp-content\/uploads\/sites\/157\/2025\/08\/FERS-RP-UE-NAWA-poziom-kolor-2048x218.png 2048w\" sizes=\"auto, (max-width: 2500px) 100vw, 2500px\" \/><\/p>\n<div class=\"h3\">MSCA4EAST Kompleksowe wsparcie dla Dzia\u0142a\u0144 Programu Marii Sk\u0142odowskiej-Curie w makroregionie Polski Wschodniej<\/div>\n<div class=\"h3\">Zapraszamy do kontaktu z Punktem Kontaktowym Polska Wschodnia:<\/div>\n<p><strong>Politechnika Bia\u0142ostocka<\/strong><br \/>\n15-351 Bia\u0142ystok, ul. Wiejska 45 A pok\u00f3j B4<br \/>\n<i class=\"fal fa-phone\"><\/i> 85 746 97 64<br \/>\n<i class=\"fal fa-envelope\"><\/i> <a href=\"#\" rel=\"nofollow\"  onclick=\"this.href='mailto:' + 'msca4east' + '@' + 'pb.edu.pl'\">msca4east [at] pb.edu.pl<\/a>\n<p><strong>Uniwersytet Marii Curie-Sk\u0142odowskiej w Lublinie<\/strong><br \/>\n20-031 Lublin, pl. im. Marii Curie-Sk\u0142odowskiej 5,<br \/>\nRektorat, pok\u00f3j 1207<br \/>\n<i class=\"fal fa-phone\"><\/i> 81 537 54 98, 54 58<br \/>\n<i class=\"fal fa-envelope\"><\/i> <a href=\"#\" rel=\"nofollow\"  onclick=\"this.href='mailto:' + 'msca.lublin' + '@' + 'umcs.pl'\">msca.lublin [at] umcs.pl<\/a>\n<p><strong>Uniwersytet Medyczny w Bia\u0142ymstoku<\/strong><br \/>\n<i class=\"fal fa-phone\"><\/i> 85 686 51 81<br \/>\n<a href=\"#\" rel=\"nofollow\"  onclick=\"this.href='mailto:' + 'msca4east' + '@' + 'umb.edu.pl'\">msca4east [at] umb.edu.pl<\/a>\n<p>&nbsp;<\/p>\n<div class=\"h3\">Biuro Projektu:<\/div>\n<p>Dzia\u0142 Projekt\u00f3w Mi\u0119dzynarodowych Erasmus+ i NAWA (nr umowy BPN\/MSC\/2024\/1\/00005\/U\/00001):<br \/>\nPolitechnika Bia\u0142ostocka<br \/>\n15-351 Bia\u0142ystok, ul. Wiejska 45 A pok\u00f3j B4, C1<\/p>\n<p><i class=\"fal fa-phone\"><\/i> 85 746 97 64, 85 746 70 10<\/p>\n<p><i class=\"fal fa-envelope\"><\/i> <a href=\"#\" rel=\"nofollow\"  onclick=\"this.href='mailto:' + 'msca4east' + '@' + 'pb.edu.pl'\">msca4east [at] pb.edu.pl<\/a>\n","protected":false},"excerpt":{"rendered":"<p>MSCA4EAST Kompleksowe wsparcie dla Dzia\u0142a\u0144 Programu Marii Sk\u0142odowskiej-Curie w makroregionie Polski Wschodniej Zapraszamy do kontaktu<\/p>\n","protected":false},"author":2,"featured_media":0,"parent":0,"menu_order":6,"comment_status":"closed","ping_status":"closed","template":"","meta":{"_acf_changed":false,"ngg_post_thumbnail":0,"footnotes":""},"class_list":["post-23","page","type-page","status-publish","hentry"],"acf":[],"_links":{"self":[{"href":"https:\/\/pb.edu.pl\/msca4east\/wp-json\/wp\/v2\/pages\/23","targetHints":{"allow":["GET"]}}],"collection":[{"href":"https:\/\/pb.edu.pl\/msca4east\/wp-json\/wp\/v2\/pages"}],"about":[{"href":"https:\/\/pb.edu.pl\/msca4east\/wp-json\/wp\/v2\/types\/page"}],"author":[{"embeddable":true,"href":"https:\/\/pb.edu.pl\/msca4east\/wp-json\/wp\/v2\/users\/2"}],"replies":[{"embeddable":true,"href":"https:\/\/pb.edu.pl\/msca4east\/wp-json\/wp\/v2\/comments?post=23"}],"version-history":[{"count":0,"href":"https:\/\/pb.edu.pl\/msca4east\/wp-json\/wp\/v2\/pages\/23\/revisions"}],"wp:attachment":[{"href":"https:\/\/pb.edu.pl\/msca4east\/wp-json\/wp\/v2\/media?parent=23"}],"curies":[{"name":"wp","href":"https:\/\/api.w.org\/{rel}","templated":true}]}}