{"id":17,"date":"2019-09-25T00:03:49","date_gmt":"2019-09-24T22:03:49","guid":{"rendered":"https:\/\/pb.edu.pl\/msca4east0\/?page_id=17"},"modified":"2025-08-25T20:57:22","modified_gmt":"2025-08-25T18:57:22","slug":"o-projekcie","status":"publish","type":"page","link":"https:\/\/pb.edu.pl\/msca4east\/o-projekcie\/","title":{"rendered":"O projekcie"},"content":{"rendered":"<p><img loading=\"lazy\" decoding=\"async\" src=\"https:\/\/pb.edu.pl\/msca4east\/wp-content\/uploads\/sites\/157\/2025\/08\/FERS-RP-UE-NAWA-poziom-kolor.png\" alt=\"loga zwi\u0105zane z projektem\" width=\"2500\" height=\"266\" class=\"aligncenter size-full wp-image-1031\" srcset=\"https:\/\/pb.edu.pl\/msca4east\/wp-content\/uploads\/sites\/157\/2025\/08\/FERS-RP-UE-NAWA-poziom-kolor.png 2500w, https:\/\/pb.edu.pl\/msca4east\/wp-content\/uploads\/sites\/157\/2025\/08\/FERS-RP-UE-NAWA-poziom-kolor-300x32.png 300w, https:\/\/pb.edu.pl\/msca4east\/wp-content\/uploads\/sites\/157\/2025\/08\/FERS-RP-UE-NAWA-poziom-kolor-1024x109.png 1024w, https:\/\/pb.edu.pl\/msca4east\/wp-content\/uploads\/sites\/157\/2025\/08\/FERS-RP-UE-NAWA-poziom-kolor-768x82.png 768w, https:\/\/pb.edu.pl\/msca4east\/wp-content\/uploads\/sites\/157\/2025\/08\/FERS-RP-UE-NAWA-poziom-kolor-1536x163.png 1536w, https:\/\/pb.edu.pl\/msca4east\/wp-content\/uploads\/sites\/157\/2025\/08\/FERS-RP-UE-NAWA-poziom-kolor-2048x218.png 2048w\" sizes=\"auto, (max-width: 2500px) 100vw, 2500px\" \/><br \/>\n<strong>Projekt \u201eMSCA4EAST\u201d<\/strong> ma wpiera\u0107 rozw\u00f3j umi\u0119dzynarodowienia oraz wzmocnienie potencja\u0142u instytucji szkolnictwa wy\u017cszego i nauki w Polsce Wschodniej. W jego ramach powstan\u0105 dwa nowoczesne Punkty Kontaktowe ds. Programu MSCA \u2013 jeden w Politechnice Bia\u0142ostockiej, drugi na Uniwersytecie Marii Curie-Sk\u0142odowskiej w Lublinie. B\u0119d\u0105 one nie tylko centrami szkoleniowymi, lecz tak\u017ce przestrzeniami wymiany wiedzy i budowania strategicznych partnerstw.<\/p>\n<p><strong>G\u0142\u00f3wne zadania projektu obejmuj\u0105:<\/strong><\/p>\n<ul>\n<li>utworzenie i rozw\u00f3j punkt\u00f3w obs\u0142ugi MSCA,<\/li>\n<li>stworzenie infrastruktury wyposa\u017conej w nowoczesne narz\u0119dzia IT i materia\u0142y szkoleniowe,<\/li>\n<li>podnoszenie kompetencji kadry akademickiej i administracyjnej,<\/li>\n<li>wzmacnianie wsp\u00f3\u0142pracy mi\u0119dzynarodowej,<\/li>\n<li>transfer wiedzy oraz promocj\u0119 najlepszych praktyk.<\/li>\n<\/ul>\n<p>Z us\u0142ug punkt\u00f3w b\u0119d\u0105 mogli korzysta\u0107 naukowcy na r\u00f3\u017cnych etapach kariery, pracownicy administracyjni, polskie instytucje naukowe, sektor prywatny oraz partnerzy zagraniczni.<\/p>\n<div class=\"h2\">Metryczka projektu<\/div>\n<p><strong>Nazwa projektu: <\/strong>MSCA4EAST \u2013 Kompleksowe wsparcie dla Dzia\u0142a\u0144 Programu Marii Sk\u0142odowskiej-Curie w makroregionie Polski Wschodniej<\/p>\n<p><strong>Numer umowy: <\/strong>BPN\/MSC\/2024\/1\/00005<\/p>\n<p><strong>Okres realizacji projektu:<\/strong> 01.07.2025 &#8211; 30.06.2028<\/p>\n<p><strong>Kierownik Projektu: <\/strong>mgr Tomasz Charkiewicz<\/p>\n<p><strong>Lider:<\/strong> Politechnika Bia\u0142ostocka<\/p>\n<p><strong>Partnerzy:<\/strong> Uniwersytet Marii Curie-Sk\u0142odowskiej w Lublinie, Uniwersytet Medyczny w Bia\u0142ymstoku<\/p>\n<p><strong>Warto\u015b\u0107 dofinansowania projektu:&nbsp;<\/strong>1 178 900,00 PLN<\/p>\n<p>&nbsp;<\/p>\n<p>Program Sie\u0107 NAWA-MSCA finansowany jest ze \u015brodk\u00f3w Unii Europejskiej z Funduszu Europejskiego dla Rozwoju Spo\u0142ecznego 2021 \u2013 2027 (FERS) w ramach projektu pt.: \u201eWsparcie instytucji szkolnictwa wy\u017cszego i nauki w obs\u0142udze os\u00f3b cudzoziemskich oraz Polek i Polak\u00f3w wyje\u017cd\u017caj\u0105cych za granic\u0119\u201d, nr FERS.01.05.IP.08-0003\/24.<\/p>\n<p>Wi\u0119cej informacji na temat Programu: <a href=\"https:\/\/nawa.gov.pl\/instytucje\/siec-nawa-msca\/o-programie\">strona NAWA<\/a>.<\/p>\n","protected":false},"excerpt":{"rendered":"<p>Projekt \u201eMSCA4EAST\u201d ma wpiera\u0107 rozw\u00f3j umi\u0119dzynarodowienia oraz wzmocnienie potencja\u0142u instytucji szkolnictwa wy\u017cszego i nauki w<\/p>\n","protected":false},"author":2,"featured_media":0,"parent":0,"menu_order":3,"comment_status":"closed","ping_status":"closed","template":"","meta":{"_acf_changed":false,"ngg_post_thumbnail":0,"footnotes":""},"class_list":["post-17","page","type-page","status-publish","hentry"],"acf":[],"_links":{"self":[{"href":"https:\/\/pb.edu.pl\/msca4east\/wp-json\/wp\/v2\/pages\/17","targetHints":{"allow":["GET"]}}],"collection":[{"href":"https:\/\/pb.edu.pl\/msca4east\/wp-json\/wp\/v2\/pages"}],"about":[{"href":"https:\/\/pb.edu.pl\/msca4east\/wp-json\/wp\/v2\/types\/page"}],"author":[{"embeddable":true,"href":"https:\/\/pb.edu.pl\/msca4east\/wp-json\/wp\/v2\/users\/2"}],"replies":[{"embeddable":true,"href":"https:\/\/pb.edu.pl\/msca4east\/wp-json\/wp\/v2\/comments?post=17"}],"version-history":[{"count":0,"href":"https:\/\/pb.edu.pl\/msca4east\/wp-json\/wp\/v2\/pages\/17\/revisions"}],"wp:attachment":[{"href":"https:\/\/pb.edu.pl\/msca4east\/wp-json\/wp\/v2\/media?parent=17"}],"curies":[{"name":"wp","href":"https:\/\/api.w.org\/{rel}","templated":true}]}}