{"id":15,"date":"2019-09-25T00:03:34","date_gmt":"2019-09-24T22:03:34","guid":{"rendered":"https:\/\/pb.edu.pl\/msca4east0\/?page_id=15"},"modified":"2025-10-14T16:15:00","modified_gmt":"2025-10-14T14:15:00","slug":"szkolenia-i-wydarzenia","status":"publish","type":"page","link":"https:\/\/pb.edu.pl\/msca4east\/szkolenia-i-wydarzenia\/","title":{"rendered":"Szkolenia i wydarzenia"},"content":{"rendered":"<p><img loading=\"lazy\" decoding=\"async\" src=\"https:\/\/pb.edu.pl\/msca4east\/wp-content\/uploads\/sites\/157\/2025\/08\/FERS-RP-UE-NAWA-poziom-kolor.png\" alt=\"loga zwi\u0105zane z projektem\" width=\"2500\" height=\"266\" class=\"aligncenter size-full wp-image-1031\" srcset=\"https:\/\/pb.edu.pl\/msca4east\/wp-content\/uploads\/sites\/157\/2025\/08\/FERS-RP-UE-NAWA-poziom-kolor.png 2500w, https:\/\/pb.edu.pl\/msca4east\/wp-content\/uploads\/sites\/157\/2025\/08\/FERS-RP-UE-NAWA-poziom-kolor-300x32.png 300w, https:\/\/pb.edu.pl\/msca4east\/wp-content\/uploads\/sites\/157\/2025\/08\/FERS-RP-UE-NAWA-poziom-kolor-1024x109.png 1024w, https:\/\/pb.edu.pl\/msca4east\/wp-content\/uploads\/sites\/157\/2025\/08\/FERS-RP-UE-NAWA-poziom-kolor-768x82.png 768w, https:\/\/pb.edu.pl\/msca4east\/wp-content\/uploads\/sites\/157\/2025\/08\/FERS-RP-UE-NAWA-poziom-kolor-1536x163.png 1536w, https:\/\/pb.edu.pl\/msca4east\/wp-content\/uploads\/sites\/157\/2025\/08\/FERS-RP-UE-NAWA-poziom-kolor-2048x218.png 2048w\" sizes=\"auto, (max-width: 2500px) 100vw, 2500px\" \/><\/p>\n\t\t<div class=\"box news-box \">\n\t\t<div class=\"row\">\n\t\t\t\n\t\t\t\n\t\t\t\t\n\t\t\t\t\t\t\t\t\t\t<div class=\"col-sm-3\">\n\t\t\t\t\t\t\t\n<article class=\"format-standard\">\n    <span class=\"date text-right\"><i class=\"fal fa-calendar-alt\"><\/i> 22-01-2026<\/span>\n    <a href=\"https:\/\/pb.edu.pl\/msca4east\/2026\/01\/22\/program-msca-spotkania-informacyjne-na-wydzialach-umcs\/\">\n      <div class=\"article-image\">\n        <img loading=\"lazy\" decoding=\"async\" width=\"462\" height=\"300\" src=\"https:\/\/pb.edu.pl\/msca4east\/wp-content\/uploads\/sites\/157\/2026\/01\/MSCA-PK-PPW-462x300.png\" class=\"attachment-medium-image-16x10 size-medium-image-16x10 wp-post-image\" alt=\"\" \/>      <\/div>\n      <h3>Program MSCA &#8211; Spotkania informacyjne na Wydzia\u0142ach UMCS<\/h3>\n      &nbsp; Zapraszamy do udzia\u0142u w spotkaniach informacyjnych dotycz\u0105cych korzy\u015bci, jakie p\u0142yn\u0105    <\/a>\n<\/article>\t\t\t\t\t\t<\/div>\n\t\t\t\t\t\t\t\t\t\t\t<div class=\"col-sm-3\">\n\t\t\t\t\t\t\t\n<article class=\"format-standard\">\n    <span class=\"date text-right\"><i class=\"fal fa-calendar-alt\"><\/i> 09-01-2026<\/span>\n    <a href=\"https:\/\/pb.edu.pl\/msca4east\/2026\/01\/09\/spotkanie-informacyjne-dzialania-maria-sklodowska-curie-wsparcie-rozwoju-kariery-naukowej-9-lutego-2026\/\">\n      <div class=\"article-image\">\n        <img loading=\"lazy\" decoding=\"async\" width=\"480\" height=\"300\" src=\"https:\/\/pb.edu.pl\/msca4east\/wp-content\/uploads\/sites\/157\/2026\/01\/9lutego2026-MSCA4East-Pedagogika-480x300.png\" class=\"attachment-medium-image-16x10 size-medium-image-16x10 wp-post-image\" alt=\"\" \/>      <\/div>\n      <h3>Spotkanie informacyjne &#8222;Dzia\u0142ania Maria Sk\u0142odowska-Curie \u2013 wsparcie rozwoju kariery naukowej&#8221;- 9 lutego 2026<\/h3>\n      Serdecznie zapraszamy na spotkanie informacyjne dotycz\u0105ce konkurs\u00f3w og\u0142aszanych w ramach programu    <\/a>\n<\/article>\t\t\t\t\t\t<\/div>\n\t\t\t\t\t\t\t\t\t\t\t<div class=\"col-sm-3\">\n\t\t\t\t\t\t\t\n<article class=\"format-standard\">\n    <span class=\"date text-right\"><i class=\"fal fa-calendar-alt\"><\/i> 02-12-2025<\/span>\n    <a href=\"https:\/\/pb.edu.pl\/msca4east\/2025\/12\/02\/szkolenie-i-warsztaty-msca-wymiana-eksperckiej-wiedzy-wsrod-pracownikow-punktu-msca-polska-wschodnia\/\">\n      <div class=\"article-image\">\n        <img loading=\"lazy\" decoding=\"async\" width=\"480\" height=\"300\" src=\"https:\/\/pb.edu.pl\/msca4east\/wp-content\/uploads\/sites\/157\/2025\/12\/Warsztaty-MSCA-Bialystok-480x300.png\" class=\"attachment-medium-image-16x10 size-medium-image-16x10 wp-post-image\" alt=\"\" \/>      <\/div>\n      <h3>Szkolenie i warsztaty MSCA &#8211; wymiana eksperckiej wiedzy w\u015br\u00f3d pracownik\u00f3w punktu MSCA Polska Wschodnia<\/h3>\n      W dniach 18\u201319 grudnia 2025 r. w Bia\u0142ymstoku odb\u0119d\u0105 si\u0119 dwudniowe    <\/a>\n<\/article>\t\t\t\t\t\t<\/div>\n\t\t\t\t\t\t\t\t\t\t\t<div class=\"col-sm-3\">\n\t\t\t\t\t\t\t\n<article class=\"format-standard\">\n    <span class=\"date text-right\"><i class=\"fal fa-calendar-alt\"><\/i> 28-11-2025<\/span>\n    <a href=\"https:\/\/pb.edu.pl\/msca4east\/2025\/11\/28\/dzialania-maria-sklodowska-curie-wsparcie-rozwoju-kariery-naukowej\/\">\n      <div class=\"article-image\">\n        <img loading=\"lazy\" decoding=\"async\" width=\"480\" height=\"290\" src=\"https:\/\/pb.edu.pl\/msca4east\/wp-content\/uploads\/sites\/157\/2019\/09\/harmonogram.png\" class=\"attachment-medium-image-16x10 size-medium-image-16x10 wp-post-image\" alt=\"\" srcset=\"https:\/\/pb.edu.pl\/msca4east\/wp-content\/uploads\/sites\/157\/2019\/09\/harmonogram.png 600w, https:\/\/pb.edu.pl\/msca4east\/wp-content\/uploads\/sites\/157\/2019\/09\/harmonogram-300x182.png 300w\" sizes=\"auto, (max-width: 480px) 100vw, 480px\" \/>      <\/div>\n      <h3>Dzia\u0142ania Maria Sk\u0142odowska-Curie \u2013 wsparcie rozwoju kariery naukowej<\/h3>\n      Spotkanie informacyjno-promocyjno-szkoleniowe 12.12.2025 dla interesariuszy    <\/a>\n<\/article>\t\t\t\t\t\t<\/div>\n\t\t\t\t\t\t\t\t\t\t\t<div class=\"col-sm-3\">\n\t\t\t\t\t\t\t\n<article class=\"format-standard\">\n    <span class=\"date text-right\"><i class=\"fal fa-calendar-alt\"><\/i> 24-09-2025<\/span>\n    <a href=\"https:\/\/pb.edu.pl\/msca4east\/2025\/09\/24\/jak-napisac-dobry-wniosek-do-konkursu-marie-sklodowska-curie-actions-doctoral-networks\/\">\n      <div class=\"article-image\">\n        <img loading=\"lazy\" decoding=\"async\" width=\"480\" height=\"300\" src=\"https:\/\/pb.edu.pl\/msca4east\/wp-content\/uploads\/sites\/157\/2025\/10\/check-480x300-1.jpg\" class=\"attachment-medium-image-16x10 size-medium-image-16x10 wp-post-image\" alt=\"\" srcset=\"https:\/\/pb.edu.pl\/msca4east\/wp-content\/uploads\/sites\/157\/2025\/10\/check-480x300-1.jpg 480w, https:\/\/pb.edu.pl\/msca4east\/wp-content\/uploads\/sites\/157\/2025\/10\/check-480x300-1-300x188.jpg 300w\" sizes=\"auto, (max-width: 480px) 100vw, 480px\" \/>      <\/div>\n      <h3>Jak napisa\u0107 dobry wniosek do konkursu Marie Sk\u0142odowska-Curie Actions-Doctoral Networks?<\/h3>\n      Zapraszamy do rekrutacji na szkolenie.    <\/a>\n<\/article>\t\t\t\t\t\t<\/div>\n\t\t\t\t\t\n\t\t\t\t\n\t\t\t\t\t<\/div>\n\t\t\t\t\t<\/div>\n\n","protected":false},"excerpt":{"rendered":"","protected":false},"author":2,"featured_media":0,"parent":0,"menu_order":2,"comment_status":"closed","ping_status":"closed","template":"","meta":{"_acf_changed":false,"ngg_post_thumbnail":0,"footnotes":""},"class_list":["post-15","page","type-page","status-publish","hentry"],"acf":[],"_links":{"self":[{"href":"https:\/\/pb.edu.pl\/msca4east\/wp-json\/wp\/v2\/pages\/15","targetHints":{"allow":["GET"]}}],"collection":[{"href":"https:\/\/pb.edu.pl\/msca4east\/wp-json\/wp\/v2\/pages"}],"about":[{"href":"https:\/\/pb.edu.pl\/msca4east\/wp-json\/wp\/v2\/types\/page"}],"author":[{"embeddable":true,"href":"https:\/\/pb.edu.pl\/msca4east\/wp-json\/wp\/v2\/users\/2"}],"replies":[{"embeddable":true,"href":"https:\/\/pb.edu.pl\/msca4east\/wp-json\/wp\/v2\/comments?post=15"}],"version-history":[{"count":0,"href":"https:\/\/pb.edu.pl\/msca4east\/wp-json\/wp\/v2\/pages\/15\/revisions"}],"wp:attachment":[{"href":"https:\/\/pb.edu.pl\/msca4east\/wp-json\/wp\/v2\/media?parent=15"}],"curies":[{"name":"wp","href":"https:\/\/api.w.org\/{rel}","templated":true}]}}