{"id":13,"date":"2019-09-25T00:01:51","date_gmt":"2019-09-24T22:01:51","guid":{"rendered":"https:\/\/pb.edu.pl\/msca4east0\/?page_id=13"},"modified":"2025-08-25T20:56:45","modified_gmt":"2025-08-25T18:56:45","slug":"aktualnosci","status":"publish","type":"page","link":"https:\/\/pb.edu.pl\/msca4east\/aktualnosci\/","title":{"rendered":"Aktualno\u015bci"},"content":{"rendered":"<p><img loading=\"lazy\" decoding=\"async\" src=\"https:\/\/pb.edu.pl\/msca4east\/wp-content\/uploads\/sites\/157\/2025\/08\/FERS-RP-UE-NAWA-poziom-kolor.png\" alt=\"loga zwi\u0105zane z projektem\" width=\"2500\" height=\"266\" class=\"aligncenter size-full wp-image-1031\" srcset=\"https:\/\/pb.edu.pl\/msca4east\/wp-content\/uploads\/sites\/157\/2025\/08\/FERS-RP-UE-NAWA-poziom-kolor.png 2500w, https:\/\/pb.edu.pl\/msca4east\/wp-content\/uploads\/sites\/157\/2025\/08\/FERS-RP-UE-NAWA-poziom-kolor-300x32.png 300w, https:\/\/pb.edu.pl\/msca4east\/wp-content\/uploads\/sites\/157\/2025\/08\/FERS-RP-UE-NAWA-poziom-kolor-1024x109.png 1024w, https:\/\/pb.edu.pl\/msca4east\/wp-content\/uploads\/sites\/157\/2025\/08\/FERS-RP-UE-NAWA-poziom-kolor-768x82.png 768w, https:\/\/pb.edu.pl\/msca4east\/wp-content\/uploads\/sites\/157\/2025\/08\/FERS-RP-UE-NAWA-poziom-kolor-1536x163.png 1536w, https:\/\/pb.edu.pl\/msca4east\/wp-content\/uploads\/sites\/157\/2025\/08\/FERS-RP-UE-NAWA-poziom-kolor-2048x218.png 2048w\" sizes=\"auto, (max-width: 2500px) 100vw, 2500px\" \/><\/p>\n\t\t<div class=\"box news-box \">\n\t\t<div class=\"row\">\n\t\t\t\n\t\t\t\n\t\t\t\t\n\t\t\t\t\t\t\t\t\t\t<div class=\"col-sm-3\">\n\t\t\t\t\t\t\t\n<article class=\"format-standard\">\n    <span class=\"date text-right\"><i class=\"fal fa-calendar-alt\"><\/i> 09-04-2026<\/span>\n    <a href=\"https:\/\/pb.edu.pl\/msca4east\/2026\/04\/09\/polskie-uczelnie-i-instytucje-z-sukcesem-w-europejskim-konkursie-dla-doktorantow\/\">\n      <div class=\"article-image\">\n        <img loading=\"lazy\" decoding=\"async\" width=\"480\" height=\"300\" src=\"https:\/\/pb.edu.pl\/msca4east\/wp-content\/uploads\/sites\/157\/2026\/04\/Polska-wsrod-liderow-MSCA-480x300.jpg\" class=\"attachment-medium-image-16x10 size-medium-image-16x10 wp-post-image\" alt=\"\" \/>      <\/div>\n      <h3>Polskie uczelnie i instytucje z sukcesem w europejskim konkursie dla doktorant\u00f3w<\/h3>\n      Dwa polskie projekty zosta\u0142y wybrane do finansowania    <\/a>\n<\/article>\t\t\t\t\t\t<\/div>\n\t\t\t\t\t\t\t\t\t\t\t<div class=\"col-sm-3\">\n\t\t\t\t\t\t\t\n<article class=\"format-standard\">\n    <span class=\"date text-right\"><i class=\"fal fa-calendar-alt\"><\/i> 07-04-2026<\/span>\n    <a href=\"https:\/\/pb.edu.pl\/msca4east\/2026\/04\/07\/szkolenie-wykorzystanie-sztucznej-inteligencji-w-projektach-msca\/\">\n      <div class=\"article-image\">\n        <img loading=\"lazy\" decoding=\"async\" width=\"480\" height=\"290\" src=\"https:\/\/pb.edu.pl\/msca4east\/wp-content\/uploads\/sites\/157\/2019\/09\/harmonogram.png\" class=\"attachment-medium-image-16x10 size-medium-image-16x10 wp-post-image\" alt=\"\" srcset=\"https:\/\/pb.edu.pl\/msca4east\/wp-content\/uploads\/sites\/157\/2019\/09\/harmonogram.png 600w, https:\/\/pb.edu.pl\/msca4east\/wp-content\/uploads\/sites\/157\/2019\/09\/harmonogram-300x182.png 300w\" sizes=\"auto, (max-width: 480px) 100vw, 480px\" \/>      <\/div>\n      <h3>Szkolenie: Wykorzystanie sztucznej inteligencji w projektach MSCA<\/h3>\n      11-12 maja 2026 r.    <\/a>\n<\/article>\t\t\t\t\t\t<\/div>\n\t\t\t\t\t\t\t\t\t\t\t<div class=\"col-sm-3\">\n\t\t\t\t\t\t\t\n<article class=\"format-standard\">\n    <span class=\"date text-right\"><i class=\"fal fa-calendar-alt\"><\/i> 07-04-2026<\/span>\n    <a href=\"https:\/\/pb.edu.pl\/msca4east\/2026\/04\/07\/tydzien-z-dzialaniami-maria-sklodowska-curie\/\">\n      <div class=\"article-image\">\n        <img loading=\"lazy\" decoding=\"async\" width=\"412\" height=\"300\" src=\"https:\/\/pb.edu.pl\/msca4east\/wp-content\/uploads\/sites\/157\/2026\/04\/Tydzien-z-dzialaniami-MSCA-412x300.png\" class=\"attachment-medium-image-16x10 size-medium-image-16x10 wp-post-image\" alt=\"\" \/>      <\/div>\n      <h3>Tydzie\u0144 z Dzia\u0142aniami \u201eMaria Sk\u0142odowska-Curie\u201d<\/h3>\n      20-24 kwietnia 2026 r. w godz. 10:00 \u2013 13:00    <\/a>\n<\/article>\t\t\t\t\t\t<\/div>\n\t\t\t\t\t\t\t\t\t\t\t<div class=\"col-sm-3\">\n\t\t\t\t\t\t\t\n<article class=\"format-standard\">\n    <span class=\"date text-right\"><i class=\"fal fa-calendar-alt\"><\/i> 02-04-2026<\/span>\n    <a href=\"https:\/\/pb.edu.pl\/msca4east\/2026\/04\/02\/miedzynarodowe-granty-w-zasiegu-reki\/\">\n      <div class=\"article-image\">\n        <img loading=\"lazy\" decoding=\"async\" width=\"480\" height=\"300\" src=\"https:\/\/pb.edu.pl\/msca4east\/wp-content\/uploads\/sites\/157\/2026\/04\/img_3388_d-480x300.jpg\" class=\"attachment-medium-image-16x10 size-medium-image-16x10 wp-post-image\" alt=\"\" \/>      <\/div>\n      <h3>Mi\u0119dzynarodowe granty w zasi\u0119gu r\u0119ki<\/h3>\n      podsumowanie spotkania informacyjnego MSCA na UMB    <\/a>\n<\/article>\t\t\t\t\t\t<\/div>\n\t\t\t\t\t\t\t\t\t\t\t<div class=\"col-sm-3\">\n\t\t\t\t\t\t\t\n<article class=\"format-standard\">\n    <span class=\"date text-right\"><i class=\"fal fa-calendar-alt\"><\/i> 24-03-2026<\/span>\n    <a href=\"https:\/\/pb.edu.pl\/msca4east\/2026\/03\/24\/mozliwosci-finansowania-badan-w-ramach-marie-sklodowska-curie-actions-msca-spotkanie-na-umb\/\">\n      <div class=\"article-image\">\n        <img loading=\"lazy\" decoding=\"async\" width=\"480\" height=\"300\" src=\"https:\/\/pb.edu.pl\/msca4east\/wp-content\/uploads\/sites\/157\/2026\/03\/nawamsca-spotkanie_01.04-480x300.png\" class=\"attachment-medium-image-16x10 size-medium-image-16x10 wp-post-image\" alt=\"\" \/>      <\/div>\n      <h3>Mo\u017cliwo\u015bci finansowania bada\u0144 w ramach Marie Sk\u0142odowska-Curie Actions (MSCA) \u2013 spotkanie na UMB<\/h3>\n      1 kwietnia 2026 r. w godzinach 12:00\u201314:30    <\/a>\n<\/article>\t\t\t\t\t\t<\/div>\n\t\t\t\t\t\t\t\t\t\t\t<div class=\"col-sm-3\">\n\t\t\t\t\t\t\t\n<article class=\"format-standard\">\n    <span class=\"date text-right\"><i class=\"fal fa-calendar-alt\"><\/i> 19-02-2026<\/span>\n    <a href=\"https:\/\/pb.edu.pl\/msca4east\/2026\/02\/19\/sesja-informacyjna-msca-staff-exchanges-2026\/\">\n      <div class=\"article-image\">\n        <img loading=\"lazy\" decoding=\"async\" width=\"480\" height=\"300\" src=\"https:\/\/pb.edu.pl\/msca4east\/wp-content\/uploads\/sites\/157\/2026\/02\/5953900670e269d455f1-480x300.png\" class=\"attachment-medium-image-16x10 size-medium-image-16x10 wp-post-image\" alt=\"\" \/>      <\/div>\n      <h3>Sesja informacyjna MSCA Staff Exchanges 2026<\/h3>\n      3 marca 2026 r. w godz. 15:00-17:00    <\/a>\n<\/article>\t\t\t\t\t\t<\/div>\n\t\t\t\t\t\t\t\t\t\t\t<div class=\"col-sm-3\">\n\t\t\t\t\t\t\t\n<article class=\"format-standard\">\n    <span class=\"date text-right\"><i class=\"fal fa-calendar-alt\"><\/i> 30-01-2026<\/span>\n    <a href=\"https:\/\/pb.edu.pl\/msca4east\/2026\/01\/30\/msca-staff-exchanges-brokerage-event-2026\/\">\n      <div class=\"article-image\">\n        <img loading=\"lazy\" decoding=\"async\" width=\"218\" height=\"119\" src=\"https:\/\/pb.edu.pl\/msca4east\/wp-content\/uploads\/sites\/157\/2026\/01\/TurkishLogo.png\" class=\"attachment-medium-image-16x10 size-medium-image-16x10 wp-post-image\" alt=\"\" \/>      <\/div>\n      <h3>MSCA Staff Exchanges Brokerage Event 2026<\/h3>\n      Serdecznie zapraszamy do wzi\u0119cia udzia\u0142u w MSCA Staff Exchanges Brokerage Event    <\/a>\n<\/article>\t\t\t\t\t\t<\/div>\n\t\t\t\t\t\t\t\t\t\t\t<div class=\"col-sm-3\">\n\t\t\t\t\t\t\t\n<article class=\"format-standard\">\n    <span class=\"date text-right\"><i class=\"fal fa-calendar-alt\"><\/i> 29-12-2025<\/span>\n    <a href=\"https:\/\/pb.edu.pl\/msca4east\/2025\/12\/29\/kick-off-meeting-projektu-msca4east\/\">\n      <div class=\"article-image\">\n        <img loading=\"lazy\" decoding=\"async\" width=\"480\" height=\"300\" src=\"https:\/\/pb.edu.pl\/msca4east\/wp-content\/uploads\/sites\/157\/2025\/12\/81e98b40-011d-4965-b268-e238c327e8e6-480x300.jpg\" class=\"attachment-medium-image-16x10 size-medium-image-16x10 wp-post-image\" alt=\"\" \/>      <\/div>\n      <h3>Kick-off meeting projektu MSCA4EAST<\/h3>\n      W dniach 18\u201319 grudnia 2025 r. w Bia\u0142ymstoku odby\u0142o si\u0119 spotkanie    <\/a>\n<\/article>\t\t\t\t\t\t<\/div>\n\t\t\t\t\t\t\t\t\t\t\t<div class=\"col-sm-3\">\n\t\t\t\t\t\t\t\n<article class=\"format-standard\">\n    <span class=\"date text-right\"><i class=\"fal fa-calendar-alt\"><\/i> 23-12-2025<\/span>\n    <a href=\"https:\/\/pb.edu.pl\/msca4east\/2025\/12\/23\/konkurs-msca-cofund-2026\/\">\n      <div class=\"article-image\">\n        <img loading=\"lazy\" decoding=\"async\" width=\"412\" height=\"300\" src=\"https:\/\/pb.edu.pl\/msca4east\/wp-content\/uploads\/sites\/157\/2025\/12\/MSCA-COFUND-412x300.jpg\" class=\"attachment-medium-image-16x10 size-medium-image-16x10 wp-post-image\" alt=\"\" \/>      <\/div>\n      <h3>Konkurs MSCA COFUND 2026<\/h3>\n      HORIZON-MSCA-2026-COFUND-01-01    <\/a>\n<\/article>\t\t\t\t\t\t<\/div>\n\t\t\t\t\t\t\t\t\t\t\t<div class=\"col-sm-3\">\n\t\t\t\t\t\t\t\n<article class=\"format-standard\">\n    <span class=\"date text-right\"><i class=\"fal fa-calendar-alt\"><\/i> 17-12-2025<\/span>\n    <a href=\"https:\/\/pb.edu.pl\/msca4east\/2025\/12\/17\/nowy-konkurs-msca\/\">\n      <div class=\"article-image\">\n        <img loading=\"lazy\" decoding=\"async\" width=\"480\" height=\"300\" src=\"https:\/\/pb.edu.pl\/msca4east\/wp-content\/uploads\/sites\/157\/2025\/12\/597924067_122110121079106274_378566118677636907_n-480x300.jpg\" class=\"attachment-medium-image-16x10 size-medium-image-16x10 wp-post-image\" alt=\"\" \/>      <\/div>\n      <h3>Nowy konkurs MSCA<\/h3>\n      Blisko 98 mln \u20ac na mi\u0119dzynarodow\u0105 wsp\u00f3\u0142prac\u0119 naukow\u0105!    <\/a>\n<\/article>\t\t\t\t\t\t<\/div>\n\t\t\t\t\t\t\t\t\t\t\t<div class=\"col-sm-3\">\n\t\t\t\t\t\t\t\n<article class=\"format-standard\">\n    <span class=\"date text-right\"><i class=\"fal fa-calendar-alt\"><\/i> 04-11-2025<\/span>\n    <a href=\"https:\/\/pb.edu.pl\/msca4east\/2025\/11\/04\/msca-dashboard\/\">\n      <div class=\"article-image\">\n        <img loading=\"lazy\" decoding=\"async\" width=\"480\" height=\"300\" src=\"https:\/\/pb.edu.pl\/msca4east\/wp-content\/uploads\/sites\/157\/2025\/11\/Marie-Sklodowska-Curie-Actions-480x300.webp\" class=\"attachment-medium-image-16x10 size-medium-image-16x10 wp-post-image\" alt=\"\" \/>      <\/div>\n      <h3>MSCA Dashboard<\/h3>\n      Nowy dashboard MSCA ju\u017c dzia\u0142a!    <\/a>\n<\/article>\t\t\t\t\t\t<\/div>\n\t\t\t\t\t\t\t\t\t\t\t<div class=\"col-sm-3\">\n\t\t\t\t\t\t\t\n<article class=\"format-standard\">\n    <span class=\"date text-right\"><i class=\"fal fa-calendar-alt\"><\/i> 04-11-2025<\/span>\n    <a href=\"https:\/\/pb.edu.pl\/msca4east\/2025\/11\/04\/msca-doctoral-networks-coordinators-information-day\/\">\n      <div class=\"article-image\">\n        <img loading=\"lazy\" decoding=\"async\" width=\"480\" height=\"300\" src=\"https:\/\/pb.edu.pl\/msca4east\/wp-content\/uploads\/sites\/157\/2025\/11\/marie-curie-540x314-1-480x300.png\" class=\"attachment-medium-image-16x10 size-medium-image-16x10 wp-post-image\" alt=\"\" \/>      <\/div>\n      <h3>MSCA Doctoral Networks Coordinators\u2019 Information Day<\/h3>\n      Zapraszamy na spotkanie organizowane przez Komisj\u0119 Europejsk\u0105 i Research Executive Agency    <\/a>\n<\/article>\t\t\t\t\t\t<\/div>\n\t\t\t\t\t\n\t\t\t\t\n\t\t\t\t\t<\/div>\n\t\t\n\t<nav class=\"navigation pagination\" aria-label=\"Stronicowanie wpis\u00f3w\">\n\t\t<h2 class=\"screen-reader-text\">Stronicowanie wpis\u00f3w<\/h2>\n\t\t<div class=\"nav-links\"><span aria-current=\"page\" class=\"page-numbers current\">1<\/span>\n<a class=\"page-numbers\" href=\"https:\/\/pb.edu.pl\/msca4east\/wp-json\/wp\/v2\/pages\/13\/page\/2\/\">2<\/a>\n<a class=\"next page-numbers\" href=\"https:\/\/pb.edu.pl\/msca4east\/wp-json\/wp\/v2\/pages\/13\/page\/2\/\">Nast\u0119pne<\/a><\/div>\n\t<\/nav>\t\t\t<\/div>\n\n","protected":false},"excerpt":{"rendered":"","protected":false},"author":2,"featured_media":0,"parent":0,"menu_order":1,"comment_status":"closed","ping_status":"closed","template":"","meta":{"_acf_changed":false,"ngg_post_thumbnail":0,"footnotes":""},"class_list":["post-13","page","type-page","status-publish","hentry"],"acf":[],"_links":{"self":[{"href":"https:\/\/pb.edu.pl\/msca4east\/wp-json\/wp\/v2\/pages\/13","targetHints":{"allow":["GET"]}}],"collection":[{"href":"https:\/\/pb.edu.pl\/msca4east\/wp-json\/wp\/v2\/pages"}],"about":[{"href":"https:\/\/pb.edu.pl\/msca4east\/wp-json\/wp\/v2\/types\/page"}],"author":[{"embeddable":true,"href":"https:\/\/pb.edu.pl\/msca4east\/wp-json\/wp\/v2\/users\/2"}],"replies":[{"embeddable":true,"href":"https:\/\/pb.edu.pl\/msca4east\/wp-json\/wp\/v2\/comments?post=13"}],"version-history":[{"count":0,"href":"https:\/\/pb.edu.pl\/msca4east\/wp-json\/wp\/v2\/pages\/13\/revisions"}],"wp:attachment":[{"href":"https:\/\/pb.edu.pl\/msca4east\/wp-json\/wp\/v2\/media?parent=13"}],"curies":[{"name":"wp","href":"https:\/\/api.w.org\/{rel}","templated":true}]}}