{"id":2006,"date":"2023-11-17T00:39:31","date_gmt":"2023-11-16T23:39:31","guid":{"rendered":"https:\/\/pb.edu.pl\/mp\/?page_id=2006"},"modified":"2024-09-30T23:21:22","modified_gmt":"2024-09-30T21:21:22","slug":"konkurs-matematyczne-etiudy-filmowe","status":"publish","type":"page","link":"https:\/\/pb.edu.pl\/mp\/konkurs-matematyczne-etiudy-filmowe\/","title":{"rendered":"Konkurs Matematyczne Etiudy Filmowe"},"content":{"rendered":"<div class=\"text-center h2\">Regulamin Konkursu Matematycznych Etiud Filmowych<br \/>\nw ramach konferencji Matematyka Pogranicza<\/div>\n<ol>\n<li><strong>Cel Konkursu<\/strong><br \/>\nPromowanie kreatywnego podej\u015bcia do matematyki poprzez produkcj\u0119 kr\u00f3tkich film\u00f3w.<\/li>\n<li><strong>Warunki uczestnictwa<\/strong><br \/>\nKonkurs jest otwarty dla wszystkich os\u00f3b zainteresowanych matematyk\u0105 i filmem.<br \/>\nKa\u017cdy uczestnik mo\u017ce zg\u0142osi\u0107 jedn\u0105 etiud\u0119 filmow\u0105.<\/li>\n<li><strong>Temat<\/strong><br \/>\nEtiudy filmowe powinny skupia\u0107 si\u0119 na tematach matematycznych, takich jak problemy, zadania, dowody matematyczne, ciekawostki matematyczne, zastosowania matematyki itp.<\/li>\n<li><strong>Kategorie<\/strong><br \/>\nEtiudy filmowe b\u0119d\u0105 oceniane w nast\u0119puj\u0105cych kategoriach:<br \/>\nKreatywno\u015b\u0107<br \/>\nZrozumienie tematu matematycznego<br \/>\nJako\u015b\u0107 produkcji filmowej<br \/>\nOryginalno\u015b\u0107<\/li>\n<li><strong>Zasady zg\u0142aszania<\/strong><br \/>\nFilmy powinny mie\u0107 maksymalnie 10 minut.<br \/>\nFilmy mog\u0105 by\u0107 w dowolnym j\u0119zyku, ale w przypadku u\u017cywania j\u0119zyka innego ni\u017c angielski, powinny zawiera\u0107 angielskie napisy lub t\u0142umaczenia.<br \/>\nUczestnicy powinni przes\u0142a\u0107 swoje etiudy za po\u015brednictwem dedykowanej platformy zg\u0142oszeniowej podanej w og\u0142oszeniu na stronie konferencji. <\/li>\n<li><strong>Terminy<\/strong><br \/>\nRozpocz\u0119cie konkursu: 15.11.2024 r.<br \/>\nZako\u0144czenie przyjmowania zg\u0142osze\u0144: 10.12.2024 r.<br \/>\nOg\u0142oszenie wynik\u00f3w: 20.12.2024 r., godz. 13:30, Wydzia\u0142 Informatyki, sala 128. <\/li>\n<li><strong>Nagrody<\/strong><br \/>\nNagrody zostan\u0105 przyznane trzem najlepszym etiudom w ka\u017cdej z kategorii.<br \/>\nNagrody b\u0119d\u0105 obejmowa\u0107: nagrody rzeczowe (gry logiczne do wyboru przez obecnych uczestnik\u00f3w konkursu o warto\u015bci ok.  400 z\u0142 na jedno miejsce), certyfikaty, publikacj\u0119 na stronie internetowej konkursu itp.<\/li>\n<li><strong>Jury<\/strong><br \/>\nJury b\u0119dzie sk\u0142ada\u0107 si\u0119 z ekspert\u00f3w z dziedziny matematyki i filmu.<br \/>\nDecyzje jury s\u0105 ostateczne i nie podlegaj\u0105 odwo\u0142aniu.<\/li>\n<li><strong>Prawa autorskie<\/strong><br \/>\nUczestnicy s\u0105 odpowiedzialni za zapewnienie, \u017ce ich filmy nie naruszaj\u0105 praw autorskich innych os\u00f3b.<\/li>\n<li><strong>Postanowienia ko\u0144cowe<\/strong><br \/>\nOrganizator zastrzega sobie prawo do zmiany regulaminu przed lub w trakcie konkursu.<br \/>\nUdzia\u0142 w konkursie oznacza akceptacj\u0119 warunk\u00f3w regulaminu.<\/li>\n<\/ol>\n","protected":false},"excerpt":{"rendered":"<p>Regulamin Konkursu Matematycznych Etiud Filmowych w ramach konferencji Matematyka Pogranicza Cel Konkursu Promowanie kreatywnego podej\u015bcia<\/p>\n","protected":false},"author":2,"featured_media":0,"parent":0,"menu_order":0,"comment_status":"closed","ping_status":"closed","template":"","meta":{"_acf_changed":false,"ngg_post_thumbnail":0,"footnotes":""},"class_list":["post-2006","page","type-page","status-publish","hentry"],"acf":[],"_links":{"self":[{"href":"https:\/\/pb.edu.pl\/mp\/wp-json\/wp\/v2\/pages\/2006","targetHints":{"allow":["GET"]}}],"collection":[{"href":"https:\/\/pb.edu.pl\/mp\/wp-json\/wp\/v2\/pages"}],"about":[{"href":"https:\/\/pb.edu.pl\/mp\/wp-json\/wp\/v2\/types\/page"}],"author":[{"embeddable":true,"href":"https:\/\/pb.edu.pl\/mp\/wp-json\/wp\/v2\/users\/2"}],"replies":[{"embeddable":true,"href":"https:\/\/pb.edu.pl\/mp\/wp-json\/wp\/v2\/comments?post=2006"}],"version-history":[{"count":0,"href":"https:\/\/pb.edu.pl\/mp\/wp-json\/wp\/v2\/pages\/2006\/revisions"}],"wp:attachment":[{"href":"https:\/\/pb.edu.pl\/mp\/wp-json\/wp\/v2\/media?parent=2006"}],"curies":[{"name":"wp","href":"https:\/\/api.w.org\/{rel}","templated":true}]}}