{"id":1997,"date":"2023-11-16T23:39:59","date_gmt":"2023-11-16T22:39:59","guid":{"rendered":"https:\/\/pb.edu.pl\/mp\/?page_id=1997"},"modified":"2024-09-30T23:19:53","modified_gmt":"2024-09-30T21:19:53","slug":"sesja-studencka","status":"publish","type":"page","link":"https:\/\/pb.edu.pl\/mp\/sesja-studencka\/","title":{"rendered":"Sesja Studencka"},"content":{"rendered":"<p>W ramach konferencji odb\u0119dzie si\u0119 Sesja Studencka, kt\u00f3rej celem jest prezentacja zagadnie\u0144 z zakresu zwi\u0105zanego z matematyk\u0105 i jej zastosowaniami w innych dziedzinach. Wydarzenie to b\u0119dzie okazj\u0105 do wymiany my\u015bli, pomys\u0142\u00f3w, pasji i do\u015bwiadcze\u0144 student\u00f3w.<\/p>\n<p><strong>Udzia\u0142 w Sesji Studenckiej jest bezp\u0142atny.<\/strong><\/p>\n<p>Referaty prezentowane w ramach sesji powinny dotyczy\u0107 matematyki i\/lub jej zastosowa\u0144 lub architektury z zastosowaniami matematyki. Mog\u0105 mie\u0107 one charakter naukowy lub popularnonaukowy. Kwalifikacja referat\u00f3w do sesji b\u0119dzie przeprowadzona przez organizator\u00f3w sesji na podstawie nades\u0142anych abstrakt\u00f3w, kt\u00f3re nale\u017cy przygotowa\u0107 w j\u0119zyku polskim.<br \/>\n<!--\n\n\n<div class=\"h3\">Wa\u017cne terminy<\/div>\n\n\n\n\n<ul>\n\t\n\n<li>przesy\u0142anie abstrakt\u00f3w: 23.11.2023 r. w formularzu rejestracyjnym z informacj\u0105 na pocz\u0105tku: <em>sesja studencka<\/em> -  <a href=\"https:\/\/pb.edu.pl\/mp\/rejestracja\/\">Formularz rejestracyjny<\/a><\/li>\n\n\n\t\n\n<li>akceptacja abstrakt\u00f3w: 26.11.2023 r.<\/li>\n\n\n\t\n\n<li>konferencja: 01-03.12.2023 r.<\/li>\n\n\n<\/ul>\n\n\n--><\/p>\n<p><strong>Op\u0142aty: brak op\u0142aty konferencyjnej.<\/strong><\/p>\n<p>Organizatorzy zapewniaj\u0105 uczestnikom ciep\u0142y pocz\u0119stunek podczas przerw obiadowych oraz przerw\u0119 kawow\u0105 w czasie konferencji.<\/p>\n<p>Nie zapewniamy nocleg\u00f3w, ale <a href=\"https:\/\/pb.edu.pl\/mp\/bialystok-dojazd-hotele\/hotele\/\" title=\"Hotele\">s\u0142u\u017c\u0105 wszelk\u0105 pomoc\u0105 w ich zorganizowaniu<\/a>.  <\/p>\n<p>Dodatkowe informacje na temat konferencji mo\u017cna znale\u017a\u0107 na stronie internetowej <a href=\"https:\/\/pb.edu.pl\/mp\/o-konferencji\/\">O konferencji<\/a>.<\/p>\n<hr>\n<div class=\"h3\">Organizatorzy sesji<\/div>\n<p>Wszelkie pytania dotycz\u0105ce sesji studenckiej mo\u017cna kierowa\u0107 bezpo\u015brednio do organizator\u00f3w sesji:<\/p>\n<p>Marzena Filipowicz-Chomko &#8211; <i class=\"fal fa-envelope\"><\/i> <a href=\"#\" rel=\"nofollow\"  onclick=\"this.href='mailto:' + 'm.filipowicz' + '@' + 'pb.edu.pl'\">m.filipowicz [at] pb.edu.pl<\/a>\n<p>Ewa Girejko &#8211; <i class=\"fal fa-envelope\"><\/i> <a href=\"#\" rel=\"nofollow\"  onclick=\"this.href='mailto:' + 'e.girejko' + '@' + 'pb.edu.pl'\">e.girejko [at] pb.edu.pl<\/a>\n","protected":false},"excerpt":{"rendered":"<p>W ramach konferencji odb\u0119dzie si\u0119 Sesja Studencka, kt\u00f3rej celem jest prezentacja zagadnie\u0144 z zakresu zwi\u0105zanego<\/p>\n","protected":false},"author":2,"featured_media":0,"parent":0,"menu_order":0,"comment_status":"closed","ping_status":"closed","template":"","meta":{"_acf_changed":false,"ngg_post_thumbnail":0,"footnotes":""},"class_list":["post-1997","page","type-page","status-publish","hentry"],"acf":[],"_links":{"self":[{"href":"https:\/\/pb.edu.pl\/mp\/wp-json\/wp\/v2\/pages\/1997","targetHints":{"allow":["GET"]}}],"collection":[{"href":"https:\/\/pb.edu.pl\/mp\/wp-json\/wp\/v2\/pages"}],"about":[{"href":"https:\/\/pb.edu.pl\/mp\/wp-json\/wp\/v2\/types\/page"}],"author":[{"embeddable":true,"href":"https:\/\/pb.edu.pl\/mp\/wp-json\/wp\/v2\/users\/2"}],"replies":[{"embeddable":true,"href":"https:\/\/pb.edu.pl\/mp\/wp-json\/wp\/v2\/comments?post=1997"}],"version-history":[{"count":0,"href":"https:\/\/pb.edu.pl\/mp\/wp-json\/wp\/v2\/pages\/1997\/revisions"}],"wp:attachment":[{"href":"https:\/\/pb.edu.pl\/mp\/wp-json\/wp\/v2\/media?parent=1997"}],"curies":[{"name":"wp","href":"https:\/\/api.w.org\/{rel}","templated":true}]}}