{"id":1953,"date":"2023-11-12T22:57:15","date_gmt":"2023-11-12T21:57:15","guid":{"rendered":"https:\/\/pb.edu.pl\/mp\/?page_id=1953"},"modified":"2023-11-12T22:57:36","modified_gmt":"2023-11-12T21:57:36","slug":"pastel-znizka","status":"publish","type":"page","link":"https:\/\/pb.edu.pl\/mp\/bialystok-dojazd-hotele\/hotele\/pastel-znizka\/","title":{"rendered":"Willa Pastel &#8211; rezerwuj ze zni\u017ck\u0105"},"content":{"rendered":"<p><strong>Oferta hotelu WILLA PASTEL<\/strong><br \/>\n<a href=\"https:\/\/pastel.kasol.com.pl\/pl\/\">pastel.kasol.com.pl\/pl\/<\/a><\/p>\n<p>1 osobowy ze \u015bniadaniem &#8211; 219 z\u0142<\/p>\n<p>2 osobowy ze \u015bniadaniem (dwa \u0142\u00f3\u017cka oddzielne) &#8211; 276 z\u0142.<\/p>\n<p><strong>Go\u015bcie zaznaczaj\u0105, \u017ce skierowa\u0142o ich Polskie Towarzystwo Matematyczne.<\/strong><\/p>\n","protected":false},"excerpt":{"rendered":"<p>Oferta hotelu WILLA PASTEL pastel.kasol.com.pl\/pl\/ 1 osobowy ze \u015bniadaniem &#8211; 219 z\u0142 2 osobowy ze<\/p>\n","protected":false},"author":2,"featured_media":0,"parent":1080,"menu_order":0,"comment_status":"closed","ping_status":"closed","template":"","meta":{"_acf_changed":false,"ngg_post_thumbnail":0,"footnotes":""},"class_list":["post-1953","page","type-page","status-publish","hentry"],"acf":[],"_links":{"self":[{"href":"https:\/\/pb.edu.pl\/mp\/wp-json\/wp\/v2\/pages\/1953","targetHints":{"allow":["GET"]}}],"collection":[{"href":"https:\/\/pb.edu.pl\/mp\/wp-json\/wp\/v2\/pages"}],"about":[{"href":"https:\/\/pb.edu.pl\/mp\/wp-json\/wp\/v2\/types\/page"}],"author":[{"embeddable":true,"href":"https:\/\/pb.edu.pl\/mp\/wp-json\/wp\/v2\/users\/2"}],"replies":[{"embeddable":true,"href":"https:\/\/pb.edu.pl\/mp\/wp-json\/wp\/v2\/comments?post=1953"}],"version-history":[{"count":0,"href":"https:\/\/pb.edu.pl\/mp\/wp-json\/wp\/v2\/pages\/1953\/revisions"}],"up":[{"embeddable":true,"href":"https:\/\/pb.edu.pl\/mp\/wp-json\/wp\/v2\/pages\/1080"}],"wp:attachment":[{"href":"https:\/\/pb.edu.pl\/mp\/wp-json\/wp\/v2\/media?parent=1953"}],"curies":[{"name":"wp","href":"https:\/\/api.w.org\/{rel}","templated":true}]}}