{"id":1457,"date":"2023-08-25T19:02:03","date_gmt":"2023-08-25T17:02:03","guid":{"rendered":"https:\/\/pb.edu.pl\/mp\/?page_id=1457"},"modified":"2024-10-06T20:25:47","modified_gmt":"2024-10-06T18:25:47","slug":"bialystok","status":"publish","type":"page","link":"https:\/\/pb.edu.pl\/mp\/bialystok-dojazd-hotele\/bialystok\/","title":{"rendered":"Bia\u0142ystok"},"content":{"rendered":"<p><a href=\"https:\/\/www.facebook.com\/100023543463034\/videos\/1604675840113156\/\">Zapraszamy na filmow\u0105 podr\u00f3\u017c po jednym z najbardziej urokliwych miejsc w p\u00f3\u0142nocno-wschodniej cz\u0119\u015bci Polski &#8211; Bia\u0142ymstoku!<\/a><br \/>\n&nbsp;<\/p>\n<div class=\"embed-responsive embed-responsive-16by9\"><iframe loading=\"lazy\" title=\"Bia\u0142ystok tak blisko\" width=\"500\" height=\"281\" src=\"https:\/\/www.youtube.com\/embed\/gmgihZPsKpQ?feature=oembed\" frameborder=\"0\" allow=\"accelerometer; autoplay; clipboard-write; encrypted-media; gyroscope; picture-in-picture; web-share\" referrerpolicy=\"strict-origin-when-cross-origin\" allowfullscreen><\/iframe><\/div>\n<p>&nbsp;<br \/>\n<a href=\"https:\/\/pb.edu.pl\/biomdlore\/wp-content\/uploads\/sites\/91\/2022\/12\/Bialystok-z-drona-fot.-Pawel-Jankowski-PB-1-1536x864-1.png\"><img loading=\"lazy\" decoding=\"async\" src=\"https:\/\/pb.edu.pl\/biomdlore\/wp-content\/uploads\/sites\/91\/2022\/12\/Bialystok-z-drona-fot.-Pawel-Jankowski-PB-1-1536x864-1.png\" alt=\"Bialystok\" width=\"1536\" height=\"864\" class=\"aligncenter size-full wp-image-1262\" \/><\/a><br \/>\n&nbsp;<br \/>\n<a href=\"https:\/\/pb.edu.pl\/biomdlore\/wp-content\/uploads\/sites\/91\/2022\/12\/Bialystok-z-drona-fot.-Pawel-Jankowski-PB-3-1536x864-1.png\"><img loading=\"lazy\" decoding=\"async\" src=\"https:\/\/pb.edu.pl\/biomdlore\/wp-content\/uploads\/sites\/91\/2022\/12\/Bialystok-z-drona-fot.-Pawel-Jankowski-PB-3-1536x864-1.png\" alt=\"Bialystok\" width=\"1536\" height=\"864\" class=\"aligncenter size-full wp-image-1261\" \/><\/a><br \/>\n&nbsp;<br \/>\n<a href=\"https:\/\/pb.edu.pl\/biomdlore\/wp-content\/uploads\/sites\/91\/2022\/12\/Bialystok-z-drona-fot.-Pawel-Jankowski-PB-2-1536x864-1.png\"><img loading=\"lazy\" decoding=\"async\" src=\"https:\/\/pb.edu.pl\/biomdlore\/wp-content\/uploads\/sites\/91\/2022\/12\/Bialystok-z-drona-fot.-Pawel-Jankowski-PB-2-1536x864-1.png\" alt=\"Bialystok\" width=\"1536\" height=\"864\" class=\"aligncenter size-full wp-image-1259\" \/><\/a><\/p>\n","protected":false},"excerpt":{"rendered":"<p>Zapraszamy na filmow\u0105 podr\u00f3\u017c po jednym z najbardziej urokliwych miejsc w p\u00f3\u0142nocno-wschodniej cz\u0119\u015bci Polski &#8211;<\/p>\n","protected":false},"author":2,"featured_media":0,"parent":1425,"menu_order":1,"comment_status":"closed","ping_status":"closed","template":"","meta":{"_acf_changed":false,"ngg_post_thumbnail":0,"footnotes":""},"class_list":["post-1457","page","type-page","status-publish","hentry"],"acf":[],"_links":{"self":[{"href":"https:\/\/pb.edu.pl\/mp\/wp-json\/wp\/v2\/pages\/1457","targetHints":{"allow":["GET"]}}],"collection":[{"href":"https:\/\/pb.edu.pl\/mp\/wp-json\/wp\/v2\/pages"}],"about":[{"href":"https:\/\/pb.edu.pl\/mp\/wp-json\/wp\/v2\/types\/page"}],"author":[{"embeddable":true,"href":"https:\/\/pb.edu.pl\/mp\/wp-json\/wp\/v2\/users\/2"}],"replies":[{"embeddable":true,"href":"https:\/\/pb.edu.pl\/mp\/wp-json\/wp\/v2\/comments?post=1457"}],"version-history":[{"count":0,"href":"https:\/\/pb.edu.pl\/mp\/wp-json\/wp\/v2\/pages\/1457\/revisions"}],"up":[{"embeddable":true,"href":"https:\/\/pb.edu.pl\/mp\/wp-json\/wp\/v2\/pages\/1425"}],"wp:attachment":[{"href":"https:\/\/pb.edu.pl\/mp\/wp-json\/wp\/v2\/media?parent=1457"}],"curies":[{"name":"wp","href":"https:\/\/api.w.org\/{rel}","templated":true}]}}