{"id":1394,"date":"2023-08-25T17:53:02","date_gmt":"2023-08-25T15:53:02","guid":{"rendered":"https:\/\/pb.edu.pl\/mp\/?page_id=1394"},"modified":"2025-10-09T22:45:58","modified_gmt":"2025-10-09T20:45:58","slug":"o-konferencji","status":"publish","type":"page","link":"https:\/\/pb.edu.pl\/mp\/o-konferencji\/","title":{"rendered":"O konferencji"},"content":{"rendered":"<p><strong>Matematyka Pogranicza<\/strong> to og\u00f3lnopolska konferencja naukowa o charakterze interdyscyplinarnym, popularyzuj\u0105ca zastosowania i obecno\u015b\u0107 matematyki w r\u00f3\u017cnych dziedzinach \u017cycia i \u015brodowiska \u2013&nbsp;w&nbsp;architekturze, sztuce, przyrodzie, kosmosie, muzyce oraz wielu innych obszarach. <\/p>\n<p>Konferencja jest skierowana do szerokiego grona odbiorc\u00f3w. Jej zadaniem jest szukanie pomostu mi\u0119dzy matematyk\u0105 i innymi dziedzinami.<\/p>\n<p>Spotkanie b\u0119dzie okazj\u0105 do wsp\u00f3lnych rozm\u00f3w i dzielenia si\u0119 wiedz\u0105 w\u015br\u00f3d r\u00f3\u017cnych \u015brodowisk, w&nbsp;szczeg\u00f3lno\u015bci nauczycieli i matematyk\u00f3w z Polski i spoza niej.  Zapraszamy do udzia\u0142u wszystkich zainteresowanych z Polski i z kraj\u00f3w s\u0105siaduj\u0105cych i nie tylko.<\/p>\n<p><strong>Uczestnicy:<\/strong> nauczyciele nie tylko matematyki, nauczyciele akademiccy, historycy, architekci, muzycy, uczniowie i studenci.<\/p>\n<p><strong>J\u0119zyki konferencji:<\/strong> polski, angielski<\/p>\n<p><strong>Termin:<\/strong> od 29 listopada do 1 grudnia 2024 r.<\/p>\n<p><strong>Miejsce:<\/strong> Bia\u0142ystok, Politechnika Bia\u0142ostocka, Wydzia\u0142 Architektury, ul. Oskara Sosnowskiego 11<br \/>\n&nbsp;<\/p>\n<p><a href=\"https:\/\/pb.edu.pl\/mp\/wp-content\/uploads\/sites\/108\/2024\/11\/MP_2024-1920px.jpg\"><img loading=\"lazy\" decoding=\"async\" src=\"https:\/\/pb.edu.pl\/mp\/wp-content\/uploads\/sites\/108\/2024\/11\/MP_2024-1920px.jpg\" alt=\"Plakat wydarzenia Matematyka Pogranicza 2024 r.\" width=\"1920\" height=\"1358\" class=\"aligncenter size-full wp-image-2166\" srcset=\"https:\/\/pb.edu.pl\/mp\/wp-content\/uploads\/sites\/108\/2024\/11\/MP_2024-1920px.jpg 1920w, https:\/\/pb.edu.pl\/mp\/wp-content\/uploads\/sites\/108\/2024\/11\/MP_2024-1920px-300x212.jpg 300w, https:\/\/pb.edu.pl\/mp\/wp-content\/uploads\/sites\/108\/2024\/11\/MP_2024-1920px-1024x724.jpg 1024w, https:\/\/pb.edu.pl\/mp\/wp-content\/uploads\/sites\/108\/2024\/11\/MP_2024-1920px-768x543.jpg 768w, https:\/\/pb.edu.pl\/mp\/wp-content\/uploads\/sites\/108\/2024\/11\/MP_2024-1920px-1536x1086.jpg 1536w\" sizes=\"auto, (max-width: 1920px) 100vw, 1920px\" \/><\/a><\/p>\n","protected":false},"excerpt":{"rendered":"<p>Matematyka Pogranicza to og\u00f3lnopolska konferencja naukowa o charakterze interdyscyplinarnym, popularyzuj\u0105ca zastosowania i obecno\u015b\u0107 matematyki w<\/p>\n","protected":false},"author":2,"featured_media":0,"parent":0,"menu_order":1,"comment_status":"closed","ping_status":"closed","template":"","meta":{"_acf_changed":false,"ngg_post_thumbnail":0,"footnotes":""},"class_list":["post-1394","page","type-page","status-publish","hentry"],"acf":[],"_links":{"self":[{"href":"https:\/\/pb.edu.pl\/mp\/wp-json\/wp\/v2\/pages\/1394","targetHints":{"allow":["GET"]}}],"collection":[{"href":"https:\/\/pb.edu.pl\/mp\/wp-json\/wp\/v2\/pages"}],"about":[{"href":"https:\/\/pb.edu.pl\/mp\/wp-json\/wp\/v2\/types\/page"}],"author":[{"embeddable":true,"href":"https:\/\/pb.edu.pl\/mp\/wp-json\/wp\/v2\/users\/2"}],"replies":[{"embeddable":true,"href":"https:\/\/pb.edu.pl\/mp\/wp-json\/wp\/v2\/comments?post=1394"}],"version-history":[{"count":0,"href":"https:\/\/pb.edu.pl\/mp\/wp-json\/wp\/v2\/pages\/1394\/revisions"}],"wp:attachment":[{"href":"https:\/\/pb.edu.pl\/mp\/wp-json\/wp\/v2\/media?parent=1394"}],"curies":[{"name":"wp","href":"https:\/\/api.w.org\/{rel}","templated":true}]}}