{"id":13,"date":"2020-05-18T14:40:41","date_gmt":"2020-05-18T12:40:41","guid":{"rendered":"https:\/\/pb.edu.pl\/mp\/?page_id=13"},"modified":"2025-01-21T22:17:06","modified_gmt":"2025-01-21T21:17:06","slug":"home","status":"publish","type":"page","link":"https:\/\/pb.edu.pl\/mp\/","title":{"rendered":""},"content":{"rendered":"<div class=\"img-full\">\n<p><img decoding=\"async\" src=\"https:\/\/pb.edu.pl\/mp\/wp-content\/uploads\/sites\/108\/2023\/07\/baner-glowny_1920x590.jpg\" alt=\"baner\"><\/p>\n<div class=\"img-full-text\">\n<div class=\"img-full-title\">Matematyka Pogranicza<\/div>\n<div class=\"img-full-button\">Bia\u0142ystok, 29.11 &#8211; 01.12 2024 r.<\/div>\n<div class=\"img-full-pb\">Politechnika Bia\u0142ostocka<\/div>\n<\/div>\n<\/div>\n<p>&nbsp;<\/p>\n<div class=\"row\">\n<div class=\"col-sm-3 text-center\"><a class=\"button\" style=\"width: 100%; padding: 0px 5px 10px 5px;\" title=\"O konferencji\" href=\"\/mp\/o-konferencji\/\"><img loading=\"lazy\" decoding=\"async\" class=\"aligncenter size-full wp-image-251\" src=\"https:\/\/pb.edu.pl\/mp\/wp-content\/uploads\/sites\/108\/2023\/08\/box-1.jpg\" alt=\"\" width=\"800\" height=\"536\"><span class=\"lead\">O konferencji<\/span><\/a><\/div>\n<div class=\"col-sm-3 text-center\"><a class=\"button\" style=\"width: 100%; padding: 0px 5px 10px 5px;\" title=\"Rejestracja\" href=\"\/mp\/rejestracja\/\"><img loading=\"lazy\" decoding=\"async\" class=\"aligncenter size-full wp-image-251\" src=\"https:\/\/pb.edu.pl\/mp\/wp-content\/uploads\/sites\/108\/2023\/08\/box-2.jpg\" alt=\"\" width=\"800\" height=\"536\"><span class=\"lead\">Rejestracja<\/span><\/a><\/div>\n<div class=\"col-sm-3 text-center\"><a class=\"button\" style=\"width: 100%; padding: 0px 5px 10px 5px;\" title=\"Terminy\" href=\"\/mp\/terminy\/\"><img loading=\"lazy\" decoding=\"async\" class=\"aligncenter size-full wp-image-250\" src=\"https:\/\/pb.edu.pl\/mp\/wp-content\/uploads\/sites\/108\/2023\/08\/box-3.jpg\" alt=\"\" width=\"800\" height=\"536\"><span class=\"lead\">Terminy<\/span><\/a><\/div>\n<div class=\"col-sm-3 text-center\"><a class=\"button\" style=\"width: 100%; padding: 0px 5px 10px 5px;\" title=\"Kontakt\" href=\"\/mp\/kontakt\/\"><img loading=\"lazy\" decoding=\"async\" class=\"aligncenter size-full wp-image-250\" src=\"https:\/\/pb.edu.pl\/mp\/wp-content\/uploads\/sites\/108\/2023\/08\/box-4.jpg\" alt=\"\" width=\"800\" height=\"536\"><span class=\"lead\">Kontakt<\/span><\/a><\/div>\n<\/div>\n<p>&nbsp;<\/p>\n<div class=\"row\">\n<div class=\"col-sm-6 text-center\"><a class=\"button text-center animated zoomIn lead\" style=\"width: 100%; font-weight: 400; letter-spacing: 2px;\" href=\"\/mp\/sesja-studencka\/\">Sesja Studencka<\/a><\/div>\n<div class=\"col-sm-6 text-center\"><a class=\"button text-center animated zoomIn lead\" style=\"width: 100%; font-weight: 400; letter-spacing: 2px;\" href=\"\/mp\/konkurs-matematyczne-etiudy-filmowe\/\">Konkurs Matematyczne Etiudy Filmowe<\/a><\/div>\n<div class=\"col-sm-12 text-center\"><a class=\"button text-center animated zoomIn lead\" style=\"width: 100%; font-weight: 400; letter-spacing: 2px;\" href=\"\/mp\/bialystok-dojazd-hotele\/\">Bia\u0142ystok, hotele&#8230;<\/a><\/div>\n<\/div>\n<div class=\"h1 text-center\"><span style=\"font-size: 24pt;\">Organizatorzy<\/span><\/div>\n<p>&nbsp;<\/p>\n<div class=\"organizer-logos\"><a class=\"organizer-logos-item\" href=\"https:\/\/www.ptm.org.pl\/\" target=\"_blank\" rel=\"noopener\"><img decoding=\"async\" class=\"\" src=\"https:\/\/pb.edu.pl\/mp\/wp-content\/uploads\/sites\/108\/2023\/08\/ptm-logo.png\" alt=\"Polskie Towarzystwo Matematyczne logo\"><\/a><br \/>\n<a class=\"organizer-logos-item\" href=\"https:\/\/wi.pb.edu.pl\/\" target=\"_blank\" rel=\"noopener\"><img decoding=\"async\" class=\"\" src=\"https:\/\/pb.edu.pl\/mp\/wp-content\/uploads\/sites\/108\/2023\/08\/logo-WI-PB-wersja-pelna-kolor-czarny-zoom-2.webp\" alt=\"Wydzia\u0142 Informatyki Politechnika Bia\u0142ostocka logo\"><\/a><br \/>\n<a class=\"organizer-logos-item\" href=\"https:\/\/wa.pb.edu.pl\/\" target=\"_blank\" rel=\"noopener\"><img decoding=\"async\" class=\"\" src=\"https:\/\/pb.edu.pl\/mp\/wp-content\/uploads\/sites\/108\/2023\/09\/logo-WA-PB-PL-kolor-czarny-na-przezroczystym-tle.png\" alt=\"Wydzia\u0142 Architektury Politechnika Bia\u0142ostocka logo\"><\/a><br \/>\n<a class=\"organizer-logos-item\" href=\"https:\/\/uwb.edu.pl\/\" target=\"_blank\" rel=\"noopener\"><img loading=\"lazy\" decoding=\"async\" src=\"https:\/\/pb.edu.pl\/mp\/wp-content\/uploads\/sites\/108\/2023\/10\/wuwbkolor.jpg\" alt=\"Uniwersytet w Bia\u0142ymstoku logo\" width=\"2387\" height=\"2387\" class=\"aligncenter size-full wp-image-1878\" srcset=\"https:\/\/pb.edu.pl\/mp\/wp-content\/uploads\/sites\/108\/2023\/10\/wuwbkolor.jpg 2387w, https:\/\/pb.edu.pl\/mp\/wp-content\/uploads\/sites\/108\/2023\/10\/wuwbkolor-300x300.jpg 300w, https:\/\/pb.edu.pl\/mp\/wp-content\/uploads\/sites\/108\/2023\/10\/wuwbkolor-1024x1024.jpg 1024w, https:\/\/pb.edu.pl\/mp\/wp-content\/uploads\/sites\/108\/2023\/10\/wuwbkolor-150x150.jpg 150w, https:\/\/pb.edu.pl\/mp\/wp-content\/uploads\/sites\/108\/2023\/10\/wuwbkolor-768x768.jpg 768w, https:\/\/pb.edu.pl\/mp\/wp-content\/uploads\/sites\/108\/2023\/10\/wuwbkolor-1536x1536.jpg 1536w, https:\/\/pb.edu.pl\/mp\/wp-content\/uploads\/sites\/108\/2023\/10\/wuwbkolor-2048x2048.jpg 2048w\" sizes=\"auto, (max-width: 2387px) 100vw, 2387px\" \/><\/a><\/div>\n<div class=\"h1 text-center\"><span style=\"font-size: 24pt;\">Patroni honorowi<\/span><\/div>\n<p>&nbsp;<\/p>\n<div class=\"organizer-logos\"><a class=\"organizer-logos-item\" href=\"https:\/\/pb.edu.pl\/\" target=\"_blank\" rel=\"noopener\"><img decoding=\"async\" src=\"https:\/\/pb.edu.pl\/mp\/wp-content\/uploads\/sites\/108\/2023\/07\/logo-Patronat-Rektor-PB-kolor-podstawowy-na-bialym_200px.jpg\" alt=\"Rektor Politechniki Bia\u0142ostockiej logo\"><\/a><br \/>\n<a class=\"partnerzy-logos-item\" title=\"otworzy si\u0119 w nowej karcie\" href=\"https:\/\/kuratorium.bialystok.pl\/\" target=\"_blank\" rel=\"noopener\"><img decoding=\"async\" src=\"https:\/\/pb.edu.pl\/mp\/wp-content\/uploads\/sites\/108\/2024\/11\/kuratorium.png\" alt=\"Kuratorium O\u015bwiaty w Bia\u0142ymstoku\"  \/><\/a>\n<\/div>\n<p>&nbsp;<\/p>\n<div class=\"h1 text-center\"><span style=\"font-size: 24pt\">Patroni medialni<\/span><\/div>\n<p>&nbsp;<\/p>\n<div class=\"organizer-logos\">\n<a class=\"organizer-logos-item\" href=\"https:\/\/www.radio.bialystok.pl\/\" target=\"_blank\" rel=\"noopener\"><img decoding=\"async\" src=\"https:\/\/pb.edu.pl\/mp\/wp-content\/uploads\/sites\/108\/2023\/07\/Logo-Radia-Bialystok.png\" alt=\"Polskiego Radia Bia\u0142ystok logo\"><\/a><br \/>\n<a class=\"organizer-logos-item\" href=\"https:\/\/akadera.bialystok.pl\/\" target=\"_blank\" rel=\"noopener\"><img decoding=\"async\" src=\"https:\/\/pb.edu.pl\/mp\/wp-content\/uploads\/sites\/108\/2024\/11\/logo-radio-akadera.jpg\" alt=\"Radio Akadera\" \/><\/a><\/div>\n<div class=\"row ministerstwo\">\n<div class=\"col-sm-2 text-center\" style=\"margin-top: 80px\">\n<img loading=\"lazy\" decoding=\"async\" class=\"alignnone wp-image-1535\" src=\"https:\/\/pb.edu.pl\/science-kultura\/wp-content\/uploads\/sites\/98\/2023\/03\/znaki_strona_www.png\" alt=\"\" width=\"180\" height=\"60\"><\/div>\n<div class=\"col-sm-2 text-center\" style=\"margin-top: 85px\">\n<img decoding=\"async\" src=\"https:\/\/pb.edu.pl\/mp\/wp-content\/uploads\/sites\/108\/2025\/01\/01_znak_siatka_podstawowy_kolor_biale_tlo.png\" alt=\"logo \"  \/><\/div>\n<div class=\"col-sm-2 text-left\" style=\"margin-top: 60px\">\n<img decoding=\"async\" class=\"alignnone wp-image-1534\" src=\"https:\/\/pb.edu.pl\/mp\/wp-content\/uploads\/sites\/108\/2024\/09\/mein_son_logo_on_white-1.png\" alt=\"\"><\/div>\n<div class=\"col-sm-6 text-center\"><img loading=\"lazy\" decoding=\"async\" class=\"alignnone wp-image-1807\" src=\"https:\/\/pb.edu.pl\/mp\/wp-content\/uploads\/sites\/108\/2023\/09\/Logo2-scaled.jpg\" alt=\"Atraktor - popularyzacja matematyki\" width=\"400\" height=\"128\" srcset=\"https:\/\/pb.edu.pl\/mp\/wp-content\/uploads\/sites\/108\/2023\/09\/Logo2-scaled.jpg 2560w, https:\/\/pb.edu.pl\/mp\/wp-content\/uploads\/sites\/108\/2023\/09\/Logo2-300x96.jpg 300w, https:\/\/pb.edu.pl\/mp\/wp-content\/uploads\/sites\/108\/2023\/09\/Logo2-1024x328.jpg 1024w, https:\/\/pb.edu.pl\/mp\/wp-content\/uploads\/sites\/108\/2023\/09\/Logo2-768x246.jpg 768w, https:\/\/pb.edu.pl\/mp\/wp-content\/uploads\/sites\/108\/2023\/09\/Logo2-1536x492.jpg 1536w, https:\/\/pb.edu.pl\/mp\/wp-content\/uploads\/sites\/108\/2023\/09\/Logo2-2048x655.jpg 2048w\" sizes=\"auto, (max-width: 400px) 100vw, 400px\" \/><br \/>\nProjekt \u201eAtraktor &#8211; popularyzacja matematyki\u201d finansowany jest ze \u015brodk\u00f3w Ministerstwa Nauki i&nbsp;Szkolnictwa Wy\u017cszego na podstawie umowy<br \/>\nnr POPUL\/SN\/0361\/2023\/01 z dnia 31.07.2023 r. w ramach programu<br \/>\npn. Spo\u0142eczna odpowiedzialno\u015b\u0107 nauki II &#8211; Popularyzacja nauki.<\/div>\n<\/div>\n","protected":false},"excerpt":{"rendered":"<p>Matematyka Pogranicza Bia\u0142ystok, 29.11 &#8211; 01.12 2024 r. Politechnika Bia\u0142ostocka &nbsp; O konferencji Rejestracja Terminy<\/p>\n","protected":false},"author":2,"featured_media":0,"parent":0,"menu_order":0,"comment_status":"closed","ping_status":"closed","template":"templates\/dzial.php","meta":{"_acf_changed":false,"ngg_post_thumbnail":0,"footnotes":""},"class_list":["post-13","page","type-page","status-publish","hentry"],"acf":[],"_links":{"self":[{"href":"https:\/\/pb.edu.pl\/mp\/wp-json\/wp\/v2\/pages\/13","targetHints":{"allow":["GET"]}}],"collection":[{"href":"https:\/\/pb.edu.pl\/mp\/wp-json\/wp\/v2\/pages"}],"about":[{"href":"https:\/\/pb.edu.pl\/mp\/wp-json\/wp\/v2\/types\/page"}],"author":[{"embeddable":true,"href":"https:\/\/pb.edu.pl\/mp\/wp-json\/wp\/v2\/users\/2"}],"replies":[{"embeddable":true,"href":"https:\/\/pb.edu.pl\/mp\/wp-json\/wp\/v2\/comments?post=13"}],"version-history":[{"count":0,"href":"https:\/\/pb.edu.pl\/mp\/wp-json\/wp\/v2\/pages\/13\/revisions"}],"wp:attachment":[{"href":"https:\/\/pb.edu.pl\/mp\/wp-json\/wp\/v2\/media?parent=13"}],"curies":[{"name":"wp","href":"https:\/\/api.w.org\/{rel}","templated":true}]}}