{"id":1420,"date":"2023-08-25T18:16:33","date_gmt":"2023-08-25T16:16:33","guid":{"rendered":"https:\/\/pb.edu.pl\/mp-2023\/?page_id=1420"},"modified":"2023-10-21T11:22:36","modified_gmt":"2023-10-21T09:22:36","slug":"miejsce-konferencji","status":"publish","type":"page","link":"https:\/\/pb.edu.pl\/mp-2023\/o-konferencji\/miejsce-konferencji\/","title":{"rendered":"Miejsce konferencji"},"content":{"rendered":"<p><a href=\"https:\/\/wa.pb.edu.pl\/kontakt\/dane-teleadresowe\/\">Wydzia\u0142 Architektury<\/a><br \/>\nPolitechnika Bia\u0142ostocka<br \/>\nul. Oskara Sosnowskiego 11<br \/>\n15-893 Bia\u0142ystok<\/p>\n<p><!--\nZobacz <a href=\"https:\/\/pb.edu.pl\/mp-2023\/bialystok-dojazd-hotele\/dojazd\/\">Dojazd<\/a>\n--><\/p>\n","protected":false},"excerpt":{"rendered":"<p>Wydzia\u0142 Architektury Politechnika Bia\u0142ostocka ul. Oskara Sosnowskiego 11 15-893 Bia\u0142ystok<\/p>\n","protected":false},"author":2,"featured_media":0,"parent":1394,"menu_order":6,"comment_status":"closed","ping_status":"closed","template":"","meta":{"_acf_changed":false,"ngg_post_thumbnail":0,"footnotes":""},"class_list":["post-1420","page","type-page","status-publish","hentry"],"acf":[],"_links":{"self":[{"href":"https:\/\/pb.edu.pl\/mp-2023\/wp-json\/wp\/v2\/pages\/1420","targetHints":{"allow":["GET"]}}],"collection":[{"href":"https:\/\/pb.edu.pl\/mp-2023\/wp-json\/wp\/v2\/pages"}],"about":[{"href":"https:\/\/pb.edu.pl\/mp-2023\/wp-json\/wp\/v2\/types\/page"}],"author":[{"embeddable":true,"href":"https:\/\/pb.edu.pl\/mp-2023\/wp-json\/wp\/v2\/users\/2"}],"replies":[{"embeddable":true,"href":"https:\/\/pb.edu.pl\/mp-2023\/wp-json\/wp\/v2\/comments?post=1420"}],"version-history":[{"count":0,"href":"https:\/\/pb.edu.pl\/mp-2023\/wp-json\/wp\/v2\/pages\/1420\/revisions"}],"up":[{"embeddable":true,"href":"https:\/\/pb.edu.pl\/mp-2023\/wp-json\/wp\/v2\/pages\/1394"}],"wp:attachment":[{"href":"https:\/\/pb.edu.pl\/mp-2023\/wp-json\/wp\/v2\/media?parent=1420"}],"curies":[{"name":"wp","href":"https:\/\/api.w.org\/{rel}","templated":true}]}}