{"id":1096,"date":"2023-06-27T20:23:01","date_gmt":"2023-06-27T18:23:01","guid":{"rendered":"https:\/\/pb.edu.pl\/mp-2023\/?page_id=1096"},"modified":"2024-03-31T21:59:21","modified_gmt":"2024-03-31T19:59:21","slug":"deklaracja-dostepnosci","status":"publish","type":"page","link":"https:\/\/pb.edu.pl\/mp-2023\/deklaracja-dostepnosci\/","title":{"rendered":"Deklaracja dost\u0119pno\u015bci"},"content":{"rendered":"\n  <h2 id=\"a11y-deklaracja\">Deklaracja dost\u0119pno\u015bci serwisu pb.edu.pl\/mp-2023<\/h2>\n  <p id=\"a11y-wstep\"><span id=\"a11y-podmiot\">Politechnika Bia\u0142ostocka<\/span> zobowi\u0105zuje si\u0119 zapewni\u0107 dost\u0119pno\u015b\u0107 serwisu internetowego pb.edu.pl\/mp-2023 zgodnie z ustaw\u0105 z dnia 4 kwietnia 2019 r. o dost\u0119pno\u015bci cyfrowej stron internetowych i aplikacji mobilnych podmiot\u00f3w publicznych. O\u015bwiadczenie w sprawie dost\u0119pno\u015bci ma zastosowanie do <a id=\"a11y-url\" href=\"https:\/\/pb.edu.pl\/mp-2023\" title=\"Otworzy si\u0119 w nowej karcie\" target=\"_blank\">serwisu internetowego pb.edu.pl\/mp-2023<\/a>.<\/p>\n  <p>Data publikacji serwisu internetowego: <span id=\"a11y-data-publikacja\">2023-09-01<\/span>.<\/p>\n  <p>Data ostatniej du\u017cej aktualizacji: <span id=\"a11y-data-aktualizacja\">2023-09-01<\/span>.<\/p>\n  \n<p id=\"a11y-status\">Strona internetowa jest zgodna z ustaw\u0105 o dost\u0119pno\u015bci cyfrowej stron internetowych i aplikacji mobilnych podmiot\u00f3w publicznych.<\/p>\n\n  <p>O\u015bwiadczenie sporz\u0105dzono dnia <span id=\"a11y-data-sporzadzenie\">2023-09-01<\/span>. Deklaracj\u0119 sporz\u0105dzono na podstawie samooceny.<\/p>\n  <p>Deklaracja zosta\u0142a ostatnio poddana przegl\u0105dowi i aktualizacji dnia:  <span id=\"a11y-data-deklaracja-przeglad\">2024-03-31.<\/p>\n  <p>Na serwisie internetowym mo\u017cna korzysta\u0107 ze standardowych skr\u00f3t\u00f3w klawiszowych.<\/p>\n  <h3 id=\"a11y-kontakt\">Informacje zwrotne i dane kontaktowe<\/h3>\n  <p>W przypadku problem\u00f3w z dost\u0119pno\u015bci\u0105 strony internetowej prosimy o kontakt. Osob\u0105 odpowiedzialn\u0105 jest <span id=\"a11y-osoba\">Tomasz Jastrz\u0119bski<\/span>, adres poczty elektronicznej <a id=\"a11y-email\" href=\"mailto:wsparcie.bon@pb.edu.pl \">wsparcie.bon@pb.edu.pl <\/a>. Kontaktowa\u0107 mo\u017cna si\u0119 tak\u017ce dzwoni\u0105c na numer telefonu <span id=\"a11y-telefon\">501 032 551<\/span>. T\u0105 sam\u0105 drog\u0105 mo\u017cna sk\u0142ada\u0107 wnioski o udost\u0119pnienie informacji niedost\u0119pnej oraz sk\u0142ada\u0107 skargi na brak zapewnienia dost\u0119pno\u015bci.<\/p>\n  <div  id=\"a11y-procedura\">\n    <p>Ka\u017cdy ma prawo do wyst\u0105pienia z \u017c\u0105daniem zapewnienia dost\u0119pno\u015bci cyfrowej strony internetowej, aplikacji mobilnej lub jakiego\u015b ich elementu. Mo\u017cna tak\u017ce za\u017c\u0105da\u0107 udost\u0119pnienia informacji w formach alternatywnych, na przyk\u0142ad odczytanie niedost\u0119pnego cyfrowo dokumentu, opisania zawarto\u015bci filmu bez audiodeskrypcji itp. \u017b\u0105danie powinno zawiera\u0107 dane osoby zg\u0142aszaj\u0105cej \u017c\u0105danie, wskazanie, o kt\u00f3r\u0105 stron\u0119 internetow\u0105 lub aplikacj\u0119 mobiln\u0105 chodzi oraz spos\u00f3b kontaktu. Je\u017celi osoba \u017c\u0105daj\u0105ca zg\u0142asza potrzeb\u0119 otrzymania informacji w formie alternatywnej, powinna tak\u017ce okre\u015bli\u0107 form\u0119 tej informacji.<\/p>\n    <p>Podmiot publiczny powinien zrealizowa\u0107 \u017c\u0105danie niezw\u0142ocznie i nie p\u00f3\u017aniej, ni\u017c w ci\u0105gu 7 dni. Je\u017celi dotrzymanie tego terminu nie jest mo\u017cliwe, podmiot publiczny niezw\u0142ocznie informuje o tym, kiedy realizacja \u017c\u0105dania b\u0119dzie mo\u017cliwa, przy czym termin ten nie mo\u017ce by\u0107 d\u0142u\u017cszy ni\u017c 2 miesi\u0105ce. Je\u017celi zapewnienie dost\u0119pno\u015bci nie jest mo\u017cliwe, podmiot publiczny mo\u017ce zaproponowa\u0107 alternatywny spos\u00f3b dost\u0119pu do informacji.<\/p>\n    <p>W przypadku, gdy podmiot odm\u00f3wi realizacji \u017c\u0105dania zapewnienia dost\u0119pno\u015bci lub alternatywnego dost\u0119pu do informacji, mo\u017cna z\u0142o\u017cy\u0107 skarg\u0119 na takie dzia\u0142anie.<\/p>\n    <p>Po wyczerpaniu wszystkich mo\u017cliwo\u015bci skarg\u0119 mo\u017cna przes\u0142a\u0107 tak\u017ce do <a href=\"https:\/\/www.rpo.gov.pl\/content\/jak-zglosic-sie-do-rzecznika-praw-obywatelskich\" title=\"Otworzy si\u0119 w nowej karcie\" target=\"_blank\">Rzecznika Praw Obywatelskich<\/a>.<\/p>\n  <\/div>\n  <h3 id=\"a11y-architektura\">Dost\u0119pno\u015b\u0107 architektoniczna<\/h3>\n  <p><a href=\"https:\/\/pb.edu.pl\/dostepnosc-cyfrowa\/deklaracja-dostepnosci\/deklaracja-dostepnosci-architektonicznej-budynkow-politechniki-bialostockiej\/\" title=\"Otworzy si\u0119 w nowej karcie\" target=\"_blank\">Szczeg\u00f3\u0142owe informacje dotycz\u0105ce dost\u0119pno\u015bci architektonicznej budynk\u00f3w Politechniki Bia\u0142ostockiej<\/a>.<\/p>\n  \n","protected":false},"excerpt":{"rendered":"","protected":false},"author":2,"featured_media":0,"parent":0,"menu_order":9,"comment_status":"closed","ping_status":"closed","template":"","meta":{"_acf_changed":false,"ngg_post_thumbnail":0,"footnotes":""},"class_list":["post-1096","page","type-page","status-publish","hentry"],"acf":[],"_links":{"self":[{"href":"https:\/\/pb.edu.pl\/mp-2023\/wp-json\/wp\/v2\/pages\/1096","targetHints":{"allow":["GET"]}}],"collection":[{"href":"https:\/\/pb.edu.pl\/mp-2023\/wp-json\/wp\/v2\/pages"}],"about":[{"href":"https:\/\/pb.edu.pl\/mp-2023\/wp-json\/wp\/v2\/types\/page"}],"author":[{"embeddable":true,"href":"https:\/\/pb.edu.pl\/mp-2023\/wp-json\/wp\/v2\/users\/2"}],"replies":[{"embeddable":true,"href":"https:\/\/pb.edu.pl\/mp-2023\/wp-json\/wp\/v2\/comments?post=1096"}],"version-history":[{"count":0,"href":"https:\/\/pb.edu.pl\/mp-2023\/wp-json\/wp\/v2\/pages\/1096\/revisions"}],"wp:attachment":[{"href":"https:\/\/pb.edu.pl\/mp-2023\/wp-json\/wp\/v2\/media?parent=1096"}],"curies":[{"name":"wp","href":"https:\/\/api.w.org\/{rel}","templated":true}]}}