{"id":3162,"date":"2024-10-25T11:45:27","date_gmt":"2024-10-25T09:45:27","guid":{"rendered":"https:\/\/pb.edu.pl\/moja-zielona-politechnika\/?page_id=3162"},"modified":"2024-11-06T13:50:02","modified_gmt":"2024-11-06T12:50:02","slug":"cyklarium-sloboda-ogrod-biocenotyczny-pb","status":"publish","type":"page","link":"https:\/\/pb.edu.pl\/moja-zielona-politechnika\/cyklarium-sloboda-ogrod-biocenotyczny-pb\/","title":{"rendered":"Cyklarium S\u0142oboda &#8211; ogr\u00f3d biocenotyczny PB"},"content":{"rendered":"<p><img loading=\"lazy\" decoding=\"async\" class=\"alignleft wp-image-3164\" src=\"https:\/\/pb.edu.pl\/moja-zielona-politechnika\/wp-content\/uploads\/sites\/106\/2024\/10\/2024-10-12-Cyklarium-Sloboda-fot-Dariusz-Piekut-70-2048x1280-1.jpg\" alt=\"Rodzice z dzie\u0107mi w cyklarium\" width=\"350\" height=\"219\" srcset=\"https:\/\/pb.edu.pl\/moja-zielona-politechnika\/wp-content\/uploads\/sites\/106\/2024\/10\/2024-10-12-Cyklarium-Sloboda-fot-Dariusz-Piekut-70-2048x1280-1.jpg 2048w, https:\/\/pb.edu.pl\/moja-zielona-politechnika\/wp-content\/uploads\/sites\/106\/2024\/10\/2024-10-12-Cyklarium-Sloboda-fot-Dariusz-Piekut-70-2048x1280-1-300x188.jpg 300w, https:\/\/pb.edu.pl\/moja-zielona-politechnika\/wp-content\/uploads\/sites\/106\/2024\/10\/2024-10-12-Cyklarium-Sloboda-fot-Dariusz-Piekut-70-2048x1280-1-1024x640.jpg 1024w, https:\/\/pb.edu.pl\/moja-zielona-politechnika\/wp-content\/uploads\/sites\/106\/2024\/10\/2024-10-12-Cyklarium-Sloboda-fot-Dariusz-Piekut-70-2048x1280-1-768x480.jpg 768w, https:\/\/pb.edu.pl\/moja-zielona-politechnika\/wp-content\/uploads\/sites\/106\/2024\/10\/2024-10-12-Cyklarium-Sloboda-fot-Dariusz-Piekut-70-2048x1280-1-1536x960.jpg 1536w, https:\/\/pb.edu.pl\/moja-zielona-politechnika\/wp-content\/uploads\/sites\/106\/2024\/10\/2024-10-12-Cyklarium-Sloboda-fot-Dariusz-Piekut-70-2048x1280-1-480x300.jpg 480w\" sizes=\"auto, (max-width: 350px) 100vw, 350px\" \/><\/p>\n<div class=\"h3\">\n<p>Na kampusie Politechniki Bia\u0142ostockiej cz\u0119\u015b\u0107 nieformalnych teren\u00f3w zielonych zosta\u0142a zamieniona w ogr\u00f3d biocenotyczny wraz ze stref\u0105 relaksu.<\/p>\n<p>Ca\u0142o\u015b\u0107 jako Cyklarium S\u0142oboda jest cz\u0119\u015bci\u0105 projektu \u201eLaboratorium bada\u0144 nad szcz\u0119\u015bciem\u201d.<\/p>\n<p>Miejsce ma umo\u017cliwia\u0107 koegzystencj\u0119 wielu gatunk\u00f3w (fauny, flory, cz\u0142owieka).<\/p>\n<\/div>\n<div style=\"clear: both\">&nbsp;<\/div>\n<p>&nbsp;<\/p>\n<p><img loading=\"lazy\" decoding=\"async\" class=\"aligncenter size-full wp-image-3172\" src=\"https:\/\/pb.edu.pl\/moja-zielona-politechnika\/wp-content\/uploads\/sites\/106\/2024\/10\/banner-cyklarium.png\" alt=\"Cyklarium S\u0142oboda \u2013 ogr\u00f3d biocenotyczny PB\" width=\"1140\" height=\"91\" srcset=\"https:\/\/pb.edu.pl\/moja-zielona-politechnika\/wp-content\/uploads\/sites\/106\/2024\/10\/banner-cyklarium.png 1140w, https:\/\/pb.edu.pl\/moja-zielona-politechnika\/wp-content\/uploads\/sites\/106\/2024\/10\/banner-cyklarium-300x24.png 300w, https:\/\/pb.edu.pl\/moja-zielona-politechnika\/wp-content\/uploads\/sites\/106\/2024\/10\/banner-cyklarium-1024x82.png 1024w, https:\/\/pb.edu.pl\/moja-zielona-politechnika\/wp-content\/uploads\/sites\/106\/2024\/10\/banner-cyklarium-768x61.png 768w\" sizes=\"auto, (max-width: 1140px) 100vw, 1140px\" \/><\/p>\n<p>&nbsp;<\/p>\n<div class=\"row\">\n<div class=\"col-md-4\">\n<div class=\"title-with-icon\">\n<p><img decoding=\"async\" class=\"title-with-icon__icon\" src=\"https:\/\/pb.edu.pl\/moja-zielona-politechnika\/wp-content\/uploads\/sites\/106\/2024\/10\/ikonka-ogrod-deszczowy.png\" alt=\"\"><\/p>\n<div class=\"title-with-icon__title\">Ogr\u00f3d deszczowy<\/div>\n<\/div>\n<div class=\"embed-responsive embed-responsive-16by9\"><iframe loading=\"lazy\" title=\"Ogr\u00f3d deszczowy \u2013 naturalny zbiornik w Cyklarium S\u0142oboda na kampusie Politechniki Bia\u0142ostockiej\" width=\"500\" height=\"281\" src=\"https:\/\/www.youtube.com\/embed\/oFZ_BQ2FTTQ?feature=oembed\" frameborder=\"0\" allow=\"accelerometer; autoplay; clipboard-write; encrypted-media; gyroscope; picture-in-picture; web-share\" referrerpolicy=\"strict-origin-when-cross-origin\" allowfullscreen><\/iframe><\/div>\n<\/div>\n<div class=\"col-md-4\">\n<div class=\"title-with-icon\">\n<p><img decoding=\"async\" class=\"title-with-icon__icon\" src=\"https:\/\/pb.edu.pl\/moja-zielona-politechnika\/wp-content\/uploads\/sites\/106\/2024\/10\/ikonka-pienki-klody.png\" alt=\"\"><\/p>\n<div class=\"title-with-icon__title\">K\u0142ody \/ pie\u0144ki<\/div>\n<\/div>\n<div class=\"embed-responsive embed-responsive-16by9\"><iframe loading=\"lazy\" title=\"Stare pnie mog\u0105 relaksowa\u0107 i integrowa\u0107. Cyklarium S\u0142oboda to wsp\u00f3lny projekt student\u00f3w WA i WBiN\u015a\" width=\"500\" height=\"281\" src=\"https:\/\/www.youtube.com\/embed\/ShdbKPTH4EU?feature=oembed\" frameborder=\"0\" allow=\"accelerometer; autoplay; clipboard-write; encrypted-media; gyroscope; picture-in-picture; web-share\" referrerpolicy=\"strict-origin-when-cross-origin\" allowfullscreen><\/iframe><\/div>\n<\/div>\n<div class=\"col-md-4\">\n<div class=\"title-with-icon\">\n<p><img decoding=\"async\" class=\"title-with-icon__icon\" src=\"https:\/\/pb.edu.pl\/moja-zielona-politechnika\/wp-content\/uploads\/sites\/106\/2024\/10\/ikonka-kompostownik.png\" alt=\"\"><\/p>\n<div class=\"title-with-icon__title\">Kompostownik<\/div>\n<\/div>\n<div class=\"embed-responsive embed-responsive-16by9\"><iframe loading=\"lazy\" title=\"Kompostownik w Cyklarium S\u0142oboda to projekt uczni\u00f3w Pa\u0144stwowego Liceum Sztuk Plastycznych w Supra\u015blu\" width=\"500\" height=\"281\" src=\"https:\/\/www.youtube.com\/embed\/3pXXabZlcyY?feature=oembed\" frameborder=\"0\" allow=\"accelerometer; autoplay; clipboard-write; encrypted-media; gyroscope; picture-in-picture; web-share\" referrerpolicy=\"strict-origin-when-cross-origin\" allowfullscreen><\/iframe><\/div>\n<\/div>\n<div class=\"col-md-4\">\n<div class=\"title-with-icon\">\n<p><img decoding=\"async\" class=\"title-with-icon__icon\" src=\"https:\/\/pb.edu.pl\/moja-zielona-politechnika\/wp-content\/uploads\/sites\/106\/2024\/10\/ikonka-hamaki.png\" alt=\"\"><\/p>\n<div class=\"title-with-icon__title\">Hamaki<\/div>\n<\/div>\n<div class=\"embed-responsive embed-responsive-16by9\"><iframe loading=\"lazy\" title=\"Hamaki w Cyklarium S\u0142oboda jako relacja mi\u0119dzygatunkowa na kampusie Politechniki Bia\u0142ostockiej\" width=\"500\" height=\"281\" src=\"https:\/\/www.youtube.com\/embed\/kSQmqDrVXFc?feature=oembed\" frameborder=\"0\" allow=\"accelerometer; autoplay; clipboard-write; encrypted-media; gyroscope; picture-in-picture; web-share\" referrerpolicy=\"strict-origin-when-cross-origin\" allowfullscreen><\/iframe><\/div>\n<\/div>\n<div class=\"col-md-4\">\n<div class=\"title-with-icon\">\n<p><img decoding=\"async\" class=\"title-with-icon__icon\" src=\"https:\/\/pb.edu.pl\/moja-zielona-politechnika\/wp-content\/uploads\/sites\/106\/2024\/10\/ikonka-siedziska.png\" alt=\"\"><\/p>\n<div class=\"title-with-icon__title\">Siedziska<\/div>\n<\/div>\n<div class=\"embed-responsive embed-responsive-16by9\"><iframe loading=\"lazy\" title=\"Siedziska w Cyklarium S\u0142oboda ze s\u0142omy jako \u017cart projektowy na kampusie Politechniki Bia\u0142ostockiej\" width=\"500\" height=\"281\" src=\"https:\/\/www.youtube.com\/embed\/xQEzIuWvm1E?feature=oembed\" frameborder=\"0\" allow=\"accelerometer; autoplay; clipboard-write; encrypted-media; gyroscope; picture-in-picture; web-share\" referrerpolicy=\"strict-origin-when-cross-origin\" allowfullscreen><\/iframe><\/div>\n<\/div>\n<div class=\"col-md-4\">\n<div class=\"title-with-icon\">\n<p><img decoding=\"async\" class=\"title-with-icon__icon\" src=\"https:\/\/pb.edu.pl\/moja-zielona-politechnika\/wp-content\/uploads\/sites\/106\/2024\/10\/ikonka-laka-kwietna.png\" alt=\"\"><\/p>\n<div class=\"title-with-icon__title\">\u0141\u0105ka kwietna<\/div>\n<\/div>\n<div class=\"embed-responsive embed-responsive-16by9\"><iframe loading=\"lazy\" title=\"\u0141\u0105ki kwietne w Cyklarium S\u0142oboda na kampusie Politechniki Bia\u0142ostockiej\" width=\"500\" height=\"281\" src=\"https:\/\/www.youtube.com\/embed\/J23v7eMpgw4?feature=oembed\" frameborder=\"0\" allow=\"accelerometer; autoplay; clipboard-write; encrypted-media; gyroscope; picture-in-picture; web-share\" referrerpolicy=\"strict-origin-when-cross-origin\" allowfullscreen><\/iframe><\/div>\n<\/div>\n<div class=\"col-md-4\">\n<div class=\"title-with-icon\">\n<p><img decoding=\"async\" class=\"title-with-icon__icon\" src=\"https:\/\/pb.edu.pl\/moja-zielona-politechnika\/wp-content\/uploads\/sites\/106\/2024\/10\/ikonka-glebarium.png\" alt=\"\"><\/p>\n<div class=\"title-with-icon__title\">Glebarium<\/div>\n<\/div>\n<div class=\"embed-responsive embed-responsive-16by9\"><iframe loading=\"lazy\" title=\"W glebarium w Cyklarium S\u0142oboda zanim li\u015bcie zamieni\u0105 si\u0119 w gleb\u0119 mog\u0105 si\u0119 schroni\u0107 je\u017ce\" width=\"500\" height=\"281\" src=\"https:\/\/www.youtube.com\/embed\/Sdmu1AKE7eo?feature=oembed\" frameborder=\"0\" allow=\"accelerometer; autoplay; clipboard-write; encrypted-media; gyroscope; picture-in-picture; web-share\" referrerpolicy=\"strict-origin-when-cross-origin\" allowfullscreen><\/iframe><\/div>\n<\/div>\n<div class=\"col-md-4\">\n<div class=\"title-with-icon\">\n<p><img decoding=\"async\" class=\"title-with-icon__icon\" src=\"https:\/\/pb.edu.pl\/moja-zielona-politechnika\/wp-content\/uploads\/sites\/106\/2024\/10\/ikonka-instalacja-dzwiekowa.png\" alt=\"\"><\/p>\n<div class=\"title-with-icon__title\">Instalacja d\u017awi\u0119kowa<\/div>\n<\/div>\n<div class=\"embed-responsive embed-responsive-16by9\"><iframe loading=\"lazy\" title=\"S\u0142owieje w Cyklariu S\u0142oboda to instalacja d\u017awi\u0119kowa, kt\u00f3ra gra gdy wieje wiatr na kampusie\" width=\"500\" height=\"281\" src=\"https:\/\/www.youtube.com\/embed\/pHvqg79GLCw?feature=oembed\" frameborder=\"0\" allow=\"accelerometer; autoplay; clipboard-write; encrypted-media; gyroscope; picture-in-picture; web-share\" referrerpolicy=\"strict-origin-when-cross-origin\" allowfullscreen><\/iframe><\/div>\n<\/div>\n<div class=\"col-md-4\">\n<div class=\"title-with-icon\">\n<p><img decoding=\"async\" class=\"title-with-icon__icon\" src=\"https:\/\/pb.edu.pl\/moja-zielona-politechnika\/wp-content\/uploads\/sites\/106\/2024\/10\/ikonka-domki-dla-owadow.png\" alt=\"\"><\/p>\n<div class=\"title-with-icon__title\">Domki dla owad\u00f3w<\/div>\n<\/div>\n<div class=\"embed-responsive embed-responsive-16by9\"><iframe loading=\"lazy\" title=\"Rektor Politechniki Bia\u0142ostockiej o programie Moja Zielona Politechnika\" width=\"500\" height=\"281\" src=\"https:\/\/www.youtube.com\/embed\/MW2NPQ_2qcg?feature=oembed\" frameborder=\"0\" allow=\"accelerometer; autoplay; clipboard-write; encrypted-media; gyroscope; picture-in-picture; web-share\" referrerpolicy=\"strict-origin-when-cross-origin\" allowfullscreen><\/iframe><\/div>\n<\/div>\n<\/div>\n<p>&nbsp;<\/p>\n<div class=\"row\">\n<div class=\"col-md-6\">https:\/\/youtu.be\/YVHLCr_ROhY<\/div>\n<div class=\"col-md-6\">https:\/\/youtu.be\/wK9uPHWMbaM<\/div>\n<\/div>\n<div>&nbsp;<\/div>\n<div>&nbsp;<\/div>\n<div>\n<div id=\"isPasted\"><em>Wsp\u00f3lnota mi\u0119dzygatunkowa. S\u0105siedzko\u015b\u0107 natury w Bia\u0142ymstoku.&nbsp;<\/em><\/div>\n<div><em>Projekt w ramach og\u00f3lnopolskiej inicjatywy \u201eLaboratorium bada\u0144 nad szcz\u0119\u015bciem. \u017bycie po komfortocenie\u201d, prowadzonej przez<strong>&nbsp;<\/strong>Goethe-Institut, Fundacj\u0119 B\u0119c Zmiana, Zentrum f\u00fcr Kunst und Urbanisitk (ZK\/U Berlin), przy wsparciu m.st. Warszawa, Fundacji Wsp\u00f3\u0142pracy Polsko-Niemieckiej<\/em><\/div>\n<div><em>Realizacja projektu: Galeria Arsena\u0142 w Bia\u0142ymstoku<\/em><\/div>\n<div><em>Partnerzy: PLSP im. A. Grottgera w Supra\u015blu, Politechnika Bia\u0142ostocka Wydzia\u0142 Architektury, Wydzia\u0142 Budownictwa i Nauk &nbsp;o \u015arodowisku<\/em><\/div>\n<div>&nbsp;<\/div>\n<\/div>\n<div class=\"row\">\n<div>&nbsp;<\/div>\n<\/div>\n","protected":false},"excerpt":{"rendered":"<p>Na kampusie Politechniki Bia\u0142ostockiej cz\u0119\u015b\u0107 nieformalnych teren\u00f3w zielonych zosta\u0142a zamieniona w ogr\u00f3d biocenotyczny wraz ze<\/p>\n","protected":false},"author":2,"featured_media":0,"parent":0,"menu_order":0,"comment_status":"closed","ping_status":"closed","template":"","meta":{"_acf_changed":false,"ngg_post_thumbnail":0,"footnotes":""},"class_list":["post-3162","page","type-page","status-publish","hentry"],"acf":[],"_links":{"self":[{"href":"https:\/\/pb.edu.pl\/moja-zielona-politechnika\/wp-json\/wp\/v2\/pages\/3162","targetHints":{"allow":["GET"]}}],"collection":[{"href":"https:\/\/pb.edu.pl\/moja-zielona-politechnika\/wp-json\/wp\/v2\/pages"}],"about":[{"href":"https:\/\/pb.edu.pl\/moja-zielona-politechnika\/wp-json\/wp\/v2\/types\/page"}],"author":[{"embeddable":true,"href":"https:\/\/pb.edu.pl\/moja-zielona-politechnika\/wp-json\/wp\/v2\/users\/2"}],"replies":[{"embeddable":true,"href":"https:\/\/pb.edu.pl\/moja-zielona-politechnika\/wp-json\/wp\/v2\/comments?post=3162"}],"version-history":[{"count":0,"href":"https:\/\/pb.edu.pl\/moja-zielona-politechnika\/wp-json\/wp\/v2\/pages\/3162\/revisions"}],"wp:attachment":[{"href":"https:\/\/pb.edu.pl\/moja-zielona-politechnika\/wp-json\/wp\/v2\/media?parent=3162"}],"curies":[{"name":"wp","href":"https:\/\/api.w.org\/{rel}","templated":true}]}}