{"id":2569,"date":"2023-11-08T20:19:57","date_gmt":"2023-11-08T19:19:57","guid":{"rendered":"https:\/\/pb.edu.pl\/moja-zielona-politechnika\/?page_id=2569"},"modified":"2025-12-04T09:25:25","modified_gmt":"2025-12-04T08:25:25","slug":"raporty-zrownowazonego-rozwoju","status":"publish","type":"page","link":"https:\/\/pb.edu.pl\/moja-zielona-politechnika\/raporty-zrownowazonego-rozwoju\/","title":{"rendered":"Raporty Zr\u00f3wnowa\u017conego Rozwoju"},"content":{"rendered":"<p>W ramach wdra\u017cania Strategii Zr\u00f3wnowa\u017conego Rozwoju \u201eMoja Zielona Politechnika\u201d Politechnika Bia\u0142ostocka sporz\u0105dza\u0107 b\u0119dzie raporty po\u015bwi\u0119cone realizacji Cel\u00f3w Zr\u00f3wnowa\u017conego Rozwoju okre\u015blonych przez Zgromadzenie Og\u00f3lne Organizacji Narod\u00f3w Zjednoczonych (ONZ) w 2015 roku.<br \/>\nW raportach ujmowane b\u0119d\u0105 kluczowe elementy dzia\u0142alno\u015bci Uczelni  przedstawiaj\u0105ce zaanga\u017cowanie Politechniki Bia\u0142ostockiej w realizacj\u0119 poszczeg\u00f3lnych Cel\u00f3w Zr\u00f3wnowa\u017conego Rozwoju. <\/p>\n<p>&nbsp;<br \/>\n<a class=\"button text-center animated zoomIn lead no-icon\" href=\"https:\/\/pb.edu.pl\/moja-zielona-politechnika\/wp-content\/uploads\/sites\/106\/2025\/12\/2024-PB-na-drodze-do-zrownowazonego-rozwoju.pdf\">Politechnika Bia\u0142ostocka na drodze zr\u00f3wnowa\u017conego rozwoju 2024 (pobierz PDF)<\/span><\/a><\/p>\n<p><a class=\"button text-center animated zoomIn lead no-icon\" href=\"https:\/\/pb.edu.pl\/moja-zielona-politechnika\/wp-content\/uploads\/sites\/106\/2024\/04\/Raport-SDG-PL.pdf\">Politechnika Bia\u0142ostocka na drodze zr\u00f3wnowa\u017conego rozwoju 2023 (pobierz PDF)<\/a><\/p>\n<p><a class=\"button text-center animated zoomIn lead no-icon\" href=\"https:\/\/pb.edu.pl\/moja-zielona-politechnika\/wp-content\/uploads\/sites\/106\/2023\/11\/raport-SDG-wersjaEN-ok.pdf\">Politechnika Bia\u0142ostocka na drodze do zr\u00f3wnowa\u017conego rozwoju 2022 (pobierz PDF)<\/a><\/p>\n","protected":false},"excerpt":{"rendered":"<p>W ramach wdra\u017cania Strategii Zr\u00f3wnowa\u017conego Rozwoju \u201eMoja Zielona Politechnika\u201d Politechnika Bia\u0142ostocka sporz\u0105dza\u0107 b\u0119dzie raporty po\u015bwi\u0119cone<\/p>\n","protected":false},"author":2,"featured_media":0,"parent":0,"menu_order":7,"comment_status":"closed","ping_status":"closed","template":"","meta":{"_acf_changed":false,"ngg_post_thumbnail":0,"footnotes":""},"class_list":["post-2569","page","type-page","status-publish","hentry"],"acf":[],"_links":{"self":[{"href":"https:\/\/pb.edu.pl\/moja-zielona-politechnika\/wp-json\/wp\/v2\/pages\/2569","targetHints":{"allow":["GET"]}}],"collection":[{"href":"https:\/\/pb.edu.pl\/moja-zielona-politechnika\/wp-json\/wp\/v2\/pages"}],"about":[{"href":"https:\/\/pb.edu.pl\/moja-zielona-politechnika\/wp-json\/wp\/v2\/types\/page"}],"author":[{"embeddable":true,"href":"https:\/\/pb.edu.pl\/moja-zielona-politechnika\/wp-json\/wp\/v2\/users\/2"}],"replies":[{"embeddable":true,"href":"https:\/\/pb.edu.pl\/moja-zielona-politechnika\/wp-json\/wp\/v2\/comments?post=2569"}],"version-history":[{"count":0,"href":"https:\/\/pb.edu.pl\/moja-zielona-politechnika\/wp-json\/wp\/v2\/pages\/2569\/revisions"}],"wp:attachment":[{"href":"https:\/\/pb.edu.pl\/moja-zielona-politechnika\/wp-json\/wp\/v2\/media?parent=2569"}],"curies":[{"name":"wp","href":"https:\/\/api.w.org\/{rel}","templated":true}]}}