{"id":2184,"date":"2023-09-27T22:58:04","date_gmt":"2023-09-27T20:58:04","guid":{"rendered":"https:\/\/pb.edu.pl\/moja-zielona-politechnika\/?page_id=2184"},"modified":"2023-10-06T14:36:51","modified_gmt":"2023-10-06T12:36:51","slug":"wyklady","status":"publish","type":"page","link":"https:\/\/pb.edu.pl\/moja-zielona-politechnika\/niech-sie-zieleni\/wyklady\/","title":{"rendered":"Wyk\u0142ady"},"content":{"rendered":"<h3>W ramach akcji \u201eNiech si\u0119 zieleni\u201d zapraszamy na wyk\u0142ady po\u015bwi\u0119cone tematyce ekologicznej. Jeden z wyk\u0142ad\u00f3w zainauguruje wielk\u0105 akcj\u0119 sadzenia ro\u015blinno\u015bci na kampusie Politechniki Bia\u0142ostockiej, kt\u00f3rej patronuje i w spos\u00f3b czynny bierze udzia\u0142 dr hab. in\u017c. Marta Kosior-Kazberuk, prof. PB, Rektor Politechniki Bia\u0142ostockiej.<\/h3>\n<p>Wyk\u0142ady prowadzone s\u0105 przez ekspert\u00f3w uczelni i maj\u0105 na celu przybli\u017cy\u0107 ich uczestnikom wiedz\u0119 z zakresu szeroko pojmowanej ekologii oraz architektury krajobrazu. Mog\u0105 w nich wzi\u0105\u0107 udzia\u0142 cz\u0142onkowie spo\u0142eczno\u015bci akademickiej, spo\u0142eczno\u015bci ALO PB, a tak\u017ce zaproszeni go\u015bcie. Wst\u0119p na wydarzenia jest bezp\u0142atny i nie wymaga zapis\u00f3w.<\/p>\n<p>&nbsp;<\/p>\n<ul>\n<li><strong>WYK\u0141AD INAUGURACYJNY \u201eEKOLOGIA I ZIELONA AKUPUNKTURA MIASTA\u201d<\/strong><\/li>\n<\/ul>\n<p><strong>Termin:<\/strong> 18.10.2023 \/ godz. 10.00-11.00<br \/>\n<strong>Miejsce:<\/strong> Aula Du\u017ca, <a title=\"\" href=\"https:\/\/we.pb.edu.pl\/\">Wydzia\u0142 Elektryczny<\/a>, ul. Wiejska 45 D, Bia\u0142ystok<br \/>\n<strong>Prowadz\u0105cy:<\/strong> dr hab. Aleksander Ko\u0142os, Katedra \u015arodowiska Le\u015bnego na Wydziale Budownictwa i Nauk o \u015arodowisku<\/p>\n<p>Zapraszamy na wyk\u0142ad, kt\u00f3ry inauguruje wielk\u0105 akcj\u0119 sadzenia ro\u015blinno\u015bci na terenie kampusu Politechniki Bia\u0142ostockiej! Wyk\u0142ad rozpocznie wyst\u0105pienie dr hab. in\u017c. Marty Kosior-Kazberuk, prof. PB, Rektor Politechniki Bia\u0142ostockiej.<\/p>\n<p>Tematyka wyk\u0142adu: Wyk\u0142ad b\u0119dzie dotyczy\u0142 podstawowej terminologii wiod\u0105cych zagadnie\u0144 z zakresu ekologii i system\u00f3w zieleni we wsp\u00f3\u0142czesnym mie\u015bcie. Zaprezentowane zostan\u0105 i om\u00f3wione aktualne rozwi\u0105zania b\u0142\u0119kitno-zielonej infrastruktury, kt\u00f3re s\u0142u\u017c\u0105 poprawie warunk\u00f3w \u017cycia ludzi w mie\u015bcie, jak r\u00f3wnie\u017c ochronie naturalnego \u015brodowiska miejskiego. Uczestnicy wyk\u0142adu poznaj\u0105 najnowsze i najciekawsze przyk\u0142ady wsp\u00f3\u0142czesnych realizacji z Europy i \u015bwiata.<\/p>\n<p>Zagadnienia:<\/p>\n<ul style=\"list-style-type: circle\">\n<li>Cechy urbisfery i urbicenoz.<\/li>\n<li>Struktura i funkcje systemu przyrodniczego miasta (SPM).<\/li>\n<li>Koncepcje rozwoju miast.<\/li>\n<li>Problemy wsp\u00f3\u0142czesnych miast.<\/li>\n<li>Przewietrzanie miasta.<\/li>\n<li>Zagospodarowanie w\u00f3d opadowych na terenach miejskich.<\/li>\n<li>Rola teren\u00f3w zielonych w miastach.<\/li>\n<\/ul>\n<p>W ramach wyk\u0142adu zaprezentowane zostan\u0105 najwa\u017cniejsze cechy urbisfery i urbicenoz, a tak\u017ce struktura i funkcje systemu przyrodniczego miasta (SPM). S\u0142uchaczom przedstawione zostan\u0105 najwa\u017cniejsze koncepcje rozwoju wsp\u00f3\u0142czesnych miast oraz wybrane problemy, z jakimi borykaj\u0105 si\u0119 ich mieszka\u0144cy. Przybli\u017cone zostan\u0105 dylematy zwi\u0105zane z przewietrzaniem miasta oraz sposoby zagospodarowania w\u00f3d opadowych na terenach zurbanizowanych. Jednym z prezentowanych zagadnie\u0144 b\u0119dzie tak\u017ce znaczenie teren\u00f3w zielonych, zw\u0142aszcza drzew, w rozwi\u0105zywaniu niekt\u00f3rych problem\u00f3w wsp\u00f3\u0142czesnych aglomeracji.<\/p>\n<p>Wyk\u0142ad b\u0119dzie transmitowany na <a title=\"\" href=\"https:\/\/www.facebook.com\/LiceumPB\">fanpejd\u017cu Akademickiego Liceum Og\u00f3lnokszta\u0142c\u0105cego Politechniki Bia\u0142ostockiej.<\/a><\/p>\n<p>&nbsp;<\/p>\n<ul>\n<li><strong>WYK\u0141AD \u201eZIELONE PATIO \u2013 OD HISTORII DO WSP\u00d3\u0141CZESNO\u015aCI\u201d<\/strong><\/li>\n<\/ul>\n<p><strong>Termin<\/strong>: 11.10.2023 \/ godz. 10.00-11.00<br \/>\n<strong>Miejsce:<\/strong> Aula Du\u017ca, <a title=\"\" href=\"https:\/\/we.pb.edu.pl\/\">Wydzia\u0142 Elektryczny<\/a>, ul. Wiejska 45 D, Bia\u0142ystok<br \/>\n<strong>Prowadz\u0105cy<\/strong>: dr in\u017c. arch. Dorota Gawryluk, Katedra Budownictwa Zr\u00f3wnowa\u017conego i Instalacji Budowlanych na Wydziale Budownictwa i Nauk o \u015arodowisku<\/p>\n<p>W wyk\u0142adzie mog\u0105 wzi\u0105\u0107 udzia\u0142 wszyscy cz\u0142onkowie naszej spo\u0142eczno\u015bci akademickiej, ze szczeg\u00f3lnym naciskiem na pracownik\u00f3w i uczni\u00f3w Akademickiego Liceum Og\u00f3lnokszta\u0142c\u0105cego Politechniki Bia\u0142ostockiej. Poruszane w wyk\u0142adzie zagadnienia stanowi\u0105 bowiem cz\u0119\u015b\u0107 teoretyczn\u0105 projektu realizowanego na terenie liceum, kt\u00f3rego celem jest stworzenie zielonego patio. Uzupe\u0142nieniem wiedzy uczni\u00f3w b\u0119d\u0105 \u0107wiczenia projektowe (odb\u0119d\u0105 si\u0119 11.10.2023r.), kt\u00f3re przygotuj\u0105 m\u0142odzie\u017c do fina\u0142u, czyli akcji sadzenia ro\u015blinno\u015bci na terenie szko\u0142y.<\/p>\n<p>Tematyka wyk\u0142adu: Uczestnicy wyk\u0142adu dowiedz\u0105 si\u0119 czym jest patio i dlaczego zielone patio to bardzo atrakcyjna przestrze\u0144 zar\u00f3wno domu, jak i szko\u0142y, uczelni, miejsca pracy czy centrum handlowego. W trakcie wyk\u0142adu zostan\u0105 zaprezentowane i om\u00f3wione przyk\u0142ady budynk\u00f3w zawieraj\u0105cych zielone patio i pochodz\u0105ce z r\u00f3\u017cnych epok historycznych, od staro\u017cytno\u015bci do przyk\u0142ad\u00f3w do wsp\u00f3\u0142czesno\u015bci.<\/p>\n<p>Wyk\u0142ad b\u0119dzie transmitowany na <a title=\"\" href=\"https:\/\/www.facebook.com\/LiceumPB\">fanpejd\u017cu Akademickiego Liceum Og\u00f3lnokszta\u0142c\u0105cego Politechniki Bia\u0142ostockiej.<\/a><\/p>\n<p>&nbsp;<\/p>\n<ul>\n<li><strong>WYK\u0141AD PODUMOWUJ\u0104CY<\/strong><\/li>\n<\/ul>\n<p>Wyk\u0142ad odb\u0119dzie si\u0119 w listopadzie 2023 r. Szczeg\u00f3\u0142y wkr\u00f3tce.<\/p>\n","protected":false},"excerpt":{"rendered":"<p>W ramach akcji \u201eNiech si\u0119 zieleni\u201d zapraszamy na wyk\u0142ady po\u015bwi\u0119cone tematyce ekologicznej. Jeden z wyk\u0142ad\u00f3w<\/p>\n","protected":false},"author":2,"featured_media":0,"parent":2166,"menu_order":2,"comment_status":"closed","ping_status":"closed","template":"","meta":{"_acf_changed":false,"ngg_post_thumbnail":0,"footnotes":""},"class_list":["post-2184","page","type-page","status-publish","hentry"],"acf":[],"_links":{"self":[{"href":"https:\/\/pb.edu.pl\/moja-zielona-politechnika\/wp-json\/wp\/v2\/pages\/2184","targetHints":{"allow":["GET"]}}],"collection":[{"href":"https:\/\/pb.edu.pl\/moja-zielona-politechnika\/wp-json\/wp\/v2\/pages"}],"about":[{"href":"https:\/\/pb.edu.pl\/moja-zielona-politechnika\/wp-json\/wp\/v2\/types\/page"}],"author":[{"embeddable":true,"href":"https:\/\/pb.edu.pl\/moja-zielona-politechnika\/wp-json\/wp\/v2\/users\/2"}],"replies":[{"embeddable":true,"href":"https:\/\/pb.edu.pl\/moja-zielona-politechnika\/wp-json\/wp\/v2\/comments?post=2184"}],"version-history":[{"count":0,"href":"https:\/\/pb.edu.pl\/moja-zielona-politechnika\/wp-json\/wp\/v2\/pages\/2184\/revisions"}],"up":[{"embeddable":true,"href":"https:\/\/pb.edu.pl\/moja-zielona-politechnika\/wp-json\/wp\/v2\/pages\/2166"}],"wp:attachment":[{"href":"https:\/\/pb.edu.pl\/moja-zielona-politechnika\/wp-json\/wp\/v2\/media?parent=2184"}],"curies":[{"name":"wp","href":"https:\/\/api.w.org\/{rel}","templated":true}]}}