{"id":2182,"date":"2023-09-27T22:57:40","date_gmt":"2023-09-27T20:57:40","guid":{"rendered":"https:\/\/pb.edu.pl\/moja-zielona-politechnika\/?page_id=2182"},"modified":"2023-10-13T12:18:16","modified_gmt":"2023-10-13T10:18:16","slug":"warsztaty","status":"publish","type":"page","link":"https:\/\/pb.edu.pl\/moja-zielona-politechnika\/niech-sie-zieleni\/warsztaty\/","title":{"rendered":"Warsztaty"},"content":{"rendered":"<h3>\u201eNiech si\u0119 zieleni\u201d! To has\u0142o, kt\u00f3re przy\u015bwieca naszej akcji! Ju\u017c 18 pa\u017adziernika rozpoczynamy sadzenie ro\u015blinno\u015bci na terenie Politechniki Bia\u0142ostockiej!<\/h3>\n<p>W akcji bierze udzia\u0142 ca\u0142a spo\u0142eczno\u015b\u0107 akademicka! Przedsi\u0119wzi\u0119ciu patronuje i czynnie&nbsp; w nim uczestniczy dr hab. in\u017c. Marta Kosior-Kazberuk, prof. PB, Rektor Politechniki Bia\u0142ostockiej.<\/p>\n<p>Nowe nasadzenia odbywaj\u0105 si\u0119 w ramach warsztat\u00f3w, kt\u00f3rym towarzysz\u0105 wyk\u0142ady oraz inne dzia\u0142ania proekologiczne z udzia\u0142em ekspert\u00f3w naszej Uczelni.<\/p>\n<p>Akcja \u201eNiech si\u0119 zieleni\u201d to jedno z dzia\u0142a\u0144 Politechniki Bia\u0142ostockiej na rzecz zr\u00f3wnowa\u017conego rozwoju, kt\u00f3re wpisuje si\u0119 w wysi\u0142ki uczelni na rzecz ochrony klimatu. Celem dzia\u0142ania jest m.in. zwi\u0119kszenie bior\u00f3\u017cnorodno\u015bci na naszym kampusie.&nbsp;<\/p>\n<p>Do\u0142\u0105czcie do nas! Razem stworzymy zielony kampus \u2013 nasz\u0105 przestrze\u0144 do rekreacji, ale i oaz\u0119 ptak\u00f3w, owad\u00f3w, zwierz\u0105t. Kaliny, r\u00f3\u017ce, bodziszki, trzmieliny wiele innych ro\u015blin znajdzie sw\u00f3j dom u nas! B\u0119dzie zielono i pi\u0119knie.<\/p>\n<p>Nasadzenia b\u0119d\u0105 realizowane w dw\u00f3ch lokalizacjach:<\/p>\n<ul>\n<li>przed Wydzia\u0142em Elektrycznym (wydarzenie o charakterze otwartym)<\/li>\n<li>w patio Akademickiego Liceum Og\u00f3lnokszta\u0142c\u0105cego Politechniki Bia\u0142ostockiej (wydarzenie skierowane wy\u0142\u0105cznie do spo\u0142eczno\u015bci liceum &#8211; projekt WFO\u015aiGW, fundusz Ekologii 2023).<br \/>\nUczniowie ALO PB dodatkowo wezm\u0105 udzia\u0142 \u0107wiczeniach projektowych, kt\u00f3re zaplanowane s\u0105 na 11 pa\u017adziernika 2023.<\/li>\n<\/ul>\n<p><img loading=\"lazy\" decoding=\"async\" class=\"alignnone size-full wp-image-2194\" src=\"https:\/\/pb.edu.pl\/moja-zielona-politechnika\/wp-content\/uploads\/sites\/106\/2023\/10\/2023-10_niech-sie-zieleni_1161-roslin_www.jpg\" alt=\"grafika do akcji nasadze\u0144\" width=\"1140\" height=\"560\" srcset=\"https:\/\/pb.edu.pl\/moja-zielona-politechnika\/wp-content\/uploads\/sites\/106\/2023\/10\/2023-10_niech-sie-zieleni_1161-roslin_www.jpg 1140w, https:\/\/pb.edu.pl\/moja-zielona-politechnika\/wp-content\/uploads\/sites\/106\/2023\/10\/2023-10_niech-sie-zieleni_1161-roslin_www-300x147.jpg 300w, https:\/\/pb.edu.pl\/moja-zielona-politechnika\/wp-content\/uploads\/sites\/106\/2023\/10\/2023-10_niech-sie-zieleni_1161-roslin_www-1024x503.jpg 1024w, https:\/\/pb.edu.pl\/moja-zielona-politechnika\/wp-content\/uploads\/sites\/106\/2023\/10\/2023-10_niech-sie-zieleni_1161-roslin_www-768x377.jpg 768w\" sizes=\"auto, (max-width: 1140px) 100vw, 1140px\" \/><\/p>\n<p>&nbsp;<\/p>\n<ul>\n<li><strong>WASZTATY \u201eNIECH SI\u0118 ZIELENI\u201d DLA SPO\u0141ECZNO\u015aCI AKADEMICKIEJ PB<\/strong><\/li>\n<\/ul>\n<p>Termin: 18.10.2023 \/ godz. 11.00-13.00<\/p>\n<p>Miejsce: <a title=\"\" href=\"https:\/\/we.pb.edu.pl\/\">przed budynkiem Wydzia\u0142u Elektrycznego<\/a>, ul. Wiejska 45 D w Bia\u0142ymstoku<\/p>\n<p>We\u017a udzia\u0142 w naszych warsztatach sadzenia ro\u015blinno\u015bci na kampusie Politechniki. To akcja, kt\u00f3ra \u0142\u0105czy wszystkich! Skierowana jest do w\u0142adz uczelni, wyk\u0142adowc\u00f3w, pracownik\u00f3w administracyjnych, doktorant\u00f3w, student\u00f3w.<\/p>\n<p>Wsparciem w realizacji wydarzenia s\u0105 cz\u0142onkowie Samorz\u0105du Student\u00f3w Politechniki Bia\u0142ostockiej oraz studenci kierunk\u00f3w architektury krajobrazu i gospodarki przestrzennej, a tak\u017ce studenci z Ko\u0142a Naukowego Architektury Krajobrazu \u201ePrzestrze\u0144 Zieleni\u201d na <a title=\"\" href=\"https:\/\/wb.pb.edu.pl\/\">Wydziale Budownictwa i Nauk o \u015arodowisku.<\/a><\/p>\n<p>&nbsp;<\/p>\n<p><strong>W lokalizacji przed Wydzia\u0142em Elektrycznym zasadzimy <em>296 krzew\u00f3w i bylin!<\/em><\/strong><\/p>\n<p><img loading=\"lazy\" decoding=\"async\" class=\"alignnone size-full wp-image-2324\" src=\"https:\/\/pb.edu.pl\/moja-zielona-politechnika\/wp-content\/uploads\/sites\/106\/2023\/10\/2023-10_niech-sie-zieleni_WE.jpg\" alt=\"akcja nasadze\u0144 przed WE PB\" width=\"1140\" height=\"427\" srcset=\"https:\/\/pb.edu.pl\/moja-zielona-politechnika\/wp-content\/uploads\/sites\/106\/2023\/10\/2023-10_niech-sie-zieleni_WE.jpg 1140w, https:\/\/pb.edu.pl\/moja-zielona-politechnika\/wp-content\/uploads\/sites\/106\/2023\/10\/2023-10_niech-sie-zieleni_WE-300x112.jpg 300w, https:\/\/pb.edu.pl\/moja-zielona-politechnika\/wp-content\/uploads\/sites\/106\/2023\/10\/2023-10_niech-sie-zieleni_WE-1024x384.jpg 1024w, https:\/\/pb.edu.pl\/moja-zielona-politechnika\/wp-content\/uploads\/sites\/106\/2023\/10\/2023-10_niech-sie-zieleni_WE-768x288.jpg 768w\" sizes=\"auto, (max-width: 1140px) 100vw, 1140px\" \/><\/p>\n<p>Jak si\u0119 przygotowa\u0107 do akcji? <strong>Zaopatrz si\u0119 w r\u0119kawice ogrodnicze.<\/strong> Reszta jest po naszej stronie! Nasi pomocnicy na miejscu wska\u017c\u0105 ci ro\u015bliny do zasadzenia i b\u0119d\u0105 koordynowa\u0107 przedsi\u0119wzi\u0119cie. Bez obaw! Dasz rad\u0119! To proste! Wystarczy ro\u015blin\u0119 umie\u015bci\u0107 w do\u0142ku i przysypa\u0107 ziemi\u0105! Gwarantujemy, \u017ce poczujesz si\u0119 kwitn\u0105co!<\/p>\n<p>Koordynatorem akcji na terenie Politechniki Bia\u0142ostockiej jest dr in\u017c. arch. Dorota Gawryluk, Katedra Budownictwa Zr\u00f3wnowa\u017conego i Instalacji Budowlanych na Wydziale Budownictwa i Nauk o \u015arodowisku.<\/p>\n<p>&nbsp;<\/p>\n<p><em><strong>Plan nasadze\u0144 przed budynkiem Wydzia\u0142u Elektrycznego<\/strong><\/em><\/p>\n<p><img loading=\"lazy\" decoding=\"async\" class=\"alignnone wp-image-2195 \" src=\"https:\/\/pb.edu.pl\/moja-zielona-politechnika\/wp-content\/uploads\/sites\/106\/2023\/10\/2023-09_niech-sie-zieleni_WE-1024x768.jpg\" alt=\"\" width=\"809\" height=\"607\" data-wp-editing=\"1\" srcset=\"https:\/\/pb.edu.pl\/moja-zielona-politechnika\/wp-content\/uploads\/sites\/106\/2023\/10\/2023-09_niech-sie-zieleni_WE-1024x768.jpg 1024w, https:\/\/pb.edu.pl\/moja-zielona-politechnika\/wp-content\/uploads\/sites\/106\/2023\/10\/2023-09_niech-sie-zieleni_WE-300x225.jpg 300w, https:\/\/pb.edu.pl\/moja-zielona-politechnika\/wp-content\/uploads\/sites\/106\/2023\/10\/2023-09_niech-sie-zieleni_WE-768x576.jpg 768w, https:\/\/pb.edu.pl\/moja-zielona-politechnika\/wp-content\/uploads\/sites\/106\/2023\/10\/2023-09_niech-sie-zieleni_WE.jpg 1140w\" sizes=\"auto, (max-width: 809px) 100vw, 809px\" \/><\/p>\n<p>&nbsp;<\/p>\n<p><a class=\"docx\" title=\"pobierz plik\" href=\"https:\/\/pb.edu.pl\/moja-zielona-politechnika\/wp-content\/uploads\/sites\/106\/2023\/10\/LISTA-ROSLIN-2.docx\" data-id=\"2297\">Lista ro\u015blin \/ akcja &#8222;Niech si\u0119 zieleni&#8221; (DOCX, 13 KB)<\/a><\/p>\n<p>&nbsp;<\/p>\n<p>Jak b\u0119dzie wygl\u0105da\u0142a akcja? Obejrzyjcie wideo z koordynatorem akcji na terenie Politechniki Bia\u0142ostockiej &#8211; dr in\u017c. arch. Dorot\u0105 Gawryluk z Wydzia\u0142u Budownictwa i Nauk o \u015arodowisku.<\/p>\n<p>&nbsp;<\/p>\n<div class=\"embed-responsive embed-responsive-16by9\"><iframe loading=\"lazy\" title=\"Dr in\u017c. arch. Dorota Gawryluk z PB o akcji \u201eNiech si\u0119 zieleni\u201d Wsp\u00f3lnie zasadzimy niemal 1200 ro\u015blin\" width=\"500\" height=\"281\" src=\"https:\/\/www.youtube.com\/embed\/sBqfho9Dt1g?feature=oembed\" frameborder=\"0\" allow=\"accelerometer; autoplay; clipboard-write; encrypted-media; gyroscope; picture-in-picture; web-share\" referrerpolicy=\"strict-origin-when-cross-origin\" allowfullscreen><\/iframe><\/div>\n<p>&nbsp;<\/p>\n<p><a href=\"https:\/\/pb.edu.pl\/moja-zielona-politechnika\/wp-content\/uploads\/sites\/106\/2023\/10\/Regulamin-Niech-sie-zieleni-PB-2023.docx\">Regulamin &#8222;Niech si\u0119 zieleni&#8221; PB 2023<\/a><\/p>\n<p>&nbsp;<\/p>\n<ul>\n<li><strong>WASZTATY \u201eNIECH SI\u0118 ZIELENI\u201d DLA SPO\u0141ECZNO\u015aCI ALO PB<\/strong><\/li>\n<\/ul>\n<p>Warsztaty podzielone s\u0105 na dwa wydarzenia: \u0107wiczenia projektowe oraz warsztaty w\u0142a\u015bciwe, czyli sadzenie ro\u015blinno\u015bci na patio Liceum. <u>Skierowane s\u0105 jedynie do nauczycieli oraz uczni\u00f3w Akademickiego Liceum Og\u00f3lnokszta\u0142c\u0105cego Politechniki Bia\u0142ostockiej. B\u0119d\u0105 je prowadzi\u0107 wyk\u0142adowcy PB.<\/u><\/p>\n<p>&nbsp;<\/p>\n<ul style=\"list-style-type: circle\">\n<li><strong>\u0106wiczenia projektowe <\/strong><\/li>\n<\/ul>\n<p><strong>Termin:<\/strong> 11.10.2023 \/ godz. 9.00<\/p>\n<p><strong>Miejsce: <\/strong><a title=\"\" href=\"https:\/\/pb.edu.pl\/liceum-ogolnoksztalcace\/\">Akademickie Liceum Og\u00f3lnokszta\u0142c\u0105cego Politechniki Bia\u0142ostockiej, <\/a> sala 22b, 26b<\/p>\n<p><strong>Prowadz\u0105cy:<\/strong> mgr in\u017c. arch. Marta Baum i dr Beata Matowicka z Katedry Budownictwa Zr\u00f3wnowa\u017conego i Instalacji Budowlanych na Wydziale Budownictwa i Nauk o \u015arodowisku<\/p>\n<p>\u0106wiczenia projektowe pt. &#8222;Zielona oaza&#8221; skierowane s\u0105 do uczni\u00f3w ALO PB i maj\u0105 na celu praktyczne przygotowanie uczni\u00f3w do samodzielnego zaprojektowania zielonej przestrzeni patio. W trakcie spotkania uczniowie zapoznaj\u0105 si\u0119 z elementami architektury krajobrazu. 15 zespo\u0142\u00f3w 3-4 osobowych pod okiem ekspert\u00f3w z PB b\u0119dzie mia\u0142o za zadanie opracowanie w\u0142asnego projektu na zagospodarowanie zielonej przestrzeni patio-atrium w ALO PB. Spo\u015br\u00f3d pomys\u0142\u00f3w m\u0142odzie\u017cy zostan\u0105 wybrane i nagrodzone trzy najlepsze projekty.<\/p>\n<p>\u0106wiczenia przygotuj\u0105 uczni\u00f3w do warsztat\u00f3w, kt\u00f3re odb\u0119d\u0105 si\u0119 w dniu 18 pa\u017adziernika. W \u0107wiczeniach we\u017amie udzia\u0142 45 uczni\u00f3w \u2013 te same osoby b\u0119d\u0105 zaanga\u017cowane w akcj\u0119 sadzenia ro\u015blin na terenie szko\u0142y.<\/p>\n<p>&nbsp;<\/p>\n<ul style=\"list-style-type: circle\">\n<li><strong>Warsztaty sadzenia ro\u015blin<\/strong><\/li>\n<\/ul>\n<p><strong>Termin:<\/strong> 18.10.2023 \/ godz. 11.00<\/p>\n<p><strong>Miejsce: <\/strong>patio <a title=\"\" href=\"https:\/\/pb.edu.pl\/liceum-ogolnoksztalcace\/\">Akademickiego Liceum Og\u00f3lnokszta\u0142c\u0105cego Politechniki Bia\u0142ostockiej<\/a><\/p>\n<p><strong>Prowadz\u0105cy<\/strong>: mgr in\u017c. arch. Marta Baum i dr Beata Matowicka z Katedry Budownictwa Zr\u00f3wnowa\u017conego i Instalacji Budowlanych na Wydziale Budownictwa i Nauk o \u015arodowisku<\/p>\n<p>Warsztaty polegaj\u0105 na zak\u0142adaniu rabat przez uczni\u00f3w, tworz\u0105cych 3 grupy 15-osobowe. M\u0142odzie\u017c b\u0119dzie zagospodarowywa\u0107 teren specjalnie dobran\u0105 ro\u015blinno\u015bci\u0105 pod okiem specjalist\u00f3w z PB. Dwie pierwsze grupy wezm\u0105 udzia\u0142 w akcji od godz. 9.00. Kolejne 15 os\u00f3b b\u0119dzie wyznaczonych do nasadze\u0144 od godz. 11:00. Uczniowie zostan\u0105 zaopatrzenie w r\u0119kawice ogrodowe.<\/p>\n<p><strong style=\"font-size: 1.5rem\">W lokalizacji na patio ALO PB zostanie zasadzonych 865 ro\u015blin!<\/strong><\/p>\n<p><img loading=\"lazy\" decoding=\"async\" class=\"alignnone size-full wp-image-2326\" src=\"https:\/\/pb.edu.pl\/moja-zielona-politechnika\/wp-content\/uploads\/sites\/106\/2023\/10\/2023-10_niech-sie-zieleni_ALO-1.jpg\" alt=\"akcja nasadze\u0144 przed ALO PB\" width=\"1140\" height=\"427\" srcset=\"https:\/\/pb.edu.pl\/moja-zielona-politechnika\/wp-content\/uploads\/sites\/106\/2023\/10\/2023-10_niech-sie-zieleni_ALO-1.jpg 1140w, https:\/\/pb.edu.pl\/moja-zielona-politechnika\/wp-content\/uploads\/sites\/106\/2023\/10\/2023-10_niech-sie-zieleni_ALO-1-300x112.jpg 300w, https:\/\/pb.edu.pl\/moja-zielona-politechnika\/wp-content\/uploads\/sites\/106\/2023\/10\/2023-10_niech-sie-zieleni_ALO-1-1024x384.jpg 1024w, https:\/\/pb.edu.pl\/moja-zielona-politechnika\/wp-content\/uploads\/sites\/106\/2023\/10\/2023-10_niech-sie-zieleni_ALO-1-768x288.jpg 768w\" sizes=\"auto, (max-width: 1140px) 100vw, 1140px\" \/><\/p>\n<p><strong><u>W dniu 19.10.2023 odb\u0119dzie sadzenie ro\u015blin w drugim patio Liceum. Wezm\u0105 w nim udzia\u0142 wyznaczeni pracownicy i uczniowie szko\u0142y.<\/u><\/strong><\/p>\n<p>Koordynatorem akcji na Akademickiego Liceum Og\u00f3lnokszta\u0142c\u0105cego Politechniki Bia\u0142ostockiej jest Wicedyrektor Szko\u0142y mgr Pawe\u0142 Malinowski.<\/p>\n<p>&nbsp;<\/p>\n<p><em><strong>Plan nasadze\u0144 w patio Akademickiego Liceum Og\u00f3lnokszta\u0142c\u0105cego Politechniki Bia\u0142ostockiej<\/strong><\/em><br \/>\n<img loading=\"lazy\" decoding=\"async\" class=\"alignleft wp-image-2238 \" src=\"https:\/\/pb.edu.pl\/moja-zielona-politechnika\/wp-content\/uploads\/sites\/106\/2023\/10\/2023-10-18_niech-sie-zieleni_ALO_v2-300x225.jpg\" alt=\"plan nasadze\u0144 18.10 ALO PB\" width=\"448\" height=\"336\" srcset=\"https:\/\/pb.edu.pl\/moja-zielona-politechnika\/wp-content\/uploads\/sites\/106\/2023\/10\/2023-10-18_niech-sie-zieleni_ALO_v2-300x225.jpg 300w, https:\/\/pb.edu.pl\/moja-zielona-politechnika\/wp-content\/uploads\/sites\/106\/2023\/10\/2023-10-18_niech-sie-zieleni_ALO_v2-1024x768.jpg 1024w, https:\/\/pb.edu.pl\/moja-zielona-politechnika\/wp-content\/uploads\/sites\/106\/2023\/10\/2023-10-18_niech-sie-zieleni_ALO_v2-768x576.jpg 768w, https:\/\/pb.edu.pl\/moja-zielona-politechnika\/wp-content\/uploads\/sites\/106\/2023\/10\/2023-10-18_niech-sie-zieleni_ALO_v2.jpg 1140w\" sizes=\"auto, (max-width: 448px) 100vw, 448px\" \/><\/p>\n<p><img loading=\"lazy\" decoding=\"async\" class=\"alignnone wp-image-2239 \" src=\"https:\/\/pb.edu.pl\/moja-zielona-politechnika\/wp-content\/uploads\/sites\/106\/2023\/10\/2023-10-19_niech-sie-zieleni_ALO_v2-300x225.jpg\" alt=\"plan nasadze\u0144 19.10 ALO PB\" width=\"447\" height=\"335\" srcset=\"https:\/\/pb.edu.pl\/moja-zielona-politechnika\/wp-content\/uploads\/sites\/106\/2023\/10\/2023-10-19_niech-sie-zieleni_ALO_v2-300x225.jpg 300w, https:\/\/pb.edu.pl\/moja-zielona-politechnika\/wp-content\/uploads\/sites\/106\/2023\/10\/2023-10-19_niech-sie-zieleni_ALO_v2-1024x768.jpg 1024w, https:\/\/pb.edu.pl\/moja-zielona-politechnika\/wp-content\/uploads\/sites\/106\/2023\/10\/2023-10-19_niech-sie-zieleni_ALO_v2-768x576.jpg 768w, https:\/\/pb.edu.pl\/moja-zielona-politechnika\/wp-content\/uploads\/sites\/106\/2023\/10\/2023-10-19_niech-sie-zieleni_ALO_v2.jpg 1140w\" sizes=\"auto, (max-width: 447px) 100vw, 447px\" \/><\/p>\n<p>&nbsp;<\/p>\n<p><a class=\"docx\" title=\"pobierz plik\" href=\"https:\/\/pb.edu.pl\/moja-zielona-politechnika\/wp-content\/uploads\/sites\/106\/2023\/10\/LISTA-ROSLIN-2.docx\" data-id=\"2297\">Lista ro\u015blin \/ akcja &#8222;Niech si\u0119 zieleni&#8221; (DOCX, 13 KB)<\/a><\/p>\n<p><a class=\"docx\" title=\"pobierz plik\" href=\"https:\/\/pb.edu.pl\/moja-zielona-politechnika\/wp-content\/uploads\/sites\/106\/2023\/10\/Regulamin-ALO-2023-1.docx\" data-id=\"2329\">Regulamin akcji &#8222;Niech si\u0119 zieleni&#8221; ALO PB 2023 (DOCX, 23 KB)<\/a><\/p>\n<p>&nbsp;<\/p>\n","protected":false},"excerpt":{"rendered":"<p>\u201eNiech si\u0119 zieleni\u201d! To has\u0142o, kt\u00f3re przy\u015bwieca naszej akcji! Ju\u017c 18 pa\u017adziernika rozpoczynamy sadzenie ro\u015blinno\u015bci<\/p>\n","protected":false},"author":2,"featured_media":0,"parent":2166,"menu_order":1,"comment_status":"closed","ping_status":"closed","template":"","meta":{"_acf_changed":false,"ngg_post_thumbnail":0,"footnotes":""},"class_list":["post-2182","page","type-page","status-publish","hentry"],"acf":[],"_links":{"self":[{"href":"https:\/\/pb.edu.pl\/moja-zielona-politechnika\/wp-json\/wp\/v2\/pages\/2182","targetHints":{"allow":["GET"]}}],"collection":[{"href":"https:\/\/pb.edu.pl\/moja-zielona-politechnika\/wp-json\/wp\/v2\/pages"}],"about":[{"href":"https:\/\/pb.edu.pl\/moja-zielona-politechnika\/wp-json\/wp\/v2\/types\/page"}],"author":[{"embeddable":true,"href":"https:\/\/pb.edu.pl\/moja-zielona-politechnika\/wp-json\/wp\/v2\/users\/2"}],"replies":[{"embeddable":true,"href":"https:\/\/pb.edu.pl\/moja-zielona-politechnika\/wp-json\/wp\/v2\/comments?post=2182"}],"version-history":[{"count":0,"href":"https:\/\/pb.edu.pl\/moja-zielona-politechnika\/wp-json\/wp\/v2\/pages\/2182\/revisions"}],"up":[{"embeddable":true,"href":"https:\/\/pb.edu.pl\/moja-zielona-politechnika\/wp-json\/wp\/v2\/pages\/2166"}],"wp:attachment":[{"href":"https:\/\/pb.edu.pl\/moja-zielona-politechnika\/wp-json\/wp\/v2\/media?parent=2182"}],"curies":[{"name":"wp","href":"https:\/\/api.w.org\/{rel}","templated":true}]}}