{"id":2166,"date":"2023-09-27T22:42:23","date_gmt":"2023-09-27T20:42:23","guid":{"rendered":"https:\/\/pb.edu.pl\/moja-zielona-politechnika\/?page_id=2166"},"modified":"2023-10-06T15:04:30","modified_gmt":"2023-10-06T13:04:30","slug":"niech-sie-zieleni","status":"publish","type":"page","link":"https:\/\/pb.edu.pl\/moja-zielona-politechnika\/niech-sie-zieleni\/","title":{"rendered":"Niech si\u0119 zieleni"},"content":{"rendered":"<p>&nbsp;<br \/>\n<img loading=\"lazy\" decoding=\"async\" class=\"aligncenter size-full wp-image-2168\" src=\"https:\/\/pb.edu.pl\/moja-zielona-politechnika\/wp-content\/uploads\/sites\/106\/2023\/09\/2023-09_moja-zielona-politechnika-niech-sie-zieleni_baner_1140x96.jpg\" alt=\"Niech si\u0119 zazieleni\" width=\"1140\" height=\"96\" srcset=\"https:\/\/pb.edu.pl\/moja-zielona-politechnika\/wp-content\/uploads\/sites\/106\/2023\/09\/2023-09_moja-zielona-politechnika-niech-sie-zieleni_baner_1140x96.jpg 1140w, https:\/\/pb.edu.pl\/moja-zielona-politechnika\/wp-content\/uploads\/sites\/106\/2023\/09\/2023-09_moja-zielona-politechnika-niech-sie-zieleni_baner_1140x96-300x25.jpg 300w, https:\/\/pb.edu.pl\/moja-zielona-politechnika\/wp-content\/uploads\/sites\/106\/2023\/09\/2023-09_moja-zielona-politechnika-niech-sie-zieleni_baner_1140x96-1024x86.jpg 1024w, https:\/\/pb.edu.pl\/moja-zielona-politechnika\/wp-content\/uploads\/sites\/106\/2023\/09\/2023-09_moja-zielona-politechnika-niech-sie-zieleni_baner_1140x96-768x65.jpg 768w\" sizes=\"auto, (max-width: 1140px) 100vw, 1140px\" \/><br \/>\n&nbsp;<\/p>\n<p><img loading=\"lazy\" decoding=\"async\" class=\"alignleft size-full wp-image-2171\" src=\"https:\/\/pb.edu.pl\/moja-zielona-politechnika\/wp-content\/uploads\/sites\/106\/2023\/09\/2023-09_moja-zielona-politechnika-niech-sie-zieleni_zdjecie-rektor_768x849.jpg\" alt=\"Rektor Politechniki Bia\u0142ostockiej dr hab. in\u017c. Marta Kosior-Kazberuk, prof. PB\" width=\"400\" height=\"442\" srcset=\"https:\/\/pb.edu.pl\/moja-zielona-politechnika\/wp-content\/uploads\/sites\/106\/2023\/09\/2023-09_moja-zielona-politechnika-niech-sie-zieleni_zdjecie-rektor_768x849.jpg 768w, https:\/\/pb.edu.pl\/moja-zielona-politechnika\/wp-content\/uploads\/sites\/106\/2023\/09\/2023-09_moja-zielona-politechnika-niech-sie-zieleni_zdjecie-rektor_768x849-271x300.jpg 271w\" sizes=\"auto, (max-width: 400px) 100vw, 400px\" \/><\/p>\n<p><strong class=\"pomaranczowy\">dr hab. in\u017c. Marta Kosior-Kazberuk, prof. PB<\/strong><strong>Rektor Politechniki Bia\u0142ostockiej<\/strong><br \/>\n&nbsp;<br \/>\nSzanowni Pa\u0144stwo,<br \/>\n&nbsp;<br \/>\nW ramach \u201eStrategii Rozwoju Politechniki Bia\u0142ostockiej na lata 2021-2024 z perspektyw\u0105 przed\u0142u\u017cenia do 2030 r.\u201d nasza Uczelnia opracowa\u0142a i rozpocz\u0119\u0142a proces wdra\u017cania strategii zr\u00f3wnowa\u017conego rozwoju pod nazw\u0105 \u201eMoja Zielona Politechnika\u201d.<\/p>\n<p>Jednym z naszych cel\u00f3w operacyjnych jest Zielony kampus. Podj\u0119li\u015bmy dzia\u0142ania nakierowane na realizacj\u0119 tego celu poprzez dostosowanie infrastruktury komunikacyjnej i transportowej do potrzeb zr\u00f3wnowa\u017conego rozwoju, popraw\u0119 system\u00f3w bezpiecze\u0144stwa i dost\u0119pno\u015bci infrastruktury kampusu, a tak\u017ce popraw\u0119 funkcjonalno\u015bci zielonej i b\u0142\u0119kitnej infrastruktury, w tym zwi\u0119kszenie r\u00f3\u017cnorodno\u015bci biologicznej na kampusie. Te ostatnie dzia\u0142anie przybra\u0142o kszta\u0142t akcji nasadze\u0144 ro\u015blinno\u015bci na terenie Uczelni.<\/p>\n<div id=\"more\" class=\"collapse\">\n<p>Zach\u0119cam ca\u0142\u0105 nasz\u0105 spo\u0142eczno\u015b\u0107 akademick\u0105 oraz spo\u0142eczno\u015b\u0107 Akademickiego Liceum Og\u00f3lnokszta\u0142c\u0105cego Politechniki Bia\u0142ostockiej do przy\u0142\u0105czenia si\u0119 do przedsi\u0119wzi\u0119cia pod nazw\u0105 \u201eNiech si\u0119 zieleni\u201d.18 pa\u017adziernika b\u0119dziemy mogli w\u0142asnymi r\u0119kami zrobi\u0107 co\u015b dobrego na rzecz rozwoju lokalnej bior\u00f3\u017cnorodno\u015bci, sadz\u0105c ziele\u0144 na naszym kampusie. Akcj\u0119 nasadze\u0144 zaplanowali\u015bmy w ramach warsztat\u00f3w, kt\u00f3re odb\u0119d\u0105 si\u0119 w dw\u00f3ch lokalizacjach i s\u0105 skierowane do r\u00f3\u017cnych grup. Pierwsza lokalizacja naszej akcji znajduje si\u0119 przed budynkiem Wydzia\u0142u Elektrycznego i tu zapraszam wszystkich \u2013 zar\u00f3wno student\u00f3w, wyk\u0142adowc\u00f3w, pracownik\u00f3w administracji, jak i doktorant\u00f3w. Kolejne warsztaty zostan\u0105 zrealizowane na patio przy ALO PB. Wezm\u0105 w nich udzia\u0142 jedynie przedstawiciele spo\u0142eczno\u015bci liceum.<\/p>\n<p>Przedsi\u0119wzi\u0119ciu \u201eNiech si\u0119 zieleni\u201d towarzysz\u0105 ciekawe wydarzenia o tematyce ekologicznej, prowadzone przez ekspert\u00f3w naszej uczelni. Akcj\u0119 zainauguruje wyk\u0142ad pt. \u201eEkologia i akupunktura miasta\u201d, w kt\u00f3rym mog\u0105 wzi\u0105\u0107 wszyscy ch\u0119tni. Po wyk\u0142adzie rozpoczniemy sadzenie ro\u015blinno\u015bci. Czeka nas spore wyzwanie! \u0141\u0105cznie na terenie uczelni zasadzimy niemal 1200 krzew\u00f3w i bylin!<\/p>\n<p>B\u0105d\u017amy razem 18 pa\u017adziernika! Stw\u00f3rzmy zielon\u0105 przestrze\u0144 na naszym kampusie!<\/p>\n<\/div>\n<p><a class=\"link\" role=\"button\" href=\"#more\" data-toggle=\"collapse\"><span class=\"more\">Zobacz wi\u0119cej<\/span><span class=\"less\">Zobacz mniej<\/span><\/a><br \/>\n&nbsp;<br \/>\n&nbsp;<\/p>\n<div class=\"row\"><\/div>\n<div class=\"col-md-4\">\n\t<div class=\"boxlink animated zoomIn \">\n\t\t<a href=\"\/moja-zielona-politechnika\/niech-sie-zieleni\/warsztaty\/\" class=\"no-icon\">\n\t\t\t<div class=\"boxlink-title\">Warsztaty<span><\/span><\/div>\n\t\t\t<div class=\"boxlink-content\">\n\t\t\t\t<img loading=\"lazy\" decoding=\"async\" class=\"aligncenter size-full wp-image-2177\" src=\"https:\/\/pb.edu.pl\/moja-zielona-politechnika\/wp-content\/uploads\/sites\/106\/2023\/09\/2023-09_moja-zielona-politechnika-niech-sie-zieleni_warsztaty_800x534.jpg\" alt=\"\" width=\"800\" height=\"534\" srcset=\"https:\/\/pb.edu.pl\/moja-zielona-politechnika\/wp-content\/uploads\/sites\/106\/2023\/09\/2023-09_moja-zielona-politechnika-niech-sie-zieleni_warsztaty_800x534.jpg 800w, https:\/\/pb.edu.pl\/moja-zielona-politechnika\/wp-content\/uploads\/sites\/106\/2023\/09\/2023-09_moja-zielona-politechnika-niech-sie-zieleni_warsztaty_800x534-300x200.jpg 300w, https:\/\/pb.edu.pl\/moja-zielona-politechnika\/wp-content\/uploads\/sites\/106\/2023\/09\/2023-09_moja-zielona-politechnika-niech-sie-zieleni_warsztaty_800x534-768x513.jpg 768w, https:\/\/pb.edu.pl\/moja-zielona-politechnika\/wp-content\/uploads\/sites\/106\/2023\/09\/2023-09_moja-zielona-politechnika-niech-sie-zieleni_warsztaty_800x534-480x320.jpg 480w\" sizes=\"auto, (max-width: 800px) 100vw, 800px\" \/>\t\t\t<\/div>\n\t\t<\/a>\n\t<\/div>\n\n<\/div>\n<div class=\"col-md-4\">\n\t<div class=\"boxlink animated zoomIn \">\n\t\t<a href=\"\/moja-zielona-politechnika\/niech-sie-zieleni\/wyklady\/\" class=\"no-icon\">\n\t\t\t<div class=\"boxlink-title\">Wyk\u0142ady<span><\/span><\/div>\n\t\t\t<div class=\"boxlink-content\">\n\t\t\t\t<img loading=\"lazy\" decoding=\"async\" class=\"aligncenter size-full wp-image-2179\" src=\"https:\/\/pb.edu.pl\/moja-zielona-politechnika\/wp-content\/uploads\/sites\/106\/2023\/09\/2023-09_moja-zielona-politechnika-niech-sie-zieleni_wyklady_800x534.jpg\" alt=\"\" width=\"800\" height=\"534\" srcset=\"https:\/\/pb.edu.pl\/moja-zielona-politechnika\/wp-content\/uploads\/sites\/106\/2023\/09\/2023-09_moja-zielona-politechnika-niech-sie-zieleni_wyklady_800x534.jpg 800w, https:\/\/pb.edu.pl\/moja-zielona-politechnika\/wp-content\/uploads\/sites\/106\/2023\/09\/2023-09_moja-zielona-politechnika-niech-sie-zieleni_wyklady_800x534-300x200.jpg 300w, https:\/\/pb.edu.pl\/moja-zielona-politechnika\/wp-content\/uploads\/sites\/106\/2023\/09\/2023-09_moja-zielona-politechnika-niech-sie-zieleni_wyklady_800x534-768x513.jpg 768w, https:\/\/pb.edu.pl\/moja-zielona-politechnika\/wp-content\/uploads\/sites\/106\/2023\/09\/2023-09_moja-zielona-politechnika-niech-sie-zieleni_wyklady_800x534-480x320.jpg 480w\" sizes=\"auto, (max-width: 800px) 100vw, 800px\" \/>\t\t\t<\/div>\n\t\t<\/a>\n\t<\/div>\n\n<\/div>\n<div class=\"col-md-4\">\n\t<div class=\"boxlink animated zoomIn \">\n\t\t<a href=\"\/moja-zielona-politechnika\/niech-sie-zieleni\/konkurs\/\" class=\"no-icon\">\n\t\t\t<div class=\"boxlink-title\">Konkurs<span><\/span><\/div>\n\t\t\t<div class=\"boxlink-content\">\n\t\t\t\t<img loading=\"lazy\" decoding=\"async\" class=\"aligncenter size-full wp-image-2180\" src=\"https:\/\/pb.edu.pl\/moja-zielona-politechnika\/wp-content\/uploads\/sites\/106\/2023\/09\/2023-09_moja-zielona-politechnika-niech-sie-zieleni_konkurs_800x534.jpg\" alt=\"\" width=\"800\" height=\"534\" srcset=\"https:\/\/pb.edu.pl\/moja-zielona-politechnika\/wp-content\/uploads\/sites\/106\/2023\/09\/2023-09_moja-zielona-politechnika-niech-sie-zieleni_konkurs_800x534.jpg 800w, https:\/\/pb.edu.pl\/moja-zielona-politechnika\/wp-content\/uploads\/sites\/106\/2023\/09\/2023-09_moja-zielona-politechnika-niech-sie-zieleni_konkurs_800x534-300x200.jpg 300w, https:\/\/pb.edu.pl\/moja-zielona-politechnika\/wp-content\/uploads\/sites\/106\/2023\/09\/2023-09_moja-zielona-politechnika-niech-sie-zieleni_konkurs_800x534-768x513.jpg 768w, https:\/\/pb.edu.pl\/moja-zielona-politechnika\/wp-content\/uploads\/sites\/106\/2023\/09\/2023-09_moja-zielona-politechnika-niech-sie-zieleni_konkurs_800x534-480x320.jpg 480w\" sizes=\"auto, (max-width: 800px) 100vw, 800px\" \/>\t\t\t<\/div>\n\t\t<\/a>\n\t<\/div>\n\n<\/div>\n<div class=\"row\"><\/div>\n<p>&nbsp;<\/p>\n<p><em>Akcja jest finansowana z Wojew\u00f3dzkiego Funduszu Ochrony \u015arodowiska i Gospodarki Wodnej w Bia\u0142ymstoku oraz \u015brodk\u00f3w &nbsp;finansowych Politechniki Bia\u0142ostockiej i Akademickiego Liceum Og\u00f3lnokszta\u0142c\u0105cego.<\/em><\/p>\n","protected":false},"excerpt":{"rendered":"<p>&nbsp; &nbsp; dr hab. in\u017c. Marta Kosior-Kazberuk, prof. PBRektor Politechniki Bia\u0142ostockiej &nbsp; Szanowni Pa\u0144stwo, &nbsp;<\/p>\n","protected":false},"author":2,"featured_media":0,"parent":0,"menu_order":5,"comment_status":"closed","ping_status":"closed","template":"templates\/dzial.php","meta":{"_acf_changed":false,"ngg_post_thumbnail":0,"footnotes":""},"class_list":["post-2166","page","type-page","status-publish","hentry"],"acf":[],"_links":{"self":[{"href":"https:\/\/pb.edu.pl\/moja-zielona-politechnika\/wp-json\/wp\/v2\/pages\/2166","targetHints":{"allow":["GET"]}}],"collection":[{"href":"https:\/\/pb.edu.pl\/moja-zielona-politechnika\/wp-json\/wp\/v2\/pages"}],"about":[{"href":"https:\/\/pb.edu.pl\/moja-zielona-politechnika\/wp-json\/wp\/v2\/types\/page"}],"author":[{"embeddable":true,"href":"https:\/\/pb.edu.pl\/moja-zielona-politechnika\/wp-json\/wp\/v2\/users\/2"}],"replies":[{"embeddable":true,"href":"https:\/\/pb.edu.pl\/moja-zielona-politechnika\/wp-json\/wp\/v2\/comments?post=2166"}],"version-history":[{"count":0,"href":"https:\/\/pb.edu.pl\/moja-zielona-politechnika\/wp-json\/wp\/v2\/pages\/2166\/revisions"}],"wp:attachment":[{"href":"https:\/\/pb.edu.pl\/moja-zielona-politechnika\/wp-json\/wp\/v2\/media?parent=2166"}],"curies":[{"name":"wp","href":"https:\/\/api.w.org\/{rel}","templated":true}]}}