{"id":1888,"date":"2023-07-18T14:48:31","date_gmt":"2023-07-18T12:48:31","guid":{"rendered":"https:\/\/pb.edu.pl\/moja-zielona-politechnika\/?page_id=1888"},"modified":"2023-10-04T19:37:11","modified_gmt":"2023-10-04T17:37:11","slug":"zielony-kampus","status":"publish","type":"page","link":"https:\/\/pb.edu.pl\/moja-zielona-politechnika\/zielony-kampus\/","title":{"rendered":"Zielony kampus"},"content":{"rendered":"<p><strong>W ramach strategii zr\u00f3wnowa\u017conego rozwoju \u201eMoja Zielona Politechnika\u201d zamierzamy zrealizowa\u0107 cel operacyjny: Zielony Kampus<\/strong><\/p>\n<p>Wyznaczyli\u015bmy nast\u0119puj\u0105ce kierunki dzia\u0142a\u0144 do osi\u0105gni\u0119cia tego celu:<\/p>\n<ul>\n<li>Dostosowanie infrastruktury komunikacyjnej i transportowej do potrzeb zr\u00f3wnowa\u017conego rozwoju<\/li>\n<li>Rozw\u00f3j system\u00f3w bezpiecze\u0144stwa i dost\u0119pno\u015bci infrastruktury kampusu<\/li>\n<li>Poprawa funkcjonalno\u015bci zielonej i b\u0142\u0119kitnej infrastruktury oraz zwi\u0119kszenie r\u00f3\u017cnorodno\u015bci biologicznej<\/li>\n<\/ul>\n<div class=\"row\">\n<div class=\"col-sm-12 text-center\"><a class=\"button zieleni text-center animated zoomIn\" title=\"\" href=\"https:\/\/pb.edu.pl\/moja-zielona-politechnika\/niech-sie-zieleni\/\">We\u017a udzia\u0142 w akcji \u201eNiech si\u0119 zieleni\u201d<\/a><\/div>\n<\/div>\n<p>&nbsp;<\/p>\n<p>Tereny zielone kampusu powinny sta\u0107 si\u0119 skutecznie zarz\u0105dzan\u0105 bezpieczn\u0105 i przyjazn\u0105 przestrzeni\u0105 o du\u017cej r\u00f3\u017cnorodno\u015bci biologicznej, pe\u0142ni\u0105c\u0105 szereg funkcji ekosystemowych.<\/p>\n<p>Zielona przestrze\u0144 powinna zapewni\u0107 nie tylko mo\u017cliwo\u015b\u0107 rekreacji i edukacji, lecz r\u00f3wnie\u017c w wi\u0119kszym stopniu \u0142agodzi\u0107 zagro\u017cenia zwi\u0105zane z pogod\u0105 i klimatem oraz wspiera\u0107 adaptacj\u0119 przestrzeni miasta do skutk\u00f3w zmian klimatu.<\/p>\n<p>Realizacja celu b\u0119dzie wymaga\u0142a wzmocnienia zabezpieczenia teren\u00f3w biologicznie czynnych przed presj\u0105 inwestycyjn\u0105, ich pro\u015brodowiskowe zagospodarowanie i przebudow\u0119, w tym przede wszystkim zwi\u0119kszenie mo\u017cliwo\u015bci retencji wody opadowej.<\/p>\n<p>&nbsp;<\/p>\n<p><a href=\"https:\/\/pb.edu.pl\/moja-zielona-politechnika\/wp-content\/uploads\/sites\/106\/2023\/07\/2023-07-zielony-kampus-grafiki-pod-tekst1.jpg\"><img loading=\"lazy\" decoding=\"async\" class=\"alignleft wp-image-1960 size-medium\" src=\"https:\/\/pb.edu.pl\/moja-zielona-politechnika\/wp-content\/uploads\/sites\/106\/2023\/07\/2023-07-zielony-kampus-grafiki-pod-tekst1-300x300.jpg\" alt=\"Grafiak do Zielony kampus\" width=\"300\" height=\"300\" srcset=\"https:\/\/pb.edu.pl\/moja-zielona-politechnika\/wp-content\/uploads\/sites\/106\/2023\/07\/2023-07-zielony-kampus-grafiki-pod-tekst1-300x300.jpg 300w, https:\/\/pb.edu.pl\/moja-zielona-politechnika\/wp-content\/uploads\/sites\/106\/2023\/07\/2023-07-zielony-kampus-grafiki-pod-tekst1-1024x1024.jpg 1024w, https:\/\/pb.edu.pl\/moja-zielona-politechnika\/wp-content\/uploads\/sites\/106\/2023\/07\/2023-07-zielony-kampus-grafiki-pod-tekst1-150x150.jpg 150w, https:\/\/pb.edu.pl\/moja-zielona-politechnika\/wp-content\/uploads\/sites\/106\/2023\/07\/2023-07-zielony-kampus-grafiki-pod-tekst1-768x768.jpg 768w, https:\/\/pb.edu.pl\/moja-zielona-politechnika\/wp-content\/uploads\/sites\/106\/2023\/07\/2023-07-zielony-kampus-grafiki-pod-tekst1.jpg 1080w\" sizes=\"auto, (max-width: 300px) 100vw, 300px\" \/><\/a> <a href=\"https:\/\/pb.edu.pl\/moja-zielona-politechnika\/wp-content\/uploads\/sites\/106\/2023\/07\/2023-07-zielony-kampus-grafiki-pod-tekst2.jpg\"><img loading=\"lazy\" decoding=\"async\" class=\"alignleft wp-image-1961 size-medium\" src=\"https:\/\/pb.edu.pl\/moja-zielona-politechnika\/wp-content\/uploads\/sites\/106\/2023\/07\/2023-07-zielony-kampus-grafiki-pod-tekst2-300x300.jpg\" alt=\"\" width=\"300\" height=\"300\" srcset=\"https:\/\/pb.edu.pl\/moja-zielona-politechnika\/wp-content\/uploads\/sites\/106\/2023\/07\/2023-07-zielony-kampus-grafiki-pod-tekst2-300x300.jpg 300w, https:\/\/pb.edu.pl\/moja-zielona-politechnika\/wp-content\/uploads\/sites\/106\/2023\/07\/2023-07-zielony-kampus-grafiki-pod-tekst2-1024x1024.jpg 1024w, https:\/\/pb.edu.pl\/moja-zielona-politechnika\/wp-content\/uploads\/sites\/106\/2023\/07\/2023-07-zielony-kampus-grafiki-pod-tekst2-150x150.jpg 150w, https:\/\/pb.edu.pl\/moja-zielona-politechnika\/wp-content\/uploads\/sites\/106\/2023\/07\/2023-07-zielony-kampus-grafiki-pod-tekst2-768x768.jpg 768w, https:\/\/pb.edu.pl\/moja-zielona-politechnika\/wp-content\/uploads\/sites\/106\/2023\/07\/2023-07-zielony-kampus-grafiki-pod-tekst2.jpg 1080w\" sizes=\"auto, (max-width: 300px) 100vw, 300px\" \/><\/a> <a href=\"https:\/\/pb.edu.pl\/moja-zielona-politechnika\/wp-content\/uploads\/sites\/106\/2023\/07\/2023-07-zielony-kampus-grafiki-pod-tekst3.jpg\"><img loading=\"lazy\" decoding=\"async\" class=\"alignleft wp-image-1962 size-medium\" src=\"https:\/\/pb.edu.pl\/moja-zielona-politechnika\/wp-content\/uploads\/sites\/106\/2023\/07\/2023-07-zielony-kampus-grafiki-pod-tekst3-300x300.jpg\" alt=\"\" width=\"300\" height=\"300\" srcset=\"https:\/\/pb.edu.pl\/moja-zielona-politechnika\/wp-content\/uploads\/sites\/106\/2023\/07\/2023-07-zielony-kampus-grafiki-pod-tekst3-300x300.jpg 300w, https:\/\/pb.edu.pl\/moja-zielona-politechnika\/wp-content\/uploads\/sites\/106\/2023\/07\/2023-07-zielony-kampus-grafiki-pod-tekst3-1024x1024.jpg 1024w, https:\/\/pb.edu.pl\/moja-zielona-politechnika\/wp-content\/uploads\/sites\/106\/2023\/07\/2023-07-zielony-kampus-grafiki-pod-tekst3-150x150.jpg 150w, https:\/\/pb.edu.pl\/moja-zielona-politechnika\/wp-content\/uploads\/sites\/106\/2023\/07\/2023-07-zielony-kampus-grafiki-pod-tekst3-768x768.jpg 768w, https:\/\/pb.edu.pl\/moja-zielona-politechnika\/wp-content\/uploads\/sites\/106\/2023\/07\/2023-07-zielony-kampus-grafiki-pod-tekst3.jpg 1080w\" sizes=\"auto, (max-width: 300px) 100vw, 300px\" \/><\/a><\/p>\n","protected":false},"excerpt":{"rendered":"<p>W ramach strategii zr\u00f3wnowa\u017conego rozwoju \u201eMoja Zielona Politechnika\u201d zamierzamy zrealizowa\u0107 cel operacyjny: Zielony Kampus Wyznaczyli\u015bmy<\/p>\n","protected":false},"author":1,"featured_media":0,"parent":0,"menu_order":0,"comment_status":"closed","ping_status":"closed","template":"","meta":{"_acf_changed":false,"ngg_post_thumbnail":0,"footnotes":""},"class_list":["post-1888","page","type-page","status-publish","hentry"],"acf":[],"_links":{"self":[{"href":"https:\/\/pb.edu.pl\/moja-zielona-politechnika\/wp-json\/wp\/v2\/pages\/1888","targetHints":{"allow":["GET"]}}],"collection":[{"href":"https:\/\/pb.edu.pl\/moja-zielona-politechnika\/wp-json\/wp\/v2\/pages"}],"about":[{"href":"https:\/\/pb.edu.pl\/moja-zielona-politechnika\/wp-json\/wp\/v2\/types\/page"}],"author":[{"embeddable":true,"href":"https:\/\/pb.edu.pl\/moja-zielona-politechnika\/wp-json\/wp\/v2\/users\/1"}],"replies":[{"embeddable":true,"href":"https:\/\/pb.edu.pl\/moja-zielona-politechnika\/wp-json\/wp\/v2\/comments?post=1888"}],"version-history":[{"count":0,"href":"https:\/\/pb.edu.pl\/moja-zielona-politechnika\/wp-json\/wp\/v2\/pages\/1888\/revisions"}],"wp:attachment":[{"href":"https:\/\/pb.edu.pl\/moja-zielona-politechnika\/wp-json\/wp\/v2\/media?parent=1888"}],"curies":[{"name":"wp","href":"https:\/\/api.w.org\/{rel}","templated":true}]}}