{"id":1884,"date":"2023-07-18T14:47:48","date_gmt":"2023-07-18T12:47:48","guid":{"rendered":"https:\/\/pb.edu.pl\/moja-zielona-politechnika\/?page_id=1884"},"modified":"2024-10-25T10:30:18","modified_gmt":"2024-10-25T08:30:18","slug":"cele-operacyjne","status":"publish","type":"page","link":"https:\/\/pb.edu.pl\/moja-zielona-politechnika\/cele-operacyjne\/","title":{"rendered":"Cele i kierunki dzia\u0142a\u0144"},"content":{"rendered":"<p>Politechnika Bia\u0142ostocka do\u0142\u0105czy\u0142a do grona \u201eambasador\u00f3w\u201d zmian na rzecz zr\u00f3wnowa\u017conego rozwoju. Globalne cele o kluczowym znaczeniu w tym zakresie zosta\u0142y przyj\u0119te przez 193 pa\u0144stw podczas Zgromadzenia Og\u00f3lnego Organizacji Narod\u00f3w Zjednoczonych w 2015 r.<\/p>\n<p>\u015awiadomi odpowiedzialno\u015bci za edukacj\u0119 i post\u0119p naukowy, d\u0105\u017cymy do rozwi\u0105zywania wyzwa\u0144 spo\u0142ecznych, technicznych i \u015brodowiskowych, a tak\u017ce do wzorcowego zmniejszania \u015brodowiskowego \u015bladu swojej dzia\u0142alno\u015bci. Od lat podejmujemy dzia\u0142ania prowadz\u0105ce do niwelowania skutk\u00f3w degradacji \u015brodowiska, wdra\u017caj\u0105c technologie, prowadz\u0105c badania oraz przekazuj\u0105c wiedz\u0119 w nurcie poszanowania zasad zr\u00f3wnowa\u017conego rozwoju.<\/p>\n<p>Kszta\u0142c\u0105c przysz\u0142ych lider\u00f3w i specjalist\u00f3w zmierzamy w kierunku spo\u0142ecze\u0144stwa rozwijaj\u0105cego si\u0119 w granicach pojemno\u015bci ekosystemu, chroni\u0105cego klimat, w kt\u00f3rym dobrej jako\u015bci \u015brodowisko \u017cycia zapewnia wysoki standard \u017cycia i dobrobyt spo\u0142eczny.<\/p>\n<p>Celem strategicznym zr\u00f3wnowa\u017conego rozwoju Politechniki Bia\u0142ostockiej jest dokonanie transformacji Uczelni w modelow\u0105 przestrze\u0144 do prowadzenia bada\u0144 i dydaktyki, w kt\u00f3rej b\u0119dziemy uczy\u0107 m\u0142odzie\u017c troski o \u015brodowisko, zasoby przyrody i jeszcze silniej budowa\u0107 \u015bwiadomo\u015b\u0107 ekologiczn\u0105 cz\u0142onk\u00f3w spo\u0142eczno\u015bci akademickiej.<\/p>\n<p>Strategia zr\u00f3wnowa\u017conego rozwoju Uczelni okre\u015bla, w jaki spos\u00f3b zamierzamy stawi\u0107 czo\u0142a obecnym i przysz\u0142ym wyzwaniom rozwoju cywilizacyjnego i jak\u0105 rol\u0119 odegramy w tworzeniu bardziej zr\u00f3wnowa\u017conej \u201ezielonej\u201d przysz\u0142o\u015bci Uczelni, regionu i kraju.<\/p>\n<p><strong> Nasze zamierzenia chcemy osi\u0105gn\u0105\u0107 dzia\u0142aj\u0105c w priorytetowych obszarach:<\/strong><\/p>\n<ul>\n<li>Kszta\u0142cenia &#8211; przygotowanie przysz\u0142ych in\u017cynier\u00f3w, menad\u017cer\u00f3w i lider\u00f3w \u017cycia ekonomiczno-spo\u0142ecznego do wyzwa\u0144 zr\u00f3wnowa\u017conego rozwoju; zwi\u0119kszenie udzia\u0142u zagadnie\u0144 zr\u00f3wnowa\u017conego rozwoju w procesie dydaktycznym na wszystkich szczeblach edukacji akademickiej.<\/li>\n<li>Bada\u0144 &#8211; zwi\u0119kszenie ilo\u015bci i jako\u015bci bada\u0144 oraz innowacji zaanga\u017cowanych w zr\u00f3wnowa\u017cony rozw\u00f3j spo\u0142ecze\u0144stwa; wsp\u00f3\u0142praca z innymi o\u015brodkami badawczymi, partnerami ze \u015brodowiska przemys\u0142u, rz\u0105du i administracji samorz\u0105dowej, aby sprosta\u0107 wyzwaniom, jakie stawia zmieniaj\u0105cy si\u0119 \u015bwiat.<\/li>\n<li>Organizacji i Zarz\u0105dzania &#8211; osi\u0105gni\u0119cie zerowego \u015bladu \u015brodowiskowego kampusu Uczelni: zr\u00f3wnowa\u017cone wykorzystanie zasob\u00f3w i ochrona r\u00f3\u017cnorodno\u015bci biologicznej, zmniejszenie negatywnego wp\u0142ywu naszej dzia\u0142alno\u015bci, konsumpcji, podr\u00f3\u017cy i \u0142a\u0144cucha dostaw na \u015brodowisko i na r\u00f3\u017cnorodno\u015b\u0107 biologiczn\u0105; opracowanie polityki, struktur wdra\u017cania zielonego rozwoju i monitorowanie jego post\u0119p\u00f3w.<\/li>\n<\/ul>\n<p><strong>Dzia\u0142ania b\u0119dziemy realizowa\u0107 poprzez d\u0105\u017cenie do osi\u0105gni\u0119cia trzech cel\u00f3w operacyjnych:<\/strong><br \/>\n<div class=\"row\">\n<div class=\"col-md-4\">\n\t<div class=\"boxlink animated zoomIn \">\n\t\t<a href=\"\/moja-zielona-politechnika\/kadry-dla-przyszlosci\/\" class=\"no-icon\">\n\t\t\t<div class=\"boxlink-title\">Kadry dla przysz\u0142o\u015bci<span><\/span><\/div>\n\t\t\t<div class=\"boxlink-content\">\n\t\t\t\t<img loading=\"lazy\" decoding=\"async\" class=\"aligncenter size-full wp-image-812\" src=\"https:\/\/pb.edu.pl\/moja-zielona-politechnika\/wp-content\/uploads\/sites\/106\/2023\/07\/2023-07-moja-zielona-politechnika-kadry-dla-przyszlosci-www-800x534-1.jpg\" alt=\"\" width=\"800\" height=\"534\">\t\t\t<\/div>\n\t\t<\/a>\n\t<\/div>\n\n<\/div>\n<div class=\"col-md-4\">\n\t<div class=\"boxlink animated zoomIn \">\n\t\t<a href=\"\/moja-zielona-politechnika\/zielony-kampus\/\" class=\"no-icon\">\n\t\t\t<div class=\"boxlink-title\">Zielony kampus<span><\/span><\/div>\n\t\t\t<div class=\"boxlink-content\">\n\t\t\t\t<img loading=\"lazy\" decoding=\"async\" class=\"aligncenter size-full wp-image-814\" src=\"https:\/\/pb.edu.pl\/moja-zielona-politechnika\/wp-content\/uploads\/sites\/106\/2023\/07\/2023-07-moja-zielona-politechnika-zielony-kampus-www-800x534-1.jpg\" alt=\"\" width=\"800\" height=\"534\">\t\t\t<\/div>\n\t\t<\/a>\n\t<\/div>\n\n<\/div>\n<div class=\"col-md-4\">\n\t<div class=\"boxlink animated zoomIn \">\n\t\t<a href=\"\/moja-zielona-politechnika\/slad-srodowiskowy\/\" class=\"no-icon\">\n\t\t\t<div class=\"boxlink-title\">\u015alad \u015brodowiskowy<span><\/span><\/div>\n\t\t\t<div class=\"boxlink-content\">\n\t\t\t\t<img loading=\"lazy\" decoding=\"async\" class=\"aligncenter size-full wp-image-811\" src=\"https:\/\/pb.edu.pl\/moja-zielona-politechnika\/wp-content\/uploads\/sites\/106\/2023\/07\/2023-07-moja-zielona-politechnika-slad-srodowiskowyi-www-800x534-3.jpg\" alt=\"\" width=\"800\" height=\"534\">\t\t\t<\/div>\n\t\t<\/a>\n\t<\/div>\n\n<\/div>\n<\/div>\n<a title=\"\" href=\"https:\/\/pb.edu.pl\/moja-zielona-politechnika\/wp-content\/uploads\/sites\/106\/2023\/07\/Strategia_Zielona_PB_15_12_2022.pdf\"><em>Wi\u0119cej informacji na temat cel\u00f3w znajdziecie w strategii zr\u00f3wnowa\u017conego rozwoju \u201eMoja Zielona Politechnika\u201d.<\/em><\/a><\/p>\n<p>&nbsp;<\/p>\n","protected":false},"excerpt":{"rendered":"<p>Politechnika Bia\u0142ostocka do\u0142\u0105czy\u0142a do grona \u201eambasador\u00f3w\u201d zmian na rzecz zr\u00f3wnowa\u017conego rozwoju. Globalne cele o kluczowym<\/p>\n","protected":false},"author":1,"featured_media":0,"parent":0,"menu_order":0,"comment_status":"closed","ping_status":"closed","template":"","meta":{"_acf_changed":false,"ngg_post_thumbnail":0,"footnotes":""},"class_list":["post-1884","page","type-page","status-publish","hentry"],"acf":[],"_links":{"self":[{"href":"https:\/\/pb.edu.pl\/moja-zielona-politechnika\/wp-json\/wp\/v2\/pages\/1884","targetHints":{"allow":["GET"]}}],"collection":[{"href":"https:\/\/pb.edu.pl\/moja-zielona-politechnika\/wp-json\/wp\/v2\/pages"}],"about":[{"href":"https:\/\/pb.edu.pl\/moja-zielona-politechnika\/wp-json\/wp\/v2\/types\/page"}],"author":[{"embeddable":true,"href":"https:\/\/pb.edu.pl\/moja-zielona-politechnika\/wp-json\/wp\/v2\/users\/1"}],"replies":[{"embeddable":true,"href":"https:\/\/pb.edu.pl\/moja-zielona-politechnika\/wp-json\/wp\/v2\/comments?post=1884"}],"version-history":[{"count":0,"href":"https:\/\/pb.edu.pl\/moja-zielona-politechnika\/wp-json\/wp\/v2\/pages\/1884\/revisions"}],"wp:attachment":[{"href":"https:\/\/pb.edu.pl\/moja-zielona-politechnika\/wp-json\/wp\/v2\/media?parent=1884"}],"curies":[{"name":"wp","href":"https:\/\/api.w.org\/{rel}","templated":true}]}}