{"id":1882,"date":"2023-07-18T14:47:17","date_gmt":"2023-07-18T12:47:17","guid":{"rendered":"https:\/\/pb.edu.pl\/moja-zielona-politechnika\/?page_id=1882"},"modified":"2023-11-08T20:17:13","modified_gmt":"2023-11-08T19:17:13","slug":"strategia-zrownowazonego-rozwoju-politechniki-bialostockiej","status":"publish","type":"page","link":"https:\/\/pb.edu.pl\/moja-zielona-politechnika\/strategia-zrownowazonego-rozwoju-politechniki-bialostockiej\/","title":{"rendered":"Strategia zr\u00f3wnowa\u017conego rozwoju Politechniki Bia\u0142ostockiej"},"content":{"rendered":"<div class=\"row\">\n<div class=\"col-sm-12 text-center\"><a class=\"button text-center animated zoomIn lead no-icon\" href=\"https:\/\/pb.edu.pl\/moja-zielona-politechnika\/wp-content\/uploads\/sites\/106\/2023\/07\/Strategia_Zielona_PB_15_12_2022.pdf\">Strategia Zr\u00f3wnowa\u017conego Rozwoju Politechniki Bia\u0142ostockiej (pobierz PDF)<\/a><\/div>\n<\/div>\n<div class=\"row\">\n<div class=\"col-sm-12 text-center\"><a class=\"button text-center animated zoomIn lead no-icon\" href=\"https:\/\/pb.edu.pl\/moja-zielona-politechnika\/wp-content\/uploads\/sites\/106\/2023\/10\/Strategia_Zielona_PB_zalaczn_15_12_2022.pdf\">Raport zr\u00f3wnowa\u017conego rozwoju (pobierz PDF)<\/a><\/div>\n<\/div>\n<p><a class=\"h3 text-center\" style=\"display:block\" href=\"https:\/\/pb.edu.pl\/strategiarozwoju\/\">Strategia Rozwoju Politechniki Bia\u0142ostockiej 2021-2024 z perspektyw\u0105 przed\u0142u\u017cenia do 2030<\/a><\/p>\n","protected":false},"excerpt":{"rendered":"<p>Strategia Zr\u00f3wnowa\u017conego Rozwoju Politechniki Bia\u0142ostockiej (pobierz PDF) Raport zr\u00f3wnowa\u017conego rozwoju (pobierz PDF) Strategia Rozwoju Politechniki<\/p>\n","protected":false},"author":1,"featured_media":0,"parent":0,"menu_order":0,"comment_status":"closed","ping_status":"closed","template":"","meta":{"_acf_changed":false,"ngg_post_thumbnail":0,"footnotes":""},"class_list":["post-1882","page","type-page","status-publish","hentry"],"acf":[],"_links":{"self":[{"href":"https:\/\/pb.edu.pl\/moja-zielona-politechnika\/wp-json\/wp\/v2\/pages\/1882","targetHints":{"allow":["GET"]}}],"collection":[{"href":"https:\/\/pb.edu.pl\/moja-zielona-politechnika\/wp-json\/wp\/v2\/pages"}],"about":[{"href":"https:\/\/pb.edu.pl\/moja-zielona-politechnika\/wp-json\/wp\/v2\/types\/page"}],"author":[{"embeddable":true,"href":"https:\/\/pb.edu.pl\/moja-zielona-politechnika\/wp-json\/wp\/v2\/users\/1"}],"replies":[{"embeddable":true,"href":"https:\/\/pb.edu.pl\/moja-zielona-politechnika\/wp-json\/wp\/v2\/comments?post=1882"}],"version-history":[{"count":0,"href":"https:\/\/pb.edu.pl\/moja-zielona-politechnika\/wp-json\/wp\/v2\/pages\/1882\/revisions"}],"wp:attachment":[{"href":"https:\/\/pb.edu.pl\/moja-zielona-politechnika\/wp-json\/wp\/v2\/media?parent=1882"}],"curies":[{"name":"wp","href":"https:\/\/api.w.org\/{rel}","templated":true}]}}