{"id":18,"date":"2020-09-22T23:35:35","date_gmt":"2020-09-22T21:35:35","guid":{"rendered":"https:\/\/pb.edu.pl\/moja-zielona-politechnika\/?page_id=18"},"modified":"2026-03-10T10:20:05","modified_gmt":"2026-03-10T09:20:05","slug":"home","status":"publish","type":"page","link":"https:\/\/pb.edu.pl\/moja-zielona-politechnika\/","title":{"rendered":""},"content":{"rendered":"<p>&nbsp;<br \/>\n<img decoding=\"async\" class=\"alignnone size-medium wp-image-1866 hidden-xs\" src=\"https:\/\/pb.edu.pl\/moja-zielona-politechnika\/wp-content\/uploads\/sites\/106\/2025\/03\/button-desktop-moja-zielona-politechnika-raport-1140-96px.jpg\" alt=\"Realizujemy cele zr\u00f3wnowa\u017conego rozwoju\"><\/p>\n<p><img decoding=\"async\" class=\"alignnone size-medium wp-image-1866 visible-xs-block\" src=\"https:\/\/pb.edu.pl\/moja-zielona-politechnika\/wp-content\/uploads\/sites\/106\/2023\/07\/button-mobilka-moja-zielona-politechnika-720-200px.jpg\" alt=\"Moja Zielona Politechnika\"><\/p>\n<p>W ramach \u201eStrategii rozwoju Politechniki Bia\u0142ostockiej na lata 2021-2024 z perspektyw\u0105 przed\u0142u\u017cenia do 2030 r.\u201d nasza Uczelnia opracowa\u0142a i rozpocz\u0119\u0142a proces wdra\u017cania strategii zr\u00f3wnowa\u017conego rozwoju pod nazw\u0105 \u201eMoja Zielona Politechnika\u201d. Dzia\u0142ania realizowane do 2035 roku zosta\u0142y zaprojektowane w odpowiedzi na globalne wyzwania wsp\u00f3\u0142czesnego \u015bwiata, do kt\u00f3rych nale\u017c\u0105 zmiany klimatyczne, zanieczyszczenie powietrza, gleby i wody, post\u0119puj\u0105cy ubytek zasob\u00f3w przyrody, a tak\u017ce zanik r\u00f3\u017cnorodno\u015bci biologicznej.<\/p>\n<p>Politechnika Bia\u0142ostocka, kt\u00f3ra od lat tworzy rozwi\u0105zania i wdra\u017ca technologie w poszanowaniu zasad zr\u00f3wnowa\u017conego rozwoju, jest \u015bwiadoma, jak wa\u017cne jest przekazywanie m\u0142odym pokoleniom in\u017cynier\u00f3w wiedzy z uwzgl\u0119dnieniem aspekt\u00f3w ochrony \u015brodowiska naturalnego. To kwestia odpowiedzialno\u015bci spo\u0142ecznej, ale i naszej przysz\u0142o\u015bci. Dlatego te\u017c decyzj\u0105 w\u0142adz Uczelni oraz cz\u0142onk\u00f3w spo\u0142eczno\u015bci akademickiej postanowili\u015bmy d\u0105\u017cy\u0107 do dynamicznej transformacji uczelni w kierunku kszta\u0142cenia kadr programuj\u0105cych i kreuj\u0105cych rozw\u00f3j technologiczny, maj\u0105c jednocze\u015bnie na uwadze eskosystem i ochron\u0119 klimatu.<\/p>\n<div id=\"more\" class=\"collapse\">\n<p>Dzia\u0142ania, kt\u00f3re podejmujemy, by zrealizowa\u0107 nasz cel okre\u015blili\u015bmy na podstawie diagnozy stanu i potencja\u0142u Uczelni, a tak\u017ce analizy SWOT. Wsparciem by\u0142o r\u00f3wnie\u017c zaanga\u017cowanie naszych student\u00f3w, doktorant\u00f3w, kadry akademickiej i pracownik\u00f3w uczelni, kt\u00f3rzy wzi\u0119li udzia\u0142 w badaniu ankietowym, trwaj\u0105cym od 21 kwietnia do 5 czerwca 2022.<\/p>\n<p>Wyznaczyli\u015bmy sobie ambitne cele, kt\u00f3re zamierzamy osi\u0105gn\u0105\u0107 poprzez popularyzacj\u0119 zagadnie\u0144 zr\u00f3wnowa\u017conego rozwoju w procesie dydaktycznym, wi\u0119ksz\u0105 liczb\u0119 bada\u0144 chroni\u0105cych ekosystem, a tak\u017ce organizacj\u0119 i zarz\u0105dzanie zmierzaj\u0105ce do osi\u0105gni\u0119cia zerowego \u015bladu \u015brodowiskowego na Uczelni.<\/p>\n<p>Mamy nadziej\u0119, \u017ce \u201eMoja Zielona Politechnika\u201d stanie si\u0119 przestrzeni\u0105 do dyskusji, wymiany do\u015bwiadcze\u0144 i pomys\u0142\u00f3w nad stworzeniem modelowego zielonego kampusu, kt\u00f3ry mo\u017ce stanowi\u0107 dla innych \u017ar\u00f3d\u0142o inspiracji i dobrych praktyk. Powodzenie realizacji strategii zr\u00f3wnowa\u017conego rozwoju zale\u017cy od aktywno\u015bci naszej spo\u0142eczno\u015bci. Wierzymy, \u017ce dzi\u0119ki wsp\u00f3lnym wysi\u0142kom uda nam si\u0119 zrealizowa\u0107 nasz cel.<\/p>\n<p>Niech po\u0142\u0105czy nas \u201eMoja Zielona Politechnika\u201d!<\/p>\n<\/div>\n<p><a class=\"link\" role=\"button\" href=\"#more\" data-toggle=\"collapse\"><span class=\"more\">wi\u0119cej<\/span><span class=\"less\">mniej<\/span><\/a><\/p>\n<p>&nbsp;<\/p>\n<div class=\"row\">\n<div class=\"col-sm-12 text-center\"><a class=\"button text-center animated zoomIn lead no-icon\" href=\"https:\/\/pb.edu.pl\/moja-zielona-politechnika\/wp-content\/uploads\/sites\/106\/2023\/07\/Strategia_Zielona_PB_15_12_2022.pdf\">Strategia Zr\u00f3wnowa\u017conego Rozwoju Politechniki Bia\u0142ostockiej (pobierz PDF)<\/a><\/div>\n<\/div>\n<div class=\"row\">\n<div class=\"col-sm-12 text-center\"><a class=\"button text-center animated zoomIn lead no-icon\" href=\"https:\/\/pb.edu.pl\/moja-zielona-politechnika\/raporty-zrownowazonego-rozwoju\/\">Raporty Zr\u00f3wnowa\u017conego Rozwoju&nbsp;<\/a><\/div>\n<\/div>\n<p>&nbsp;<\/p>\n<div class=\"embed-responsive embed-responsive-16by9\"><iframe loading=\"lazy\" title=\"Rektor Politechniki Bia\u0142ostockiej o programie Moja Zielona Politechnika\" width=\"500\" height=\"281\" src=\"https:\/\/www.youtube.com\/embed\/MW2NPQ_2qcg?feature=oembed\" frameborder=\"0\" allow=\"accelerometer; autoplay; clipboard-write; encrypted-media; gyroscope; picture-in-picture; web-share\" referrerpolicy=\"strict-origin-when-cross-origin\" allowfullscreen><\/iframe><\/div>\n<p>&nbsp;<\/p>\n<div id=\"box-menu\" class=\"href\">&nbsp;<\/div>\n<div class=\"row\">\n<div class=\"col-sm-12 text-center\"><a class=\"button text-center animated zoomIn lead\" title=\"\" href=\"\/moja-zielona-politechnika\/cele-operacyjne\/\">Cele i kierunki dzia\u0142a\u0144<\/a><\/div>\n<\/div>\n<p>&nbsp;<\/p>\n<div class=\"image\"><a href=\"\/moja-zielona-politechnika\/zielona-akademia-seniora\/\"><img loading=\"lazy\" decoding=\"async\" class=\"aligncenter size-full wp-image-3172\" src=\"https:\/\/pb.edu.pl\/moja-zielona-politechnika\/wp-content\/uploads\/sites\/106\/2026\/03\/Akademia.jpg\" alt=\"Zielona Akademia Seniora\" width=\"1140\" height=\"91\"><\/a><\/div>\n<p>&nbsp;<\/p>\n<div class=\"image\"><a href=\"\/moja-zielona-politechnika\/cyklarium-sloboda-ogrod-biocenotyczny-pb\/\"><img loading=\"lazy\" decoding=\"async\" class=\"aligncenter size-full wp-image-3172\" src=\"https:\/\/pb.edu.pl\/moja-zielona-politechnika\/wp-content\/uploads\/sites\/106\/2024\/10\/banner-cyklarium.png\" alt=\"Cyklarium S\u0142oboda \u2013 ogr\u00f3d biocenotyczny PB\" width=\"1140\" height=\"91\" srcset=\"https:\/\/pb.edu.pl\/moja-zielona-politechnika\/wp-content\/uploads\/sites\/106\/2024\/10\/banner-cyklarium.png 1140w, https:\/\/pb.edu.pl\/moja-zielona-politechnika\/wp-content\/uploads\/sites\/106\/2024\/10\/banner-cyklarium-300x24.png 300w, https:\/\/pb.edu.pl\/moja-zielona-politechnika\/wp-content\/uploads\/sites\/106\/2024\/10\/banner-cyklarium-1024x82.png 1024w, https:\/\/pb.edu.pl\/moja-zielona-politechnika\/wp-content\/uploads\/sites\/106\/2024\/10\/banner-cyklarium-768x61.png 768w\" sizes=\"auto, (max-width: 1140px) 100vw, 1140px\" \/><\/a><\/div>\n<p>&nbsp;<\/p>\n<div class=\"image\"><a href=\"https:\/\/pb.edu.pl\/jubileuszpb\/wydarzenia\/ogrod-nauki\/\"><img loading=\"lazy\" decoding=\"async\" class=\"alignleft size-full wp-image-3177\" src=\"https:\/\/pb.edu.pl\/moja-zielona-politechnika\/wp-content\/uploads\/sites\/106\/2024\/10\/banner-ogrod-nauki-PB.png\" alt=\"Ogr\u00f3d nauki PB\" width=\"1140\" height=\"91\" srcset=\"https:\/\/pb.edu.pl\/moja-zielona-politechnika\/wp-content\/uploads\/sites\/106\/2024\/10\/banner-ogrod-nauki-PB.png 1140w, https:\/\/pb.edu.pl\/moja-zielona-politechnika\/wp-content\/uploads\/sites\/106\/2024\/10\/banner-ogrod-nauki-PB-300x24.png 300w, https:\/\/pb.edu.pl\/moja-zielona-politechnika\/wp-content\/uploads\/sites\/106\/2024\/10\/banner-ogrod-nauki-PB-1024x82.png 1024w, https:\/\/pb.edu.pl\/moja-zielona-politechnika\/wp-content\/uploads\/sites\/106\/2024\/10\/banner-ogrod-nauki-PB-768x61.png 768w\" sizes=\"auto, (max-width: 1140px) 100vw, 1140px\" \/><\/a><\/div>\n<p>&nbsp;<\/p>\n<h2 style=\"font-size: 3rem\"><a style=\"text-decoration: none\" title=\"poka\u017c wszystkie\" href=\"\/moja-zielona-politechnika\/aktualnosci\/\">Aktualno\u015bci <i class=\"fa fa-caret-right\" aria-hidden=\"true\"><\/i><\/a><\/h2>\n\t\t<div class=\"box news-box \">\n\t\t<div class=\"row\">\n\t\t\t\n\t\t\t\n\t\t\t\t\n\t\t\t\t\t\t\t\t\t\t<div class=\"col-sm-3\">\n\t\t\t\t\t\t\t\n<article class=\"format-standard\">\n    <span class=\"date text-right\"><i class=\"fal fa-calendar-alt\"><\/i> 30-04-2026<\/span>\n    <a href=\"https:\/\/pb.edu.pl\/moja-zielona-politechnika\/zielona-akademia-seniora-wskazowki-jak-oszczedzac-energie-i-powroty-absolwentow-na-wydziale-elektrycznym\/\">\n      <div class=\"article-image\">\n        <img loading=\"lazy\" decoding=\"async\" width=\"480\" height=\"300\" src=\"https:\/\/pb.edu.pl\/moja-zielona-politechnika\/wp-content\/uploads\/sites\/106\/2026\/04\/2026-04-29-Zielona-akademia-seniora-fot-Maciej-Giedrojc-Juraha-PB-6-480x300.jpg\" class=\"attachment-medium-image-16x10 size-medium-image-16x10 wp-post-image\" alt=\"\" srcset=\"https:\/\/pb.edu.pl\/moja-zielona-politechnika\/wp-content\/uploads\/sites\/106\/2026\/04\/2026-04-29-Zielona-akademia-seniora-fot-Maciej-Giedrojc-Juraha-PB-6-480x300.jpg 480w, https:\/\/pb.edu.pl\/moja-zielona-politechnika\/wp-content\/uploads\/sites\/106\/2026\/04\/2026-04-29-Zielona-akademia-seniora-fot-Maciej-Giedrojc-Juraha-PB-6-300x188.jpg 300w, https:\/\/pb.edu.pl\/moja-zielona-politechnika\/wp-content\/uploads\/sites\/106\/2026\/04\/2026-04-29-Zielona-akademia-seniora-fot-Maciej-Giedrojc-Juraha-PB-6-1024x640.jpg 1024w, https:\/\/pb.edu.pl\/moja-zielona-politechnika\/wp-content\/uploads\/sites\/106\/2026\/04\/2026-04-29-Zielona-akademia-seniora-fot-Maciej-Giedrojc-Juraha-PB-6-768x480.jpg 768w, https:\/\/pb.edu.pl\/moja-zielona-politechnika\/wp-content\/uploads\/sites\/106\/2026\/04\/2026-04-29-Zielona-akademia-seniora-fot-Maciej-Giedrojc-Juraha-PB-6-1536x960.jpg 1536w, https:\/\/pb.edu.pl\/moja-zielona-politechnika\/wp-content\/uploads\/sites\/106\/2026\/04\/2026-04-29-Zielona-akademia-seniora-fot-Maciej-Giedrojc-Juraha-PB-6-2048x1280.jpg 2048w\" sizes=\"auto, (max-width: 480px) 100vw, 480px\" \/>      <\/div>\n      <h3>Zielona Akademia Seniora. Wskaz\u00f3wki jak oszcz\u0119dza\u0107 energi\u0119 i powroty absolwent\u00f3w na Wydziale Elektrycznym<\/h3>\n      Drugie spotkanie \u201eZielonej Akademii Seniora\u201d odby\u0142o si\u0119 29 kwietnia 2026 r.    <\/a>\n<\/article>\t\t\t\t\t\t<\/div>\n\t\t\t\t\t\t\t\t\t\t\t<div class=\"col-sm-3\">\n\t\t\t\t\t\t\t\n<article class=\"format-standard\">\n    <span class=\"date text-right\"><i class=\"fal fa-calendar-alt\"><\/i> 21-04-2026<\/span>\n    <a href=\"https:\/\/pb.edu.pl\/moja-zielona-politechnika\/owocowa-ekoskora-studentow-kola-naukowego-rolka-to-podlaska-marka-2025\/\">\n      <div class=\"article-image\">\n        <img loading=\"lazy\" decoding=\"async\" width=\"480\" height=\"300\" src=\"https:\/\/pb.edu.pl\/moja-zielona-politechnika\/wp-content\/uploads\/sites\/106\/2026\/05\/2026-04-17-Podlaska-Marka-Roku-fot-Dariusz-Piekut-PB-4-1024x640-1-480x300.jpg\" class=\"attachment-medium-image-16x10 size-medium-image-16x10 wp-post-image\" alt=\"\" srcset=\"https:\/\/pb.edu.pl\/moja-zielona-politechnika\/wp-content\/uploads\/sites\/106\/2026\/05\/2026-04-17-Podlaska-Marka-Roku-fot-Dariusz-Piekut-PB-4-1024x640-1-480x300.jpg 480w, https:\/\/pb.edu.pl\/moja-zielona-politechnika\/wp-content\/uploads\/sites\/106\/2026\/05\/2026-04-17-Podlaska-Marka-Roku-fot-Dariusz-Piekut-PB-4-1024x640-1-300x188.jpg 300w, https:\/\/pb.edu.pl\/moja-zielona-politechnika\/wp-content\/uploads\/sites\/106\/2026\/05\/2026-04-17-Podlaska-Marka-Roku-fot-Dariusz-Piekut-PB-4-1024x640-1-768x480.jpg 768w, https:\/\/pb.edu.pl\/moja-zielona-politechnika\/wp-content\/uploads\/sites\/106\/2026\/05\/2026-04-17-Podlaska-Marka-Roku-fot-Dariusz-Piekut-PB-4-1024x640-1.jpg 1024w\" sizes=\"auto, (max-width: 480px) 100vw, 480px\" \/>      <\/div>\n      <h3>Owocowa ekosk\u00f3ra student\u00f3w Ko\u0142a Naukowego Rolka to Podlaska Marka 2025<\/h3>\n      Podlaska Marka to najstarszy konkurs organizowany przez samorz\u0105d wojew\u00f3dztwa    <\/a>\n<\/article>\t\t\t\t\t\t<\/div>\n\t\t\t\t\t\t\t\t\t\t\t<div class=\"col-sm-3\">\n\t\t\t\t\t\t\t\n<article class=\"format-standard\">\n    <span class=\"date text-right\"><i class=\"fal fa-calendar-alt\"><\/i> 09-04-2026<\/span>\n    <a href=\"https:\/\/pb.edu.pl\/moja-zielona-politechnika\/politechnika-bialostocka-dla-zachowania-trwalosci-lasow-wobec-zmian-klimatu\/\">\n      <div class=\"article-image\">\n        <img loading=\"lazy\" decoding=\"async\" width=\"480\" height=\"300\" src=\"https:\/\/pb.edu.pl\/moja-zielona-politechnika\/wp-content\/uploads\/sites\/106\/2026\/05\/2026-04-09-Ogolnopolska-Konferencja-Naukowa-fot-Iryna-Mikhno-PB-1-1024x640-1-480x300.jpg\" class=\"attachment-medium-image-16x10 size-medium-image-16x10 wp-post-image\" alt=\"\" srcset=\"https:\/\/pb.edu.pl\/moja-zielona-politechnika\/wp-content\/uploads\/sites\/106\/2026\/05\/2026-04-09-Ogolnopolska-Konferencja-Naukowa-fot-Iryna-Mikhno-PB-1-1024x640-1-480x300.jpg 480w, https:\/\/pb.edu.pl\/moja-zielona-politechnika\/wp-content\/uploads\/sites\/106\/2026\/05\/2026-04-09-Ogolnopolska-Konferencja-Naukowa-fot-Iryna-Mikhno-PB-1-1024x640-1-300x188.jpg 300w, https:\/\/pb.edu.pl\/moja-zielona-politechnika\/wp-content\/uploads\/sites\/106\/2026\/05\/2026-04-09-Ogolnopolska-Konferencja-Naukowa-fot-Iryna-Mikhno-PB-1-1024x640-1-768x480.jpg 768w, https:\/\/pb.edu.pl\/moja-zielona-politechnika\/wp-content\/uploads\/sites\/106\/2026\/05\/2026-04-09-Ogolnopolska-Konferencja-Naukowa-fot-Iryna-Mikhno-PB-1-1024x640-1.jpg 1024w\" sizes=\"auto, (max-width: 480px) 100vw, 480px\" \/>      <\/div>\n      <h3>Politechnika Bia\u0142ostocka dla zachowania trwa\u0142o\u015bci las\u00f3w wobec zmian klimatu<\/h3>\n      Jak skutecznie chroni\u0107 polskie lasy w dobie gwa\u0142townych zmian klimatu?    <\/a>\n<\/article>\t\t\t\t\t\t<\/div>\n\t\t\t\t\t\t\t\t\t\t\t<div class=\"col-sm-3\">\n\t\t\t\t\t\t\t\n<article class=\"format-standard\">\n    <span class=\"date text-right\"><i class=\"fal fa-calendar-alt\"><\/i> 01-04-2026<\/span>\n    <a href=\"https:\/\/pb.edu.pl\/moja-zielona-politechnika\/politechnika-bialostocka-w-konsorcjum-projektu-ruralstrat\/\">\n      <div class=\"article-image\">\n        <img loading=\"lazy\" decoding=\"async\" width=\"480\" height=\"300\" src=\"https:\/\/pb.edu.pl\/moja-zielona-politechnika\/wp-content\/uploads\/sites\/106\/2026\/05\/2026-04-01-NCBR.-Podpisanie-umowy-konsorcjum-projektu-RURALSTRAT-8-1024x640-1-480x300.jpeg\" class=\"attachment-medium-image-16x10 size-medium-image-16x10 wp-post-image\" alt=\"\" srcset=\"https:\/\/pb.edu.pl\/moja-zielona-politechnika\/wp-content\/uploads\/sites\/106\/2026\/05\/2026-04-01-NCBR.-Podpisanie-umowy-konsorcjum-projektu-RURALSTRAT-8-1024x640-1-480x300.jpeg 480w, https:\/\/pb.edu.pl\/moja-zielona-politechnika\/wp-content\/uploads\/sites\/106\/2026\/05\/2026-04-01-NCBR.-Podpisanie-umowy-konsorcjum-projektu-RURALSTRAT-8-1024x640-1-300x188.jpeg 300w, https:\/\/pb.edu.pl\/moja-zielona-politechnika\/wp-content\/uploads\/sites\/106\/2026\/05\/2026-04-01-NCBR.-Podpisanie-umowy-konsorcjum-projektu-RURALSTRAT-8-1024x640-1-768x480.jpeg 768w, https:\/\/pb.edu.pl\/moja-zielona-politechnika\/wp-content\/uploads\/sites\/106\/2026\/05\/2026-04-01-NCBR.-Podpisanie-umowy-konsorcjum-projektu-RURALSTRAT-8-1024x640-1.jpeg 1024w\" sizes=\"auto, (max-width: 480px) 100vw, 480px\" \/>      <\/div>\n      <h3>Politechnika Bia\u0142ostocka w konsorcjum projektu RURALSTRAT<\/h3>\n      Dofinansowanie NCBR \u2013 7 955 386,25 z\u0142    <\/a>\n<\/article>\t\t\t\t\t\t<\/div>\n\t\t\t\t\t\n\t\t\t\t\n\t\t\t\t\t<\/div>\n\t\t\t\t\t<\/div>\n\n&nbsp;<\/p>\n<div class=\"carousel slide\" id=\"custom-carousel-0\" data-ride=\"carousel\"><ol class=\"carousel-indicators\"><li class=\"active\" data-target=\"#custom-carousel-0\" data-slide-to=\"0\"><\/li><li class=\"\" data-target=\"#custom-carousel-0\" data-slide-to=\"1\"><\/li><\/ol><div class=\"carousel-inner\">\n<div class=\"item active\">\n<div class=\"row\">\n<div class=\"col-md-3\"><img loading=\"lazy\" decoding=\"async\" class=\" wp-image-1990 size-large\" src=\"https:\/\/pb.edu.pl\/moja-zielona-politechnika\/wp-content\/uploads\/sites\/106\/2023\/07\/2023.04.21_Wiosna-Kwiaty-na-PB_fot.Dariusz-Piekut_PB-6-1024x683.jpg\" alt=\"kampus PB\" width=\"1024\" height=\"683\" srcset=\"https:\/\/pb.edu.pl\/moja-zielona-politechnika\/wp-content\/uploads\/sites\/106\/2023\/07\/2023.04.21_Wiosna-Kwiaty-na-PB_fot.Dariusz-Piekut_PB-6-1024x683.jpg 1024w, https:\/\/pb.edu.pl\/moja-zielona-politechnika\/wp-content\/uploads\/sites\/106\/2023\/07\/2023.04.21_Wiosna-Kwiaty-na-PB_fot.Dariusz-Piekut_PB-6-300x200.jpg 300w, https:\/\/pb.edu.pl\/moja-zielona-politechnika\/wp-content\/uploads\/sites\/106\/2023\/07\/2023.04.21_Wiosna-Kwiaty-na-PB_fot.Dariusz-Piekut_PB-6-768x512.jpg 768w, https:\/\/pb.edu.pl\/moja-zielona-politechnika\/wp-content\/uploads\/sites\/106\/2023\/07\/2023.04.21_Wiosna-Kwiaty-na-PB_fot.Dariusz-Piekut_PB-6-480x320.jpg 480w, https:\/\/pb.edu.pl\/moja-zielona-politechnika\/wp-content\/uploads\/sites\/106\/2023\/07\/2023.04.21_Wiosna-Kwiaty-na-PB_fot.Dariusz-Piekut_PB-6.jpg 1200w\" sizes=\"auto, (max-width: 1024px) 100vw, 1024px\" \/><\/div>\n<div class=\"col-md-3\"><img loading=\"lazy\" decoding=\"async\" class=\" wp-image-2001 size-large\" src=\"https:\/\/pb.edu.pl\/moja-zielona-politechnika\/wp-content\/uploads\/sites\/106\/2023\/07\/2023.07.11-Politechnika-Bialostocka_foto-Iryna-Mikhno-111-1024x683.jpg\" alt=\"zielony kampus PB\" width=\"1024\" height=\"683\" srcset=\"https:\/\/pb.edu.pl\/moja-zielona-politechnika\/wp-content\/uploads\/sites\/106\/2023\/07\/2023.07.11-Politechnika-Bialostocka_foto-Iryna-Mikhno-111-1024x683.jpg 1024w, https:\/\/pb.edu.pl\/moja-zielona-politechnika\/wp-content\/uploads\/sites\/106\/2023\/07\/2023.07.11-Politechnika-Bialostocka_foto-Iryna-Mikhno-111-300x200.jpg 300w, https:\/\/pb.edu.pl\/moja-zielona-politechnika\/wp-content\/uploads\/sites\/106\/2023\/07\/2023.07.11-Politechnika-Bialostocka_foto-Iryna-Mikhno-111-768x512.jpg 768w, https:\/\/pb.edu.pl\/moja-zielona-politechnika\/wp-content\/uploads\/sites\/106\/2023\/07\/2023.07.11-Politechnika-Bialostocka_foto-Iryna-Mikhno-111-480x320.jpg 480w, https:\/\/pb.edu.pl\/moja-zielona-politechnika\/wp-content\/uploads\/sites\/106\/2023\/07\/2023.07.11-Politechnika-Bialostocka_foto-Iryna-Mikhno-111.jpg 1200w\" sizes=\"auto, (max-width: 1024px) 100vw, 1024px\" \/><\/div>\n<div class=\"col-md-3\"><img loading=\"lazy\" decoding=\"async\" class=\" wp-image-1993 size-large\" src=\"https:\/\/pb.edu.pl\/moja-zielona-politechnika\/wp-content\/uploads\/sites\/106\/2023\/07\/kamera-termowizyjna-1-1024x683.jpg\" alt=\"termodiagnostyka na PB\" width=\"1024\" height=\"683\" srcset=\"https:\/\/pb.edu.pl\/moja-zielona-politechnika\/wp-content\/uploads\/sites\/106\/2023\/07\/kamera-termowizyjna-1-1024x683.jpg 1024w, https:\/\/pb.edu.pl\/moja-zielona-politechnika\/wp-content\/uploads\/sites\/106\/2023\/07\/kamera-termowizyjna-1-300x200.jpg 300w, https:\/\/pb.edu.pl\/moja-zielona-politechnika\/wp-content\/uploads\/sites\/106\/2023\/07\/kamera-termowizyjna-1-768x512.jpg 768w, https:\/\/pb.edu.pl\/moja-zielona-politechnika\/wp-content\/uploads\/sites\/106\/2023\/07\/kamera-termowizyjna-1-480x320.jpg 480w, https:\/\/pb.edu.pl\/moja-zielona-politechnika\/wp-content\/uploads\/sites\/106\/2023\/07\/kamera-termowizyjna-1.jpg 1200w\" sizes=\"auto, (max-width: 1024px) 100vw, 1024px\" \/><\/div>\n<div class=\"col-md-3\"><img loading=\"lazy\" decoding=\"async\" class=\" wp-image-1994 size-large\" src=\"https:\/\/pb.edu.pl\/moja-zielona-politechnika\/wp-content\/uploads\/sites\/106\/2023\/07\/2023.07.11-Politechnika-Bialostocka_foto-Iryna-Mikhno-86-1024x683.jpg\" alt=\"OZE PB\" width=\"1024\" height=\"683\" srcset=\"https:\/\/pb.edu.pl\/moja-zielona-politechnika\/wp-content\/uploads\/sites\/106\/2023\/07\/2023.07.11-Politechnika-Bialostocka_foto-Iryna-Mikhno-86-1024x683.jpg 1024w, https:\/\/pb.edu.pl\/moja-zielona-politechnika\/wp-content\/uploads\/sites\/106\/2023\/07\/2023.07.11-Politechnika-Bialostocka_foto-Iryna-Mikhno-86-300x200.jpg 300w, https:\/\/pb.edu.pl\/moja-zielona-politechnika\/wp-content\/uploads\/sites\/106\/2023\/07\/2023.07.11-Politechnika-Bialostocka_foto-Iryna-Mikhno-86-768x512.jpg 768w, https:\/\/pb.edu.pl\/moja-zielona-politechnika\/wp-content\/uploads\/sites\/106\/2023\/07\/2023.07.11-Politechnika-Bialostocka_foto-Iryna-Mikhno-86-480x320.jpg 480w, https:\/\/pb.edu.pl\/moja-zielona-politechnika\/wp-content\/uploads\/sites\/106\/2023\/07\/2023.07.11-Politechnika-Bialostocka_foto-Iryna-Mikhno-86.jpg 1200w\" sizes=\"auto, (max-width: 1024px) 100vw, 1024px\" \/><\/div>\n<\/div>\n<\/div>\n<div class=\"item\">\n<div class=\"row\">\n<div class=\"col-md-3\"><img loading=\"lazy\" decoding=\"async\" class=\" wp-image-2003 size-large\" src=\"https:\/\/pb.edu.pl\/moja-zielona-politechnika\/wp-content\/uploads\/sites\/106\/2023\/07\/IMG_2920-1024x683.jpg\" alt=\"recykling na PB\" width=\"1024\" height=\"683\" srcset=\"https:\/\/pb.edu.pl\/moja-zielona-politechnika\/wp-content\/uploads\/sites\/106\/2023\/07\/IMG_2920-1024x683.jpg 1024w, https:\/\/pb.edu.pl\/moja-zielona-politechnika\/wp-content\/uploads\/sites\/106\/2023\/07\/IMG_2920-300x200.jpg 300w, https:\/\/pb.edu.pl\/moja-zielona-politechnika\/wp-content\/uploads\/sites\/106\/2023\/07\/IMG_2920-768x512.jpg 768w, https:\/\/pb.edu.pl\/moja-zielona-politechnika\/wp-content\/uploads\/sites\/106\/2023\/07\/IMG_2920-1536x1024.jpg 1536w, https:\/\/pb.edu.pl\/moja-zielona-politechnika\/wp-content\/uploads\/sites\/106\/2023\/07\/IMG_2920-2048x1365.jpg 2048w, https:\/\/pb.edu.pl\/moja-zielona-politechnika\/wp-content\/uploads\/sites\/106\/2023\/07\/IMG_2920-480x320.jpg 480w\" sizes=\"auto, (max-width: 1024px) 100vw, 1024px\" \/><\/div>\n<div class=\"col-md-3\"><img loading=\"lazy\" decoding=\"async\" class=\" wp-image-1996 size-large\" src=\"https:\/\/pb.edu.pl\/moja-zielona-politechnika\/wp-content\/uploads\/sites\/106\/2023\/07\/projekt-studencki-zielone-tereny-1-1024x683.jpg\" alt=\"wizualizacja strefy chilloutowej na PB\" width=\"1024\" height=\"683\" srcset=\"https:\/\/pb.edu.pl\/moja-zielona-politechnika\/wp-content\/uploads\/sites\/106\/2023\/07\/projekt-studencki-zielone-tereny-1-1024x683.jpg 1024w, https:\/\/pb.edu.pl\/moja-zielona-politechnika\/wp-content\/uploads\/sites\/106\/2023\/07\/projekt-studencki-zielone-tereny-1-300x200.jpg 300w, https:\/\/pb.edu.pl\/moja-zielona-politechnika\/wp-content\/uploads\/sites\/106\/2023\/07\/projekt-studencki-zielone-tereny-1-768x512.jpg 768w, https:\/\/pb.edu.pl\/moja-zielona-politechnika\/wp-content\/uploads\/sites\/106\/2023\/07\/projekt-studencki-zielone-tereny-1-480x320.jpg 480w, https:\/\/pb.edu.pl\/moja-zielona-politechnika\/wp-content\/uploads\/sites\/106\/2023\/07\/projekt-studencki-zielone-tereny-1.jpg 1200w\" sizes=\"auto, (max-width: 1024px) 100vw, 1024px\" \/><\/div>\n<div class=\"col-md-3\"><img loading=\"lazy\" decoding=\"async\" class=\" wp-image-2005 size-large\" src=\"https:\/\/pb.edu.pl\/moja-zielona-politechnika\/wp-content\/uploads\/sites\/106\/2023\/07\/IMG_2735-1024x683.jpg\" alt=\"stojak na rowery na kampusie PB\" width=\"1024\" height=\"683\" srcset=\"https:\/\/pb.edu.pl\/moja-zielona-politechnika\/wp-content\/uploads\/sites\/106\/2023\/07\/IMG_2735-1024x683.jpg 1024w, https:\/\/pb.edu.pl\/moja-zielona-politechnika\/wp-content\/uploads\/sites\/106\/2023\/07\/IMG_2735-300x200.jpg 300w, https:\/\/pb.edu.pl\/moja-zielona-politechnika\/wp-content\/uploads\/sites\/106\/2023\/07\/IMG_2735-768x512.jpg 768w, https:\/\/pb.edu.pl\/moja-zielona-politechnika\/wp-content\/uploads\/sites\/106\/2023\/07\/IMG_2735-1536x1024.jpg 1536w, https:\/\/pb.edu.pl\/moja-zielona-politechnika\/wp-content\/uploads\/sites\/106\/2023\/07\/IMG_2735-2048x1365.jpg 2048w, https:\/\/pb.edu.pl\/moja-zielona-politechnika\/wp-content\/uploads\/sites\/106\/2023\/07\/IMG_2735-480x320.jpg 480w\" sizes=\"auto, (max-width: 1024px) 100vw, 1024px\" \/><\/div>\n<div class=\"col-md-3\"><img loading=\"lazy\" decoding=\"async\" class=\" wp-image-2007 size-large\" src=\"https:\/\/pb.edu.pl\/moja-zielona-politechnika\/wp-content\/uploads\/sites\/106\/2023\/07\/IMG_2724-1024x683.jpg\" alt=\"retencjonowanie wody na kampusie PB\" width=\"1024\" height=\"683\" srcset=\"https:\/\/pb.edu.pl\/moja-zielona-politechnika\/wp-content\/uploads\/sites\/106\/2023\/07\/IMG_2724-1024x683.jpg 1024w, https:\/\/pb.edu.pl\/moja-zielona-politechnika\/wp-content\/uploads\/sites\/106\/2023\/07\/IMG_2724-300x200.jpg 300w, https:\/\/pb.edu.pl\/moja-zielona-politechnika\/wp-content\/uploads\/sites\/106\/2023\/07\/IMG_2724-768x512.jpg 768w, https:\/\/pb.edu.pl\/moja-zielona-politechnika\/wp-content\/uploads\/sites\/106\/2023\/07\/IMG_2724-1536x1024.jpg 1536w, https:\/\/pb.edu.pl\/moja-zielona-politechnika\/wp-content\/uploads\/sites\/106\/2023\/07\/IMG_2724-2048x1365.jpg 2048w, https:\/\/pb.edu.pl\/moja-zielona-politechnika\/wp-content\/uploads\/sites\/106\/2023\/07\/IMG_2724-480x320.jpg 480w\" sizes=\"auto, (max-width: 1024px) 100vw, 1024px\" \/><\/div>\n<\/div>\n<\/div>\n<\/div><a class=\"left carousel-control\"  href=\"#custom-carousel-0\" data-slide=\"prev\"><span class=\"glyphicon glyphicon-chevron-left\"><\/span><\/a><a class=\"right carousel-control\" href=\"#custom-carousel-0\" data-slide=\"next\"><span class=\"glyphicon glyphicon-chevron-right\"><\/span><\/a><\/div>\n","protected":false},"excerpt":{"rendered":"<p>&nbsp; W ramach \u201eStrategii rozwoju Politechniki Bia\u0142ostockiej na lata 2021-2024 z perspektyw\u0105 przed\u0142u\u017cenia do 2030<\/p>\n","protected":false},"author":2,"featured_media":0,"parent":0,"menu_order":0,"comment_status":"closed","ping_status":"closed","template":"","meta":{"_acf_changed":false,"ngg_post_thumbnail":0,"footnotes":""},"class_list":["post-18","page","type-page","status-publish","hentry"],"acf":[],"_links":{"self":[{"href":"https:\/\/pb.edu.pl\/moja-zielona-politechnika\/wp-json\/wp\/v2\/pages\/18","targetHints":{"allow":["GET"]}}],"collection":[{"href":"https:\/\/pb.edu.pl\/moja-zielona-politechnika\/wp-json\/wp\/v2\/pages"}],"about":[{"href":"https:\/\/pb.edu.pl\/moja-zielona-politechnika\/wp-json\/wp\/v2\/types\/page"}],"author":[{"embeddable":true,"href":"https:\/\/pb.edu.pl\/moja-zielona-politechnika\/wp-json\/wp\/v2\/users\/2"}],"replies":[{"embeddable":true,"href":"https:\/\/pb.edu.pl\/moja-zielona-politechnika\/wp-json\/wp\/v2\/comments?post=18"}],"version-history":[{"count":5,"href":"https:\/\/pb.edu.pl\/moja-zielona-politechnika\/wp-json\/wp\/v2\/pages\/18\/revisions"}],"predecessor-version":[{"id":4005,"href":"https:\/\/pb.edu.pl\/moja-zielona-politechnika\/wp-json\/wp\/v2\/pages\/18\/revisions\/4005"}],"wp:attachment":[{"href":"https:\/\/pb.edu.pl\/moja-zielona-politechnika\/wp-json\/wp\/v2\/media?parent=18"}],"curies":[{"name":"wp","href":"https:\/\/api.w.org\/{rel}","templated":true}]}}