{"id":1064,"date":"2023-04-24T23:13:14","date_gmt":"2023-04-24T21:13:14","guid":{"rendered":"https:\/\/pb.edu.pl\/moja-zielona-politechnika\/?page_id=1064"},"modified":"2023-04-24T23:13:14","modified_gmt":"2023-04-24T21:13:14","slug":"aktualnosci","status":"publish","type":"page","link":"https:\/\/pb.edu.pl\/moja-zielona-politechnika\/aktualnosci\/","title":{"rendered":"Aktualno\u015bci"},"content":{"rendered":"\t\t<div class=\"box news-box \">\n\t\t<div class=\"row\">\n\t\t\t\n\t\t\t\n\t\t\t\t\n\t\t\t\t\t\t\t\t\t\t<div class=\"col-sm-3\">\n\t\t\t\t\t\t\t\n<article class=\"format-standard\">\n    <span class=\"date text-right\"><i class=\"fal fa-calendar-alt\"><\/i> 23-02-2026<\/span>\n    <a href=\"https:\/\/pb.edu.pl\/moja-zielona-politechnika\/cargore-elektryczny-rower-cargo-o-zwiekszonej-ladownosci-i-modularnej-konstrukcji\/\">\n      <div class=\"article-image\">\n        <img loading=\"lazy\" decoding=\"async\" width=\"480\" height=\"300\" src=\"https:\/\/pb.edu.pl\/moja-zielona-politechnika\/wp-content\/uploads\/sites\/106\/2026\/03\/2026-01-30-Rower-Cargore-fot-Dariusz-Piekut-PB-5-1024x640-1-480x300.jpg\" class=\"attachment-medium-image-16x10 size-medium-image-16x10 wp-post-image\" alt=\"\" srcset=\"https:\/\/pb.edu.pl\/moja-zielona-politechnika\/wp-content\/uploads\/sites\/106\/2026\/03\/2026-01-30-Rower-Cargore-fot-Dariusz-Piekut-PB-5-1024x640-1-480x300.jpg 480w, https:\/\/pb.edu.pl\/moja-zielona-politechnika\/wp-content\/uploads\/sites\/106\/2026\/03\/2026-01-30-Rower-Cargore-fot-Dariusz-Piekut-PB-5-1024x640-1-300x188.jpg 300w, https:\/\/pb.edu.pl\/moja-zielona-politechnika\/wp-content\/uploads\/sites\/106\/2026\/03\/2026-01-30-Rower-Cargore-fot-Dariusz-Piekut-PB-5-1024x640-1-768x480.jpg 768w, https:\/\/pb.edu.pl\/moja-zielona-politechnika\/wp-content\/uploads\/sites\/106\/2026\/03\/2026-01-30-Rower-Cargore-fot-Dariusz-Piekut-PB-5-1024x640-1.jpg 1024w\" sizes=\"auto, (max-width: 480px) 100vw, 480px\" \/>      <\/div>\n      <h3>Cargore \u2013 elektryczny rower cargo o zwi\u0119kszonej \u0142adowno\u015bci i modularnej konstrukcji<\/h3>\n      Zaprojektowany przez naukowc\u00f3w z Politechniki Bia\u0142ostockiej dla sp\u00f3\u0142ki Cargore    <\/a>\n<\/article>\t\t\t\t\t\t<\/div>\n\t\t\t\t\t\t\t\t\t\t\t<div class=\"col-sm-3\">\n\t\t\t\t\t\t\t\n<article class=\"format-standard\">\n    <span class=\"date text-right\"><i class=\"fal fa-calendar-alt\"><\/i> 20-02-2026<\/span>\n    <a href=\"https:\/\/pb.edu.pl\/moja-zielona-politechnika\/wydzial-mechaniczny-politechniki-bialostockiej-organizuje-kurs-bip-z-uczelniami-across\/\">\n      <div class=\"article-image\">\n        <img loading=\"lazy\" decoding=\"async\" width=\"480\" height=\"300\" src=\"https:\/\/pb.edu.pl\/moja-zielona-politechnika\/wp-content\/uploads\/sites\/106\/2026\/03\/BIP-SmartHome-and-FluidSim-POSTER-724x1024-1-e1773663334536-480x300.jpg\" class=\"attachment-medium-image-16x10 size-medium-image-16x10 wp-post-image\" alt=\"\" \/>      <\/div>\n      <h3>Wydzia\u0142 Mechaniczny Politechniki Bia\u0142ostockiej organizuje kurs BIP z uczelniami Across<\/h3>\n      w ramach programu Erasmus+    <\/a>\n<\/article>\t\t\t\t\t\t<\/div>\n\t\t\t\t\t\t\t\t\t\t\t<div class=\"col-sm-3\">\n\t\t\t\t\t\t\t\n<article class=\"format-standard\">\n    <span class=\"date text-right\"><i class=\"fal fa-calendar-alt\"><\/i> 03-02-2026<\/span>\n    <a href=\"https:\/\/pb.edu.pl\/moja-zielona-politechnika\/projekt-politechniki-bialostockiej-wsrod-zwyciezcow-konkursu-eig-concert-japan\/\">\n      <div class=\"article-image\">\n        <img loading=\"lazy\" decoding=\"async\" width=\"480\" height=\"300\" src=\"https:\/\/pb.edu.pl\/moja-zielona-politechnika\/wp-content\/uploads\/sites\/106\/2026\/03\/2026-02-blue-green-www-1024x640-1-480x300.jpg\" class=\"attachment-medium-image-16x10 size-medium-image-16x10 wp-post-image\" alt=\"\" srcset=\"https:\/\/pb.edu.pl\/moja-zielona-politechnika\/wp-content\/uploads\/sites\/106\/2026\/03\/2026-02-blue-green-www-1024x640-1-480x300.jpg 480w, https:\/\/pb.edu.pl\/moja-zielona-politechnika\/wp-content\/uploads\/sites\/106\/2026\/03\/2026-02-blue-green-www-1024x640-1-300x188.jpg 300w, https:\/\/pb.edu.pl\/moja-zielona-politechnika\/wp-content\/uploads\/sites\/106\/2026\/03\/2026-02-blue-green-www-1024x640-1-768x480.jpg 768w, https:\/\/pb.edu.pl\/moja-zielona-politechnika\/wp-content\/uploads\/sites\/106\/2026\/03\/2026-02-blue-green-www-1024x640-1.jpg 1024w\" sizes=\"auto, (max-width: 480px) 100vw, 480px\" \/>      <\/div>\n      <h3>Projekt Politechniki Bia\u0142ostockiej w\u015br\u00f3d zwyci\u0119zc\u00f3w konkursu EIG CONCERT-Japan<\/h3>\n      Politechnika Bia\u0142ostocka zosta\u0142a kluczowym partnerem w jednym z sze\u015bciu projekt\u00f3w    <\/a>\n<\/article>\t\t\t\t\t\t<\/div>\n\t\t\t\t\t\t\t\t\t\t\t<div class=\"col-sm-3\">\n\t\t\t\t\t\t\t\n<article class=\"format-standard\">\n    <span class=\"date text-right\"><i class=\"fal fa-calendar-alt\"><\/i> 26-01-2026<\/span>\n    <a href=\"https:\/\/pb.edu.pl\/moja-zielona-politechnika\/patent-na-testowanie-wtryskiwaczy-paliw-lpg-i-wodorowych-dla-politechniki-bialostockiej\/\">\n      <div class=\"article-image\">\n        <img loading=\"lazy\" decoding=\"async\" width=\"480\" height=\"300\" src=\"https:\/\/pb.edu.pl\/moja-zielona-politechnika\/wp-content\/uploads\/sites\/106\/2026\/03\/2026-01-26-mamy-patent-szpica-www-1024x640-1-480x300.jpg\" class=\"attachment-medium-image-16x10 size-medium-image-16x10 wp-post-image\" alt=\"\" srcset=\"https:\/\/pb.edu.pl\/moja-zielona-politechnika\/wp-content\/uploads\/sites\/106\/2026\/03\/2026-01-26-mamy-patent-szpica-www-1024x640-1-480x300.jpg 480w, https:\/\/pb.edu.pl\/moja-zielona-politechnika\/wp-content\/uploads\/sites\/106\/2026\/03\/2026-01-26-mamy-patent-szpica-www-1024x640-1-300x188.jpg 300w, https:\/\/pb.edu.pl\/moja-zielona-politechnika\/wp-content\/uploads\/sites\/106\/2026\/03\/2026-01-26-mamy-patent-szpica-www-1024x640-1-768x480.jpg 768w, https:\/\/pb.edu.pl\/moja-zielona-politechnika\/wp-content\/uploads\/sites\/106\/2026\/03\/2026-01-26-mamy-patent-szpica-www-1024x640-1.jpg 1024w\" sizes=\"auto, (max-width: 480px) 100vw, 480px\" \/>      <\/div>\n      <h3>Patent na testowanie wtryskiwaczy paliw LPG i wodorowych dla Politechniki Bia\u0142ostockiej<\/h3>\n      Patent przyzna\u0142 ju\u017c w\u0142oski urz\u0105d patentowy    <\/a>\n<\/article>\t\t\t\t\t\t<\/div>\n\t\t\t\t\t\t\t\t\t\t\t<div class=\"col-sm-3\">\n\t\t\t\t\t\t\t\n<article class=\"format-standard\">\n    <span class=\"date text-right\"><i class=\"fal fa-calendar-alt\"><\/i> 12-01-2026<\/span>\n    <a href=\"https:\/\/pb.edu.pl\/moja-zielona-politechnika\/ekoskora-studenci-z-kola-naukowego-rolka-z-politechniki-bialostockiej-opracowali-innowacyjny-material\/\">\n      <div class=\"article-image\">\n        <img loading=\"lazy\" decoding=\"async\" width=\"480\" height=\"300\" src=\"https:\/\/pb.edu.pl\/moja-zielona-politechnika\/wp-content\/uploads\/sites\/106\/2026\/03\/2025-12-18-Kolo-naukowe-Rolka-fot-Dariusz-Piekut-PB-44-1024x683-1-480x300.jpg\" class=\"attachment-medium-image-16x10 size-medium-image-16x10 wp-post-image\" alt=\"\" \/>      <\/div>\n      <h3>Ekosk\u00f3ra! Studenci z Ko\u0142a Naukowego \u201eRolka\u201d z Politechniki Bia\u0142ostockiej opracowali innowacyjny materia\u0142!<\/h3>\n      W przysz\u0142o\u015bci mo\u017ce stanowi\u0107 alternatyw\u0119 dla sk\u00f3ry naturalnej i syntetycznej    <\/a>\n<\/article>\t\t\t\t\t\t<\/div>\n\t\t\t\t\t\t\t\t\t\t\t<div class=\"col-sm-3\">\n\t\t\t\t\t\t\t\n<article class=\"format-standard\">\n    <span class=\"date text-right\"><i class=\"fal fa-calendar-alt\"><\/i> 29-12-2025<\/span>\n    <a href=\"https:\/\/pb.edu.pl\/moja-zielona-politechnika\/edukacja-menedzerska-w-duchu-permakultury\/\">\n      <div class=\"article-image\">\n        <img loading=\"lazy\" decoding=\"async\" width=\"480\" height=\"300\" src=\"https:\/\/pb.edu.pl\/moja-zielona-politechnika\/wp-content\/uploads\/sites\/106\/2026\/01\/2025-12-permaLABS-www-2048x1280-1-480x300.jpg\" class=\"attachment-medium-image-16x10 size-medium-image-16x10 wp-post-image\" alt=\"\" srcset=\"https:\/\/pb.edu.pl\/moja-zielona-politechnika\/wp-content\/uploads\/sites\/106\/2026\/01\/2025-12-permaLABS-www-2048x1280-1-480x300.jpg 480w, https:\/\/pb.edu.pl\/moja-zielona-politechnika\/wp-content\/uploads\/sites\/106\/2026\/01\/2025-12-permaLABS-www-2048x1280-1-300x188.jpg 300w, https:\/\/pb.edu.pl\/moja-zielona-politechnika\/wp-content\/uploads\/sites\/106\/2026\/01\/2025-12-permaLABS-www-2048x1280-1-1024x640.jpg 1024w, https:\/\/pb.edu.pl\/moja-zielona-politechnika\/wp-content\/uploads\/sites\/106\/2026\/01\/2025-12-permaLABS-www-2048x1280-1-768x480.jpg 768w, https:\/\/pb.edu.pl\/moja-zielona-politechnika\/wp-content\/uploads\/sites\/106\/2026\/01\/2025-12-permaLABS-www-2048x1280-1-1536x960.jpg 1536w, https:\/\/pb.edu.pl\/moja-zielona-politechnika\/wp-content\/uploads\/sites\/106\/2026\/01\/2025-12-permaLABS-www-2048x1280-1.jpg 2048w\" sizes=\"auto, (max-width: 480px) 100vw, 480px\" \/>      <\/div>\n      <h3>Edukacja mened\u017cerska w duchu permakultury<\/h3>\n       Innowacyjne narz\u0119dzia w projekcie PermaLABS    <\/a>\n<\/article>\t\t\t\t\t\t<\/div>\n\t\t\t\t\t\t\t\t\t\t\t<div class=\"col-sm-3\">\n\t\t\t\t\t\t\t\n<article class=\"format-standard\">\n    <span class=\"date text-right\"><i class=\"fal fa-calendar-alt\"><\/i> 12-12-2025<\/span>\n    <a href=\"https:\/\/pb.edu.pl\/moja-zielona-politechnika\/cadmd-2025-politechnika-bialostocka-gospodarzem-miedzynarodowej-konferencji\/\">\n      <div class=\"article-image\">\n        <img loading=\"lazy\" decoding=\"async\" width=\"480\" height=\"300\" src=\"https:\/\/pb.edu.pl\/moja-zielona-politechnika\/wp-content\/uploads\/sites\/106\/2026\/01\/2025-12-11-WE-CADMD-fot-Iryna-Mikhno-PB-1-2048x1280-1-480x300.jpg\" class=\"attachment-medium-image-16x10 size-medium-image-16x10 wp-post-image\" alt=\"\" srcset=\"https:\/\/pb.edu.pl\/moja-zielona-politechnika\/wp-content\/uploads\/sites\/106\/2026\/01\/2025-12-11-WE-CADMD-fot-Iryna-Mikhno-PB-1-2048x1280-1-480x300.jpg 480w, https:\/\/pb.edu.pl\/moja-zielona-politechnika\/wp-content\/uploads\/sites\/106\/2026\/01\/2025-12-11-WE-CADMD-fot-Iryna-Mikhno-PB-1-2048x1280-1-300x188.jpg 300w, https:\/\/pb.edu.pl\/moja-zielona-politechnika\/wp-content\/uploads\/sites\/106\/2026\/01\/2025-12-11-WE-CADMD-fot-Iryna-Mikhno-PB-1-2048x1280-1-1024x640.jpg 1024w, https:\/\/pb.edu.pl\/moja-zielona-politechnika\/wp-content\/uploads\/sites\/106\/2026\/01\/2025-12-11-WE-CADMD-fot-Iryna-Mikhno-PB-1-2048x1280-1-768x480.jpg 768w, https:\/\/pb.edu.pl\/moja-zielona-politechnika\/wp-content\/uploads\/sites\/106\/2026\/01\/2025-12-11-WE-CADMD-fot-Iryna-Mikhno-PB-1-2048x1280-1-1536x960.jpg 1536w, https:\/\/pb.edu.pl\/moja-zielona-politechnika\/wp-content\/uploads\/sites\/106\/2026\/01\/2025-12-11-WE-CADMD-fot-Iryna-Mikhno-PB-1-2048x1280-1.jpg 2048w\" sizes=\"auto, (max-width: 480px) 100vw, 480px\" \/>      <\/div>\n      <h3>CADMD 2025 \u2013 Politechnika Bia\u0142ostocka gospodarzem mi\u0119dzynarodowej konferencji<\/h3>\n      CADMD 2025 zgromadzi\u0142a naukowc\u00f3w z Europy    <\/a>\n<\/article>\t\t\t\t\t\t<\/div>\n\t\t\t\t\t\t\t\t\t\t\t<div class=\"col-sm-3\">\n\t\t\t\t\t\t\t\n<article class=\"format-standard\">\n    <span class=\"date text-right\"><i class=\"fal fa-calendar-alt\"><\/i> 11-12-2025<\/span>\n    <a href=\"https:\/\/pb.edu.pl\/moja-zielona-politechnika\/seminarium-dydaktyczne-na-wydziale-budownictwa-i-nauk-o-srodowisku\/\">\n      <div class=\"article-image\">\n        <img loading=\"lazy\" decoding=\"async\" width=\"480\" height=\"300\" src=\"https:\/\/pb.edu.pl\/moja-zielona-politechnika\/wp-content\/uploads\/sites\/106\/2026\/01\/2025-12-10-Seminarium-Dydaktyczne-fot-Iryna-Mikhno-PB-40-2048x1280-1-480x300.jpg\" class=\"attachment-medium-image-16x10 size-medium-image-16x10 wp-post-image\" alt=\"\" srcset=\"https:\/\/pb.edu.pl\/moja-zielona-politechnika\/wp-content\/uploads\/sites\/106\/2026\/01\/2025-12-10-Seminarium-Dydaktyczne-fot-Iryna-Mikhno-PB-40-2048x1280-1-480x300.jpg 480w, https:\/\/pb.edu.pl\/moja-zielona-politechnika\/wp-content\/uploads\/sites\/106\/2026\/01\/2025-12-10-Seminarium-Dydaktyczne-fot-Iryna-Mikhno-PB-40-2048x1280-1-300x188.jpg 300w, https:\/\/pb.edu.pl\/moja-zielona-politechnika\/wp-content\/uploads\/sites\/106\/2026\/01\/2025-12-10-Seminarium-Dydaktyczne-fot-Iryna-Mikhno-PB-40-2048x1280-1-1024x640.jpg 1024w, https:\/\/pb.edu.pl\/moja-zielona-politechnika\/wp-content\/uploads\/sites\/106\/2026\/01\/2025-12-10-Seminarium-Dydaktyczne-fot-Iryna-Mikhno-PB-40-2048x1280-1-768x480.jpg 768w, https:\/\/pb.edu.pl\/moja-zielona-politechnika\/wp-content\/uploads\/sites\/106\/2026\/01\/2025-12-10-Seminarium-Dydaktyczne-fot-Iryna-Mikhno-PB-40-2048x1280-1-1536x960.jpg 1536w, https:\/\/pb.edu.pl\/moja-zielona-politechnika\/wp-content\/uploads\/sites\/106\/2026\/01\/2025-12-10-Seminarium-Dydaktyczne-fot-Iryna-Mikhno-PB-40-2048x1280-1.jpg 2048w\" sizes=\"auto, (max-width: 480px) 100vw, 480px\" \/>      <\/div>\n      <h3>Seminarium dydaktyczne na WBiN\u015a<\/h3>\n      W spotkaniu \u201eZr\u00f3wnowa\u017cony rozw\u00f3j w dziedzinach in\u017cynierskich\u201d udzia\u0142 wzi\u0119li specjali\u015bci    <\/a>\n<\/article>\t\t\t\t\t\t<\/div>\n\t\t\t\t\t\t\t\t\t\t\t<div class=\"col-sm-3\">\n\t\t\t\t\t\t\t\n<article class=\"format-standard\">\n    <span class=\"date text-right\"><i class=\"fal fa-calendar-alt\"><\/i> 09-12-2025<\/span>\n    <a href=\"https:\/\/pb.edu.pl\/moja-zielona-politechnika\/politechnika-bialostocka-wsrod-liderow-zrownowazonego-rozwoju\/\">\n      <div class=\"article-image\">\n        <img loading=\"lazy\" decoding=\"async\" width=\"480\" height=\"300\" src=\"https:\/\/pb.edu.pl\/moja-zielona-politechnika\/wp-content\/uploads\/sites\/106\/2026\/01\/2025_12_UI_green_metric_www-1080x675-B-480x300.jpg\" class=\"attachment-medium-image-16x10 size-medium-image-16x10 wp-post-image\" alt=\"\" srcset=\"https:\/\/pb.edu.pl\/moja-zielona-politechnika\/wp-content\/uploads\/sites\/106\/2026\/01\/2025_12_UI_green_metric_www-1080x675-B-480x300.jpg 480w, https:\/\/pb.edu.pl\/moja-zielona-politechnika\/wp-content\/uploads\/sites\/106\/2026\/01\/2025_12_UI_green_metric_www-1080x675-B-300x188.jpg 300w, https:\/\/pb.edu.pl\/moja-zielona-politechnika\/wp-content\/uploads\/sites\/106\/2026\/01\/2025_12_UI_green_metric_www-1080x675-B-1024x640.jpg 1024w, https:\/\/pb.edu.pl\/moja-zielona-politechnika\/wp-content\/uploads\/sites\/106\/2026\/01\/2025_12_UI_green_metric_www-1080x675-B-768x480.jpg 768w, https:\/\/pb.edu.pl\/moja-zielona-politechnika\/wp-content\/uploads\/sites\/106\/2026\/01\/2025_12_UI_green_metric_www-1080x675-B.jpg 1080w\" sizes=\"auto, (max-width: 480px) 100vw, 480px\" \/>      <\/div>\n      <h3>Politechnika Bia\u0142ostocka w\u015br\u00f3d lider\u00f3w zr\u00f3wnowa\u017conego rozwoju.<\/h3>\n      Znacz\u0105cy awans w UI GreenMetric 2025!    <\/a>\n<\/article>\t\t\t\t\t\t<\/div>\n\t\t\t\t\t\t\t\t\t\t\t<div class=\"col-sm-3\">\n\t\t\t\t\t\t\t\n<article class=\"format-standard\">\n    <span class=\"date text-right\"><i class=\"fal fa-calendar-alt\"><\/i> 05-12-2025<\/span>\n    <a href=\"https:\/\/pb.edu.pl\/moja-zielona-politechnika\/11-miedzynarodowa-konferencja-amcm-2025\/\">\n      <div class=\"article-image\">\n        <img loading=\"lazy\" decoding=\"async\" width=\"480\" height=\"300\" src=\"https:\/\/pb.edu.pl\/moja-zielona-politechnika\/wp-content\/uploads\/sites\/106\/2026\/01\/2025-03-13-AMCM-fot.P-Jankowski_23-480x300.jpg\" class=\"attachment-medium-image-16x10 size-medium-image-16x10 wp-post-image\" alt=\"\" srcset=\"https:\/\/pb.edu.pl\/moja-zielona-politechnika\/wp-content\/uploads\/sites\/106\/2026\/01\/2025-03-13-AMCM-fot.P-Jankowski_23-480x300.jpg 480w, https:\/\/pb.edu.pl\/moja-zielona-politechnika\/wp-content\/uploads\/sites\/106\/2026\/01\/2025-03-13-AMCM-fot.P-Jankowski_23-300x188.jpg 300w, https:\/\/pb.edu.pl\/moja-zielona-politechnika\/wp-content\/uploads\/sites\/106\/2026\/01\/2025-03-13-AMCM-fot.P-Jankowski_23-1024x640.jpg 1024w, https:\/\/pb.edu.pl\/moja-zielona-politechnika\/wp-content\/uploads\/sites\/106\/2026\/01\/2025-03-13-AMCM-fot.P-Jankowski_23-768x480.jpg 768w, https:\/\/pb.edu.pl\/moja-zielona-politechnika\/wp-content\/uploads\/sites\/106\/2026\/01\/2025-03-13-AMCM-fot.P-Jankowski_23-1536x960.jpg 1536w, https:\/\/pb.edu.pl\/moja-zielona-politechnika\/wp-content\/uploads\/sites\/106\/2026\/01\/2025-03-13-AMCM-fot.P-Jankowski_23.jpg 1600w\" sizes=\"auto, (max-width: 480px) 100vw, 480px\" \/>      <\/div>\n      <h3>11. Mi\u0119dzynarodowa Konferencja AMCM 2025<\/h3>\n      O przysz\u0142o\u015bci budownictwa w Politechnice Bia\u0142ostockiej: dekarbonizacja, automatyzacja produkcji oraz zr\u00f3wnowa\u017cony    <\/a>\n<\/article>\t\t\t\t\t\t<\/div>\n\t\t\t\t\t\t\t\t\t\t\t<div class=\"col-sm-3\">\n\t\t\t\t\t\t\t\n<article class=\"format-standard\">\n    <span class=\"date text-right\"><i class=\"fal fa-calendar-alt\"><\/i> 03-12-2025<\/span>\n    <a href=\"https:\/\/pb.edu.pl\/moja-zielona-politechnika\/wiadro-z-lupin-pestek-slonecznika-albo-tataraku\/\">\n      <div class=\"article-image\">\n        <img loading=\"lazy\" decoding=\"async\" width=\"480\" height=\"300\" src=\"https:\/\/pb.edu.pl\/moja-zielona-politechnika\/wp-content\/uploads\/sites\/106\/2026\/01\/2025-11-24-WM-prof.-Jablrzykowski-fot-Iryna-Mikhno-PB-1-2048x1280-1-480x300.jpg\" class=\"attachment-medium-image-16x10 size-medium-image-16x10 wp-post-image\" alt=\"\" srcset=\"https:\/\/pb.edu.pl\/moja-zielona-politechnika\/wp-content\/uploads\/sites\/106\/2026\/01\/2025-11-24-WM-prof.-Jablrzykowski-fot-Iryna-Mikhno-PB-1-2048x1280-1-480x300.jpg 480w, https:\/\/pb.edu.pl\/moja-zielona-politechnika\/wp-content\/uploads\/sites\/106\/2026\/01\/2025-11-24-WM-prof.-Jablrzykowski-fot-Iryna-Mikhno-PB-1-2048x1280-1-300x188.jpg 300w, https:\/\/pb.edu.pl\/moja-zielona-politechnika\/wp-content\/uploads\/sites\/106\/2026\/01\/2025-11-24-WM-prof.-Jablrzykowski-fot-Iryna-Mikhno-PB-1-2048x1280-1-1024x640.jpg 1024w, https:\/\/pb.edu.pl\/moja-zielona-politechnika\/wp-content\/uploads\/sites\/106\/2026\/01\/2025-11-24-WM-prof.-Jablrzykowski-fot-Iryna-Mikhno-PB-1-2048x1280-1-768x480.jpg 768w, https:\/\/pb.edu.pl\/moja-zielona-politechnika\/wp-content\/uploads\/sites\/106\/2026\/01\/2025-11-24-WM-prof.-Jablrzykowski-fot-Iryna-Mikhno-PB-1-2048x1280-1-1536x960.jpg 1536w, https:\/\/pb.edu.pl\/moja-zielona-politechnika\/wp-content\/uploads\/sites\/106\/2026\/01\/2025-11-24-WM-prof.-Jablrzykowski-fot-Iryna-Mikhno-PB-1-2048x1280-1.jpg 2048w\" sizes=\"auto, (max-width: 480px) 100vw, 480px\" \/>      <\/div>\n      <h3>Wiadro z \u0142upin pestek s\u0142onecznika albo tataraku?<\/h3>\n      Politechnika Bia\u0142ostocka bada biodegradowalne materia\u0142y nowej ery    <\/a>\n<\/article>\t\t\t\t\t\t<\/div>\n\t\t\t\t\t\t\t\t\t\t\t<div class=\"col-sm-3\">\n\t\t\t\t\t\t\t\n<article class=\"format-standard\">\n    <span class=\"date text-right\"><i class=\"fal fa-calendar-alt\"><\/i> 03-12-2025<\/span>\n    <a href=\"https:\/\/pb.edu.pl\/moja-zielona-politechnika\/mamy-patent\/\">\n      <div class=\"article-image\">\n        <img loading=\"lazy\" decoding=\"async\" width=\"480\" height=\"300\" src=\"https:\/\/pb.edu.pl\/moja-zielona-politechnika\/wp-content\/uploads\/sites\/106\/2026\/01\/2025-11-26-mamy-patent-boltryk-post-www-480x300.jpg\" class=\"attachment-medium-image-16x10 size-medium-image-16x10 wp-post-image\" alt=\"\" srcset=\"https:\/\/pb.edu.pl\/moja-zielona-politechnika\/wp-content\/uploads\/sites\/106\/2026\/01\/2025-11-26-mamy-patent-boltryk-post-www-480x300.jpg 480w, https:\/\/pb.edu.pl\/moja-zielona-politechnika\/wp-content\/uploads\/sites\/106\/2026\/01\/2025-11-26-mamy-patent-boltryk-post-www-300x188.jpg 300w, https:\/\/pb.edu.pl\/moja-zielona-politechnika\/wp-content\/uploads\/sites\/106\/2026\/01\/2025-11-26-mamy-patent-boltryk-post-www-1024x640.jpg 1024w, https:\/\/pb.edu.pl\/moja-zielona-politechnika\/wp-content\/uploads\/sites\/106\/2026\/01\/2025-11-26-mamy-patent-boltryk-post-www-768x480.jpg 768w, https:\/\/pb.edu.pl\/moja-zielona-politechnika\/wp-content\/uploads\/sites\/106\/2026\/01\/2025-11-26-mamy-patent-boltryk-post-www.jpg 1080w\" sizes=\"auto, (max-width: 480px) 100vw, 480px\" \/>      <\/div>\n      <h3>Mamy patent!<\/h3>\n      Politechnika Bia\u0142ostocka ma patent na nowe nawierzchnie drogowe z warstw\u0105 z    <\/a>\n<\/article>\t\t\t\t\t\t<\/div>\n\t\t\t\t\t\n\t\t\t\t\n\t\t\t\t\t<\/div>\n\t\t\n\t<nav class=\"navigation pagination\" aria-label=\"Stronicowanie wpis\u00f3w\">\n\t\t<h2 class=\"screen-reader-text\">Stronicowanie wpis\u00f3w<\/h2>\n\t\t<div class=\"nav-links\"><span aria-current=\"page\" class=\"page-numbers current\">1<\/span>\n<a class=\"page-numbers\" href=\"https:\/\/pb.edu.pl\/moja-zielona-politechnika\/wp-json\/wp\/v2\/pages\/1064\/page\/2\/\">2<\/a>\n<a class=\"page-numbers\" href=\"https:\/\/pb.edu.pl\/moja-zielona-politechnika\/wp-json\/wp\/v2\/pages\/1064\/page\/3\/\">3<\/a>\n<span class=\"page-numbers dots\">&hellip;<\/span>\n<a class=\"page-numbers\" href=\"https:\/\/pb.edu.pl\/moja-zielona-politechnika\/wp-json\/wp\/v2\/pages\/1064\/page\/18\/\">18<\/a>\n<a class=\"next page-numbers\" href=\"https:\/\/pb.edu.pl\/moja-zielona-politechnika\/wp-json\/wp\/v2\/pages\/1064\/page\/2\/\">Nast\u0119pne<\/a><\/div>\n\t<\/nav>\t\t\t<\/div>\n\n","protected":false},"excerpt":{"rendered":"","protected":false},"author":2,"featured_media":0,"parent":0,"menu_order":0,"comment_status":"closed","ping_status":"closed","template":"","meta":{"_acf_changed":false,"ngg_post_thumbnail":0,"footnotes":""},"class_list":["post-1064","page","type-page","status-publish","hentry"],"acf":[],"_links":{"self":[{"href":"https:\/\/pb.edu.pl\/moja-zielona-politechnika\/wp-json\/wp\/v2\/pages\/1064","targetHints":{"allow":["GET"]}}],"collection":[{"href":"https:\/\/pb.edu.pl\/moja-zielona-politechnika\/wp-json\/wp\/v2\/pages"}],"about":[{"href":"https:\/\/pb.edu.pl\/moja-zielona-politechnika\/wp-json\/wp\/v2\/types\/page"}],"author":[{"embeddable":true,"href":"https:\/\/pb.edu.pl\/moja-zielona-politechnika\/wp-json\/wp\/v2\/users\/2"}],"replies":[{"embeddable":true,"href":"https:\/\/pb.edu.pl\/moja-zielona-politechnika\/wp-json\/wp\/v2\/comments?post=1064"}],"version-history":[{"count":0,"href":"https:\/\/pb.edu.pl\/moja-zielona-politechnika\/wp-json\/wp\/v2\/pages\/1064\/revisions"}],"wp:attachment":[{"href":"https:\/\/pb.edu.pl\/moja-zielona-politechnika\/wp-json\/wp\/v2\/media?parent=1064"}],"curies":[{"name":"wp","href":"https:\/\/api.w.org\/{rel}","templated":true}]}}