{"id":961,"date":"2022-02-15T13:01:17","date_gmt":"2022-02-15T12:01:17","guid":{"rendered":"https:\/\/pb.edu.pl\/mint\/?page_id=961"},"modified":"2026-04-12T01:22:57","modified_gmt":"2026-04-11T23:22:57","slug":"de","status":"publish","type":"page","link":"https:\/\/pb.edu.pl\/mint\/de\/","title":{"rendered":"de"},"content":{"rendered":"<p>&nbsp;<br \/>\n<a name=\"tu-skacz\"><\/a>&nbsp;<\/p>\n<div id=\"box-menu\" class=\"href\">&nbsp;<\/div>\n<div class=\"row\">\n<div class=\"col-md-6\"><\/div>\n<div class=\"col-md-6\">\n<div class=\"text-right\"><a class=\"lang pl\" title=\"switch to Polish\" href=\"\/mint\/pl\/\">PL<\/a> <a class=\"lang en\" title=\"English\" href=\"\/mint\/\">EN<\/a> <a class=\"lang de disabled\" title=\"switch to German\" href=\"\/mint\/de\/\">DE<\/a><\/div>\n<\/div><\/div>\n<p>&nbsp;<\/p>\n<div class=\"h2\">Projekt MINT<\/div>\n<p>Projekt f\u00fcr gemeinsamen Unterricht \u2013 MINT: Boden-, Wasser- und Luftanalyse. Ziel unseres Projekts ist es, eine langfristige und fruchtbare Zusammenarbeit zwischen Sch\u00fclern polnischer und deutscher Schulen aufzubauen und zu vertiefen. Wir arbeiten daran, ein Umfeld zu schaffen, das die Zusammenarbeit f\u00f6rdert und in dem wir Erkenntnisse teilen, Ideen austauschen und uns gemeinsam weiterentwickeln k\u00f6nnen. Neben dem wissenschaftlichen Ziel, eine einheitliche Forschungsmethodik zu entwickeln, Forschungsergebnisse zu Wasser-, Luft- und Bodenverschmutzung zu sammeln und eine Website (in Englisch, Deutsch und Polnisch) mit den Forschungsergebnissen zu erstellen, streben wir danach, das gegenseitige Verst\u00e4ndnis f\u00fcr unsere L\u00e4nder, Kulturen, Geschichte und Br\u00e4uche zu f\u00f6rdern.<\/p>\n<p>Die Deutsch-Polnische Jugendzusammenwerk (DPJW) f\u00f6rdert Begegnungen und gemeinsame Projekte von Jugendlichen aus Polen und Deutschland. Sie bietet finanzielle Unterst\u00fctzung und Hilfe f\u00fcr Projekte, die f\u00fcr Polen und Deutschland von gemeinsamem Interesse sind.<\/p>\n<p>&nbsp;<\/p>\n<div class=\"h4\">Wie haben wir das alles geschafft?<\/div>\n<p>Nichts von dem, was wir im Laufe unserer langj\u00e4hrigen Zusammenarbeit erreicht haben, w\u00e4re ohne die Unterst\u00fctzung durch das DPJW m\u00f6glich gewesen.<\/p>\n<p><span style=\"font-weight: 400\">DPJW unterst\u00fctzt Jugendtreffen, die thematisch und in ihrer Form ebenso vielf\u00e4ltig sind wie die Interessen junger Menschen \u2013 vom Theater \u00fcber schul\u00fcbergreifende Umweltprojekte bis hin zu Feldhockey-Spielen.<\/span><\/p>\n<p>&nbsp;<\/p>\n<p><span style=\"font-weight: 400\">DPJW legt den Grundstein f\u00fcr gute Beziehungen zwischen Polen und Deutschen.<\/span><\/p>\n<p><span style=\"font-weight: 400\">DPJW setzt die Energie junger Polen und Deutscher frei und erm\u00f6glicht ihnen eine kreative Zusammenarbeit. Das DPJW ist offen f\u00fcr Ideen und Initiativen junger Menschen aus allen Bereichen \u2013 so vielf\u00e4ltig wie Polen und Deutschland selbst.<\/span><\/p>\n<p><a href=\"https:\/\/dpjw.org\/about-us\/\"><img loading=\"lazy\" decoding=\"async\" class=\"alignnone wp-image-808\" src=\"https:\/\/pb.edu.pl\/mint\/wp-content\/uploads\/sites\/78\/2022\/01\/dpjw-1.jpg\" alt=\"\" width=\"598\" height=\"340\" srcset=\"https:\/\/pb.edu.pl\/mint\/wp-content\/uploads\/sites\/78\/2022\/01\/dpjw-1.jpg 753w, https:\/\/pb.edu.pl\/mint\/wp-content\/uploads\/sites\/78\/2022\/01\/dpjw-1-300x171.jpg 300w\" sizes=\"auto, (max-width: 598px) 100vw, 598px\" \/><\/a><\/p>\n<p>&nbsp;<\/p>\n<div class=\"h4\">Ein paar Informationen \u00fcber uns<\/div>\n<p><strong>ALOPB <\/strong>handelt sich um eine nichtstaatliche Sekundarschule mit den Rechten einer staatlichen Schule, die im Rahmen der Hochschule betrieben wird. Sie wurde 2016 f\u00fcr begabte und ehrgeizige Sch\u00fcler gegr\u00fcndet, die sich f\u00fcr naturwissenschaftliche F\u00e4cher interessieren und die modernen Technologien sowie die hervorragend ausgestattete Lehrinfrastruktur der Technischen Universit\u00e4t Bia\u0142ystok nutzen m\u00f6chten. Das Gymnasium legt den Schwerpunkt auf einen erweiterten Lehrplan in den F\u00e4chern Mathematik, Informatik, Physik, Chemie, Biologie und Englisch. Als zweite Fremdsprache k\u00f6nnen die Sch\u00fcler zwischen Deutsch und Russisch w\u00e4hlen.<\/p>\n<p><a href=\"\/mint\/de\/alopb\/\" rel=\"noopener\">Mehr \u00fcber ALO PB<\/a><br \/>\n&nbsp;<\/p>\n<div class=\"h4\">Mit wem arbeiten wir zusammen?<\/div>\n<p>Seit 2025 arbeiten wir dank des Engagements unseres Lehrers und MINT-Koordinators an der Schule, Herrn Artur Ku\u017amicz, nicht nur mit einer, sondern gleich mit vier deutschen Schulen zusammen, \u00fcber die Sie unten weitere Informationen finden<\/p>\n<div class=\"row\">\n<div class=\"col-sm-3 text-center\"><a class=\"button\" style=\"width: 100%;padding: 0px 5px 10px 5px\" href=\"\/mint\/de\/elisabeth-gymnasium-halle\/\"><img loading=\"lazy\" decoding=\"async\" class=\"alignnone wp-image-900 size-full\" src=\"https:\/\/pb.edu.pl\/mint\/wp-content\/uploads\/sites\/78\/2022\/02\/elisabeth-gymnasium1.jpg\" alt=\"\" width=\"640\" height=\"428\"><span style=\"font-size: 11pt\"><strong>Elisabeth-Gymnasium Halle<\/strong><\/span><\/a><\/div>\n<div class=\"col-sm-3 text-center\"><a class=\"button\" style=\"width: 100%;padding: 0px 5px 10px 5px\" href=\"\/mint\/de\/realschule-kirn\/\"><img loading=\"lazy\" decoding=\"async\" class=\"alignnone wp-image-819 size-full\" src=\"https:\/\/pb.edu.pl\/mint\/wp-content\/uploads\/sites\/78\/2025\/10\/Kirn_thumbnail.jpg\" alt=\"\" width=\"640\" height=\"428\"><span style=\"font-size: 11pt\"><strong>Realschule Plus Kirn<\/strong><\/span><\/a><\/div>\n<div class=\"col-sm-3 text-center\"><a class=\"button\" style=\"width: 100%;padding: 0px 5px 10px 5px\" href=\"\/mint\/de\/work-in-progres\/\"><img loading=\"lazy\" decoding=\"async\" class=\"alignnone wp-image-891 size-full\" src=\"https:\/\/pb.edu.pl\/mint\/wp-content\/uploads\/sites\/78\/2025\/10\/Wurzburg_thumbnail.jpg\" alt=\"\" width=\"640\" height=\"428\"><strong><span style=\"font-size: 11pt\">Klara-Oppenheimer-Schule<\/span><\/strong><\/a><\/div>\n<div class=\"col-sm-3 text-center\"><a class=\"button\" style=\"width: 100%;padding: 0px 5px 10px 5px\" href=\"\/mint\/de\/work-in-progres\/\"><img loading=\"lazy\" decoding=\"async\" class=\"alignnone wp-image-879 size-full\" src=\"https:\/\/pb.edu.pl\/mint\/wp-content\/uploads\/sites\/78\/2025\/10\/rbbk_thumbnail.jpg\" alt=\"\" width=\"639\" height=\"428\"><strong><span style=\"font-size: 11pt\">Robert Bosch Berufskolleg<\/span><\/strong><\/a><\/div>\n<\/div>\n<div id=\"box-menu\" class=\"href\">&nbsp;<\/div>\n<p>&nbsp;<\/p>\n<p>&nbsp;<\/p>\n<table style=\"border-collapse: collapse;width: 100%;height: 22px\">\n<tbody>\n<tr style=\"height: 22px\">\n<td style=\"width: 25.8714%;height: 22px\">Murmansker Str. 14&nbsp;<\/p>\n<p>06130 Halle (Saale)<\/p>\n<p>+49 (0345) 1201230<\/p>\n<p><a href=\"https:\/\/www.ess-elisabeth.de\/\">https:\/\/www.ess-elisabeth.de\/<\/a><\/td>\n<td style=\"width: 25.7989%;height: 22px\">Kallenfelser Str. 71<\/p>\n<p>55506 Kirn<\/p>\n<p><span class=\"mobile-font-size-14 theming-theme-accent3\">+49 (0675) 2137530<\/span><\/p>\n<p><a href=\"https:\/\/www.realschule-kirn.de\/\">https:\/\/www.realschule-kirn.de\/<\/a><\/td>\n<td style=\"width: 26.0893%;height: 22px\">Stettiner Str. 1<\/p>\n<p>97072 W\u00fcrzburg<\/p>\n<p>+49 (0931) 7908100<\/p>\n<p><a href=\"https:\/\/www.klara-oppenheimer-schule.de\/\">https:\/\/www.klara-oppenheimer-schule.de\/<\/a><\/td>\n<td style=\"width: 22.2404%;height: 22px\">August Thyssen Str. 45<\/p>\n<p>47166 Duisburg<\/p>\n<p>+49 (0203) 2835486<\/p>\n<p><a href=\"https:\/\/rbbk-duisburg.de\/\">https:\/\/rbbk-duisburg.de\/<\/a><\/td>\n<\/tr>\n<\/tbody>\n<\/table>\n<p>&nbsp;<\/p>\n<div class=\"col-sm-3 text-center\"><a class=\"button\" style=\"width: 100%;padding: 0px 5px 10px 5px\" href=\"\/mint\/de\/forschung\/\"><img loading=\"lazy\" decoding=\"async\" class=\"alignnone wp-image-900 size-full\" src=\"https:\/\/pb.edu.pl\/mint\/wp-content\/uploads\/sites\/78\/2022\/02\/3_proba_.png\" alt=\"\" width=\"640\" height=\"428\"><span style=\"font-size: 11pt\"><strong>Unsere Untersuchungen<\/strong><\/span><\/a><\/div>\n<div class=\"col-sm-3 text-center\"><a class=\"button\" style=\"width: 100%;padding: 0px 5px 10px 5px\" href=\"\/mint\/de\/forschun\/\"><img loading=\"lazy\" decoding=\"async\" class=\"alignnone wp-image-819 size-full\" src=\"https:\/\/pb.edu.pl\/mint\/wp-content\/uploads\/sites\/78\/2023\/03\/x100v_thum.png\" alt=\"\" width=\"640\" height=\"428\"><span style=\"font-size: 11pt\"><strong>Fotos<\/strong><\/span><\/a><\/div>\n<div class=\"col-sm-3 text-center\"><a class=\"button\" style=\"width: 100%;padding: 0px 5px 10px 5px\" href=\"\/mint\/en\/media-o-nas\/\"><img loading=\"lazy\" decoding=\"async\" class=\"alignnone wp-image-891 size-full\" src=\"https:\/\/pb.edu.pl\/mint\/wp-content\/uploads\/sites\/78\/2023\/06\/MEDIA.png\" alt=\"\" width=\"640\" height=\"428\"><strong><span style=\"font-size: 11pt\">Media \u00fcber uns<\/span><\/strong><\/a><\/div>\n<div class=\"col-sm-3 text-center\"><a class=\"button\" style=\"width: 100%;padding: 0px 5px 10px 5px\" href=\"\/mint\/en\/work-in-progres\/\"><img loading=\"lazy\" decoding=\"async\" class=\"alignnone wp-image-879 size-full\" src=\"https:\/\/pb.edu.pl\/mint\/wp-content\/uploads\/sites\/78\/2020\/10\/cdias-pb-www-KONTAKT.jpg\" alt=\"\" width=\"639\" height=\"428\"><strong><span style=\"font-size: 11pt\">Wichtige Informationen<\/span><\/strong><\/a><\/div>\n","protected":false},"excerpt":{"rendered":"<p>&nbsp; &nbsp; &nbsp; &nbsp; Projekt MINT Projekt f\u00fcr gemeinsamen Unterricht \u2013 MINT: Boden-, Wasser- und<\/p>\n","protected":false},"author":107,"featured_media":48,"parent":0,"menu_order":3,"comment_status":"closed","ping_status":"closed","template":"templates\/reprezentacyjna-4_8.php","meta":{"_acf_changed":false,"ngg_post_thumbnail":0,"footnotes":""},"class_list":["post-961","page","type-page","status-publish","has-post-thumbnail","hentry"],"acf":[],"_links":{"self":[{"href":"https:\/\/pb.edu.pl\/mint\/wp-json\/wp\/v2\/pages\/961","targetHints":{"allow":["GET"]}}],"collection":[{"href":"https:\/\/pb.edu.pl\/mint\/wp-json\/wp\/v2\/pages"}],"about":[{"href":"https:\/\/pb.edu.pl\/mint\/wp-json\/wp\/v2\/types\/page"}],"author":[{"embeddable":true,"href":"https:\/\/pb.edu.pl\/mint\/wp-json\/wp\/v2\/users\/107"}],"replies":[{"embeddable":true,"href":"https:\/\/pb.edu.pl\/mint\/wp-json\/wp\/v2\/comments?post=961"}],"version-history":[{"count":9,"href":"https:\/\/pb.edu.pl\/mint\/wp-json\/wp\/v2\/pages\/961\/revisions"}],"predecessor-version":[{"id":2170,"href":"https:\/\/pb.edu.pl\/mint\/wp-json\/wp\/v2\/pages\/961\/revisions\/2170"}],"wp:featuredmedia":[{"embeddable":true,"href":"https:\/\/pb.edu.pl\/mint\/wp-json\/wp\/v2\/media\/48"}],"wp:attachment":[{"href":"https:\/\/pb.edu.pl\/mint\/wp-json\/wp\/v2\/media?parent=961"}],"curies":[{"name":"wp","href":"https:\/\/api.w.org\/{rel}","templated":true}]}}