{"id":938,"date":"2022-02-10T20:28:29","date_gmt":"2022-02-10T19:28:29","guid":{"rendered":"https:\/\/pb.edu.pl\/mint\/?page_id=938"},"modified":"2022-03-03T22:30:22","modified_gmt":"2022-03-03T21:30:22","slug":"bialystok-podlasie","status":"publish","type":"page","link":"https:\/\/pb.edu.pl\/mint\/pl\/bialystok-podlasie\/","title":{"rendered":"Bia\u0142ystok &#8211; Podlasie"},"content":{"rendered":"<div style=\"width: 480px;\" class=\"wp-video\"><video class=\"wp-video-shortcode\" id=\"video-938-1\" width=\"480\" height=\"270\" preload=\"metadata\" controls=\"controls\"><source type=\"video\/mp4\" src=\"https:\/\/pb.edu.pl\/mint\/wp-content\/uploads\/sites\/78\/2022\/03\/film_agora.mp4?_=1\" \/><a href=\"https:\/\/pb.edu.pl\/mint\/wp-content\/uploads\/sites\/78\/2022\/03\/film_agora.mp4\">https:\/\/pb.edu.pl\/mint\/wp-content\/uploads\/sites\/78\/2022\/03\/film_agora.mp4<\/a><\/video><\/div>\n<p>\u0179r\u00f3d\u0142o: UM Bia\u0142ystok<\/p>\n<p><span data-contrast=\"auto\">Wojew\u00f3dztwo podlaskie jest po\u0142o\u017cone w p\u00f3\u0142nocno-wschodniej Polsce. Stolic\u0105 regionu jest Bia\u0142ystok. Ma ok. 1,2 mln mieszka\u0144c\u00f3w z czego 300 000 w samym mie\u015bcie sto\u0142ecznym. Zajmuje obszar ok. 20 200 km<sup>2<\/sup>. W wojew\u00f3dztwie znajduje si\u0119 granica z Litw\u0105 i po cz\u0119\u015bci r\u00f3wnie\u017c z Bia\u0142orusi\u0105. Region jest do\u015b\u0107 mocno multikulturowy. Mieszkaj\u0105 tu katolicy, prawos\u0142awni, protestanci, \u017cydzi a nawet tatarzy. Opr\u00f3cz ko\u015bcio\u0142\u00f3w mo\u017cna tak\u017ce spotka\u0107 wiele cerkwi i synagog. Znajduje si\u0119 tu tak\u017ce jedyny meczet po\u0142o\u017cony na terenie Polski. R\u00f3wnie\u017c mo\u017cna spotka\u0107 mieszka\u0144c\u00f3w z innych kraj\u00f3w. Najcz\u0119\u015bciej s\u0105 to Bia\u0142orusini, Rosjanie i Litwini.<\/span><span data-ccp-props=\"{&quot;201341983&quot;:0,&quot;335551550&quot;:6,&quot;335551620&quot;:6,&quot;335559739&quot;:160,&quot;335559740&quot;:259}\">&nbsp;<\/span><\/p>\n<p><span data-ccp-props=\"{&quot;201341983&quot;:0,&quot;335551550&quot;:2,&quot;335551620&quot;:2,&quot;335559739&quot;:160,&quot;335559740&quot;:259}\">&nbsp;<\/span><\/p>\n<p><span style=\"font-size: 18pt\"><b>Centrum Bia\u0142egostoku &#8211; Rynek Ko\u015bciuszki<\/b>&nbsp;&nbsp;<\/span><\/p>\n<p><span data-contrast=\"auto\">G\u0142\u00f3wny plac Bia\u0142egostoku nosi nazw\u0119 Rynek Ko\u015bciuszki. To serce miasta, bij\u0105ce \u017cywym rytmem. Najwa\u017cniejszym obiektem na Rynku jest stoj\u0105cy po\u015brodku Ratusz z wie\u017c\u0105 zegarow\u0105, uko\u0144czony w 1761 roku. Budynek pocz\u0105tkowo by\u0142 miejscem handlu, sta\u0142y tu kramy kupieckie, w wi\u0119kszo\u015bci nale\u017c\u0105ce do ludno\u015bci \u017cydowskiej. W 1939 roku Rosjanie zburzyli zabytkowy Ratusz, ale w latach 1954-58 przywr\u00f3cono jego pierwotny stan. Obecnie w Ratuszu w Bia\u0142ymstoku mie\u015bci si\u0119 g\u0142\u00f3wna siedziba Muzeum Podlaskiego.<\/span><\/p>\n<p><span style=\"font-size: 18pt\"><img loading=\"lazy\" decoding=\"async\" class=\"alignnone size-full wp-image-1108\" style=\"font-size: 1.5rem\" src=\"https:\/\/pb.edu.pl\/mint\/wp-content\/uploads\/sites\/78\/2022\/02\/b1.jpg\" alt=\"\" width=\"732\" height=\"536\" srcset=\"https:\/\/pb.edu.pl\/mint\/wp-content\/uploads\/sites\/78\/2022\/02\/b1.jpg 732w, https:\/\/pb.edu.pl\/mint\/wp-content\/uploads\/sites\/78\/2022\/02\/b1-300x220.jpg 300w\" sizes=\"auto, (max-width: 732px) 100vw, 732px\" \/><\/span><\/p>\n<p>&nbsp;<\/p>\n<p><span style=\"font-size: 18pt\"><b>Atrakcje<\/b>&nbsp;<\/span><\/p>\n<p><b><span data-contrast=\"auto\">Pies Kawelin<\/span><\/b><span data-contrast=\"auto\">&nbsp;<\/span><span data-ccp-props=\"{&quot;201341983&quot;:0,&quot;335551550&quot;:2,&quot;335551620&quot;:2,&quot;335559739&quot;:160,&quot;335559740&quot;:259}\">&nbsp;<\/span><\/p>\n<p><span data-contrast=\"auto\">Rze\u017aba d\u0142uta Ma\u0142gorzaty Niedzielko. Wykonana jest z betonu. Napis na tabliczce na cokole g\u0142osi: &#8220;Pies Kawelin; Replika rze\u017aby Piotra Sawickiego seniora wykonana przez Ma\u0142gorzat\u0119 Niedzielko; Dar Podlaskiego Towarzystwa Zach\u0119ty Sztuk Pi\u0119knych dla Mieszka\u0144c\u00f3w\u201d.<\/span><\/p>\n<p><img loading=\"lazy\" decoding=\"async\" class=\"alignnone size-full wp-image-1109\" src=\"https:\/\/pb.edu.pl\/mint\/wp-content\/uploads\/sites\/78\/2022\/02\/b2.jpg\" alt=\"\" width=\"743\" height=\"470\" srcset=\"https:\/\/pb.edu.pl\/mint\/wp-content\/uploads\/sites\/78\/2022\/02\/b2.jpg 743w, https:\/\/pb.edu.pl\/mint\/wp-content\/uploads\/sites\/78\/2022\/02\/b2-300x190.jpg 300w\" sizes=\"auto, (max-width: 743px) 100vw, 743px\" \/><\/p>\n<p>&nbsp;<\/p>\n<p><b><span data-contrast=\"auto\">Parasolki<\/span><\/b><span data-contrast=\"auto\">&nbsp;<\/span><span data-ccp-props=\"{&quot;201341983&quot;:0,&quot;335551550&quot;:2,&quot;335551620&quot;:2,&quot;335559739&quot;:160,&quot;335559740&quot;:259}\">&nbsp;<\/span><\/p>\n<p><span data-contrast=\"auto\">Kolorowa dekoracja letnia na bia\u0142ostockiej ulicy Kili\u0144skiego. 450 ko<\/span><span style=\"font-size: 1.5rem\" data-contrast=\"auto\">lorowych parasolek na specjalnie przygotowanych konstrukcjach, kt\u00f3re wieczorami s\u0105 efektownie pod\u015bwietlane. Idealne miejsce by zobaczy\u0107 zaraz po wyj\u015bciu z pobliskiego parku.<\/span><\/p>\n<p><img loading=\"lazy\" decoding=\"async\" class=\"alignnone size-full wp-image-1110\" style=\"font-size: 1.5rem\" src=\"https:\/\/pb.edu.pl\/mint\/wp-content\/uploads\/sites\/78\/2022\/02\/b3.jpg\" alt=\"\" width=\"738\" height=\"335\" srcset=\"https:\/\/pb.edu.pl\/mint\/wp-content\/uploads\/sites\/78\/2022\/02\/b3.jpg 738w, https:\/\/pb.edu.pl\/mint\/wp-content\/uploads\/sites\/78\/2022\/02\/b3-300x136.jpg 300w\" sizes=\"auto, (max-width: 738px) 100vw, 738px\" \/><\/p>\n<p>&nbsp;<\/p>\n<p><b><span data-contrast=\"auto\">Park Planty<\/span><\/b><span data-contrast=\"auto\">&nbsp;<\/span><span data-ccp-props=\"{&quot;201341983&quot;:0,&quot;335551550&quot;:2,&quot;335551620&quot;:2,&quot;335559739&quot;:160,&quot;335559740&quot;:259}\">&nbsp;<\/span><\/p>\n<p><span data-contrast=\"auto\">Du\u017ca przestrze\u0144 zieleni miejskiej, b\u0119d<\/span><span style=\"font-size: 1.5rem\" data-contrast=\"auto\">\u0105ca miejscem wypoczynku. Park znajduje si\u0119 w centrum miasta i otacza Pa\u0142ac Branickich niemal\u017ce z ka\u017cdej strony. Planty powsta\u0142y w okresie mi\u0119dzywojennym z projektu Stanis\u0142awa Gralla. Obszar jaki zajmuj\u0105 to oko\u0142o 14 ha. jest to doskona\u0142e miejsce na wypoczynek od zgie\u0142ku miasta. Spacer al<\/span><span style=\"font-size: 1.5rem\" data-contrast=\"auto\">ej<\/span><span style=\"font-size: 1.5rem\" data-contrast=\"auto\">ami Plant umilaj\u0105 pi\u0119knie przystrzy\u017cone \u017cywop\u0142oty, kompozycje rabat kwiatowych, okaza\u0142e tuje oraz zadbane sadzawki. Najciekawszym stawem w parku jest Staw Serce zlokalizowany w pobli\u017cu fontanny.&nbsp;<\/span><span style=\"font-size: 1.5rem\" data-ccp-props=\"{&quot;201341983&quot;:0,&quot;335551550&quot;:6,&quot;335551620&quot;:6,&quot;335559739&quot;:160,&quot;335559740&quot;:259}\">&nbsp;<\/span><\/p>\n<p><img loading=\"lazy\" decoding=\"async\" class=\"alignnone size-full wp-image-1111\" style=\"font-size: 1.5rem\" src=\"https:\/\/pb.edu.pl\/mint\/wp-content\/uploads\/sites\/78\/2022\/02\/b4.jpg\" alt=\"\" width=\"738\" height=\"545\" srcset=\"https:\/\/pb.edu.pl\/mint\/wp-content\/uploads\/sites\/78\/2022\/02\/b4.jpg 738w, https:\/\/pb.edu.pl\/mint\/wp-content\/uploads\/sites\/78\/2022\/02\/b4-300x222.jpg 300w\" sizes=\"auto, (max-width: 738px) 100vw, 738px\" \/><\/p>\n<p>&nbsp;<\/p>\n<p><b><span data-contrast=\"auto\">Pa\u0142ac Branickich&nbsp;<\/span><\/b><span data-ccp-props=\"{&quot;201341983&quot;:0,&quot;335551550&quot;:2,&quot;335551620&quot;:2,&quot;335559739&quot;:160,&quot;335559740&quot;:259}\">&nbsp;<\/span><\/p>\n<p style=\"text-align: left\"><span data-contrast=\"auto\">Najpi\u0119kniejszy zabytek Bia\u0142egostoku, a barokowe ogrody wok\u00f3\u0142 pa\u0142acu s\u0105 jednymi z najpi\u0119kniejszych w Polsce. Miejsce to jest pami\u0105tk\u0105 po rodzie Branickich i nazywane jest rezydencj\u0105 Branickich lub Wersalem Podlaskim. Pa\u0142ac Branickich jest budynkiem u\u017cyteczno\u015bci publicznej, swoj\u0105 siedzib\u0119 ma w nim bowiem Uniwersytet Medyczny. Cz\u0119\u015b\u0107 wn\u0119trza zabytkowepgo obiektu mo\u017cna zobaczy\u0107 bezp\u0142atnie. Wchodz\u0105c prawym wej\u015bciem obok drzwi g\u0142\u00f3wnych dost\u0119pny jest pi\u0119kny hol z <\/span><span style=\"font-size: 1.5rem\" data-contrast=\"auto\">wystawnymi schodami oraz korytarz na pi\u0119trze z wyj\u015bciem na taras, sk\u0105d rozpo\u015bciera si\u0119 widok na ogrody.<\/span><\/p>\n<p style=\"text-align: left\"><img loading=\"lazy\" decoding=\"async\" class=\"alignnone size-full wp-image-1112\" style=\"font-size: 1.5rem\" src=\"https:\/\/pb.edu.pl\/mint\/wp-content\/uploads\/sites\/78\/2022\/02\/b5.jpg\" alt=\"\" width=\"736\" height=\"406\" srcset=\"https:\/\/pb.edu.pl\/mint\/wp-content\/uploads\/sites\/78\/2022\/02\/b5.jpg 736w, https:\/\/pb.edu.pl\/mint\/wp-content\/uploads\/sites\/78\/2022\/02\/b5-300x165.jpg 300w\" sizes=\"auto, (max-width: 736px) 100vw, 736px\" \/><\/p>\n<p><span style=\"font-size: 1.5rem\" data-ccp-props=\"{&quot;201341983&quot;:0,&quot;335551550&quot;:6,&quot;335551620&quot;:6,&quot;335559739&quot;:160,&quot;335559740&quot;:259}\">&nbsp;<\/span><\/p>\n<p>Prace naszych uczni\u00f3w:<br \/>\n&nbsp;<br \/>\n<a href=\"https:\/\/pb.edu.pl\/mint\/wp-content\/uploads\/sites\/78\/2022\/03\/prezentacja_bialystok-1.pdf\">Bia\u0142ystok &#8211; prezentacja<\/a><\/p>\n<p>&nbsp;<\/p>\n<div style=\"width: 480px;\" class=\"wp-video\"><video class=\"wp-video-shortcode\" id=\"video-938-2\" width=\"480\" height=\"270\" preload=\"metadata\" controls=\"controls\"><source type=\"video\/mp4\" src=\"https:\/\/pb.edu.pl\/mint\/wp-content\/uploads\/sites\/78\/2022\/03\/film_podlaskie_eu.mp4?_=2\" \/><a href=\"https:\/\/pb.edu.pl\/mint\/wp-content\/uploads\/sites\/78\/2022\/03\/film_podlaskie_eu.mp4\">https:\/\/pb.edu.pl\/mint\/wp-content\/uploads\/sites\/78\/2022\/03\/film_podlaskie_eu.mp4<\/a><\/video><\/div>\n","protected":false},"excerpt":{"rendered":"<p>\u0179r\u00f3d\u0142o: UM Bia\u0142ystok Wojew\u00f3dztwo podlaskie jest po\u0142o\u017cone w p\u00f3\u0142nocno-wschodniej Polsce. Stolic\u0105 regionu jest Bia\u0142ystok. Ma<\/p>\n","protected":false},"author":107,"featured_media":0,"parent":954,"menu_order":5,"comment_status":"closed","ping_status":"closed","template":"","meta":{"_acf_changed":false,"ngg_post_thumbnail":0,"footnotes":""},"class_list":["post-938","page","type-page","status-publish","hentry"],"acf":[],"_links":{"self":[{"href":"https:\/\/pb.edu.pl\/mint\/wp-json\/wp\/v2\/pages\/938","targetHints":{"allow":["GET"]}}],"collection":[{"href":"https:\/\/pb.edu.pl\/mint\/wp-json\/wp\/v2\/pages"}],"about":[{"href":"https:\/\/pb.edu.pl\/mint\/wp-json\/wp\/v2\/types\/page"}],"author":[{"embeddable":true,"href":"https:\/\/pb.edu.pl\/mint\/wp-json\/wp\/v2\/users\/107"}],"replies":[{"embeddable":true,"href":"https:\/\/pb.edu.pl\/mint\/wp-json\/wp\/v2\/comments?post=938"}],"version-history":[{"count":0,"href":"https:\/\/pb.edu.pl\/mint\/wp-json\/wp\/v2\/pages\/938\/revisions"}],"up":[{"embeddable":true,"href":"https:\/\/pb.edu.pl\/mint\/wp-json\/wp\/v2\/pages\/954"}],"wp:attachment":[{"href":"https:\/\/pb.edu.pl\/mint\/wp-json\/wp\/v2\/media?parent=938"}],"curies":[{"name":"wp","href":"https:\/\/api.w.org\/{rel}","templated":true}]}}