{"id":933,"date":"2022-02-10T20:26:37","date_gmt":"2022-02-10T19:26:37","guid":{"rendered":"https:\/\/pb.edu.pl\/mint\/?page_id=933"},"modified":"2022-02-22T00:01:49","modified_gmt":"2022-02-21T23:01:49","slug":"o-pnwm","status":"publish","type":"page","link":"https:\/\/pb.edu.pl\/mint\/pl\/o-pnwm\/","title":{"rendered":"O PNWM"},"content":{"rendered":"<p><strong>Polsko-Niemiecka Wsp\u00f3\u0142praca M\u0142odzie\u017cy<\/strong>&nbsp;(PNWM) umo\u017cliwia&nbsp;<strong>spotkania i wsp\u00f3\u0142prac\u0119 m\u0142odych Polak\u00f3w i Niemc\u00f3w<\/strong>. Dofinansowuje i merytorycznie wspiera&nbsp;<strong>polsko-niemieckie projekty<\/strong>.<\/p>\n<p>PNWM dotuje spotkania m\u0142odzie\u017cy tak r\u00f3\u017cnorodne w tematyce i formie, jak r\u00f3\u017cnorodne s\u0105 zainteresowania m\u0142odych ludzi \u2013 od warsztat\u00f3w teatralnych przez mi\u0119dzyszkolne projekty ekologiczne po mecze hokeja na trawie.<\/p>\n<p>PNWM buduje fundamenty dobros\u0105siedzkich relacji mi\u0119dzy Polakami i Niemcami.<br \/>\nPNWM wyzwala energi\u0119 m\u0142odych Polak\u00f3w i Niemc\u00f3w, umo\u017cliwiaj\u0105c im tw\u00f3rcz\u0105 wsp\u00f3\u0142prac\u0119. PNWM jest otwarta na pomys\u0142y i inicjatywy m\u0142odych ludzi ze wszystkich \u015brodowisk \u2013 tak zr\u00f3\u017cnicowanych, jak r\u00f3\u017cnorodne s\u0105 Polska i Niemcy.<br \/>\n&nbsp;<br \/>\n<a href=\"https:\/\/pnwm.org\/\" target=\"_blank\" rel=\"noopener\">Wi\u0119cej o PNWM<\/a><\/p>\n","protected":false},"excerpt":{"rendered":"<p>Polsko-Niemiecka Wsp\u00f3\u0142praca M\u0142odzie\u017cy&nbsp;(PNWM) umo\u017cliwia&nbsp;spotkania i wsp\u00f3\u0142prac\u0119 m\u0142odych Polak\u00f3w i Niemc\u00f3w. Dofinansowuje i merytorycznie wspiera&nbsp;polsko-niemieckie projekty.<\/p>\n","protected":false},"author":107,"featured_media":0,"parent":954,"menu_order":2,"comment_status":"closed","ping_status":"closed","template":"","meta":{"_acf_changed":false,"ngg_post_thumbnail":0,"footnotes":""},"class_list":["post-933","page","type-page","status-publish","hentry"],"acf":[],"_links":{"self":[{"href":"https:\/\/pb.edu.pl\/mint\/wp-json\/wp\/v2\/pages\/933","targetHints":{"allow":["GET"]}}],"collection":[{"href":"https:\/\/pb.edu.pl\/mint\/wp-json\/wp\/v2\/pages"}],"about":[{"href":"https:\/\/pb.edu.pl\/mint\/wp-json\/wp\/v2\/types\/page"}],"author":[{"embeddable":true,"href":"https:\/\/pb.edu.pl\/mint\/wp-json\/wp\/v2\/users\/107"}],"replies":[{"embeddable":true,"href":"https:\/\/pb.edu.pl\/mint\/wp-json\/wp\/v2\/comments?post=933"}],"version-history":[{"count":0,"href":"https:\/\/pb.edu.pl\/mint\/wp-json\/wp\/v2\/pages\/933\/revisions"}],"up":[{"embeddable":true,"href":"https:\/\/pb.edu.pl\/mint\/wp-json\/wp\/v2\/pages\/954"}],"wp:attachment":[{"href":"https:\/\/pb.edu.pl\/mint\/wp-json\/wp\/v2\/media?parent=933"}],"curies":[{"name":"wp","href":"https:\/\/api.w.org\/{rel}","templated":true}]}}