{"id":918,"date":"2022-02-10T20:09:33","date_gmt":"2022-02-10T19:09:33","guid":{"rendered":"https:\/\/pb.edu.pl\/mint\/?page_id=918"},"modified":"2024-02-15T21:24:52","modified_gmt":"2024-02-15T20:24:52","slug":"o-projekcie","status":"publish","type":"page","link":"https:\/\/pb.edu.pl\/mint\/pl\/o-projekcie\/","title":{"rendered":"O projekcie"},"content":{"rendered":"<div class=\"h3\">Projekt wsp\u00f3lnych lekcji MINT: badanie wp\u0142ywu trucizn ro\u015blin na \u015brodowisko<\/div>\n<p>Po raz kolejny uczniowie Akademickiego Liceum Og\u00f3lnokszta\u0142c\u0105cego Politechniki Bia\u0142ostockiej wraz z uczniami Elisabeth-Gymnasium w Halle tworz\u0105 wsp\u00f3lny projekt badawczy, kt\u00f3rego celem jest nawi\u0105zanie nowej oraz pog\u0142\u0119bienie ju\u017c istniej\u0105cej wsp\u00f3\u0142pracy pomi\u0119dzy uczniami polskich i niemieckich szk\u00f3\u0142. <\/p>\n<p>Jednym z najwa\u017cniejszych element\u00f3w Naszego wsp\u00f3lnego dzia\u0142ania jest wymiana do\u015bwiadcze\u0144, spostrze\u017ce\u0144, opinii oraz nowatorskich pomys\u0142\u00f3w mog\u0105cych otworzy\u0107 drog\u0119 do innowacyjnych rozwi\u0105za\u0144 badawczych. Opr\u00f3cz rozwoju umiej\u0119tno\u015bci j\u0119zykowych i nawi\u0105zywania przyja\u017ani projekt ma r\u00f3wnie\u017c czysto naukowe cele, takie jak wypracowanie jednolitej metodologii badawczej, rozwijanie umiej\u0119tno\u015bci prowadzenia skrupulatnych bada\u0144 oraz wsp\u00f3lne opracowanie wniosk\u00f3w dotycz\u0105cych wp\u0142ywu trucizn wytwarzanych przez ro\u015bliny na \u015brodowisko naturalne.<\/p>\n<p>Projekt obejmuje wsp\u00f3lne spotkania online, odbywaj\u0105ce si\u0119 regularnie co 2 tygodnie oraz asynchroniczne fazy pracy. Do komunikacji u\u017cywamy platformy Microsoft Teams oraz szkolnej poczty email. W projekcie bierze udzia\u0142 po 15 uczni\u00f3w z Polski i Niemiec. Nastolatkowie bior\u0105cy udzia\u0142 w inicjatywie, podzieleni s\u0105 na mniejsze zespo\u0142y projektowe, w kt\u00f3rych pracuj\u0105 nad wybranym zadaniem badawczym.<\/p>\n<div class=\"h5\">Opiek\u0119 nad uczniami z Bia\u0142egostoku w trakcie realizacji projektu sprawuj\u0105:<br \/>\nArtur Ku\u017amicz, Anetta Pogrebniak oraz Marzena Smolewska.<\/p>\n<p>Opiek\u0119 nad uczniami z Halle w trakcie realizacji projektu sprawuje:<br \/>\nGordon Dannat. <\/p><\/div>\n<p><a href=\"http:\/\/https:\/\/dpjw.org\/about-us\/\"><img loading=\"lazy\" decoding=\"async\" src=\"https:\/\/pb.edu.pl\/mint\/wp-content\/uploads\/sites\/78\/2022\/02\/Logo_dpjw-1.jpg\" alt=\"\" width=\"480\" height=\"321\" class=\"alignnone size-full wp-image-819\" srcset=\"https:\/\/pb.edu.pl\/mint\/wp-content\/uploads\/sites\/78\/2022\/02\/Logo_dpjw-1.jpg 640w, https:\/\/pb.edu.pl\/mint\/wp-content\/uploads\/sites\/78\/2022\/02\/Logo_dpjw-1-300x201.jpg 300w, https:\/\/pb.edu.pl\/mint\/wp-content\/uploads\/sites\/78\/2022\/02\/Logo_dpjw-1-480x320.jpg 480w\" sizes=\"auto, (max-width: 480px) 100vw, 480px\" \/><\/a><br \/>\n&nbsp;<\/p>\n","protected":false},"excerpt":{"rendered":"<p>Projekt wsp\u00f3lnych lekcji MINT: badanie wp\u0142ywu trucizn ro\u015blin na \u015brodowisko Po raz kolejny uczniowie Akademickiego<\/p>\n","protected":false},"author":107,"featured_media":0,"parent":954,"menu_order":1,"comment_status":"closed","ping_status":"closed","template":"","meta":{"_acf_changed":false,"ngg_post_thumbnail":0,"footnotes":""},"class_list":["post-918","page","type-page","status-publish","hentry"],"acf":[],"_links":{"self":[{"href":"https:\/\/pb.edu.pl\/mint\/wp-json\/wp\/v2\/pages\/918","targetHints":{"allow":["GET"]}}],"collection":[{"href":"https:\/\/pb.edu.pl\/mint\/wp-json\/wp\/v2\/pages"}],"about":[{"href":"https:\/\/pb.edu.pl\/mint\/wp-json\/wp\/v2\/types\/page"}],"author":[{"embeddable":true,"href":"https:\/\/pb.edu.pl\/mint\/wp-json\/wp\/v2\/users\/107"}],"replies":[{"embeddable":true,"href":"https:\/\/pb.edu.pl\/mint\/wp-json\/wp\/v2\/comments?post=918"}],"version-history":[{"count":0,"href":"https:\/\/pb.edu.pl\/mint\/wp-json\/wp\/v2\/pages\/918\/revisions"}],"up":[{"embeddable":true,"href":"https:\/\/pb.edu.pl\/mint\/wp-json\/wp\/v2\/pages\/954"}],"wp:attachment":[{"href":"https:\/\/pb.edu.pl\/mint\/wp-json\/wp\/v2\/media?parent=918"}],"curies":[{"name":"wp","href":"https:\/\/api.w.org\/{rel}","templated":true}]}}