{"id":913,"date":"2022-02-10T20:04:14","date_gmt":"2022-02-10T19:04:14","guid":{"rendered":"https:\/\/pb.edu.pl\/mint\/?page_id=913"},"modified":"2023-04-05T11:01:56","modified_gmt":"2023-04-05T09:01:56","slug":"uber-das-projekt","status":"publish","type":"page","link":"https:\/\/pb.edu.pl\/mint\/de\/uber-das-projekt\/","title":{"rendered":"\u00dcber das Projekt"},"content":{"rendered":"<p>Das Projekt des gemeinsamen Unterrichts &#8211; MINT: Analyse von Boden, Wasser und Luft. Das Ziel unseres Projekts ist es, eine langfristige und fruchtbare Zusammenarbeit zwischen Sch\u00fclern polnischer und deutscher Schulen aufzubauen und zu vertiefen. Wir wollen voneinander lernen, Meinungen und Ideen austauschen, kommunizieren und uns gemeinsam weiterentwickeln. Neben dem wissenschaftlichen Ziel &#8211; der Entwicklung einer einheitlichen Forschungsmethodik, der gemeinsamen Erarbeitung von Forschungsergebnissen zur Wasser-, Luft- und Bodenverschmutzung und der Erstellung einer Website (auf Englisch, Deutsch und Polnisch) mit den Forschungsergebnissen &#8211; wollen wir dazu beitragen, das Land und die Kultur, die Geschichte und die Br\u00e4uche des jeweils anderen kennen zu lernen.<\/p>\n<p>&nbsp;<\/p>\n<p>Das Projekt beinhaltet gemeinsame Online-Treffen und asynchrone Arbeitsphasen (in Deutschland mittwochs von 14:00 bis 15:30 Uhr). F\u00fcr die Kommunikation werden Microsoft Teams und Schul-E-Mail-Adressen verwendet. 15 polnische und 15 deutsche Sch\u00fcler arbeiten in Gruppen an einer selbst gew\u00e4hlten Forschungsaufgabe.<\/p>\n<p>&nbsp;<\/p>\n<p>Die Projektbetreuer auf der polnischen Seite sind: Artur Ku\u017amicz, Anetta Pogrebniak, Marzena Smolewska.<\/p>\n<p>&nbsp;<\/p>\n<p>Die Projektbetreuer auf deutscher Seite sind: Steffen Kreutzmann, Dorothea Piehl.<\/p>\n","protected":false},"excerpt":{"rendered":"<p>Das Projekt des gemeinsamen Unterrichts &#8211; MINT: Analyse von Boden, Wasser und Luft. Das Ziel<\/p>\n","protected":false},"author":107,"featured_media":0,"parent":961,"menu_order":1,"comment_status":"closed","ping_status":"closed","template":"","meta":{"_acf_changed":false,"ngg_post_thumbnail":0,"footnotes":""},"class_list":["post-913","page","type-page","status-publish","hentry"],"acf":[],"_links":{"self":[{"href":"https:\/\/pb.edu.pl\/mint\/wp-json\/wp\/v2\/pages\/913","targetHints":{"allow":["GET"]}}],"collection":[{"href":"https:\/\/pb.edu.pl\/mint\/wp-json\/wp\/v2\/pages"}],"about":[{"href":"https:\/\/pb.edu.pl\/mint\/wp-json\/wp\/v2\/types\/page"}],"author":[{"embeddable":true,"href":"https:\/\/pb.edu.pl\/mint\/wp-json\/wp\/v2\/users\/107"}],"replies":[{"embeddable":true,"href":"https:\/\/pb.edu.pl\/mint\/wp-json\/wp\/v2\/comments?post=913"}],"version-history":[{"count":0,"href":"https:\/\/pb.edu.pl\/mint\/wp-json\/wp\/v2\/pages\/913\/revisions"}],"up":[{"embeddable":true,"href":"https:\/\/pb.edu.pl\/mint\/wp-json\/wp\/v2\/pages\/961"}],"wp:attachment":[{"href":"https:\/\/pb.edu.pl\/mint\/wp-json\/wp\/v2\/media?parent=913"}],"curies":[{"name":"wp","href":"https:\/\/api.w.org\/{rel}","templated":true}]}}