{"id":41,"date":"2020-10-10T20:21:28","date_gmt":"2020-10-10T18:21:28","guid":{"rendered":"https:\/\/pb.edu.pl\/mint\/?page_id=41"},"modified":"2022-02-21T23:13:39","modified_gmt":"2022-02-21T22:13:39","slug":"contact","status":"publish","type":"page","link":"https:\/\/pb.edu.pl\/mint\/en\/contact\/","title":{"rendered":"Contact"},"content":{"rendered":"<div class=\"h2\" style=\"font-size: 18pt\">Projekt MINT<\/div>\n<div class=\"h2\">Akademickie Liceum Og\u00f3lnokszta\u0142c\u0105ce<br \/>\nPolitechniki Bia\u0142ostockiej<\/div>\n<p>ul. Wiejska 45A&nbsp;<br \/>\n15-351 Bia\u0142ystok<\/p>\n<p><i class=\"fal fa-phone\"><\/i>+48 85 746-71-31<\/p>\n<p><a href=\"https:\/\/pb.edu.pl\/liceum-ogolnoksztalcace\/\">https:\/\/pb.edu.pl\/liceum-ogolnoksztalcace\/<\/a><\/p>\n<div>&nbsp;<\/div>\n<div class=\"h2\">Elisabeth-Gymnasium<\/div>\n<p>Murmansker Str. 14&nbsp;<br \/>\n06130 Halle (Saale)<\/p>\n<p><i class=\"fal fa-phone\"><\/i>+49 (0345) 1201230<\/p>\n<p><a href=\"https:\/\/www.ess-elisabeth.de\/\">https:\/\/www.ess-elisabeth.de\/<\/a><\/p>\n","protected":false},"excerpt":{"rendered":"<p>Projekt MINT Akademickie Liceum Og\u00f3lnokszta\u0142c\u0105ce Politechniki Bia\u0142ostockiej ul. Wiejska 45A&nbsp; 15-351 Bia\u0142ystok +48 85 746-71-31<\/p>\n","protected":false},"author":2,"featured_media":0,"parent":995,"menu_order":8,"comment_status":"closed","ping_status":"closed","template":"","meta":{"_acf_changed":false,"ngg_post_thumbnail":0,"footnotes":""},"class_list":["post-41","page","type-page","status-publish","hentry"],"acf":[],"_links":{"self":[{"href":"https:\/\/pb.edu.pl\/mint\/wp-json\/wp\/v2\/pages\/41","targetHints":{"allow":["GET"]}}],"collection":[{"href":"https:\/\/pb.edu.pl\/mint\/wp-json\/wp\/v2\/pages"}],"about":[{"href":"https:\/\/pb.edu.pl\/mint\/wp-json\/wp\/v2\/types\/page"}],"author":[{"embeddable":true,"href":"https:\/\/pb.edu.pl\/mint\/wp-json\/wp\/v2\/users\/2"}],"replies":[{"embeddable":true,"href":"https:\/\/pb.edu.pl\/mint\/wp-json\/wp\/v2\/comments?post=41"}],"version-history":[{"count":0,"href":"https:\/\/pb.edu.pl\/mint\/wp-json\/wp\/v2\/pages\/41\/revisions"}],"up":[{"embeddable":true,"href":"https:\/\/pb.edu.pl\/mint\/wp-json\/wp\/v2\/pages\/995"}],"wp:attachment":[{"href":"https:\/\/pb.edu.pl\/mint\/wp-json\/wp\/v2\/media?parent=41"}],"curies":[{"name":"wp","href":"https:\/\/api.w.org\/{rel}","templated":true}]}}