{"id":2085,"date":"2025-12-05T14:41:04","date_gmt":"2025-12-05T13:41:04","guid":{"rendered":"https:\/\/pb.edu.pl\/mint\/?page_id=2085"},"modified":"2025-12-05T14:43:19","modified_gmt":"2025-12-05T13:43:19","slug":"realschule-kirn","status":"publish","type":"page","link":"https:\/\/pb.edu.pl\/mint\/pl\/realschule-kirn\/","title":{"rendered":"RealSchule Kirn"},"content":{"rendered":"<p>Realschule plus Kirn to nowoczesna szko\u0142a \u015brednia po\u0142o\u017cona w samym sercu regionu Kirn, kt\u00f3rej celem jest zapewnienie uczniom praktycznej i wszechstronnej edukacji. Jako szko\u0142a typu Realschule plus, p\u0142ynnie \u0142\u0105czy \u015bcie\u017cki edukacyjne dawnych szk\u00f3\u0142 Hauptschule i Realschule, oferuj\u0105c wiele kwalifikacji pod jednym dachem.<\/p>\n<div class=\"h4\"> Podstawow\u0105 filozofi\u0105 szko\u0142y <\/div>\n<p>jest wspieranie indywidualnych mocnych stron i aspiracji zawodowych ka\u017cdego ucznia. Uczniowie mog\u0105 uko\u0144czy\u0107 szko\u0142\u0119 z dyplomem Berufsreife (uprawniaj\u0105cym do podj\u0119cia szkolenia zawodowego) lub Qualifizierter Sekundarabschluss I (\u015bwiadectwem uko\u0144czenia szko\u0142y \u015bredniej I stopnia), kt\u00f3ry otwiera drzwi do dalszej edukacji lub kariery zawodowej.<\/p>\n<p>K\u0142ad\u0105c du\u017cy nacisk na praktyczn\u0105 nauk\u0119, orientacj\u0119 zawodow\u0105 i umiej\u0119tno\u015bci cyfrowe, Realschule plus Kirn zapewnia swoim uczniom dobre przygotowanie do pomy\u015blnej przysz\u0142o\u015bci, niezale\u017cnie od tego, czy zdecyduj\u0105 si\u0119 oni na nauk\u0119 zawodu, specjalistyczn\u0105 szko\u0142\u0119 techniczn\u0105, czy kontynuacj\u0119 nauki w liceum na wy\u017cszym poziomie.<\/p>\n<div class=\"h4\"> Kr\u00f3tki film o szkole <\/div>\n<div style=\"width: 640px;\" class=\"wp-video\"><video class=\"wp-video-shortcode\" id=\"video-2085-1\" width=\"640\" height=\"360\" preload=\"metadata\" controls=\"controls\"><source type=\"video\/mp4\" src=\"https:\/\/rsplus-kirn.de\/images\/advportfoliopro\/images\/VideoSchule.mp4?_=1\" \/><a href=\"https:\/\/rsplus-kirn.de\/images\/advportfoliopro\/images\/VideoSchule.mp4\">https:\/\/rsplus-kirn.de\/images\/advportfoliopro\/images\/VideoSchule.mp4<\/a><\/video><\/div>\n","protected":false},"excerpt":{"rendered":"<p>Realschule plus Kirn to nowoczesna szko\u0142a \u015brednia po\u0142o\u017cona w samym sercu regionu Kirn, kt\u00f3rej celem<\/p>\n","protected":false},"author":107,"featured_media":0,"parent":954,"menu_order":0,"comment_status":"closed","ping_status":"closed","template":"","meta":{"_acf_changed":false,"ngg_post_thumbnail":0,"footnotes":""},"class_list":["post-2085","page","type-page","status-publish","hentry"],"acf":[],"_links":{"self":[{"href":"https:\/\/pb.edu.pl\/mint\/wp-json\/wp\/v2\/pages\/2085","targetHints":{"allow":["GET"]}}],"collection":[{"href":"https:\/\/pb.edu.pl\/mint\/wp-json\/wp\/v2\/pages"}],"about":[{"href":"https:\/\/pb.edu.pl\/mint\/wp-json\/wp\/v2\/types\/page"}],"author":[{"embeddable":true,"href":"https:\/\/pb.edu.pl\/mint\/wp-json\/wp\/v2\/users\/107"}],"replies":[{"embeddable":true,"href":"https:\/\/pb.edu.pl\/mint\/wp-json\/wp\/v2\/comments?post=2085"}],"version-history":[{"count":0,"href":"https:\/\/pb.edu.pl\/mint\/wp-json\/wp\/v2\/pages\/2085\/revisions"}],"up":[{"embeddable":true,"href":"https:\/\/pb.edu.pl\/mint\/wp-json\/wp\/v2\/pages\/954"}],"wp:attachment":[{"href":"https:\/\/pb.edu.pl\/mint\/wp-json\/wp\/v2\/media?parent=2085"}],"curies":[{"name":"wp","href":"https:\/\/api.w.org\/{rel}","templated":true}]}}