{"id":1413,"date":"2023-06-20T10:08:11","date_gmt":"2023-06-20T08:08:11","guid":{"rendered":"https:\/\/pb.edu.pl\/mint\/?page_id=1413"},"modified":"2026-04-12T01:46:00","modified_gmt":"2026-04-11T23:46:00","slug":"others-about-us","status":"publish","type":"page","link":"https:\/\/pb.edu.pl\/mint\/en\/others-about-us\/","title":{"rendered":"Others about us"},"content":{"rendered":"ngg_shortcode_0_placeholderDuring the German students&#8217; visit to Poland, we jointly attended a meeting at the Podlaskie Marshal&#8217;s Office. During the discussions, the young people learned about the cultural and natural values of our voivodeship.<\/p>\n<p>We would like to thank the Marshal&#8217;s Office for the meeting and the photo report.<\/p>\n<p><img loading=\"lazy\" decoding=\"async\" class=\"alignnone size-medium wp-image-1415\" src=\"https:\/\/pb.edu.pl\/mint\/wp-content\/uploads\/sites\/78\/2023\/06\/352215991_633667912128576_2433446763297434935_n-300x200.jpg\" alt=\"\" width=\"900\" height=\"600\" srcset=\"https:\/\/pb.edu.pl\/mint\/wp-content\/uploads\/sites\/78\/2023\/06\/352215991_633667912128576_2433446763297434935_n-300x200.jpg 300w, https:\/\/pb.edu.pl\/mint\/wp-content\/uploads\/sites\/78\/2023\/06\/352215991_633667912128576_2433446763297434935_n-1024x683.jpg 1024w, https:\/\/pb.edu.pl\/mint\/wp-content\/uploads\/sites\/78\/2023\/06\/352215991_633667912128576_2433446763297434935_n-768x512.jpg 768w, https:\/\/pb.edu.pl\/mint\/wp-content\/uploads\/sites\/78\/2023\/06\/352215991_633667912128576_2433446763297434935_n-1536x1025.jpg 1536w, https:\/\/pb.edu.pl\/mint\/wp-content\/uploads\/sites\/78\/2023\/06\/352215991_633667912128576_2433446763297434935_n-480x320.jpg 480w, https:\/\/pb.edu.pl\/mint\/wp-content\/uploads\/sites\/78\/2023\/06\/352215991_633667912128576_2433446763297434935_n.jpg 2048w\" sizes=\"auto, (max-width: 900px) 100vw, 900px\" \/><\/p>\n<p>Young people and teachers from the Elisabeth Gymnasium Halle in Saxony and the Academic High School of Bialystok University of Technology visited the mayor of #Bialystok Tadeusz Truskolaski today ? The German guests&#8217; visit to Bialystok is the result of cooperation between the schools as part of the MINT project co-financed by the Polish-German Youth Cooperation. During their stay in Bialystok, students also visit museums, laboratories and broaden their knowledge of Polish culture, history and customs. The aim of the project is to establish and deepen cooperation between students from schools in both countries.<\/p>\n<p><a href=\"https:\/\/www.facebook.com\/bialystokUM\/posts\/pfbid0HNyKrBfi4nX8mt9v4rHoSTWsvmvHmPPohXabLDXf5qu595EBcehJE3A2NVkVExeDl\">Link to Bia\u0142ystok&#8217;s City facebook page post<\/a><\/p>\n<p><img loading=\"lazy\" decoding=\"async\" class=\"alignnone size-medium wp-image-1423\" src=\"https:\/\/pb.edu.pl\/mint\/wp-content\/uploads\/sites\/78\/2023\/06\/2048x9480161-300x139.jpg\" alt=\"\" width=\"900\" height=\"417\" srcset=\"https:\/\/pb.edu.pl\/mint\/wp-content\/uploads\/sites\/78\/2023\/06\/2048x9480161-300x139.jpg 300w, https:\/\/pb.edu.pl\/mint\/wp-content\/uploads\/sites\/78\/2023\/06\/2048x9480161-1024x474.jpg 1024w, https:\/\/pb.edu.pl\/mint\/wp-content\/uploads\/sites\/78\/2023\/06\/2048x9480161-768x356.jpg 768w, https:\/\/pb.edu.pl\/mint\/wp-content\/uploads\/sites\/78\/2023\/06\/2048x9480161-1536x711.jpg 1536w, https:\/\/pb.edu.pl\/mint\/wp-content\/uploads\/sites\/78\/2023\/06\/2048x9480161.jpg 2048w\" sizes=\"auto, (max-width: 900px) 100vw, 900px\" \/><\/p>\n<p>Since Monday, 12 June, a delegation of German schoolchildren from the friendly Elizabeth-Gymnasium school in Halle has been visiting the Academic High School of Bialystok University of Technology (ALO PB). This is the first such visit to Podlaskie after the pandemic. On Wednesday, 15 June, the students visited the Marshal&#8217;s office, where they were welcomed by Wies\u0142awa Burnos, a member of the Management Board.<br \/>\n&#8211; Podlaskie Voivodeship is called the \u2018Green Lungs of Poland\u2019 not without reason. On the one hand, it is a region of peace and quiet, floodplains of rivers, virgin forests, where elk, ermine and, above all, the European bison reign supreme in the Bia\u0142owie\u017ca Primeval Forest. On the other hand, it is an agricultural region where healthy, good quality food is produced,\u2019 said Wies\u0142awa Burnos. She also talked about places worth visiting in the Podlaskie Voivodeship.<\/p>\n<p>The visit is funded by a project of the Polish-German Youth Cooperation. Through such visits, young people get to know each other&#8217;s country, its culture, history and customs. The German young people are in Poland on a return visit. Earlier &#8211; in March this year &#8211; ALO PB students visited Halle, where, among other things, they met with representatives of the local authorities.<\/p>\n<p>&#8211; As part of the project, the young people are working on topics relating to environmental protection, water, soil and air pollution. Its aim is to establish and deepen long-term and fruitful cooperation between students from Polish and German schools,\u2019 explained Artur Ku\u017amicz, tutor of the German delegation and lecturer at the Bia\u0142ystok University of Technology.<\/p>\n<p>As part of the joint meetings, a uniform methodology for research into pro-environmental issues was developed and the results were compiled. They are published on a website run in three languages: English, German and Polish.<\/p>\n<p>Cezary Rutkowski<br \/>\nred.: Ma\u0142gorzata Sawicka<br \/>\nfot.: Mateusz Duchnowski<\/p>\n<p><a href=\"https:\/\/podlaskie.eu\/edukacja\/wizyta-niemieckiej-mlodziezy-w-urzedzie-marszalkowskim.html\">Link to Podlasie.eu post<\/a><\/p>\n<p><img loading=\"lazy\" decoding=\"async\" class=\"alignnone size-medium wp-image-1424\" src=\"https:\/\/pb.edu.pl\/mint\/wp-content\/uploads\/sites\/78\/2023\/06\/WhatsApp-Image-2023-06-15-at-20.10.02-2-300x225.jpeg\" alt=\"\" width=\"900\" height=\"675\" srcset=\"https:\/\/pb.edu.pl\/mint\/wp-content\/uploads\/sites\/78\/2023\/06\/WhatsApp-Image-2023-06-15-at-20.10.02-2-300x225.jpeg 300w, https:\/\/pb.edu.pl\/mint\/wp-content\/uploads\/sites\/78\/2023\/06\/WhatsApp-Image-2023-06-15-at-20.10.02-2-1024x768.jpeg 1024w, https:\/\/pb.edu.pl\/mint\/wp-content\/uploads\/sites\/78\/2023\/06\/WhatsApp-Image-2023-06-15-at-20.10.02-2-768x576.jpeg 768w, https:\/\/pb.edu.pl\/mint\/wp-content\/uploads\/sites\/78\/2023\/06\/WhatsApp-Image-2023-06-15-at-20.10.02-2.jpeg 1067w\" sizes=\"auto, (max-width: 900px) 100vw, 900px\" \/><br \/>\nFrom 12 to 16 June 2023. The Academic High School of the Bialystok University of Technology (ALO PB) will host a delegation of German schoolchildren from the friendly Elizabeth-Gymnasium school in Halle. This is all as part of a project of the Polish-German Youth Cooperation, involving Artur Ku\u017amicz, MA, a lecturer in German at the SJO and the Academic High School of the Bia\u0142ystok University of Technology.<\/p>\n<p>&#8211; As part of the project, young people are working on topics related to environmental protection, water, soil and air pollution. Its aim is to establish and deepen long-term and fruitful cooperation between students from Polish and German schools,\u2019 explained Artur Ku\u017amicz.<\/p>\n<p>A series of meetings were held &#8211; presentations of the results of chemical research into water, soil and air pollution in Halle, a meeting with the student government, PB students&#8217; scientific circles and a German graduate of two PB courses. Our guests had the opportunity to learn about the fields of study at PB, the scientific and cultural activities of the students and the opportunities for development after studies at PB.<\/p>\n<p><a href=\"https:\/\/pb.edu.pl\/sjo\/2023\/06\/16\/goscie-z-niemiec-na-pb\/nggallery\/thumbnails\">Link to BUT&#8217;s post<\/a><\/p>\n<p><img loading=\"lazy\" decoding=\"async\" class=\"alignnone size-full wp-image-1663\" src=\"https:\/\/pb.edu.pl\/mint\/wp-content\/uploads\/sites\/78\/2024\/03\/PB_o_MINT.jpg\" alt=\"\" width=\"2048\" height=\"1280\" srcset=\"https:\/\/pb.edu.pl\/mint\/wp-content\/uploads\/sites\/78\/2024\/03\/PB_o_MINT.jpg 2048w, https:\/\/pb.edu.pl\/mint\/wp-content\/uploads\/sites\/78\/2024\/03\/PB_o_MINT-300x188.jpg 300w, https:\/\/pb.edu.pl\/mint\/wp-content\/uploads\/sites\/78\/2024\/03\/PB_o_MINT-1024x640.jpg 1024w, https:\/\/pb.edu.pl\/mint\/wp-content\/uploads\/sites\/78\/2024\/03\/PB_o_MINT-768x480.jpg 768w, https:\/\/pb.edu.pl\/mint\/wp-content\/uploads\/sites\/78\/2024\/03\/PB_o_MINT-1536x960.jpg 1536w, https:\/\/pb.edu.pl\/mint\/wp-content\/uploads\/sites\/78\/2024\/03\/PB_o_MINT-480x300.jpg 480w\" sizes=\"auto, (max-width: 2048px) 100vw, 2048px\" \/><br \/>\nFor more than three years, the Academic High School of the Bialystok University of Technology has had a lively collaboration with the German Elizabeth-Gymnasium in Halle. In the past, students from Poland and Germany have studied soil, air and water pollution. This year, they decided to find out how the growth of wheat is affected by the presence of plant toxins and pollution related to human activities.<\/p>\n<p><a href=\"https:\/\/pb.edu.pl\/2024\/03\/19\/uczniowie-liceum-politechniki-bialostockiej-wspolpracuja-z-mlodzieza-z-niemieckiego-halle-wspolnie-badaja-rosliny-trujace\/\"> Link to Bialystok Univeristy of Technologys&#8217; post<\/a><\/p>\n<p>&nbsp;<\/p>\n<div class=\"embed-responsive embed-responsive-16by9\"><iframe class=\"embed-responsive-item\" src=\"https:\/\/halle.de\/verwaltung-stadtrat\/presseportal\/nachrichten\/nachricht\/beigeordnete-empfaengt-deutsch-polnische-mint-schuelergruppe\" title=\"\"><\/iframe><\/div>\n<p>&nbsp;<\/p>\n<p><!-- Strona sie wyjebala, sprawdzic czy dziala i wstawic -&gt;[iframe src=\"https:\/\/podlaskie.eu\/edukacja\/niemiecka-mlodziez-w-urzedzie-marszalkowskim.html\" width=\"100%\" height=\"500px\"] -!&gt;\n--><\/p>\n<p>&nbsp;<\/p>\n<div class=\"embed-responsive embed-responsive-16by9\"><iframe class=\"embed-responsive-item\" src=\"https:\/\/pb.edu.pl\/sjo\/2025\/06\/13\/wizyta-uczniow-i-nauczycieli-z-elisabeth-gymnasium-halle-saale-na-pb-i-w-alo-pb-w-ramach-projektu-mint\/\" title=\"\"><\/iframe><\/div>\n<p>&nbsp;<\/p>\n<div class=\"embed-responsive embed-responsive-16by9\"><iframe loading=\"lazy\" title=\"Polsko-niemiecka wsp\u00f3\u0142praca uczni\u00f3w w projekcie MINT z ALO PB\" width=\"500\" height=\"281\" src=\"https:\/\/www.youtube.com\/embed\/979I9Z9_aqs?start=7&#038;feature=oembed\" frameborder=\"0\" allow=\"accelerometer; autoplay; clipboard-write; encrypted-media; gyroscope; picture-in-picture; web-share\" referrerpolicy=\"strict-origin-when-cross-origin\" allowfullscreen><\/iframe><\/div>\n","protected":false},"excerpt":{"rendered":"<p>During the German students&#8217; visit to Poland, we jointly attended a meeting at the Podlaskie<\/p>\n","protected":false},"author":107,"featured_media":0,"parent":995,"menu_order":0,"comment_status":"closed","ping_status":"closed","template":"","meta":{"_acf_changed":false,"ngg_post_thumbnail":0,"footnotes":""},"class_list":["post-1413","page","type-page","status-publish","hentry"],"acf":[],"_links":{"self":[{"href":"https:\/\/pb.edu.pl\/mint\/wp-json\/wp\/v2\/pages\/1413","targetHints":{"allow":["GET"]}}],"collection":[{"href":"https:\/\/pb.edu.pl\/mint\/wp-json\/wp\/v2\/pages"}],"about":[{"href":"https:\/\/pb.edu.pl\/mint\/wp-json\/wp\/v2\/types\/page"}],"author":[{"embeddable":true,"href":"https:\/\/pb.edu.pl\/mint\/wp-json\/wp\/v2\/users\/107"}],"replies":[{"embeddable":true,"href":"https:\/\/pb.edu.pl\/mint\/wp-json\/wp\/v2\/comments?post=1413"}],"version-history":[{"count":9,"href":"https:\/\/pb.edu.pl\/mint\/wp-json\/wp\/v2\/pages\/1413\/revisions"}],"predecessor-version":[{"id":2186,"href":"https:\/\/pb.edu.pl\/mint\/wp-json\/wp\/v2\/pages\/1413\/revisions\/2186"}],"up":[{"embeddable":true,"href":"https:\/\/pb.edu.pl\/mint\/wp-json\/wp\/v2\/pages\/995"}],"wp:attachment":[{"href":"https:\/\/pb.edu.pl\/mint\/wp-json\/wp\/v2\/media?parent=1413"}],"curies":[{"name":"wp","href":"https:\/\/api.w.org\/{rel}","templated":true}]}}