{"id":1221,"date":"2022-03-30T16:17:11","date_gmt":"2022-03-30T14:17:11","guid":{"rendered":"https:\/\/pb.edu.pl\/mint\/?page_id=1221"},"modified":"2022-04-13T10:56:39","modified_gmt":"2022-04-13T08:56:39","slug":"jak-napisac-raport","status":"publish","type":"page","link":"https:\/\/pb.edu.pl\/mint\/pl\/badania\/jak-napisac-raport\/","title":{"rendered":"Jak napisa\u0107 raport?"},"content":{"rendered":"<div id=\"research\">\n<div id=\"content\">\n<div id=\"how_to_make_content\" class=\"content_block active\">\n<h1>Jak napisa\u0107 raport?<\/h1>\n<ol>\n<li><b>Wprowadzenie + pytanie + prezentacja<\/b> eksperymentu.<\/li>\n<li><b>Przewidywania<\/b><i> (znam wyniki)<\/i> LUB <b>hipoteza<\/b> dotycz\u0105ca obserwacji <i>(nie znam wynik\u00f3w).<\/i><\/li>\n<li><b>Sprz\u0119t<\/b> i <b>chemikalia; instrukcje bezpiecze\u0144stwa<\/b> (np. materia\u0142y niebezpieczne, usuwanie odpad\u00f3w).<\/li>\n<li><b>Realizacja praktyczna\/obserwacje\/wyja\u015bnienia<\/b> jako tabela.<\/li>\n<li><b>Ocena<\/b>: podsumowanie i uog\u00f3lnienie; hipoteza by\u0142o poprawna lub nie + odpowied\u017a na pytania.<\/li>\n<li><b>B\u0142\u0119dy<\/b>: Czy s\u0105 jakie\u015b wyniki, kt\u00f3re s\u0105 niejasne lub kt\u00f3rych nie mo\u017cna wykorzysta\u0107? Daj mo\u017cliwo\u015b\u0107 unikni\u0119cia tych b\u0142\u0119d\u00f3w, je\u015bli powt\u00f3rzysz eksperyment.<\/li>\n<li><b>Podgl\u0105d<\/b>: Czy pojawi\u0142y si\u0119 nowe pytania? Pomy\u015bl o nowych lub dalszych aspektach do zbadania.<\/li>\n<\/ol>\n<div id=\"intro\">\n<h2>Wprowadzenie + pytania + prezentacja<\/h2>\n<p>Wszystkie substancje maj\u0105 charakterystyczne cechy, np. rozpuszczalno\u015b\u0107 w wodzie.<\/p>\n<p>Czy p\u0142yn do zapalniczek i siark\u0119 mo\u017cna rozpu\u015bci\u0107 w wodzie?<\/p>\n<p>Sprawdzamy obie substancje.<\/p>\n<\/div>\n<div id=\"hypothesis\">\n<h2>Hipoteza<\/h2>\n<p>Je\u015bli siark\u0119 i p\u0142yny do zapalniczek mo\u017cna rozpu\u015bci\u0107 w wodzie, nie b\u0119d\u0105 one widoczne w wodzie.<\/p>\n<p>Je\u015bli + przewidywania, to + obserwacje (+ uzasadnienie).<\/p>\n<p>Je\u015bli + obserwacje, to + przewidywania (+ uzasadnienie).<\/p>\n<\/div>\n<div id=\"equipment\">\n<h2>Sprz\u0119t badawczy i odczynniki<\/h2>\n<ul>\n<li>stojak na prob\u00f3wki<\/li>\n<li>dwie prob\u00f3wki<\/li>\n<li>szpatu\u0142ka<\/li>\n<li>siarka<\/li>\n<li>gaz do zapalniczki (niebezpieczna substancja: \u0142atwopalna)<\/li>\n<li>woda<\/li>\n<\/ul>\n<p>utylizacja odpad\u00f3w:<br \/>\n&#8211; odfiltrowa\u0107 siark\u0119 =&gt; mo\u017cna u\u017cy\u0107 ponownie<br \/>\n&#8211; w specjalnym naczyniu umie\u015bci\u0107 p\u0142yn do zapalniczek i wod\u0119<\/p>\n<\/div>\n<div id=\"observation\">\n<h2>Realizacja praktyczna\/obserwacje\/wyja\u015bnienia<\/h2>\n<table style=\"border: 1px solid black;padding: 10px\">\n<tbody>\n<tr>\n<th style=\"border: 1px solid black;padding: 10px\">Realizacja praktyczna<\/th>\n<th style=\"border: 1px solid black;padding: 10px\">Obserwacje<\/th>\n<th style=\"border: 1px solid black;padding: 10px\">Wyja\u015bnienia<\/th>\n<\/tr>\n<tr>\n<td style=\"border: 1px solid black;padding: 10px\">Za pomoc\u0105 szpatu\u0142ki wsyp siark\u0119 do<br \/>\nprob\u00f3wki. Dodaj wody.<\/td>\n<td style=\"border: 1px solid black;padding: 10px\">Przed:<br \/>\nW trakcie:<br \/>\nPo<\/td>\n<td style=\"border: 1px solid black;padding: 10px\">&nbsp;<\/td>\n<\/tr>\n<tr>\n<td style=\"border: 1px solid black;padding: 10px\"><b>Co robi\u0119<\/b> ze sprz\u0119tem<br \/>\ni chemikaliami?<\/td>\n<td style=\"border: 1px solid black;padding: 10px\"><b>Co obserwuj\u0119?<\/b> (tylko<br \/>\nobserwacje i pomiary)<\/td>\n<td style=\"border: 1px solid black;padding: 10px\"><b>Dlaczego?<\/b><\/td>\n<\/tr>\n<\/tbody>\n<\/table>\n<\/div>\n<div id=\"result\">\n<h2>Ocena<\/h2>\n<h3>Podsumowanie + hipoteza<\/h3>\n<p>Siarka mo\u017ce by\u0107 widoczna na powierzchni wody. Nie ma ona rozpuszczalno\u015bci w wodzie. Po dodaniu wody nie wida\u0107 ja\u015bniejszej cieczy. Mo\u017cna j\u0105 rozpu\u015bci\u0107 w wodzie. Hipoteza dotycz\u0105ca ja\u015bniejszej cieczy jest poprawna.<\/p>\n<h3>Uog\u00f3lnienie<\/h3>\n<p>Wszystkie substancje maj\u0105 okre\u015blone w\u0142a\u015bciwo\u015bci. Istniej\u0105 substancje, kt\u00f3re mo\u017cna rozpu\u015bci\u0107w wodzie i takie, kt\u00f3rych nie mo\u017cna rozpu\u015bci\u0107.<\/p>\n<h3>Podgl\u0105d<\/h3>\n<p>Mo\u017cliwe jest zbadanie wi\u0119kszej liczby w\u0142a\u015bciwo\u015bci, aby w pe\u0142ni opisa\u0107 substancj\u0119. Ponadto mo\u017cna zpada\u0107 rozpuszczalno\u015b\u0107 w innych cieczach (np. w alkoholu).<\/p>\n<p>&nbsp;<\/p>\n<p><a href=\"https:\/\/pb.edu.pl\/mint\/wp-content\/uploads\/sites\/78\/2022\/04\/jak-napisac-raport.pdf\" target=\"_blank\" rel=\"noopener\">Jak napisa\u0107 raport?<\/a><\/p>\n<\/div>\n<\/div>\n<\/div>\n<\/div>\n","protected":false},"excerpt":{"rendered":"<p>Jak napisa\u0107 raport? Wprowadzenie + pytanie + prezentacja eksperymentu. Przewidywania (znam wyniki) LUB hipoteza dotycz\u0105ca<\/p>\n","protected":false},"author":2,"featured_media":0,"parent":1057,"menu_order":1,"comment_status":"closed","ping_status":"closed","template":"","meta":{"_acf_changed":false,"ngg_post_thumbnail":0,"footnotes":""},"class_list":["post-1221","page","type-page","status-publish","hentry"],"acf":[],"_links":{"self":[{"href":"https:\/\/pb.edu.pl\/mint\/wp-json\/wp\/v2\/pages\/1221","targetHints":{"allow":["GET"]}}],"collection":[{"href":"https:\/\/pb.edu.pl\/mint\/wp-json\/wp\/v2\/pages"}],"about":[{"href":"https:\/\/pb.edu.pl\/mint\/wp-json\/wp\/v2\/types\/page"}],"author":[{"embeddable":true,"href":"https:\/\/pb.edu.pl\/mint\/wp-json\/wp\/v2\/users\/2"}],"replies":[{"embeddable":true,"href":"https:\/\/pb.edu.pl\/mint\/wp-json\/wp\/v2\/comments?post=1221"}],"version-history":[{"count":0,"href":"https:\/\/pb.edu.pl\/mint\/wp-json\/wp\/v2\/pages\/1221\/revisions"}],"up":[{"embeddable":true,"href":"https:\/\/pb.edu.pl\/mint\/wp-json\/wp\/v2\/pages\/1057"}],"wp:attachment":[{"href":"https:\/\/pb.edu.pl\/mint\/wp-json\/wp\/v2\/media?parent=1221"}],"curies":[{"name":"wp","href":"https:\/\/api.w.org\/{rel}","templated":true}]}}