{"id":1205,"date":"2022-03-23T13:09:57","date_gmt":"2022-03-23T12:09:57","guid":{"rendered":"https:\/\/pb.edu.pl\/mint\/?page_id=1205"},"modified":"2023-07-09T08:54:43","modified_gmt":"2023-07-09T06:54:43","slug":"alopb","status":"publish","type":"page","link":"https:\/\/pb.edu.pl\/mint\/de\/alopb\/","title":{"rendered":"Akademische Mittelschule der Technischen Universit\u00e4t Bia\u0142ystok"},"content":{"rendered":"<p><strong>ALOPB<\/strong> ist eine kostenlose, nicht-staatliche weiterf\u00fchrende Schule f\u00fcr 14- bis 18-J\u00e4hrige, die nach den Regeln und Vorschriften einer staatlichen Schule arbeitet und Teil der Technischen Universit\u00e4t Bialystok ist. Die Schule wurde 2016 gegr\u00fcndet und richtet sich an hochinteressierte und talentierte Sch\u00fcler, die ihre Ausbildung im Bereich der Naturwissenschaften fortsetzen m\u00f6chten und dabei die modernen Technologien und voll ausgestatteten wissenschaftlichen Labore unserer Schule nutzen m\u00f6chten. Der Schwerpunkt von ALOPB liegt auf erweiterten Kursen in Mathematik, IT, Physik, Chemie, Biologie und Englisch. Als zweite Fremdsprache kann Deutsch oder Russisch gew\u00e4hlt werden.<\/p>\n<div class=\"h3\">\n<p>Ab dem Schuljahr 2020\/2021 gibt es an unserer Schule die folgenden Studieng\u00e4nge:<\/p>\n<\/div>\n<ul>\n<li>Architektur und Bauingenieurwesen<\/li>\n<li>Bio-Engineering<\/li>\n<li>Zukunftsindustrien<\/li>\n<li>Informationstechnologie<\/li>\n<li>Programmierung<\/li>\n<\/ul>\n<div class=\"h3\">\n<p>Darauf sind unsere Sch\u00fcler stolz:<\/p>\n<\/div>\n<ul>\n<li>dass sie bereits im ersten Jahr ihres Schulbesuchs einen Studienplatz erhalten haben (u. a. an der Technischen Universit\u00e4t Bia\u0142ystok, der Medizinischen Universit\u00e4t Danzig, der Technischen Universit\u00e4t Warschau und der Technischen Universit\u00e4t Danzig)<\/li>\n<li>Sie erhielten zahlreiche Zusch\u00fcsse und Stipendien, wie den Preis des Premierministers, Kunstpreise, den Preis f\u00fcr die innovativste Technologie, den Preis f\u00fcr die Entdecker des Diamanten und den Preis des Kopernikus-Wissenschaftszentrums.<\/li>\n<li>zahlreiche Spitzenpl\u00e4tze bei nationalen akademischen Wettbewerben, den so genannten &#8220;Olympiaden<\/li>\n<li>bei anderen nationalen Wettbewerben haben sie hohe Platzierungen erzielt &#8211; So zum Beispiel in den Bereichen &#8211; Technik, IT, Wissenschaft, Sprache, Soziales und sogar Recht und Kunst (z. B. &#8220;Projekt mit meiner Klasse&#8221;, El-Robo-Mech, Young Innovator, Designers of Education, Nationaler Wettbewerb f\u00fcr Wirtschaft und Unternehmertum, Mission Book, Nationaler Wettbewerb f\u00fcr Wissen \u00fcber die Rechte von Sch\u00fclern, Angewandte Mathematik, internationaler Mathematikwettbewerb Naboj, Galileo)<\/li>\n<\/ul>\n<p>Die Arbeit unserer Sch\u00fcler:<br \/>\n&nbsp;<br \/>\n<a title=\"\" href=\"https:\/\/pb.edu.pl\/mint\/wp-content\/uploads\/sites\/78\/2022\/03\/prezentacja_alopb_1.pdf\">ALOPB &#8211; Pr\u00e4sentationen <\/a><br \/>\n<a title=\"\" href=\"https:\/\/pb.edu.pl\/mint\/wp-content\/uploads\/sites\/78\/2022\/03\/prezentacja_alopb.pdf\">ALOPB &#8211; Pr\u00e4sentationen <\/a><br \/>\n&nbsp;<br \/>\n<strong>Die Technische Universit\u00e4t Bia\u0142ystok<\/strong> ist die gr\u00f6\u00dfte technische Universit\u00e4t im Nordosten Polens. Sie blickt auf eine \u00fcber 70-j\u00e4hrige Tradition zur\u00fcck und bietet ein dreistufiges Studiensystem an: einen ersten Studienzyklus (dreij\u00e4hriges Grundstudium und dreieinhalbj\u00e4hriges Ingenieurstudium), einen zweiten Studienzyklus (eineinhalb- oder zweij\u00e4hriges Masterstudium) und ein Promotionsstudium (dritter Studienzyklus, vier Jahre).&nbsp;<br \/>\n&nbsp;<br \/>\n<a title=\"\" href=\"https:\/\/www.youtube.com\/watch?v=lpGOf25ph8M\">\u00dcber die Technische Universit\u00e4t Bia\u0142ystok<\/a><br \/>\n&nbsp;<br \/>\nAn der Technischen Universit\u00e4t Bia\u0142ystok gibt es fast 60 studentische Interessengemeinschaften. Sie bieten die M\u00f6glichkeit, originelle Projekte und Ideen zu verwirklichen, von elektronischen Systemen bis hin zu Formula Student-Rennwagen. Sie forschen in Zusammenarbeit mit Mentoren, wie z. B. das Projekt GeoCon f\u00fcr innovative Baumaterialien. Sie erstellen wissenschaftliche Artikel oder andere wertvolle Studien, wie den &#8220;Guide to wooden Podlasie&#8221;, der das architektonische Erbe unserer Region bekannt macht. Die Technische Universit\u00e4t Bia\u0142ystok gibt den Studierenden auch die M\u00f6glichkeit, ihre eigenen originellen Projekte und Ideen zu verwirklichen.<br \/>\n&nbsp;<br \/>\nWissenschaftsklubs der Technischen Universit\u00e4t Bia\u0142ystok:<br \/>\n&nbsp;<br \/>\n<a title=\"\" href=\"https:\/\/www.youtube.com\/playlist?list=PLSWFQy6lDc77rY_YX2iTjXO-e0stzxIy_\">Wissenschaftliche Clubs<\/a><br \/>\n&nbsp;<br \/>\nSch\u00fcler sprechen \u00fcber ihr Studium an der Technischen Universit\u00e4t Bia\u0142ystok:<br \/>\n&nbsp;<br \/>\n<a title=\"\" href=\"https:\/\/www.youtube.com\/playlist?list=PLSWFQy6lDc76Gs0OV9N9Gg2IHSsuqFiQw\">\u00dcber das Studium&#8230;<\/a><\/p>\n","protected":false},"excerpt":{"rendered":"<p>ALOPB ist eine kostenlose, nicht-staatliche weiterf\u00fchrende Schule f\u00fcr 14- bis 18-J\u00e4hrige, die nach den Regeln<\/p>\n","protected":false},"author":107,"featured_media":0,"parent":961,"menu_order":3,"comment_status":"closed","ping_status":"closed","template":"","meta":{"_acf_changed":false,"ngg_post_thumbnail":0,"footnotes":""},"class_list":["post-1205","page","type-page","status-publish","hentry"],"acf":[],"_links":{"self":[{"href":"https:\/\/pb.edu.pl\/mint\/wp-json\/wp\/v2\/pages\/1205","targetHints":{"allow":["GET"]}}],"collection":[{"href":"https:\/\/pb.edu.pl\/mint\/wp-json\/wp\/v2\/pages"}],"about":[{"href":"https:\/\/pb.edu.pl\/mint\/wp-json\/wp\/v2\/types\/page"}],"author":[{"embeddable":true,"href":"https:\/\/pb.edu.pl\/mint\/wp-json\/wp\/v2\/users\/107"}],"replies":[{"embeddable":true,"href":"https:\/\/pb.edu.pl\/mint\/wp-json\/wp\/v2\/comments?post=1205"}],"version-history":[{"count":0,"href":"https:\/\/pb.edu.pl\/mint\/wp-json\/wp\/v2\/pages\/1205\/revisions"}],"up":[{"embeddable":true,"href":"https:\/\/pb.edu.pl\/mint\/wp-json\/wp\/v2\/pages\/961"}],"wp:attachment":[{"href":"https:\/\/pb.edu.pl\/mint\/wp-json\/wp\/v2\/media?parent=1205"}],"curies":[{"name":"wp","href":"https:\/\/api.w.org\/{rel}","templated":true}]}}