{"id":989,"date":"2022-02-08T23:20:18","date_gmt":"2022-02-08T22:20:18","guid":{"rendered":"https:\/\/pb.edu.pl\/metroliga\/?page_id=989"},"modified":"2026-03-09T14:24:10","modified_gmt":"2026-03-09T13:24:10","slug":"kontakt","status":"publish","type":"page","link":"https:\/\/pb.edu.pl\/metroliga\/kontakt\/","title":{"rendered":"Kontakt"},"content":{"rendered":"<div class=\"text-center\">\n<div class=\"lead\">\n <i class=\"fal fa-mobile\"><\/i> (+48) 797 994 904 (Politechnika Bia\u0142ostocka)<\/p>\n<p> <i class=\"fal fa-envelope\"><\/i> <a href=\"#\" rel=\"nofollow\"  onclick=\"this.href='mailto:' + 'metroliga' + '@' + 'pb.edu.pl'\">metroliga [at] pb.edu.pl<\/a>\n<\/div>\n<div class=\"h2\">Sk\u0142ad Komisji<\/div>\n<div class=\"lead\">\ndr in\u017c. Anna Maria Bia\u0142ostocka &#8211; Politechnika Bia\u0142ostocka, Wydzia\u0142 Elektryczny<br \/>\nmgr in\u017c. Konrad Dereszewski &#8211; Okr\u0119gowy Urz\u0105d Miar w Bia\u0142ymstoku, Wydzia\u0142 Legalizacji<br \/>\ndr hab. Monika Kalinowska, prof. PB &#8211; Politechnika Bia\u0142ostocka,  Wydzia\u0142 Budownictwa i Nauk o \u015arodowisku<br \/>\nmgr in\u017c. Gabriela Mas\u0142owska &#8211; Okr\u0119gowy Urz\u0105d Miar w Bia\u0142ymstoku, Wydzia\u0142 Us\u0142ug Metrologicznych<br \/>\nin\u017c. Joanna Pop\u0142awska &#8211; Okr\u0119gowy Urz\u0105d Miar w Bia\u0142ymstoku, Wydzia\u0142 Legalizacji<br \/>\ndr hab. Mariola Samsonowicz, prof. PB &#8211; Politechnika Bia\u0142ostocka, Wydzia\u0142 Budownictwa i Nauk o \u015arodowisku<br \/>\ndr in\u017c. Adam Steckiewicz &#8211; Politechnika Bia\u0142ostocka, Wydzia\u0142 Elektryczny<br \/>\ndr hab. in\u017c. Grzegorz \u015awiderski, prof. PB &#8211; Politechnika Bia\u0142ostocka, Wydzia\u0142 Budownictwa i Nauk o \u015arodowisku<br \/>\ndr hab. in\u017c. Wojciech Walendziuk, prof. PB &#8211; Politechnika Bia\u0142ostocka, Wydzia\u0142 Elektryczny\n<\/div>\n","protected":false},"excerpt":{"rendered":"<p>(+48) 797 994 904 (Politechnika Bia\u0142ostocka) Sk\u0142ad Komisji dr in\u017c. Anna Maria Bia\u0142ostocka &#8211; Politechnika<\/p>\n","protected":false},"author":2,"featured_media":0,"parent":0,"menu_order":6,"comment_status":"closed","ping_status":"closed","template":"","meta":{"_acf_changed":false,"ngg_post_thumbnail":0,"footnotes":""},"class_list":["post-989","page","type-page","status-publish","hentry"],"acf":[],"_links":{"self":[{"href":"https:\/\/pb.edu.pl\/metroliga\/wp-json\/wp\/v2\/pages\/989","targetHints":{"allow":["GET"]}}],"collection":[{"href":"https:\/\/pb.edu.pl\/metroliga\/wp-json\/wp\/v2\/pages"}],"about":[{"href":"https:\/\/pb.edu.pl\/metroliga\/wp-json\/wp\/v2\/types\/page"}],"author":[{"embeddable":true,"href":"https:\/\/pb.edu.pl\/metroliga\/wp-json\/wp\/v2\/users\/2"}],"replies":[{"embeddable":true,"href":"https:\/\/pb.edu.pl\/metroliga\/wp-json\/wp\/v2\/comments?post=989"}],"version-history":[{"count":3,"href":"https:\/\/pb.edu.pl\/metroliga\/wp-json\/wp\/v2\/pages\/989\/revisions"}],"predecessor-version":[{"id":1881,"href":"https:\/\/pb.edu.pl\/metroliga\/wp-json\/wp\/v2\/pages\/989\/revisions\/1881"}],"wp:attachment":[{"href":"https:\/\/pb.edu.pl\/metroliga\/wp-json\/wp\/v2\/media?parent=989"}],"curies":[{"name":"wp","href":"https:\/\/api.w.org\/{rel}","templated":true}]}}