{"id":978,"date":"2022-02-08T23:08:31","date_gmt":"2022-02-08T22:08:31","guid":{"rendered":"https:\/\/pb.edu.pl\/metroliga\/?page_id=978"},"modified":"2026-02-09T23:11:11","modified_gmt":"2026-02-09T22:11:11","slug":"regulamin","status":"publish","type":"page","link":"https:\/\/pb.edu.pl\/metroliga\/regulamin\/","title":{"rendered":"Regulamin"},"content":{"rendered":"<p><a  class=\"pdf\" href=\"https:\/\/pb.edu.pl\/metroliga\/wp-content\/uploads\/sites\/79\/2026\/02\/Regulamin-Metroliga-Zalacznik-2.pdf\" target=\"_blank\" data-id=\"1830\" ><strong>Regulamin Konkursu Wiedzy o Metrologii \u2013 METROLIGA<\/strong> &#8211; Za\u0142\u0105cznik Nr 2 do Zarz\u0105dzenia Nr 18\/2026 Rektora PB <span>(PDF, 273 KB, otworzy si\u0119 w nowej karcie)<\/span><\/a><br \/>\n&nbsp;<br \/>\n<a title=\"pobierz plik\" class=\"docx\" href=\"https:\/\/pb.edu.pl\/metroliga\/wp-content\/uploads\/sites\/79\/2026\/02\/Zgloszenie-uczestnictwa-Zalacznik-1.docx\"  data-id=\"1831\" ><strong>Zg\u0142oszenie uczestnik\u00f3w do Konkursu Wiedzy o Metrologii &#8211; METROLIGA<\/strong> &#8211; Za\u0142\u0105cznik Nr 1 do Zarz\u0105dzenia Nr 18\/2026 Rektora PB <span>(DOCX, 39 KB)<\/span><\/a><\/p>\n<p><a  class=\"pdf\" href=\"https:\/\/pb.edu.pl\/metroliga\/wp-content\/uploads\/sites\/79\/2026\/02\/Zgloszenie-uczestnictwa-Zalacznik-1.pdf\" target=\"_blank\" data-id=\"1833\" ><strong>Zg\u0142oszenie uczestnik\u00f3w do Konkursu Wiedzy o Metrologii &#8211; METROLIGA<\/strong> &#8211; Za\u0142\u0105cznik Nr 1 do Zarz\u0105dzenia Nr 18\/2026 Rektora PB <span>(PDF, 132 KB, otworzy si\u0119 w nowej karcie)<\/span><\/a><br \/>\n&nbsp;<br \/>\n<a  class=\"pdf\" href=\"https:\/\/pb.edu.pl\/metroliga\/wp-content\/uploads\/sites\/79\/2026\/02\/Zarzadzenie-nr-18-2026.pdf\" target=\"_blank\" data-id=\"1834\" >Zarz\u0105dzenie nr 18\/2026 Rektora Politechniki Bia\u0142ostockiej z dnia 4 lutego 2026 roku <span>(PDF, 436 KB, otworzy si\u0119 w nowej karcie)<\/span><\/a><\/p>\n","protected":false},"excerpt":{"rendered":"<p>Regulamin Konkursu Wiedzy o Metrologii \u2013 METROLIGA &#8211; Za\u0142\u0105cznik Nr 2 do Zarz\u0105dzenia Nr 18\/2026<\/p>\n","protected":false},"author":2,"featured_media":0,"parent":0,"menu_order":0,"comment_status":"closed","ping_status":"closed","template":"","meta":{"_acf_changed":false,"ngg_post_thumbnail":0,"footnotes":""},"class_list":["post-978","page","type-page","status-publish","hentry"],"acf":[],"_links":{"self":[{"href":"https:\/\/pb.edu.pl\/metroliga\/wp-json\/wp\/v2\/pages\/978","targetHints":{"allow":["GET"]}}],"collection":[{"href":"https:\/\/pb.edu.pl\/metroliga\/wp-json\/wp\/v2\/pages"}],"about":[{"href":"https:\/\/pb.edu.pl\/metroliga\/wp-json\/wp\/v2\/types\/page"}],"author":[{"embeddable":true,"href":"https:\/\/pb.edu.pl\/metroliga\/wp-json\/wp\/v2\/users\/2"}],"replies":[{"embeddable":true,"href":"https:\/\/pb.edu.pl\/metroliga\/wp-json\/wp\/v2\/comments?post=978"}],"version-history":[{"count":4,"href":"https:\/\/pb.edu.pl\/metroliga\/wp-json\/wp\/v2\/pages\/978\/revisions"}],"predecessor-version":[{"id":1839,"href":"https:\/\/pb.edu.pl\/metroliga\/wp-json\/wp\/v2\/pages\/978\/revisions\/1839"}],"wp:attachment":[{"href":"https:\/\/pb.edu.pl\/metroliga\/wp-json\/wp\/v2\/media?parent=978"}],"curies":[{"name":"wp","href":"https:\/\/api.w.org\/{rel}","templated":true}]}}