{"id":976,"date":"2022-02-08T23:07:47","date_gmt":"2022-02-08T22:07:47","guid":{"rendered":"https:\/\/pb.edu.pl\/metroliga\/?page_id=976"},"modified":"2026-04-13T23:11:58","modified_gmt":"2026-04-13T21:11:58","slug":"sponsorzy-patroni-i-partnerzy","status":"publish","type":"page","link":"https:\/\/pb.edu.pl\/metroliga\/sponsorzy-patroni-i-partnerzy\/","title":{"rendered":"Sponsorzy, Patroni i Partnerzy"},"content":{"rendered":"<p>&nbsp;<\/p>\n<div class=\"text-center\">\n<!--\n\n\n<div class=\"h1\">Sponsorzy:<\/div>\n\n\n\n\n\n<div class=\"h1\">Sponsor srebrny<\/div>\n\n\n&nbsp;\n\n\n<div class=\"organizer-logos\"><a class=\"organizer-logos-item\" title=\"otworzy si\u0119 w nowej karcie\" href=\"https:\/\/biaform.com.pl\/\" target=\"_blank\" rel=\"noopener\"><img decoding=\"async\" src=\"https:\/\/pb.edu.pl\/metroliga\/wp-content\/uploads\/sites\/79\/2022\/04\/biaform-logo-300px.png\" alt=\"Biaform SA logo\"><\/a>\n<a class=\"organizer-logos-item\" title=\"otworzy si\u0119 w nowej karcie\" href=\"https:\/\/bs.bialystok.pl\/\" target=\"_blank\" rel=\"noopener\"><img decoding=\"async\" src=\"https:\/\/pb.edu.pl\/metroliga\/wp-content\/uploads\/sites\/79\/2022\/04\/LOGO_BS.jpg\" alt=\"Bank Sp\u00f3\u0142dzielczy w Bia\u0142ymstoku logo\"><\/a>\n<a class=\"organizer-logos-item\" title=\"otworzy si\u0119 w nowej karcie\" href=\"https:\/\/www.enea.pl\/pl\/enea-cieplo\" target=\"_blank\" rel=\"noopener\"><img decoding=\"async\" src=\"https:\/\/pb.edu.pl\/metroliga\/wp-content\/uploads\/sites\/79\/2022\/04\/enea.jpg\" alt=\"Enea Ciep\u0142o Sp. z o.o. logo\"><\/a>\n<a class=\"organizer-logos-item\" title=\"otworzy si\u0119 w nowej karcie\" href=\"https:\/\/lantechnika.pl\/\" target=\"_blank\" rel=\"noopener\"><img decoding=\"async\" src=\"https:\/\/pb.edu.pl\/metroliga\/wp-content\/uploads\/sites\/79\/2023\/05\/LanTechnika-logo_nowe.png\" alt=\"LanTechnika logo\"><\/a><\/div>\n\n\n\n\n<div class=\"h1\">Sponsor br\u0105zowy<\/div>\n\n\n&nbsp;\n\n\n<div class=\"organizer-logos image\"><a class=\"partnerzy-logos-item\" href=\"\/metroliga\/sponsorzy-patroni-i-partnerzy\/eti\/\"><img decoding=\"async\" src=\"https:\/\/pb.edu.pl\/metroliga\/wp-content\/uploads\/sites\/79\/2023\/05\/ETI-Logo-Slogan-ANG-RGB.png\" alt=\"ETI logo logo\"><\/a>\n<a class=\"organizer-logos-item\" title=\"otworzy si\u0119 w nowej karcie\" href=\"https:\/\/bit-sa.pl\/\" target=\"_blank\" rel=\"noopener\"><img decoding=\"async\" src=\"https:\/\/pb.edu.pl\/metroliga\/wp-content\/uploads\/sites\/79\/2022\/04\/bit.png\" alt=\"BIT S.A.\"><\/a>\n<a class=\"organizer-logos-item\" title=\"otworzy si\u0119 w nowej karcie\" href=\"https:\/\/inforoffice.pl\/\" target=\"_blank\" rel=\"noopener\"><img loading=\"lazy\" decoding=\"async\" src=\"https:\/\/pb.edu.pl\/metroliga\/wp-content\/uploads\/sites\/79\/2023\/05\/inforoffice_logo.jpg\" alt=\"inforoffice logo\" width=\"1224\" height=\"656\" class=\"alignleft size-full wp-image-1474\" srcset=\"https:\/\/pb.edu.pl\/metroliga\/wp-content\/uploads\/sites\/79\/2023\/05\/inforoffice_logo.jpg 1224w, https:\/\/pb.edu.pl\/metroliga\/wp-content\/uploads\/sites\/79\/2023\/05\/inforoffice_logo-300x161.jpg 300w, https:\/\/pb.edu.pl\/metroliga\/wp-content\/uploads\/sites\/79\/2023\/05\/inforoffice_logo-1024x549.jpg 1024w, https:\/\/pb.edu.pl\/metroliga\/wp-content\/uploads\/sites\/79\/2023\/05\/inforoffice_logo-768x412.jpg 768w\" sizes=\"auto, (max-width: 1224px) 100vw, 1224px\" \/><\/a><\/div>\n\n\n\n\n\n<div class=\"organizer-logos\"><a class=\"organizer-logos-item\" title=\"otworzy si\u0119 w nowej karcie\" href=\"https:\/\/bit-sa.pl\/\" target=\"_blank\" rel=\"noopener\"><img decoding=\"async\" src=\"https:\/\/pb.edu.pl\/metroliga\/wp-content\/uploads\/sites\/79\/2022\/04\/bit.png\" alt=\"BIT S.A.\"><\/a>\n<a class=\"organizer-logos-item\" title=\"otworzy si\u0119 w nowej karcie\" href=\"https:\/\/www.plum.pl\/\" target=\"_blank\" rel=\"noopener\"><img decoding=\"async\" src=\"https:\/\/pb.edu.pl\/metroliga\/wp-content\/uploads\/sites\/79\/2022\/04\/plum.png\" alt=\"Plum Sp. z o.o.\"><\/a>\n<a class=\"organizer-logos-item\" title=\"otworzy si\u0119 w nowej karcie\" href=\"https:\/\/www.smpcorp.com\/en\" target=\"_blank\" rel=\"noopener\"><img decoding=\"async\" src=\"https:\/\/pb.edu.pl\/metroliga\/wp-content\/uploads\/sites\/79\/2022\/04\/smp_poland.png\" alt=\"SMP Poland Sp. z o.o.\"><\/a><\/div>\n\n\n\n\n<div class=\"organizer-logos\"><a class=\"organizer-logos-item\" title=\"otworzy si\u0119 w nowej karcie\" href=\"http:\/\/www.aps.pl\/pl\/\" target=\"_blank\" rel=\"noopener\"><img decoding=\"async\" src=\"https:\/\/pb.edu.pl\/metroliga\/wp-content\/uploads\/sites\/79\/2022\/04\/aps.png\" alt=\"APS Automatyka-Pomiary-Sterowanie S.A.\"><\/a>\n<a class=\"organizer-logos-item\" title=\"otworzy si\u0119 w nowej karcie\" href=\"https:\/\/www.enea.pl\/pl\/enea-cieplo\" target=\"_blank\" rel=\"noopener\"><img decoding=\"async\" src=\"https:\/\/pb.edu.pl\/metroliga\/wp-content\/uploads\/sites\/79\/2022\/04\/enea.jpg\" alt=\"Enea Ciep\u0142o Sp. z o.o.\"><\/a>\n<a class=\"organizer-logos-item\" title=\"otworzy si\u0119 w nowej karcie\" href=\"https:\/\/biaform.com.pl\/\" target=\"_blank\" rel=\"noopener\"><img decoding=\"async\" src=\"https:\/\/pb.edu.pl\/metroliga\/wp-content\/uploads\/sites\/79\/2022\/04\/biaform-logo-300px.png\" alt=\"Biaform SA\"><\/a>\n<a class=\"organizer-logos-item\" title=\"otworzy si\u0119 w nowej karcie\" href=\"https:\/\/jazon.com.pl\/\" target=\"_blank\" rel=\"noopener\"><img decoding=\"async\" src=\"https:\/\/pb.edu.pl\/metroliga\/wp-content\/uploads\/sites\/79\/2022\/04\/jazon-logo.jpg\" alt=\"JAZON\"><\/a><\/div>\n\n\n\n\n<div class=\"organizer-logos\"><a class=\"organizer-logos-item\" title=\"otworzy si\u0119 w nowej karcie\" href=\"https:\/\/bs.bialystok.pl\/\" target=\"_blank\" rel=\"noopener\"><img decoding=\"async\" src=\"https:\/\/pb.edu.pl\/metroliga\/wp-content\/uploads\/sites\/79\/2022\/04\/LOGO_BS.jpg\" alt=\"Bank Sp\u00f3\u0142dzielczy w Bia\u0142ymstoku\"><\/a><\/div>\n\n\n--><\/p>\n<div class=\"h1\">Patroni Honorowi:<\/div>\n<div class=\"organizer-logos\">\n<a class=\"partnerzy-logos-item\" title=\"otworzy si\u0119 w nowej karcie\" href=\"https:\/\/pb.edu.pl\/\" target=\"_blank\" rel=\"noopener\"><img decoding=\"async\" src=\"https:\/\/pb.edu.pl\/metroliga\/wp-content\/uploads\/sites\/79\/2024\/02\/logo-Patronat-Rektor-PB-kolor-podstawowy-na-bialym_200px.jpg\" alt=\"Patronat Rektor Politechniki Bia\u0142ostockiej\" style=\"padding: 45px 0 45px 0;\"><\/a><br \/>\n<a class=\"partnerzy-logos-item\" title=\"otworzy si\u0119 w nowej karcie\" href=\"https:\/\/gum.gov.pl\/\" target=\"_blank\" rel=\"noopener\"><img loading=\"lazy\" decoding=\"async\" class=\"aligncenter size-full wp-image-1233\" style=\"padding: 40px 40px 20px 40px;\" src=\"https:\/\/pb.edu.pl\/metroliga\/wp-content\/uploads\/sites\/79\/2022\/04\/LogoGUM2018.jpg\" alt=\"Logo G\u0142\u00f3wnego Urz\u0119du Miar\" width=\"211\" height=\"107\"><span class=\"h4 text-center\">Prezes G\u0142\u00f3wnego Urz\u0119du Miar<\/span><\/a><br \/>\n<a class=\"partnerzy-logos-item\" title=\"otworzy si\u0119 w nowej karcie\" href=\"https:\/\/www.gov.pl\/web\/premier\/marcin-kulasek\" target=\"_blank\" rel=\"noopener\"><img decoding=\"async\" src=\"https:\/\/pb.edu.pl\/metroliga\/wp-content\/uploads\/sites\/79\/2025\/03\/01_znak_siatka_podstawowy_kolor_biale_tlo.png\" alt=\"logo Minister Nauki i Szkolnictwa Wy\u017cszego\" style=\"padding: 40px;\"><\/a><br \/>\n<a class=\"partnerzy-logos-item\" title=\"otworzy si\u0119 w nowej karcie\" href=\"https:\/\/podlaskie.eu\/urzad\/zarzad\/zarzad-wojewodztwa-podlaskiego.html\" target=\"_blank\" rel=\"noopener\"><img loading=\"lazy\" decoding=\"async\" src=\"https:\/\/pb.edu.pl\/metroliga\/wp-content\/uploads\/sites\/79\/2026\/03\/Herb-z-podpisem.png\" alt=\"patronat Marsza\u0142ka Wojew\u00f3dztwa Podlaskiego\" width=\"940\" height=\"1154\" class=\"alignnone size-full wp-image-1865\" srcset=\"https:\/\/pb.edu.pl\/metroliga\/wp-content\/uploads\/sites\/79\/2026\/03\/Herb-z-podpisem.png 940w, https:\/\/pb.edu.pl\/metroliga\/wp-content\/uploads\/sites\/79\/2026\/03\/Herb-z-podpisem-244x300.png 244w, https:\/\/pb.edu.pl\/metroliga\/wp-content\/uploads\/sites\/79\/2026\/03\/Herb-z-podpisem-834x1024.png 834w, https:\/\/pb.edu.pl\/metroliga\/wp-content\/uploads\/sites\/79\/2026\/03\/Herb-z-podpisem-768x943.png 768w\" sizes=\"auto, (max-width: 940px) 100vw, 940px\" \/><\/a><br \/>\n<a class=\"partnerzy-logos-item\" title=\"otworzy si\u0119 w nowej karcie\" href=\"https:\/\/kuratorium.bialystok.pl\/\" target=\"_blank\" rel=\"noopener\"><img loading=\"lazy\" decoding=\"async\" src=\"https:\/\/pb.edu.pl\/metroliga\/wp-content\/uploads\/sites\/79\/2026\/03\/logo-pko.jpg\" alt=\"logo Podlaski Kurator O\u015bwiaty\" width=\"422\" height=\"473\" class=\"aligncenter size-full wp-image-1878\" srcset=\"https:\/\/pb.edu.pl\/metroliga\/wp-content\/uploads\/sites\/79\/2026\/03\/logo-pko.jpg 422w, https:\/\/pb.edu.pl\/metroliga\/wp-content\/uploads\/sites\/79\/2026\/03\/logo-pko-268x300.jpg 268w\" sizes=\"auto, (max-width: 422px) 100vw, 422px\" \/><\/a><br \/>\n<a class=\"organizer-logos-item\" title=\"otworzy si\u0119 w nowej karcie\" href=\"https:\/\/pum.pollub.pl\/\" target=\"_blank\" rel=\"noopener\"><img decoding=\"async\" class=\"aligncenter size-full wp-image-1224\" src=\"https:\/\/pb.edu.pl\/metroliga\/wp-content\/uploads\/sites\/79\/2024\/04\/LOGO-PUM-NOWE-JPG.jpg\" alt=\"logo Polska Unia Metrologiczna\"\"><\/a>\n<\/div>\n<p><!--  \n<a class=\"partnerzy-logos-item\" title=\"otworzy si\u0119 w nowej karcie\" href=\"https:\/\/kuratorium.bialystok.pl\/\" target=\"_blank\" rel=\"noopener\"><img decoding=\"async\" src=\"https:\/\/pb.edu.pl\/metroliga\/wp-content\/uploads\/sites\/79\/2024\/05\/kuratorium.png\" alt=\"Kuratorium O\u015bwiaty w Bia\u0142ymstoku\"><\/a>\n<a class=\"partnerzy-logos-item\" title=\"otworzy si\u0119 w nowej karcie\" href=\"https:\/\/gum.gov.pl\/\" target=\"_blank\" rel=\"noopener\"><img loading=\"lazy\" decoding=\"async\" class=\"aligncenter size-full wp-image-1233\" style=\"padding: 20px;\" src=\"https:\/\/pb.edu.pl\/metroliga\/wp-content\/uploads\/sites\/79\/2022\/04\/LogoGUM2018.jpg\" alt=\"Logo G\u0142\u00f3wnego Urz\u0119du Miar\" width=\"211\" height=\"107\"><span class=\"h3 text-center\">Prezes G\u0142\u00f3wnego Urz\u0119du Miar<\/span><\/a> <\/div>\n\n --><br \/>\n<div class=\"row\">\n<!-- &#091;column md=\"3\"&#093;\n\n\n<div class=\"h1\">Partner g\u0142\u00f3wny:<\/div>\n\n\n\n\n<div class=\"organizer-logos\"><a class=\"big-logos-item\" title=\"otworzy si\u0119 w nowej karcie\" href=\"https:\/\/www.wrotapodlasia.pl\/\" target=\"_blank\" rel=\"noopener\" style=\"padding: 0\"><img loading=\"lazy\" decoding=\"async\" width=\"975\" height=\"639\" class=\"aligncenter size-full wp-image-1224\" src=\"https:\/\/pb.edu.pl\/metroliga\/wp-content\/uploads\/sites\/79\/2022\/04\/logo_podlaskie.jpg\" alt=\"logo Wojew\u00f3dztwa Podlaskiego\" srcset=\"https:\/\/pb.edu.pl\/metroliga\/wp-content\/uploads\/sites\/79\/2022\/04\/logo_podlaskie.jpg 975w, https:\/\/pb.edu.pl\/metroliga\/wp-content\/uploads\/sites\/79\/2022\/04\/logo_podlaskie-300x197.jpg 300w, https:\/\/pb.edu.pl\/metroliga\/wp-content\/uploads\/sites\/79\/2022\/04\/logo_podlaskie-768x503.jpg 768w\" sizes=\"auto, (max-width: 975px) 100vw, 975px\" \/><\/a><\/div>\n\n\n&#091;\/column&#093; --><br \/>\n<div class=\"col-md-12\">\n<div class=\"h1\">Partnerzy:<\/div>\n<div class=\"organizer-logos\"><a class=\"organizer-small-logos-item\" href=\"https:\/\/we.pb.edu.pl\/\"><img loading=\"lazy\" decoding=\"async\" class=\"aligncenter size-full wp-image-1224\" src=\"https:\/\/pb.edu.pl\/metroliga\/wp-content\/uploads\/sites\/79\/2024\/03\/logo-WE-PB-wersja-uproszczona-kolor-podstawowy-zoom.webp\" alt=\"logo Wydzia\u0142u Elektrycznego Politechniki Bia\u0142ostockiej\" width=\"975\" height=\"639\"><\/a><br \/>\n<a class=\"organizer-small-logos-item\" href=\"https:\/\/we.pb.edu.pl\/\"><img loading=\"lazy\" decoding=\"async\" class=\"aligncenter size-full wp-image-1224\" src=\"https:\/\/pb.edu.pl\/metroliga\/wp-content\/uploads\/sites\/79\/2022\/04\/ptetis.png\" alt=\"logo PTETIS Bia\u0142ystok\" width=\"975\" height=\"639\"><\/a><\/div>\n<\/div>\n<\/div>\n&nbsp;<\/p>\n<p><!--\n&nbsp;\n\n\n<div class=\"organizer-logos\"><a class=\"partnerzy-logos-item\" title=\"otworzy si\u0119 w nowej karcie\" href=\"https:\/\/www.bialystok.pl\/\" target=\"_blank\" rel=\"noopener\"><img decoding=\"async\" src=\"https:\/\/pb.edu.pl\/metroliga\/wp-content\/uploads\/sites\/79\/2022\/04\/bialystok.png\" alt=\"Miasto Bia\u0142ystok\"><\/a><\/div>\n\n\n--><\/p>\n<div class=\"h1\">Patroni medialni:<\/div>\n<div class=\"organizer-logos\"><a class=\"organizer-logos-item\" title=\"otworzy si\u0119 w nowej karcie\" href=\"https:\/\/akadera.bialystok.pl\/\" target=\"_blank\" rel=\"noopener\"><img decoding=\"async\" src=\"https:\/\/pb.edu.pl\/metroliga\/wp-content\/uploads\/sites\/79\/2023\/03\/logo-akadera.png\" alt=\"Radio Akadera\" \/><\/a><br \/>\n<a class=\"organizer-logos-item\" title=\"otworzy si\u0119 w nowej karcie\" href=\"https:\/\/osrodki.pionier.tv\/wideo\/biaman\/\" target=\"_blank\" rel=\"noopener\"><img loading=\"lazy\" decoding=\"async\" src=\"https:\/\/pb.edu.pl\/metroliga\/wp-content\/uploads\/sites\/79\/2023\/03\/logo-platontv.png\" alt=\"logo Platon tv\" width=\"274\" height=\"69\" class=\"alignnone size-full wp-image-1392\" \/><\/a><br \/>\n<a class=\"organizer-logos-item\" title=\"otworzy si\u0119 w nowej karcie\" href=\"https:\/\/www.radio.bialystok.pl\/\" target=\"_blank\" rel=\"noopener\"><img loading=\"lazy\" decoding=\"async\" src=\"https:\/\/pb.edu.pl\/metroliga\/wp-content\/uploads\/sites\/79\/2023\/03\/logo-radio-bialystok.png\" alt=\"logo Radio Bialystok\" width=\"190\" height=\"95\" class=\"alignnone size-full wp-image-1395\" \/><\/a><br \/>\n<a class=\"organizer-logos-item\" title=\"otworzy si\u0119 w nowej karcie\" href=\"https:\/\/bialystok.tvp.pl\/\" target=\"_blank\" rel=\"noopener\"><img loading=\"lazy\" decoding=\"async\" src=\"https:\/\/pb.edu.pl\/metroliga\/wp-content\/uploads\/sites\/79\/2023\/03\/TV-bialystok-logo.png\" alt=\"logo TV Bia\u0142ystok\" width=\"149\" height=\"88\" class=\"alignnone size-full wp-image-1379\" \/><\/a><\/p>\n<\/div>\n<p><!--\n<a class=\"organizer-logos-item\" title=\"otworzy si\u0119 w nowej karcie\" href=\"https:\/\/wspolczesna.pl\/\" target=\"_blank\" rel=\"noopener\"><img loading=\"lazy\" decoding=\"async\" src=\"https:\/\/pb.edu.pl\/metroliga\/wp-content\/uploads\/sites\/79\/2023\/03\/Gazeta_Wspolczesna_LOGO-1.jpg\" alt=\"Gazeta Wsp\u00f3\u0142czesna LOGO\" width=\"2071\" height=\"389\" class=\"alignnone size-full wp-image-1398\" srcset=\"https:\/\/pb.edu.pl\/metroliga\/wp-content\/uploads\/sites\/79\/2023\/03\/Gazeta_Wspolczesna_LOGO-1.jpg 2071w, https:\/\/pb.edu.pl\/metroliga\/wp-content\/uploads\/sites\/79\/2023\/03\/Gazeta_Wspolczesna_LOGO-1-300x56.jpg 300w, https:\/\/pb.edu.pl\/metroliga\/wp-content\/uploads\/sites\/79\/2023\/03\/Gazeta_Wspolczesna_LOGO-1-1024x192.jpg 1024w, https:\/\/pb.edu.pl\/metroliga\/wp-content\/uploads\/sites\/79\/2023\/03\/Gazeta_Wspolczesna_LOGO-1-768x144.jpg 768w, https:\/\/pb.edu.pl\/metroliga\/wp-content\/uploads\/sites\/79\/2023\/03\/Gazeta_Wspolczesna_LOGO-1-1536x289.jpg 1536w, https:\/\/pb.edu.pl\/metroliga\/wp-content\/uploads\/sites\/79\/2023\/03\/Gazeta_Wspolczesna_LOGO-1-2048x385.jpg 2048w\" sizes=\"auto, (max-width: 2071px) 100vw, 2071px\" \/><\/a>\n<a class=\"organizer-logos-item\" title=\"otworzy si\u0119 w nowej karcie\" href=\"https:\/\/poranny.pl\/\" target=\"_blank\" rel=\"noopener\"><img loading=\"lazy\" decoding=\"async\" src=\"https:\/\/pb.edu.pl\/metroliga\/wp-content\/uploads\/sites\/79\/2023\/03\/Kurier-Poranny-LOGO-scaled.jpg\" alt=\"Kurier Poranny LOGO\" width=\"2560\" height=\"481\" class=\"alignnone size-full wp-image-1400\" srcset=\"https:\/\/pb.edu.pl\/metroliga\/wp-content\/uploads\/sites\/79\/2023\/03\/Kurier-Poranny-LOGO-scaled.jpg 2560w, https:\/\/pb.edu.pl\/metroliga\/wp-content\/uploads\/sites\/79\/2023\/03\/Kurier-Poranny-LOGO-300x56.jpg 300w, https:\/\/pb.edu.pl\/metroliga\/wp-content\/uploads\/sites\/79\/2023\/03\/Kurier-Poranny-LOGO-1024x192.jpg 1024w, https:\/\/pb.edu.pl\/metroliga\/wp-content\/uploads\/sites\/79\/2023\/03\/Kurier-Poranny-LOGO-768x144.jpg 768w, https:\/\/pb.edu.pl\/metroliga\/wp-content\/uploads\/sites\/79\/2023\/03\/Kurier-Poranny-LOGO-1536x288.jpg 1536w, https:\/\/pb.edu.pl\/metroliga\/wp-content\/uploads\/sites\/79\/2023\/03\/Kurier-Poranny-LOGO-2048x385.jpg 2048w\" sizes=\"auto, (max-width: 2560px) 100vw, 2560px\" \/><\/a>\n--><\/p>\n<p><!--\n&nbsp;\n\n\n<div class=\"organizer-logos\"><a class=\"organizer-logos-item\" title=\"otworzy si\u0119 w nowej karcie\" href=\"https:\/\/osrodki.pionier.tv\/wideo\/biaman\/\" target=\"_blank\" rel=\"noopener\"><img loading=\"lazy\" decoding=\"async\" src=\"https:\/\/pb.edu.pl\/metroliga\/wp-content\/uploads\/sites\/79\/2023\/03\/logo-platontv.png\" alt=\"logo Platon tv\" width=\"274\" height=\"69\" class=\"alignnone size-full wp-image-1392\" \/><\/a>\n<a class=\"organizer-logos-item\" title=\"otworzy si\u0119 w nowej karcie\" href=\"https:\/\/akadera.bialystok.pl\/\" target=\"_blank\" rel=\"noopener\"><img decoding=\"async\" src=\"https:\/\/pb.edu.pl\/metroliga\/wp-content\/uploads\/sites\/79\/2023\/03\/logo-akadera.png\" alt=\"Radio Akadera\" \/><\/a><\/div>\n\n\n\n\n<div class=\"organizer-logos\"><a class=\"organizer-logos-item\" title=\"otworzy si\u0119 w nowej karcie\" href=\"https:\/\/www.radio.bialystok.pl\/\" target=\"_blank\" rel=\"noopener\"><img loading=\"lazy\" decoding=\"async\" src=\"https:\/\/pb.edu.pl\/metroliga\/wp-content\/uploads\/sites\/79\/2023\/03\/logo-radio-bialystok.png\" alt=\"logo Radio Bialystok\" width=\"190\" height=\"95\" class=\"alignnone size-full wp-image-1395\" \/><\/a>\n<a class=\"organizer-logos-item\" title=\"otworzy si\u0119 w nowej karcie\" href=\"https:\/\/bialystok.tvp.pl\/\" target=\"_blank\" rel=\"noopener\"><img loading=\"lazy\" decoding=\"async\" src=\"https:\/\/pb.edu.pl\/metroliga\/wp-content\/uploads\/sites\/79\/2023\/03\/TV-bialystok-logo.png\" alt=\"logo TV Bia\u0142ystok\" width=\"149\" height=\"88\" class=\"alignnone size-full wp-image-1379\" \/><\/a><\/div>\n\n\n--><br \/>\n&nbsp;<\/p>\n<\/div>\n","protected":false},"excerpt":{"rendered":"<p>&nbsp; Patroni Honorowi: Prezes G\u0142\u00f3wnego Urz\u0119du Miar<\/p>\n","protected":false},"author":2,"featured_media":0,"parent":0,"menu_order":2,"comment_status":"closed","ping_status":"closed","template":"templates\/dzial.php","meta":{"_acf_changed":false,"ngg_post_thumbnail":0,"footnotes":""},"class_list":["post-976","page","type-page","status-publish","hentry"],"acf":[],"_links":{"self":[{"href":"https:\/\/pb.edu.pl\/metroliga\/wp-json\/wp\/v2\/pages\/976","targetHints":{"allow":["GET"]}}],"collection":[{"href":"https:\/\/pb.edu.pl\/metroliga\/wp-json\/wp\/v2\/pages"}],"about":[{"href":"https:\/\/pb.edu.pl\/metroliga\/wp-json\/wp\/v2\/types\/page"}],"author":[{"embeddable":true,"href":"https:\/\/pb.edu.pl\/metroliga\/wp-json\/wp\/v2\/users\/2"}],"replies":[{"embeddable":true,"href":"https:\/\/pb.edu.pl\/metroliga\/wp-json\/wp\/v2\/comments?post=976"}],"version-history":[{"count":34,"href":"https:\/\/pb.edu.pl\/metroliga\/wp-json\/wp\/v2\/pages\/976\/revisions"}],"predecessor-version":[{"id":1885,"href":"https:\/\/pb.edu.pl\/metroliga\/wp-json\/wp\/v2\/pages\/976\/revisions\/1885"}],"wp:attachment":[{"href":"https:\/\/pb.edu.pl\/metroliga\/wp-json\/wp\/v2\/media?parent=976"}],"curies":[{"name":"wp","href":"https:\/\/api.w.org\/{rel}","templated":true}]}}