{"id":968,"date":"2022-02-08T22:56:01","date_gmt":"2022-02-08T21:56:01","guid":{"rendered":"https:\/\/pb.edu.pl\/metroliga\/?page_id=968"},"modified":"2026-01-31T23:39:47","modified_gmt":"2026-01-31T22:39:47","slug":"o-konkursie","status":"publish","type":"page","link":"https:\/\/pb.edu.pl\/metroliga\/o-konkursie\/","title":{"rendered":"O konkursie"},"content":{"rendered":"<p>Do udzia\u0142u w og\u00f3lnopolskim <strong>Konkursie Wiedzy o Metrologii METROLIGA 2026 <\/strong>zapraszamy dru\u017cyny dwuosobowe, np. dw\u00f3ch uczni\u00f3w z tej samej klasy lub szko\u0142y ponadpodstawowej.<\/p>\n<p>Zapisy w terminie<strong> od 28 lutego 2026 r. do 27 kwietnia 2026 r.<\/strong> na stronie konkursu: <a href=\"https:\/\/pb.edu.pl\/metroliga\/\">METROLIGA 2026<\/a>.<\/p>\n<p><strong>Uwaga!<\/strong> Formularz zg\u0142oszeniowy wype\u0142nia osoba &#8211; Opiekun (nauczyciel z danej szko\u0142y), kt\u00f3ry jest wyznaczony w dalszej kolejno\u015bci do kontaktu mi\u0119dzy Organizatorem a uczestnikami konkursu.<\/p>\n<p>Wszelkie niezb\u0119dne informacje dotycz\u0105ce samego konkursu (harmonogram, regulamin, wymagane dokumenty) dost\u0119pne s\u0105 na <a href=\"https:\/\/pb.edu.pl\/metroliga\/\">stronie Organizatora<\/a>.<\/p>\n<div class=\"h3\">Atrakcyjne nagrody:<\/div>\n<p>Pierwsze trzy zespo\u0142y, kt\u00f3re zosta\u0142y zakwalifikowane do II i III etapu oraz zdoby\u0142y najwi\u0119ksz\u0105 liczb\u0105 punkt\u00f3w otrzymaj\u0105 atrakcyjne nagrody finansowe orz indeksy na studia:<\/p>\n<p><strong>I miejsce \u2013 3000 z\u0142<\/strong><\/p>\n<p><strong>II miejsce &#8211; 2000 z\u0142<\/strong><\/p>\n<p><strong>III miejsce \u2013 1500 z\u0142<\/strong><\/p>\n<p>Indeks na studia stacjonarne na wybrany kierunek prowadzony przez <strong>Wydzia\u0142 Elektryczny Politechniki Bia\u0142ostockiej<\/strong><\/p>\n<div class=\"h3\">Przebieg konkursu<\/div>\n<p>Na konkurs sk\u0142adaj\u0105 si\u0119 trzy etapy.<br \/>\n<strong><br \/>\nEtap I<\/strong> \u2013 opracowanie przez zesp\u00f3\u0142 plakatu: format A2, orientacja pionowa, dowolna technika wykonania, tematyka zwi\u0105zana z has\u0142em przewodnim bie\u017c\u0105cej edycji konkursu <strong>\u201eAI PRZYSZ\u0141O\u015aCI: ZMIERZONE, SPRAWDZONE, PEWNE\u201d<\/strong>. Plakaty nale\u017cy nades\u0142a\u0107 w wersji elektronicznej (rozdzielczo\u015b\u0107 minimalna 300 dpi) do dnia <strong>13 maja 2026r.<\/strong> na adres: <i class=\"fal fa-envelope\"><\/i> <a href=\"#\" rel=\"nofollow\"  onclick=\"this.href='mailto:' + 'metroliga' + '@' + 'pb.edu.pl'\">metroliga [at] pb.edu.pl<\/a>.<br \/>\nKomisja Konkursowa dokona oceny plakat\u00f3w i do dnia <strong>21 maja 2026 r.<\/strong> opublikuje list\u0119 os\u00f3b zakwalifikowanych do II i III etapu konkursu.&nbsp;<\/p>\n<p><strong>Etap II<\/strong> \u2013 test wiedzy odb\u0119dzie si\u0119 w dniu <strong>29 maja 2026 r.<\/strong> (pi\u0105tek) na Wydziale Elektrycznym Politechniki Bia\u0142ostockiej przy ulicy Wiejskiej 45D. B\u0119dzie on polega\u0142 na indywidualnym (ka\u017cdy cz\u0142onek zespo\u0142u) rozwi\u0105zaniu quizu obejmuj\u0105cego <a href=\"https:\/\/pb.edu.pl\/metroliga\/zagadnienia\/\">okre\u015blony wcze\u015bniej zakres zagadnie\u0144 z fizyki, chemii i metrologii<\/a>. Ka\u017cdy z uczestnik\u00f3w b\u0119dzie mia\u0142 dost\u0119p do przyk\u0142adowych zada\u0144 na stronie konkursu.<\/p>\n<p><strong>Etap III<\/strong> \u2013 cz\u0119\u015b\u0107 praktyczna odb\u0119dzie si\u0119 dnia <strong>29 maja 2026 r.<\/strong> (pi\u0105tek) w budynku Wydzia\u0142u Elektrycznego Politechniki Bia\u0142ostockiej przy ulicy Wiejskiej 45D. W tej cz\u0119\u015bci dwuosobowe zespo\u0142y b\u0119d\u0105 przeprowadza\u0107 pomiary i wykonywa\u0107 niezb\u0119dne obliczenia matematyczne. Konieczne jest posiadanie przez cz\u0142onk\u00f3w zespo\u0142u telefonu kom\u00f3rkowego z dost\u0119pem do Internetu.<\/p>\n<p>Czas trwania II i III etapu to oko\u0142o 2,5 godziny.<br \/>\n&nbsp;<\/p>\n","protected":false},"excerpt":{"rendered":"<p>Do udzia\u0142u w og\u00f3lnopolskim Konkursie Wiedzy o Metrologii METROLIGA 2026 zapraszamy dru\u017cyny dwuosobowe, np. dw\u00f3ch<\/p>\n","protected":false},"author":2,"featured_media":0,"parent":0,"menu_order":1,"comment_status":"closed","ping_status":"closed","template":"","meta":{"_acf_changed":false,"ngg_post_thumbnail":0,"footnotes":""},"class_list":["post-968","page","type-page","status-publish","hentry"],"acf":[],"_links":{"self":[{"href":"https:\/\/pb.edu.pl\/metroliga\/wp-json\/wp\/v2\/pages\/968","targetHints":{"allow":["GET"]}}],"collection":[{"href":"https:\/\/pb.edu.pl\/metroliga\/wp-json\/wp\/v2\/pages"}],"about":[{"href":"https:\/\/pb.edu.pl\/metroliga\/wp-json\/wp\/v2\/types\/page"}],"author":[{"embeddable":true,"href":"https:\/\/pb.edu.pl\/metroliga\/wp-json\/wp\/v2\/users\/2"}],"replies":[{"embeddable":true,"href":"https:\/\/pb.edu.pl\/metroliga\/wp-json\/wp\/v2\/comments?post=968"}],"version-history":[{"count":5,"href":"https:\/\/pb.edu.pl\/metroliga\/wp-json\/wp\/v2\/pages\/968\/revisions"}],"predecessor-version":[{"id":1815,"href":"https:\/\/pb.edu.pl\/metroliga\/wp-json\/wp\/v2\/pages\/968\/revisions\/1815"}],"wp:attachment":[{"href":"https:\/\/pb.edu.pl\/metroliga\/wp-json\/wp\/v2\/media?parent=968"}],"curies":[{"name":"wp","href":"https:\/\/api.w.org\/{rel}","templated":true}]}}