{"id":1282,"date":"2023-01-04T21:22:50","date_gmt":"2023-01-04T20:22:50","guid":{"rendered":"https:\/\/pb.edu.pl\/metroliga\/?page_id=1282"},"modified":"2026-01-29T16:58:27","modified_gmt":"2026-01-29T15:58:27","slug":"poprzednie-edycje","status":"publish","type":"page","link":"https:\/\/pb.edu.pl\/metroliga\/poprzednie-edycje\/","title":{"rendered":"Poprzednie edycje Konkursu Metroliga"},"content":{"rendered":"<div class=\"h2\">Metroliga 2025<\/div>\n<p><a href=\"https:\/\/ilo.pl\/4901-ania-i-urszula-miejsca-podium-metroligi-2025\">Ania i Urszula na podium konkursu &#8222;METROLIGA 2025&#8221;<\/a><br \/>\n<a href=\"https:\/\/kandydacipb.edu.pl\/konkurs-o-indeks-metroliga-2025-wygraly-uczennice-akademickiego-liceum-ogolnoksztalcacego-politechniki-bialostockiej\/\">Konkurs o indeks Metroliga 2025 wygra\u0142y uczennice Akademickiego Liceum Og\u00f3lnokszta\u0142c\u0105cego Politechniki Bia\u0142ostockiej<\/a><\/p>\n<div class=\"h2\">Metroliga 2024<\/div>\n<p><a href=\"https:\/\/pb.edu.pl\/2024\/05\/21\/oliwier-poluszanczyk-i-jakub-rolak-z-akademickiego-liceum-ogolnoksztalcacego-politechniki-bialostockiej-wygrali-konkurs-o-indeks-metroliga-2024\/\">Oliwier Po\u0142usza\u0144czyk i Jakub Rolak z Akademickiego Liceum Og\u00f3lnokszta\u0142c\u0105cego Politechniki Bia\u0142ostockiej wygrali konkurs o indeks Metroliga 2024<\/a><\/p>\n<div class=\"h3\">Galeria zdj\u0119\u0107<\/div>\nngg_shortcode_0_placeholder\n<div class=\"h2\">Metroliga 2023<\/div>\n<p><a href=\"https:\/\/uwb.edu.pl\/aktualnosci\/w-swiatowym-dniu-metrologii-poznalismy-zwyciezcow-konkursu-metroliga-2023-6895.html\">Relacja z fina\u0142u Konkursu Wiedzy o Metrologii \u201eMetroliga 2023\u201d na Wydziale Chemii UwB<\/a><\/p>\n<div class=\"h3\">Galeria zdj\u0119\u0107<\/div>\nngg_shortcode_1_placeholder\n<hr>\n<div class=\"h2\">Metroliga 2022<\/div>\n<p><a href=\"https:\/\/geekstok.pl\/zmierzyli-baterie-i-wygrali-2-tys-zl-final-konkursu-wiedzy-o-metrologii-metroliga\/\">Zmierzyli bateri\u0119 i wygrali 2 tys. z\u0142. Fina\u0142 Konkursu Wiedzy o Metrologii \u201eMetroliga\u201d<\/a><br \/>\n&nbsp;<\/p>\n<div class=\"row\">\n<div class=\"col-sm-7\">\n<div class=\"embed-responsive embed-responsive-16by9\"><iframe loading=\"lazy\" title=\"Fina\u0142 Konkursu Wiedzy o Metrologii \u201eMetroliga\u201d na Wydziale Elektrycznym Politechniki Bia\u0142ostockiej\" width=\"500\" height=\"281\" src=\"https:\/\/www.youtube.com\/embed\/xCblaj0191w?feature=oembed\" frameborder=\"0\" allow=\"accelerometer; autoplay; clipboard-write; encrypted-media; gyroscope; picture-in-picture; web-share\" referrerpolicy=\"strict-origin-when-cross-origin\" allowfullscreen><\/iframe><\/div>\n<\/div>\n<\/div>\n<p>&nbsp;<\/p>\n<div class=\"h3\">Galeria zdj\u0119\u0107<\/div>\nngg_shortcode_2_placeholder\n","protected":false},"excerpt":{"rendered":"<p>Metroliga 2025 Ania i Urszula na podium konkursu &#8222;METROLIGA 2025&#8221; Konkurs o indeks Metroliga 2025<\/p>\n","protected":false},"author":2,"featured_media":0,"parent":0,"menu_order":10,"comment_status":"closed","ping_status":"closed","template":"","meta":{"_acf_changed":false,"ngg_post_thumbnail":0,"footnotes":""},"class_list":["post-1282","page","type-page","status-publish","hentry"],"acf":[],"_links":{"self":[{"href":"https:\/\/pb.edu.pl\/metroliga\/wp-json\/wp\/v2\/pages\/1282","targetHints":{"allow":["GET"]}}],"collection":[{"href":"https:\/\/pb.edu.pl\/metroliga\/wp-json\/wp\/v2\/pages"}],"about":[{"href":"https:\/\/pb.edu.pl\/metroliga\/wp-json\/wp\/v2\/types\/page"}],"author":[{"embeddable":true,"href":"https:\/\/pb.edu.pl\/metroliga\/wp-json\/wp\/v2\/users\/2"}],"replies":[{"embeddable":true,"href":"https:\/\/pb.edu.pl\/metroliga\/wp-json\/wp\/v2\/comments?post=1282"}],"version-history":[{"count":3,"href":"https:\/\/pb.edu.pl\/metroliga\/wp-json\/wp\/v2\/pages\/1282\/revisions"}],"predecessor-version":[{"id":1798,"href":"https:\/\/pb.edu.pl\/metroliga\/wp-json\/wp\/v2\/pages\/1282\/revisions\/1798"}],"wp:attachment":[{"href":"https:\/\/pb.edu.pl\/metroliga\/wp-json\/wp\/v2\/media?parent=1282"}],"curies":[{"name":"wp","href":"https:\/\/api.w.org\/{rel}","templated":true}]}}