{"id":11,"date":"2018-06-28T15:37:31","date_gmt":"2018-06-28T13:37:31","guid":{"rendered":"https:\/\/pb.edu.pl\/metroliga\/?page_id=11"},"modified":"2026-04-16T23:40:39","modified_gmt":"2026-04-16T21:40:39","slug":"11-2","status":"publish","type":"page","link":"https:\/\/pb.edu.pl\/metroliga\/","title":{"rendered":""},"content":{"rendered":"<div id=\"box-menu\" class=\"href\">&nbsp;<\/div>\n<div class=\"text-center\">\n<div class=\"h1\">Organizatorzy:<\/div>\n<p>&nbsp;<\/p>\n<div class=\"organizer-logos\"><a class=\"organizatorzy-logos-item\" href=\"https:\/\/pb.edu.pl\/\"><img decoding=\"async\"  src=\"https:\/\/pb.edu.pl\/metroliga\/wp-content\/uploads\/sites\/79\/2024\/02\/Logo-PB-poziome-w-kontrze-koloru-podstawowego-zoom.webp\" alt=\"logo Politechniki Bia\u0142ostockiej\"><\/a><br \/>\n<a class=\"organizer-logos-item\" href=\"https:\/\/bialystok.gum.gov.pl\/\"><img loading=\"lazy\" decoding=\"async\" src=\"https:\/\/pb.edu.pl\/metroliga\/wp-content\/uploads\/sites\/79\/2023\/01\/OUM-Bialystok.png\" alt=\"logo Okr\u0119gowego Urz\u0119du Miar w Bia\u0142ymstoku\" width=\"352\" height=\"146\" class=\"aligncenter size-full wp-image-1317\" srcset=\"https:\/\/pb.edu.pl\/metroliga\/wp-content\/uploads\/sites\/79\/2023\/01\/OUM-Bialystok.png 352w, https:\/\/pb.edu.pl\/metroliga\/wp-content\/uploads\/sites\/79\/2023\/01\/OUM-Bialystok-300x124.png 300w\" sizes=\"auto, (max-width: 352px) 100vw, 352px\" \/><\/a><\/div>\n<p><!--\n\n\n<div class=\"h1\">Wsp\u00f3\u0142organizator - Partner strategiczny:<\/div>\n\n\n\n\n<div class=\"organizer-logos\"><a class=\"organizer-logos-item\" title=\"otworzy si\u0119 w nowej karcie\" href=\"https:\/\/pum.pollub.pl\/\" target=\"_blank\" rel=\"noopener\"><img decoding=\"async\" class=\"aligncenter size-full wp-image-1224\" src=\"https:\/\/pb.edu.pl\/metroliga\/wp-content\/uploads\/sites\/79\/2024\/04\/LOGO-PUM-NOWE-JPG.jpg\" alt=\"logo Polska Unia Metrologiczna\"\"><\/a><\/div>\n\n -->\n<\/div>\n<div class=\"row\">\n<!-- &#091;column md=\"3\"&#093;\n\n\n<div class=\"h1\">Partner g\u0142\u00f3wny:<\/div>\n\n\n\n\n<div class=\"organizer-logos\"><a class=\"big-logos-item\" title=\"otworzy si\u0119 w nowej karcie\" href=\"https:\/\/www.wrotapodlasia.pl\/\" target=\"_blank\" rel=\"noopener\" style=\"padding: 0\"><img loading=\"lazy\" decoding=\"async\" width=\"975\" height=\"639\" class=\"aligncenter size-full wp-image-1224\" src=\"https:\/\/pb.edu.pl\/metroliga\/wp-content\/uploads\/sites\/79\/2022\/04\/logo_podlaskie.jpg\" alt=\"logo Wojew\u00f3dztwa Podlaskiego\" srcset=\"https:\/\/pb.edu.pl\/metroliga\/wp-content\/uploads\/sites\/79\/2022\/04\/logo_podlaskie.jpg 975w, https:\/\/pb.edu.pl\/metroliga\/wp-content\/uploads\/sites\/79\/2022\/04\/logo_podlaskie-300x197.jpg 300w, https:\/\/pb.edu.pl\/metroliga\/wp-content\/uploads\/sites\/79\/2022\/04\/logo_podlaskie-768x503.jpg 768w\" sizes=\"auto, (max-width: 975px) 100vw, 975px\" \/><\/a><\/div>\n\n\n&#091;\/column&#093; --><br \/>\n<div class=\"col-md-12 text-center\">\n<div class=\"h1\">Partnerzy:<\/div>\n<div class=\"organizer-logos\"><a class=\"organizer-small-logos-item\" href=\"https:\/\/we.pb.edu.pl\/\"><img loading=\"lazy\" decoding=\"async\" style=\"padding:10px\" class=\"aligncenter size-full wp-image-1224\" src=\"https:\/\/pb.edu.pl\/metroliga\/wp-content\/uploads\/sites\/79\/2024\/03\/logo-WE-PB-wersja-uproszczona-kolor-podstawowy-zoom.webp\" alt=\"logo Wydzia\u0142u Elektrycznego Politechniki Bia\u0142ostockiej\" width=\"975\" height=\"639\"><\/a><br \/>\n<a class=\"organizer-small-logos-item\" href=\"https:\/\/wb.pb.edu.pl\/\"><img loading=\"lazy\" decoding=\"async\" style=\"padding:16px\"  src=\"https:\/\/pb.edu.pl\/metroliga\/wp-content\/uploads\/sites\/79\/2026\/04\/logo-WBiNS-PB-wersja-uproszczona-kolor-dodatkowy-wykadrowane.webp\" alt=\"logo Wydzia\u0142u Budownictwa i Nauk o \u015arodowisku PB\" width=\"971\" height=\"149\" class=\"aligncenter size-full wp-image-1888\" srcset=\"https:\/\/pb.edu.pl\/metroliga\/wp-content\/uploads\/sites\/79\/2026\/04\/logo-WBiNS-PB-wersja-uproszczona-kolor-dodatkowy-wykadrowane.webp 971w, https:\/\/pb.edu.pl\/metroliga\/wp-content\/uploads\/sites\/79\/2026\/04\/logo-WBiNS-PB-wersja-uproszczona-kolor-dodatkowy-wykadrowane-300x46.webp 300w, https:\/\/pb.edu.pl\/metroliga\/wp-content\/uploads\/sites\/79\/2026\/04\/logo-WBiNS-PB-wersja-uproszczona-kolor-dodatkowy-wykadrowane-768x118.webp 768w\" sizes=\"auto, (max-width: 971px) 100vw, 971px\" \/><\/a><br \/>\n<a class=\"organizer-small-logos-item\" href=\"https:\/\/we.pb.edu.pl\/\"><img loading=\"lazy\" decoding=\"async\" class=\"aligncenter size-full wp-image-1224\" src=\"https:\/\/pb.edu.pl\/metroliga\/wp-content\/uploads\/sites\/79\/2022\/04\/ptetis.png\" alt=\"logo PTETIS Bia\u0142ystok\" width=\"975\" height=\"639\"><\/a>\n<\/div>\n<\/div>\n<\/div>\n<p>&nbsp;<\/p>\n<div class=\"row\">\n<div class=\"col-sm-12 text-center\">\n<a class=\"button text-center animated zoomIn lead font-500\" style=\"width:100%\" href=\"\/metroliga\/program\">Program wydarzenia<\/a>\n<\/div>\n<\/div>\n<p>&nbsp;<br \/>\n<div class=\"row\">\n<div class=\"col-md-4\">\n\t<div class=\"boxlink animated zoomIn \">\n\t\t<a href=\"\/metroliga\/o-konkursie\/\" class=\"no-icon\">\n\t\t\t<div class=\"boxlink-title\">O konkursie<span><\/span><\/div>\n\t\t\t<div class=\"boxlink-content\">\n\t\t\t\t<img loading=\"lazy\" decoding=\"async\" src=\"https:\/\/pb.edu.pl\/metroliga\/wp-content\/uploads\/sites\/79\/2022\/02\/o-konkursie.jpg\" alt=\"\" width=\"640\" height=\"360\" class=\"aligncenter size-full wp-image-1021\" srcset=\"https:\/\/pb.edu.pl\/metroliga\/wp-content\/uploads\/sites\/79\/2022\/02\/o-konkursie.jpg 640w, https:\/\/pb.edu.pl\/metroliga\/wp-content\/uploads\/sites\/79\/2022\/02\/o-konkursie-300x169.jpg 300w\" sizes=\"auto, (max-width: 640px) 100vw, 640px\" \/>\t\t\t<\/div>\n\t\t<\/a>\n\t<\/div>\n\n<\/div>\n<div class=\"col-md-4\">\n\t<div class=\"boxlink animated zoomIn \">\n\t\t<a href=\"\/metroliga\/formularz-zgloszeniowy\/\" class=\"no-icon\">\n\t\t\t<div class=\"boxlink-title\">Formularz zg\u0142oszeniowy<span><\/span><\/div>\n\t\t\t<div class=\"boxlink-content\">\n\t\t\t\t<img loading=\"lazy\" decoding=\"async\" src=\"https:\/\/pb.edu.pl\/metroliga\/wp-content\/uploads\/sites\/79\/2022\/02\/formularz-1.jpg\" alt=\"\" width=\"640\" height=\"360\" class=\"aligncenter size-full wp-image-1018\" \/>\t\t\t<\/div>\n\t\t<\/a>\n\t<\/div>\n\n<\/div>\n<div class=\"col-md-4\">\n\t<div class=\"boxlink animated zoomIn \">\n\t\t<a href=\"\/metroliga\/regulamin\" class=\"no-icon\">\n\t\t\t<div class=\"boxlink-title\">Regulamin<span><\/span><\/div>\n\t\t\t<div class=\"boxlink-content\">\n\t\t\t\t<img loading=\"lazy\" decoding=\"async\" src=\"https:\/\/pb.edu.pl\/metroliga\/wp-content\/uploads\/sites\/79\/2022\/02\/regulamin.jpg\" alt=\"\" width=\"640\" height=\"360\" class=\"aligncenter size-full wp-image-1022\" srcset=\"https:\/\/pb.edu.pl\/metroliga\/wp-content\/uploads\/sites\/79\/2022\/02\/regulamin.jpg 640w, https:\/\/pb.edu.pl\/metroliga\/wp-content\/uploads\/sites\/79\/2022\/02\/regulamin-300x169.jpg 300w\" sizes=\"auto, (max-width: 640px) 100vw, 640px\" \/>\t\t\t<\/div>\n\t\t<\/a>\n\t<\/div>\n\n<\/div>\n<\/div>\n&nbsp;<\/p>\n<div class=\"row\">\n<div class=\"col-md-4\">\n\t<div class=\"boxlink animated zoomIn \">\n\t\t<a href=\"\/metroliga\/sponsorzy-patroni-i-partnerzy\/\" class=\"no-icon\">\n\t\t\t<div class=\"boxlink-title\">Sponsorzy, Patroni i Partnerzy<span><\/span><\/div>\n\t\t\t<div class=\"boxlink-content\">\n\t\t\t\t<img loading=\"lazy\" decoding=\"async\" src=\"https:\/\/pb.edu.pl\/metroliga\/wp-content\/uploads\/sites\/79\/2022\/02\/fundatorzy-1.jpg\" alt=\"\" width=\"640\" height=\"360\" class=\"aligncenter size-full wp-image-1019\" \/>\t\t\t<\/div>\n\t\t<\/a>\n\t<\/div>\n\n<\/div>\n<div class=\"col-md-4\">\n\t<div class=\"boxlink animated zoomIn \">\n\t\t<a href=\"\/metroliga\/zagadnienia\" class=\"no-icon\">\n\t\t\t<div class=\"boxlink-title\">Zagadnienia<span><\/span><\/div>\n\t\t\t<div class=\"boxlink-content\">\n\t\t\t\t<img loading=\"lazy\" decoding=\"async\" src=\"https:\/\/pb.edu.pl\/metroliga\/wp-content\/uploads\/sites\/79\/2022\/02\/zagadnienia.jpg\" alt=\"\" width=\"640\" height=\"360\" class=\"aligncenter size-full wp-image-1017\" srcset=\"https:\/\/pb.edu.pl\/metroliga\/wp-content\/uploads\/sites\/79\/2022\/02\/zagadnienia.jpg 640w, https:\/\/pb.edu.pl\/metroliga\/wp-content\/uploads\/sites\/79\/2022\/02\/zagadnienia-300x169.jpg 300w\" sizes=\"auto, (max-width: 640px) 100vw, 640px\" \/>\t\t\t<\/div>\n\t\t<\/a>\n\t<\/div>\n\n<\/div>\n<div class=\"col-md-4\">\n\t<div class=\"boxlink animated zoomIn \">\n\t\t<a href=\"\/metroliga\/kontakt\" class=\"no-icon\">\n\t\t\t<div class=\"boxlink-title\">Kontakt<span><\/span><\/div>\n\t\t\t<div class=\"boxlink-content\">\n\t\t\t\t<img loading=\"lazy\" decoding=\"async\" src=\"https:\/\/pb.edu.pl\/metroliga\/wp-content\/uploads\/sites\/79\/2022\/02\/kontakt-1.jpg\" alt=\"\" width=\"640\" height=\"360\" class=\"aligncenter size-full wp-image-1020\" \/>\t\t\t<\/div>\n\t\t<\/a>\n\t<\/div>\n\n<\/div>\n<\/div>\n<div class=\"row\">\n<div class=\"col-sm-12 text-center\">\n<a class=\"button text-center animated zoomIn lead font-500\" style=\"width:100%\" href=\"\/metroliga\/poprzednie-edycje\">Poprzednie edycje Konkursu Metroliga<\/a>\n<\/div>\n<\/div>\n<p>&nbsp;<\/p>\n<p><a name=\"tu-skacz\"><\/a><\/p>\n<div class=\"text-center\">\n<div class=\"h1\">Laureaci konkursu uzyskuj\u0105 atrakcyjne nagrody:<\/div>\n<div class=\"h2\">&#8211; nagrody finansowe za zaj\u0119cie:<\/p>\n<p style=\"color:#9d0620\">I miejsca \u2013 3000 z\u0142<br \/>\nII miejsca \u2013 2000 z\u0142<br \/>\nIII miejsca \u2013 1500 z\u0142<\/p>\n<p>\u2013 indeks na studia stacjonarne na wybrany kierunek prowadzony przez  Wydzia\u0142 Elektryczny PB\n<\/p><\/div>\n<p>&nbsp;<\/p>\n","protected":false},"excerpt":{"rendered":"<p>&nbsp; Organizatorzy: &nbsp; &nbsp; Program wydarzenia &nbsp; &nbsp; Poprzednie edycje Konkursu Metroliga &nbsp; Laureaci konkursu<\/p>\n","protected":false},"author":2,"featured_media":1828,"parent":0,"menu_order":0,"comment_status":"closed","ping_status":"closed","template":"templates\/reprezentacyjna-4_8.php","meta":{"_acf_changed":false,"ngg_post_thumbnail":0,"footnotes":""},"class_list":["post-11","page","type-page","status-publish","has-post-thumbnail","hentry"],"acf":[],"_links":{"self":[{"href":"https:\/\/pb.edu.pl\/metroliga\/wp-json\/wp\/v2\/pages\/11","targetHints":{"allow":["GET"]}}],"collection":[{"href":"https:\/\/pb.edu.pl\/metroliga\/wp-json\/wp\/v2\/pages"}],"about":[{"href":"https:\/\/pb.edu.pl\/metroliga\/wp-json\/wp\/v2\/types\/page"}],"author":[{"embeddable":true,"href":"https:\/\/pb.edu.pl\/metroliga\/wp-json\/wp\/v2\/users\/2"}],"replies":[{"embeddable":true,"href":"https:\/\/pb.edu.pl\/metroliga\/wp-json\/wp\/v2\/comments?post=11"}],"version-history":[{"count":16,"href":"https:\/\/pb.edu.pl\/metroliga\/wp-json\/wp\/v2\/pages\/11\/revisions"}],"predecessor-version":[{"id":1892,"href":"https:\/\/pb.edu.pl\/metroliga\/wp-json\/wp\/v2\/pages\/11\/revisions\/1892"}],"wp:featuredmedia":[{"embeddable":true,"href":"https:\/\/pb.edu.pl\/metroliga\/wp-json\/wp\/v2\/media\/1828"}],"wp:attachment":[{"href":"https:\/\/pb.edu.pl\/metroliga\/wp-json\/wp\/v2\/media?parent=11"}],"curies":[{"name":"wp","href":"https:\/\/api.w.org\/{rel}","templated":true}]}}